{"id":926,"date":"2025-11-03T09:20:40","date_gmt":"2025-11-03T09:20:40","guid":{"rendered":"https:\/\/www.cxjsmartcard.com\/?post_type=product&#038;p=926"},"modified":"2025-12-29T01:27:07","modified_gmt":"2025-12-29T01:27:07","slug":"rfid-jeans-hang-tag-860-960-mhz","status":"publish","type":"product","link":"https:\/\/www.cxjsmartcard.com\/es\/rfid-jeans-hang-tag-860-960-mhz\/","title":{"rendered":"Etiqueta colgante RFID para vaqueros (860\u2013960 MHz)"},"content":{"rendered":"<p data-start=\"45\" data-end=\"330\">Etiquetas colgantes RFID UHF personalizadas para jeans y ropa con rendimiento EPC Gen2 multilectura r\u00e1pido. Dise\u00f1adas para inventario de ropa, cadena de suministro y operaciones minoristas, estas etiquetas admiten codificaci\u00f3n EPC de 128 bits y materiales frontales personalizables para optimizar los flujos de trabajo en tiendas y almacenes.<\/p>\n<p data-start=\"332\" data-end=\"350\"><strong data-start=\"332\" data-end=\"348\">Caracter\u00edsticas principales<\/strong><\/p>\n<ul data-start=\"351\" data-end=\"869\">\n<li data-start=\"351\" data-end=\"414\">\n<p data-start=\"353\" data-end=\"414\"><strong data-start=\"353\" data-end=\"370\">Est\u00e1ndar UHF:<\/strong> ISO\/IEC 18000-6C, EPCglobal Clase 1 Gen 2<\/p>\n<\/li>\n<li data-start=\"415\" data-end=\"453\">\n<p data-start=\"417\" data-end=\"453\"><strong data-start=\"417\" data-end=\"427\">Papas fritas:<\/strong> M730, U9 (personalizable)<\/p>\n<\/li>\n<li data-start=\"454\" data-end=\"557\">\n<p data-start=\"456\" data-end=\"557\"><strong data-start=\"456\" data-end=\"477\">Rendimiento de lectura:<\/strong> Lectura r\u00e1pida y confiable de m\u00faltiples etiquetas; admite trazabilidad de extremo a extremo<\/p>\n<\/li>\n<li data-start=\"558\" data-end=\"626\">\n<p data-start=\"560\" data-end=\"626\"><strong data-start=\"560\" data-end=\"576\">Factor de forma:<\/strong> Etiqueta de 83 \u00d7 25 mm con antena de \u201ccintur\u00f3n\u201d de 70 \u00d7 14 mm<\/p>\n<\/li>\n<li data-start=\"627\" data-end=\"713\">\n<p data-start=\"629\" data-end=\"713\"><strong data-start=\"629\" data-end=\"648\">Materiales de la cara:<\/strong> Papel de arte, PET, papel sint\u00e9tico PP; otros materiales bajo pedido.<\/p>\n<\/li>\n<li data-start=\"714\" data-end=\"803\">\n<p data-start=\"716\" data-end=\"803\"><strong data-start=\"716\" data-end=\"729\">Impresi\u00f3n:<\/strong> Transferencia t\u00e9rmica, serigraf\u00eda e impresi\u00f3n personalizada (logotipo\/texto\/gr\u00e1ficos)<\/p>\n<\/li>\n<li data-start=\"804\" data-end=\"869\">\n<p data-start=\"806\" data-end=\"869\"><strong data-start=\"806\" data-end=\"824\">Servicios de datos:<\/strong> Codificaci\u00f3n EPC\/inicializaci\u00f3n de datos disponible<\/p>\n<\/li>\n<\/ul>\n<p data-start=\"871\" data-end=\"982\"><strong data-start=\"871\" data-end=\"887\">Aplicaciones<\/strong><br data-start=\"887\" data-end=\"890\" \/>Gesti\u00f3n de inventario de prendas de vestir y calzado \u2022 Cadena de suministro de prendas de vestir \u2022 Gesti\u00f3n minorista de prendas de vestir.<\/p>\n<p data-start=\"984\" data-end=\"1073\"><strong data-start=\"984\" data-end=\"1007\">Operaci\u00f3n y almacenamiento<\/strong><br data-start=\"1007\" data-end=\"1010\" \/>En funcionamiento: 0\u201360 \u2103 a 20\u201380 \u00b0C de humedad relativa. \u2022 Almacenamiento: 20\u201330 \u2103 a 20\u201360 \u00b0C de humedad relativa.<\/p>\n<h2 data-start=\"1075\" data-end=\"1100\">Tabla (Especificaciones)<\/h2>\n<div class=\"_tableContainer_1rjym_1\">\n<div class=\"group _tableWrapper_1rjym_13 flex w-fit flex-col-reverse\" tabindex=\"-1\">\n<table class=\"w-fit min-w-(--thread-content-width)\" data-start=\"1102\" data-end=\"2831\">\n<thead data-start=\"1102\" data-end=\"1209\">\n<tr data-start=\"1102\" data-end=\"1209\">\n<th data-start=\"1102\" data-end=\"1120\" data-col-size=\"sm\">Categor\u00eda<\/th>\n<th data-start=\"1120\" data-end=\"1148\" data-col-size=\"sm\">Par\u00e1metro<\/th>\n<th data-start=\"1148\" data-end=\"1209\" data-col-size=\"md\">Valor<\/th>\n<\/tr>\n<\/thead>\n<tbody data-start=\"1318\" data-end=\"2831\">\n<tr data-start=\"1318\" data-end=\"1425\">\n<td data-start=\"1318\" data-end=\"1336\" data-col-size=\"sm\">Producto<\/td>\n<td data-col-size=\"sm\" data-start=\"1336\" data-end=\"1364\">Nombre<\/td>\n<td data-col-size=\"md\" data-start=\"1364\" data-end=\"1425\">Etiquetas colgantes RFID para seguimiento de ropa<\/td>\n<\/tr>\n<tr data-start=\"1426\" data-end=\"1533\">\n<td data-start=\"1426\" data-end=\"1444\" data-col-size=\"sm\">RF<\/td>\n<td data-start=\"1444\" data-end=\"1472\" data-col-size=\"sm\">Frecuencia<\/td>\n<td data-col-size=\"md\" data-start=\"1472\" data-end=\"1533\">860\u2013960 MHz (UHF)<\/td>\n<\/tr>\n<tr data-start=\"1534\" data-end=\"1641\">\n<td data-start=\"1534\" data-end=\"1552\" data-col-size=\"sm\"><\/td>\n<td data-start=\"1552\" data-end=\"1580\" data-col-size=\"sm\">Protocolo<\/td>\n<td data-col-size=\"md\" data-start=\"1580\" data-end=\"1641\">ISO\/IEC 18000-6C; EPCglobal Clase 1 Gen 2<\/td>\n<\/tr>\n<tr data-start=\"1642\" data-end=\"1749\">\n<td data-start=\"1642\" data-end=\"1660\" data-col-size=\"sm\">Opciones de CI<\/td>\n<td data-start=\"1660\" data-end=\"1688\" data-col-size=\"sm\">Chip<\/td>\n<td data-col-size=\"md\" data-start=\"1688\" data-end=\"1749\">M730; U9 (otros personalizables)<\/td>\n<\/tr>\n<tr data-start=\"1750\" data-end=\"1857\">\n<td data-start=\"1750\" data-end=\"1768\" data-col-size=\"sm\">Memoria<\/td>\n<td data-col-size=\"sm\" data-start=\"1768\" data-end=\"1796\">EPC \/ Usuario<\/td>\n<td data-col-size=\"md\" data-start=\"1796\" data-end=\"1857\">128 bits \/ 0 bits<\/td>\n<\/tr>\n<tr data-start=\"1858\" data-end=\"1965\">\n<td data-start=\"1858\" data-end=\"1876\" data-col-size=\"sm\">Dimensiones<\/td>\n<td data-col-size=\"sm\" data-start=\"1876\" data-end=\"1904\">Tama\u00f1o de la etiqueta<\/td>\n<td data-col-size=\"md\" data-start=\"1904\" data-end=\"1965\">83 \u00d7 25 mm (personalizable)<\/td>\n<\/tr>\n<tr data-start=\"1966\" data-end=\"2073\">\n<td data-start=\"1966\" data-end=\"1984\" data-col-size=\"sm\">Antena<\/td>\n<td data-col-size=\"sm\" data-start=\"1984\" data-end=\"2012\">Tama\u00f1o \/ Estilo<\/td>\n<td data-col-size=\"md\" data-start=\"2012\" data-end=\"2073\">70 \u00d7 14 mm; disposici\u00f3n en \u201ccintur\u00f3n\u201d<\/td>\n<\/tr>\n<tr data-start=\"2074\" data-end=\"2181\">\n<td data-start=\"2074\" data-end=\"2092\" data-col-size=\"sm\">Materiales<\/td>\n<td data-col-size=\"sm\" data-start=\"2092\" data-end=\"2120\">Opciones de cara<\/td>\n<td data-col-size=\"md\" data-start=\"2120\" data-end=\"2181\">Papel de arte; PET; papel sint\u00e9tico PP; personalizado<\/td>\n<\/tr>\n<tr data-start=\"2182\" data-end=\"2289\">\n<td data-start=\"2182\" data-end=\"2200\" data-col-size=\"sm\">Impresi\u00f3n<\/td>\n<td data-col-size=\"sm\" data-start=\"2200\" data-end=\"2228\">M\u00e9todos<\/td>\n<td data-col-size=\"md\" data-start=\"2228\" data-end=\"2289\">Transferencia t\u00e9rmica; serigraf\u00eda; otras impresiones personalizadas<\/td>\n<\/tr>\n<tr data-start=\"2290\" data-end=\"2397\">\n<td data-start=\"2290\" data-end=\"2308\" data-col-size=\"sm\">Personalizaci\u00f3n<\/td>\n<td data-col-size=\"sm\" data-start=\"2308\" data-end=\"2336\">Inicializaci\u00f3n de datos<\/td>\n<td data-col-size=\"md\" data-start=\"2336\" data-end=\"2397\">Codificaci\u00f3n EPC<\/td>\n<\/tr>\n<tr data-start=\"2398\" data-end=\"2505\">\n<td data-start=\"2398\" data-end=\"2416\" data-col-size=\"sm\">Ambiente<\/td>\n<td data-start=\"2416\" data-end=\"2444\" data-col-size=\"sm\">Condiciones de funcionamiento<\/td>\n<td data-col-size=\"md\" data-start=\"2444\" data-end=\"2505\">0\u201360 \u2103; 20\u201380% HR<\/td>\n<\/tr>\n<tr data-start=\"2506\" data-end=\"2613\">\n<td data-start=\"2506\" data-end=\"2524\" data-col-size=\"sm\"><\/td>\n<td data-start=\"2524\" data-end=\"2552\" data-col-size=\"sm\">Condiciones de almacenamiento<\/td>\n<td data-col-size=\"md\" data-start=\"2552\" data-end=\"2613\">20\u201330 \u2103; 20\u201360% humedad relativa<\/td>\n<\/tr>\n<tr data-start=\"2614\" data-end=\"2721\">\n<td data-start=\"2614\" data-end=\"2632\" data-col-size=\"sm\">Beneficios<\/td>\n<td data-col-size=\"sm\" data-start=\"2632\" data-end=\"2660\">Reflejos<\/td>\n<td data-col-size=\"md\" data-start=\"2660\" data-end=\"2721\">Lectura r\u00e1pida; lectura m\u00faltiple; trazabilidad<\/td>\n<\/tr>\n<tr data-start=\"2722\" data-end=\"2831\">\n<td data-start=\"2722\" data-end=\"2740\" data-col-size=\"sm\">Casos de uso<\/td>\n<td data-start=\"2740\" data-end=\"2768\" data-col-size=\"sm\">Aplicaciones t\u00edpicas<\/td>\n<td data-col-size=\"md\" data-start=\"2768\" data-end=\"2831\">Inventario de ropa y calzado; cadena de suministro de ropa; venta minorista<\/td>\n<\/tr>\n<\/tbody>\n<\/table>\n<\/div>\n<\/div>","protected":false},"excerpt":{"rendered":"<p>Etiqueta colgante UHF EPC Gen2 para jeans y prendas de vestir: etiqueta de 83 \u00d7 25 mm con antena de 70 \u00d7 14 mm, chips M730\/U9, EPC de 128 bits, lectura m\u00faltiple r\u00e1pida y codificaci\u00f3n\/impresi\u00f3n personalizable.<\/p>","protected":false},"featured_media":927,"template":"","meta":{"_gspb_post_css":""},"product_brand":[],"product_cat":[31],"product_tag":[],"class_list":{"0":"post-926","1":"product","2":"type-product","3":"status-publish","4":"has-post-thumbnail","6":"product_cat-rfid-sticker-labels","8":"first","9":"instock","10":"shipping-taxable","11":"purchasable","12":"product-type-simple"},"_links":{"self":[{"href":"https:\/\/www.cxjsmartcard.com\/es\/wp-json\/wp\/v2\/product\/926","targetHints":{"allow":["GET"]}}],"collection":[{"href":"https:\/\/www.cxjsmartcard.com\/es\/wp-json\/wp\/v2\/product"}],"about":[{"href":"https:\/\/www.cxjsmartcard.com\/es\/wp-json\/wp\/v2\/types\/product"}],"wp:featuredmedia":[{"embeddable":true,"href":"https:\/\/www.cxjsmartcard.com\/es\/wp-json\/wp\/v2\/media\/927"}],"wp:attachment":[{"href":"https:\/\/www.cxjsmartcard.com\/es\/wp-json\/wp\/v2\/media?parent=926"}],"wp:term":[{"taxonomy":"product_brand","embeddable":true,"href":"https:\/\/www.cxjsmartcard.com\/es\/wp-json\/wp\/v2\/product_brand?post=926"},{"taxonomy":"product_cat","embeddable":true,"href":"https:\/\/www.cxjsmartcard.com\/es\/wp-json\/wp\/v2\/product_cat?post=926"},{"taxonomy":"product_tag","embeddable":true,"href":"https:\/\/www.cxjsmartcard.com\/es\/wp-json\/wp\/v2\/product_tag?post=926"}],"curies":[{"name":"wp","href":"https:\/\/api.w.org\/{rel}","templated":true}]}}