{"id":922,"date":"2025-11-03T09:18:04","date_gmt":"2025-11-03T09:18:04","guid":{"rendered":"https:\/\/www.cxjsmartcard.com\/?post_type=product&#038;p=922"},"modified":"2025-12-29T01:27:07","modified_gmt":"2025-12-29T01:27:07","slug":"led-light-uhf-rfid-label-sticker","status":"publish","type":"product","link":"https:\/\/www.cxjsmartcard.com\/es\/led-light-uhf-rfid-label-sticker\/","title":{"rendered":"Etiqueta adhesiva RFID UHF con luz LED"},"content":{"rendered":"<p data-start=\"44\" data-end=\"365\">Etiqueta RFID UHF de largo alcance con LED integrado para una localizaci\u00f3n visual instant\u00e1nea. Dise\u00f1ada para lecturas r\u00e1pidas de lotes a m\u00e1s de 10 m, permite se\u00f1ales LED en tiempo real en la etiqueta para localizar art\u00edculos en estantes, contenedores o estanter\u00edas. Su construcci\u00f3n duradera y reutilizable facilita operaciones de log\u00edstica, comercio minorista, atenci\u00f3n m\u00e9dica y eventos de alto volumen.<\/p>\n<p data-start=\"367\" data-end=\"385\"><strong data-start=\"367\" data-end=\"383\">Por qu\u00e9 ayuda<\/strong><\/p>\n<ul data-start=\"386\" data-end=\"981\">\n<li data-start=\"386\" data-end=\"474\">\n<p data-start=\"388\" data-end=\"474\"><strong data-start=\"388\" data-end=\"422\">Escaneo eficiente de largo alcance:<\/strong> Lecturas por lotes, sin l\u00ednea de visi\u00f3n, a m\u00e1s de 10 metros.<\/p>\n<\/li>\n<li data-start=\"475\" data-end=\"584\">\n<p data-start=\"477\" data-end=\"584\"><strong data-start=\"477\" data-end=\"502\">Visibilidad en tiempo real:<\/strong> Los patrones de parpadeo del LED indican la ubicaci\u00f3n o el estado (por ejemplo, selecci\u00f3n\/almacenamiento, stock bajo).<\/p>\n<\/li>\n<li data-start=\"585\" data-end=\"663\">\n<p data-start=\"587\" data-end=\"663\"><strong data-start=\"587\" data-end=\"607\">Mayor precisi\u00f3n:<\/strong> Reducir los errores manuales; agilizar los flujos de trabajo automatizados.<\/p>\n<\/li>\n<li data-start=\"664\" data-end=\"756\">\n<p data-start=\"666\" data-end=\"756\"><strong data-start=\"666\" data-end=\"695\">Flexibilidad programable:<\/strong> Control remoto del comportamiento del LED para adaptarse a diferentes escenarios.<\/p>\n<\/li>\n<li data-start=\"757\" data-end=\"846\">\n<p data-start=\"759\" data-end=\"846\"><strong data-start=\"759\" data-end=\"785\">Durabilidad industrial:<\/strong> Dise\u00f1ado para uso repetido con rendimiento estable de RF y LED.<\/p>\n<\/li>\n<li data-start=\"847\" data-end=\"921\">\n<p data-start=\"849\" data-end=\"921\"><strong data-start=\"849\" data-end=\"872\">Uso en m\u00faltiples escenarios:<\/strong> Almacenamiento, venta minorista, activos m\u00e9dicos y m\u00e1s.<\/p>\n<\/li>\n<li data-start=\"922\" data-end=\"981\">\n<p data-start=\"924\" data-end=\"981\"><strong data-start=\"924\" data-end=\"942\">ROI a largo plazo:<\/strong> Menos mano de obra y mermas; auditor\u00edas m\u00e1s r\u00e1pidas.<\/p>\n<\/li>\n<\/ul>\n<p data-start=\"983\" data-end=\"1203\"><strong data-start=\"983\" data-end=\"1007\">Aplicaciones t\u00edpicas<\/strong><br data-start=\"1007\" data-end=\"1010\" \/>Control de admisi\u00f3n seguro \u2022 Membres\u00eda\/fidelizaci\u00f3n sin efectivo \u2022 Acceso a eventos y desarrollo de marca \u2022 Grifos sociales\/de marketing \u2022 Operaciones minoristas \u2022 Ferias comerciales y de electr\u00f3nica \u2022 Juegos y juguetes \u2022 Tarjetas de presentaci\u00f3n inteligentes.<\/p>\n<h2 data-start=\"1205\" data-end=\"1230\">Tabla (Especificaciones)<\/h2>\n<div class=\"_tableContainer_1rjym_1\">\n<div class=\"group _tableWrapper_1rjym_13 flex w-fit flex-col-reverse\" tabindex=\"-1\">\n<table class=\"w-fit min-w-(--thread-content-width)\" data-start=\"1232\" data-end=\"3463\">\n<thead data-start=\"1232\" data-end=\"1355\">\n<tr data-start=\"1232\" data-end=\"1355\">\n<th data-start=\"1232\" data-end=\"1258\" data-col-size=\"sm\">Categor\u00eda<\/th>\n<th data-start=\"1258\" data-end=\"1294\" data-col-size=\"sm\">Par\u00e1metro<\/th>\n<th data-start=\"1294\" data-end=\"1355\" data-col-size=\"md\">Valor<\/th>\n<\/tr>\n<\/thead>\n<tbody data-start=\"1480\" data-end=\"3463\">\n<tr data-start=\"1480\" data-end=\"1603\">\n<td data-start=\"1480\" data-end=\"1506\" data-col-size=\"sm\">Producto<\/td>\n<td data-col-size=\"sm\" data-start=\"1506\" data-end=\"1542\">Tipo<\/td>\n<td data-col-size=\"md\" data-start=\"1542\" data-end=\"1603\">Etiqueta adhesiva RFID UHF con luz LED<\/td>\n<\/tr>\n<tr data-start=\"1604\" data-end=\"1727\">\n<td data-start=\"1604\" data-end=\"1630\" data-col-size=\"sm\">CI<\/td>\n<td data-start=\"1630\" data-end=\"1666\" data-col-size=\"sm\">Chip<\/td>\n<td data-start=\"1666\" data-end=\"1727\" data-col-size=\"md\">KX2005X-BL<\/td>\n<\/tr>\n<tr data-start=\"1728\" data-end=\"1851\">\n<td data-start=\"1728\" data-end=\"1754\" data-col-size=\"sm\">RF<\/td>\n<td data-start=\"1754\" data-end=\"1790\" data-col-size=\"sm\">Frecuencia<\/td>\n<td data-col-size=\"md\" data-start=\"1790\" data-end=\"1851\">860\u2013960 MHz<\/td>\n<\/tr>\n<tr data-start=\"1852\" data-end=\"1975\">\n<td data-start=\"1852\" data-end=\"1878\" data-col-size=\"sm\"><\/td>\n<td data-col-size=\"sm\" data-start=\"1878\" data-end=\"1914\">Protocolo<\/td>\n<td data-col-size=\"md\" data-start=\"1914\" data-end=\"1975\">ISO\/IEC 18000-6C, EPC Clase 1 Gen 2<\/td>\n<\/tr>\n<tr data-start=\"1976\" data-end=\"2099\">\n<td data-start=\"1976\" data-end=\"2002\" data-col-size=\"sm\">Operaci\u00f3n<\/td>\n<td data-col-size=\"sm\" data-start=\"2002\" data-end=\"2038\">Modo de trabajo<\/td>\n<td data-col-size=\"md\" data-start=\"2038\" data-end=\"2099\">Pasivo<\/td>\n<\/tr>\n<tr data-start=\"2100\" data-end=\"2223\">\n<td data-start=\"2100\" data-end=\"2126\" data-col-size=\"sm\">Rendimiento de lectura<\/td>\n<td data-start=\"2126\" data-end=\"2162\" data-col-size=\"sm\">Rango t\u00edpico<\/td>\n<td data-col-size=\"md\" data-start=\"2162\" data-end=\"2223\">10 m+ (dependiendo del lector y del entorno)<\/td>\n<\/tr>\n<tr data-start=\"2224\" data-end=\"2347\">\n<td data-start=\"2224\" data-end=\"2250\" data-col-size=\"sm\">Antena<\/td>\n<td data-col-size=\"sm\" data-start=\"2250\" data-end=\"2286\">Tipo \/ Tama\u00f1o<\/td>\n<td data-col-size=\"md\" data-start=\"2286\" data-end=\"2347\">Grabado en aluminio, 95 \u00d7 18,5 mm<\/td>\n<\/tr>\n<tr data-start=\"2348\" data-end=\"2471\">\n<td data-start=\"2348\" data-end=\"2374\" data-col-size=\"sm\">Formato<\/td>\n<td data-col-size=\"sm\" data-start=\"2374\" data-end=\"2410\">Incrustaci\u00f3n h\u00fameda \/ Tama\u00f1o de la etiqueta<\/td>\n<td data-col-size=\"md\" data-start=\"2410\" data-end=\"2471\">100 \u00d7 52 mm (personalizable)<\/td>\n<\/tr>\n<tr data-start=\"2472\" data-end=\"2595\">\n<td data-start=\"2472\" data-end=\"2498\" data-col-size=\"sm\">Materiales<\/td>\n<td data-start=\"2498\" data-end=\"2534\" data-col-size=\"sm\">Cara \/ Construcciones<\/td>\n<td data-col-size=\"md\" data-start=\"2534\" data-end=\"2595\">Papel estucado, PET, papel sint\u00e9tico, papel t\u00e9rmico, personalizado<\/td>\n<\/tr>\n<tr data-start=\"2596\" data-end=\"2719\">\n<td data-start=\"2596\" data-end=\"2622\" data-col-size=\"sm\">Impresi\u00f3n y marcado<\/td>\n<td data-col-size=\"sm\" data-start=\"2622\" data-end=\"2658\">M\u00e9todos<\/td>\n<td data-col-size=\"md\" data-start=\"2658\" data-end=\"2719\">Impresi\u00f3n a todo color, logotipo, c\u00f3digo de barras, QR, n\u00famero de serie.<\/td>\n<\/tr>\n<tr data-start=\"2720\" data-end=\"2843\">\n<td data-start=\"2720\" data-end=\"2746\" data-col-size=\"sm\">Fiabilidad<\/td>\n<td data-col-size=\"sm\" data-start=\"2746\" data-end=\"2782\">Vida IC<\/td>\n<td data-col-size=\"md\" data-start=\"2782\" data-end=\"2843\">100.000 ciclos de programaci\u00f3n; retenci\u00f3n de datos durante 10 a\u00f1os<\/td>\n<\/tr>\n<tr data-start=\"2844\" data-end=\"2967\">\n<td data-start=\"2844\" data-end=\"2870\" data-col-size=\"sm\">Medio ambiente (Uso)<\/td>\n<td data-col-size=\"sm\" data-start=\"2870\" data-end=\"2906\">Temperatura de funcionamiento \/ humedad<\/td>\n<td data-col-size=\"md\" data-start=\"2906\" data-end=\"2967\">\u221225 a +50 \u2103 \/ 20\u201380% HR<\/td>\n<\/tr>\n<tr data-start=\"2968\" data-end=\"3091\">\n<td data-start=\"2968\" data-end=\"2994\" data-col-size=\"sm\">Medio ambiente (almacenamiento)<\/td>\n<td data-col-size=\"sm\" data-start=\"2994\" data-end=\"3030\">Temperatura\/humedad de almacenamiento<\/td>\n<td data-col-size=\"md\" data-start=\"3030\" data-end=\"3091\">+23 \u2103 \u00b15 \u2103 \/ 50% \u00b110% RH (sin condensaci\u00f3n)<\/td>\n<\/tr>\n<tr data-start=\"3092\" data-end=\"3215\">\n<td data-start=\"3092\" data-end=\"3118\" data-col-size=\"sm\">Embalaje<\/td>\n<td data-col-size=\"sm\" data-start=\"3118\" data-end=\"3154\">Rollo \/ Cart\u00f3n<\/td>\n<td data-col-size=\"md\" data-start=\"3154\" data-end=\"3215\">1.000\u20135.000 piezas por rollo; 4 rollos por caja<\/td>\n<\/tr>\n<tr data-start=\"3216\" data-end=\"3339\">\n<td data-start=\"3216\" data-end=\"3242\" data-col-size=\"sm\">Muestras<\/td>\n<td data-start=\"3242\" data-end=\"3278\" data-col-size=\"sm\">Disponibilidad<\/td>\n<td data-col-size=\"md\" data-start=\"3278\" data-end=\"3339\">Muestra gratuita para pruebas de calidad<\/td>\n<\/tr>\n<tr data-start=\"3340\" data-end=\"3463\">\n<td data-start=\"3340\" data-end=\"3366\" data-col-size=\"sm\">Soluciones<\/td>\n<td data-start=\"3366\" data-end=\"3402\" data-col-size=\"sm\">Implementaciones de ejemplo<\/td>\n<td data-col-size=\"md\" data-start=\"3402\" data-end=\"3463\">Almacenamiento, venta minorista, seguimiento de activos m\u00e9dicos, eventos<\/td>\n<\/tr>\n<\/tbody>\n<\/table>\n<\/div>\n<\/div>","protected":false},"excerpt":{"rendered":"<p>Etiqueta RFID UHF con LED integrado para lecturas de m\u00e1s de 10 m y ubicaci\u00f3n visual instant\u00e1nea: dise\u00f1o EPC Gen2 pasivo, cara imprimible y construcci\u00f3n duradera para venta minorista, almac\u00e9n, atenci\u00f3n m\u00e9dica y eventos.<\/p>","protected":false},"featured_media":923,"template":"","meta":{"_gspb_post_css":""},"product_brand":[],"product_cat":[31],"product_tag":[],"class_list":{"0":"post-922","1":"product","2":"type-product","3":"status-publish","4":"has-post-thumbnail","6":"product_cat-rfid-sticker-labels","8":"first","9":"instock","10":"shipping-taxable","11":"purchasable","12":"product-type-simple"},"_links":{"self":[{"href":"https:\/\/www.cxjsmartcard.com\/es\/wp-json\/wp\/v2\/product\/922","targetHints":{"allow":["GET"]}}],"collection":[{"href":"https:\/\/www.cxjsmartcard.com\/es\/wp-json\/wp\/v2\/product"}],"about":[{"href":"https:\/\/www.cxjsmartcard.com\/es\/wp-json\/wp\/v2\/types\/product"}],"wp:featuredmedia":[{"embeddable":true,"href":"https:\/\/www.cxjsmartcard.com\/es\/wp-json\/wp\/v2\/media\/923"}],"wp:attachment":[{"href":"https:\/\/www.cxjsmartcard.com\/es\/wp-json\/wp\/v2\/media?parent=922"}],"wp:term":[{"taxonomy":"product_brand","embeddable":true,"href":"https:\/\/www.cxjsmartcard.com\/es\/wp-json\/wp\/v2\/product_brand?post=922"},{"taxonomy":"product_cat","embeddable":true,"href":"https:\/\/www.cxjsmartcard.com\/es\/wp-json\/wp\/v2\/product_cat?post=922"},{"taxonomy":"product_tag","embeddable":true,"href":"https:\/\/www.cxjsmartcard.com\/es\/wp-json\/wp\/v2\/product_tag?post=922"}],"curies":[{"name":"wp","href":"https:\/\/api.w.org\/{rel}","templated":true}]}}