{"id":917,"date":"2025-11-03T09:15:33","date_gmt":"2025-11-03T09:15:33","guid":{"rendered":"https:\/\/www.cxjsmartcard.com\/?post_type=product&#038;p=917"},"modified":"2025-12-29T01:27:07","modified_gmt":"2025-12-29T01:27:07","slug":"dogbone-uhf-rfid-wet-inlay-tags-for-marathon-race-timing","status":"publish","type":"product","link":"https:\/\/www.cxjsmartcard.com\/es\/dogbone-uhf-rfid-wet-inlay-tags-for-marathon-race-timing\/","title":{"rendered":"Etiquetas RFID UHF Dogbone con incrustaci\u00f3n h\u00fameda para cronometraje de maratones"},"content":{"rendered":"<p data-start=\"68\" data-end=\"357\">Etiqueta UHF EPC Gen2 con inserci\u00f3n h\u00fameda y antena dogbone, optimizada para una medici\u00f3n fiable del tiempo en masa de participantes. La etiqueta PET de 97 \u00d7 27 mm con antena dogbone de 94 \u00d7 24 mm ofrece un r\u00e1pido rendimiento de lectura m\u00faltiple en dorsales y ropa de carrera, y se integra f\u00e1cilmente en flujos de trabajo de impresi\u00f3n\/codificaci\u00f3n de alto volumen.<\/p>\n<p data-start=\"359\" data-end=\"377\"><strong data-start=\"359\" data-end=\"375\">Caracter\u00edsticas principales<\/strong><\/p>\n<ul data-start=\"378\" data-end=\"690\">\n<li data-start=\"378\" data-end=\"419\">\n<p data-start=\"380\" data-end=\"419\">Amplia frecuencia de funcionamiento: 840\u2013960 MHz<\/p>\n<\/li>\n<li data-start=\"420\" data-end=\"465\">\n<p data-start=\"422\" data-end=\"465\">Cumple con UHF EPC Gen2 \/ ISO\/IEC 18000-6C<\/p>\n<\/li>\n<li data-start=\"466\" data-end=\"543\">\n<p data-start=\"468\" data-end=\"543\">Disposici\u00f3n de antena en forma de hueso de perro para lecturas fuertes y estables en los dorsales y la ropa de los corredores<\/p>\n<\/li>\n<li data-start=\"544\" data-end=\"608\">\n<p data-start=\"546\" data-end=\"608\">Cara de PET transparente; se suministra como incrustaci\u00f3n h\u00fameda (revestimiento adhesivo)<\/p>\n<\/li>\n<li data-start=\"609\" data-end=\"690\">\n<p data-start=\"611\" data-end=\"690\">Listo para imprimir\/codificar: transferencia t\u00e9rmica o serigraf\u00eda; compatible con precodificaci\u00f3n EPC<\/p>\n<\/li>\n<\/ul>\n<p data-start=\"692\" data-end=\"858\"><strong data-start=\"692\" data-end=\"708\">Aplicaciones<\/strong><br data-start=\"708\" data-end=\"711\" \/>Cronometraje de maratones y carreras de ruta \u2022 Eventos de triatl\u00f3n y ciclismo \u2022 Etiquetado de dorsales y zapatillas \u2022 Etiquetas de activos para entornos hostiles donde se requiere lectura m\u00faltiple r\u00e1pida.<\/p>\n<p data-start=\"860\" data-end=\"949\"><strong data-start=\"860\" data-end=\"883\">Operaci\u00f3n y almacenamiento<\/strong><br data-start=\"883\" data-end=\"886\" \/>En funcionamiento: 0\u201360 \u2103 a 20\u201380 \u00b0C de humedad relativa. \u2022 Almacenamiento: 20\u201330 \u2103 a 20\u201360 \u00b0C de humedad relativa.<\/p>\n<h2 data-start=\"951\" data-end=\"976\">Tabla (Especificaciones)<\/h2>\n<div class=\"_tableContainer_1rjym_1\">\n<div class=\"group _tableWrapper_1rjym_13 flex w-fit flex-col-reverse\" tabindex=\"-1\">\n<table class=\"w-fit min-w-(--thread-content-width)\" data-start=\"978\" data-end=\"2352\">\n<thead data-start=\"978\" data-end=\"1062\">\n<tr data-start=\"978\" data-end=\"1062\">\n<th data-start=\"978\" data-end=\"996\" data-col-size=\"sm\">Categor\u00eda<\/th>\n<th data-start=\"996\" data-end=\"1019\" data-col-size=\"sm\">Par\u00e1metro<\/th>\n<th data-start=\"1019\" data-end=\"1062\" data-col-size=\"md\">Valor<\/th>\n<\/tr>\n<\/thead>\n<tbody data-start=\"1148\" data-end=\"2352\">\n<tr data-start=\"1148\" data-end=\"1232\">\n<td data-start=\"1148\" data-end=\"1166\" data-col-size=\"sm\">Producto<\/td>\n<td data-start=\"1166\" data-end=\"1189\" data-col-size=\"sm\">Nombre<\/td>\n<td data-start=\"1189\" data-end=\"1232\" data-col-size=\"md\">Incrustaci\u00f3n h\u00fameda RFID UHF Dogbone<\/td>\n<\/tr>\n<tr data-start=\"1233\" data-end=\"1318\">\n<td data-start=\"1233\" data-end=\"1251\" data-col-size=\"sm\">CI<\/td>\n<td data-start=\"1251\" data-end=\"1274\" data-col-size=\"sm\">Chip<\/td>\n<td data-col-size=\"md\" data-start=\"1274\" data-end=\"1318\">U8<\/td>\n<\/tr>\n<tr data-start=\"1319\" data-end=\"1404\">\n<td data-start=\"1319\" data-end=\"1337\" data-col-size=\"sm\">RF<\/td>\n<td data-col-size=\"sm\" data-start=\"1337\" data-end=\"1360\">Frecuencia<\/td>\n<td data-col-size=\"md\" data-start=\"1360\" data-end=\"1404\">840\u2013960 MHz<\/td>\n<\/tr>\n<tr data-start=\"1405\" data-end=\"1490\">\n<td data-start=\"1405\" data-end=\"1423\" data-col-size=\"sm\"><\/td>\n<td data-col-size=\"sm\" data-start=\"1423\" data-end=\"1446\">Protocolo<\/td>\n<td data-col-size=\"md\" data-start=\"1446\" data-end=\"1490\">ISO\/IEC 18000-6C; EPCglobal Clase 1 Gen 2<\/td>\n<\/tr>\n<tr data-start=\"1491\" data-end=\"1576\">\n<td data-start=\"1491\" data-end=\"1509\" data-col-size=\"sm\">Memoria<\/td>\n<td data-col-size=\"sm\" data-start=\"1509\" data-end=\"1532\">TID \/ EPC \/ Usuario<\/td>\n<td data-col-size=\"md\" data-start=\"1532\" data-end=\"1576\">48 bits \/ 128 bits \/ 0 bits<\/td>\n<\/tr>\n<tr data-start=\"1577\" data-end=\"1662\">\n<td data-start=\"1577\" data-end=\"1595\" data-col-size=\"sm\">Etiqueta<\/td>\n<td data-start=\"1595\" data-end=\"1618\" data-col-size=\"sm\">Tama\u00f1o<\/td>\n<td data-start=\"1618\" data-end=\"1662\" data-col-size=\"md\">97 \u00d7 27 mm<\/td>\n<\/tr>\n<tr data-start=\"1663\" data-end=\"1748\">\n<td data-start=\"1663\" data-end=\"1681\" data-col-size=\"sm\">Antena<\/td>\n<td data-col-size=\"sm\" data-start=\"1681\" data-end=\"1704\">Tama\u00f1o \/ Forma<\/td>\n<td data-col-size=\"md\" data-start=\"1704\" data-end=\"1748\">94 \u00d7 24 mm, hueso de perro<\/td>\n<\/tr>\n<tr data-start=\"1749\" data-end=\"1834\">\n<td data-start=\"1749\" data-end=\"1767\" data-col-size=\"sm\">Rostro<\/td>\n<td data-start=\"1767\" data-end=\"1790\" data-col-size=\"sm\">Material<\/td>\n<td data-col-size=\"md\" data-start=\"1790\" data-end=\"1834\">PET transparente<\/td>\n<\/tr>\n<tr data-start=\"1835\" data-end=\"1920\">\n<td data-start=\"1835\" data-end=\"1853\" data-col-size=\"sm\">Impresi\u00f3n<\/td>\n<td data-start=\"1853\" data-end=\"1876\" data-col-size=\"sm\">M\u00e9todos<\/td>\n<td data-start=\"1876\" data-end=\"1920\" data-col-size=\"md\">Transferencia t\u00e9rmica; serigraf\u00eda<\/td>\n<\/tr>\n<tr data-start=\"1921\" data-end=\"2007\">\n<td data-start=\"1921\" data-end=\"1939\" data-col-size=\"sm\">Datos<\/td>\n<td data-col-size=\"sm\" data-start=\"1939\" data-end=\"1962\">Inicializaci\u00f3n<\/td>\n<td data-col-size=\"md\" data-start=\"1962\" data-end=\"2007\">Codificaci\u00f3n EPC disponible<\/td>\n<\/tr>\n<tr data-start=\"2008\" data-end=\"2093\">\n<td data-start=\"2008\" data-end=\"2026\" data-col-size=\"sm\">Ambiente<\/td>\n<td data-start=\"2026\" data-end=\"2049\" data-col-size=\"sm\">Operante<\/td>\n<td data-col-size=\"md\" data-start=\"2049\" data-end=\"2093\">0\u201360 \u2103; 20\u201380% HR<\/td>\n<\/tr>\n<tr data-start=\"2094\" data-end=\"2180\">\n<td data-start=\"2094\" data-end=\"2112\" data-col-size=\"sm\"><\/td>\n<td data-start=\"2112\" data-end=\"2135\" data-col-size=\"sm\">Almacenamiento<\/td>\n<td data-col-size=\"md\" data-start=\"2135\" data-end=\"2180\">20\u201330 \u2103; 20\u201360% humedad relativa<\/td>\n<\/tr>\n<tr data-start=\"2181\" data-end=\"2266\">\n<td data-start=\"2181\" data-end=\"2199\" data-col-size=\"sm\">Beneficios<\/td>\n<td data-col-size=\"sm\" data-start=\"2199\" data-end=\"2222\">Reflejos<\/td>\n<td data-col-size=\"md\" data-start=\"2222\" data-end=\"2266\">Lectura r\u00e1pida; lectura m\u00faltiple; trazabilidad<\/td>\n<\/tr>\n<tr data-start=\"2267\" data-end=\"2352\">\n<td data-start=\"2267\" data-end=\"2285\" data-col-size=\"sm\">Casos de uso<\/td>\n<td data-col-size=\"sm\" data-start=\"2285\" data-end=\"2308\">Aplicaciones t\u00edpicas<\/td>\n<td data-col-size=\"md\" data-start=\"2308\" data-end=\"2352\">Cronometraje de carrera, etiquetado de dorsales y zapatillas, activos<\/td>\n<\/tr>\n<\/tbody>\n<\/table>\n<\/div>\n<\/div>","protected":false},"excerpt":{"rendered":"<p>Incrustaci\u00f3n h\u00fameda Dogbone UHF EPC Gen2 para cronometraje de marat\u00f3n: etiqueta PET de 97 \u00d7 27 mm con antena dogbone de 94 \u00d7 24 mm, chip U8, lista para imprimir\/codificar para un rendimiento r\u00e1pido de m\u00faltiples lecturas.<\/p>","protected":false},"featured_media":918,"template":"","meta":{"_gspb_post_css":""},"product_brand":[],"product_cat":[31],"product_tag":[],"class_list":{"0":"post-917","1":"product","2":"type-product","3":"status-publish","4":"has-post-thumbnail","6":"product_cat-rfid-sticker-labels","8":"first","9":"instock","10":"shipping-taxable","11":"purchasable","12":"product-type-simple"},"_links":{"self":[{"href":"https:\/\/www.cxjsmartcard.com\/es\/wp-json\/wp\/v2\/product\/917","targetHints":{"allow":["GET"]}}],"collection":[{"href":"https:\/\/www.cxjsmartcard.com\/es\/wp-json\/wp\/v2\/product"}],"about":[{"href":"https:\/\/www.cxjsmartcard.com\/es\/wp-json\/wp\/v2\/types\/product"}],"wp:featuredmedia":[{"embeddable":true,"href":"https:\/\/www.cxjsmartcard.com\/es\/wp-json\/wp\/v2\/media\/918"}],"wp:attachment":[{"href":"https:\/\/www.cxjsmartcard.com\/es\/wp-json\/wp\/v2\/media?parent=917"}],"wp:term":[{"taxonomy":"product_brand","embeddable":true,"href":"https:\/\/www.cxjsmartcard.com\/es\/wp-json\/wp\/v2\/product_brand?post=917"},{"taxonomy":"product_cat","embeddable":true,"href":"https:\/\/www.cxjsmartcard.com\/es\/wp-json\/wp\/v2\/product_cat?post=917"},{"taxonomy":"product_tag","embeddable":true,"href":"https:\/\/www.cxjsmartcard.com\/es\/wp-json\/wp\/v2\/product_tag?post=917"}],"curies":[{"name":"wp","href":"https:\/\/api.w.org\/{rel}","templated":true}]}}