{"id":913,"date":"2025-11-03T09:13:58","date_gmt":"2025-11-03T09:13:58","guid":{"rendered":"https:\/\/www.cxjsmartcard.com\/?post_type=product&#038;p=913"},"modified":"2025-12-29T01:27:07","modified_gmt":"2025-12-29T01:27:07","slug":"dogbone-m830-rfid-foam-tags-for-marathon-timing","status":"publish","type":"product","link":"https:\/\/www.cxjsmartcard.com\/es\/dogbone-m830-rfid-foam-tags-for-marathon-timing\/","title":{"rendered":"Etiquetas de espuma RFID DogBone M830 para cronometraje de maratones"},"content":{"rendered":"<p data-start=\"59\" data-end=\"320\">Etiquetas de cronometraje de espuma UHF EPC Gen2 con la incrustaci\u00f3n DogBone M830 para lecturas r\u00e1pidas y precisas en los puntos de control de la carrera. El espaciador de espuma mejora el rendimiento en el cuerpo humano, permitiendo una sincronizaci\u00f3n fiable de m\u00faltiples lecturas en dorsales o etiquetas de calzado en condiciones exteriores adversas.<\/p>\n<p data-start=\"322\" data-end=\"340\"><strong data-start=\"322\" data-end=\"338\">Caracter\u00edsticas principales<\/strong><\/p>\n<ul data-start=\"341\" data-end=\"655\">\n<li data-start=\"341\" data-end=\"403\">\n<p data-start=\"343\" data-end=\"403\">Incrustaci\u00f3n UHF M830, EPCglobal Clase 1 Gen 2 \/ ISO\/IEC 18000-6C<\/p>\n<\/li>\n<li data-start=\"404\" data-end=\"451\">\n<p data-start=\"406\" data-end=\"451\">TID de 48 bits, EPC de 128 bits (memoria de usuario de 0 bits)<\/p>\n<\/li>\n<li data-start=\"452\" data-end=\"515\">\n<p data-start=\"454\" data-end=\"515\">Disposici\u00f3n de antena en forma de hueso de perro optimizada para velocidad y sensibilidad<\/p>\n<\/li>\n<li data-start=\"516\" data-end=\"591\">\n<p data-start=\"518\" data-end=\"591\">Materiales frontales listos para imprimir con opciones de transferencia t\u00e9rmica o serigraf\u00eda<\/p>\n<\/li>\n<li data-start=\"592\" data-end=\"655\">\n<p data-start=\"594\" data-end=\"655\">Rendimiento de lectura m\u00faltiple consistente para cronometrar a un gran n\u00famero de participantes<\/p>\n<\/li>\n<\/ul>\n<p data-start=\"657\" data-end=\"818\"><strong data-start=\"657\" data-end=\"673\">Aplicaciones<\/strong><br data-start=\"673\" data-end=\"676\" \/>Cronometraje de maratones y carreras en ruta \u2022 Eventos de triatl\u00f3n y ciclismo \u2022 Registro masivo de participantes y cronometraje de vueltas \u2022 Etiquetas de activos para entornos hostiles.<\/p>\n<p data-start=\"820\" data-end=\"938\"><strong data-start=\"820\" data-end=\"843\">Impresi\u00f3n y codificaci\u00f3n<\/strong><br data-start=\"843\" data-end=\"846\" \/>Admite numeraci\u00f3n de dorsales, logotipos de eventos, c\u00f3digos de barras\/QR y precodificaci\u00f3n EPC para implementaci\u00f3n por lotes.<\/p>\n<p data-start=\"940\" data-end=\"1015\"><strong data-start=\"940\" data-end=\"964\">Condiciones de funcionamiento<\/strong><br data-start=\"964\" data-end=\"967\" \/>0\u201360 \u2103 \/ 20\u201380% RH; almacenamiento 20\u201330 \u2103 \/ 20\u201360% RH.<\/p>\n<h2 data-start=\"1017\" data-end=\"1042\">Tabla (Especificaciones)<\/h2>\n<div class=\"_tableContainer_1rjym_1\">\n<div class=\"group _tableWrapper_1rjym_13 flex w-fit flex-col-reverse\" tabindex=\"-1\">\n<table class=\"w-fit min-w-(--thread-content-width)\" data-start=\"1044\" data-end=\"2297\">\n<thead data-start=\"1044\" data-end=\"1132\">\n<tr data-start=\"1044\" data-end=\"1132\">\n<th data-start=\"1044\" data-end=\"1062\" data-col-size=\"sm\">Categor\u00eda<\/th>\n<th data-start=\"1062\" data-end=\"1085\" data-col-size=\"sm\">Par\u00e1metro<\/th>\n<th data-start=\"1085\" data-end=\"1132\" data-col-size=\"md\">Valor<\/th>\n<\/tr>\n<\/thead>\n<tbody data-start=\"1222\" data-end=\"2297\">\n<tr data-start=\"1222\" data-end=\"1310\">\n<td data-start=\"1222\" data-end=\"1240\" data-col-size=\"sm\">Producto<\/td>\n<td data-col-size=\"sm\" data-start=\"1240\" data-end=\"1263\">Nombre<\/td>\n<td data-col-size=\"md\" data-start=\"1263\" data-end=\"1310\">Etiqueta de espuma RFID DogBone M830<\/td>\n<\/tr>\n<tr data-start=\"1311\" data-end=\"1399\">\n<td data-start=\"1311\" data-end=\"1329\" data-col-size=\"sm\">CI<\/td>\n<td data-col-size=\"sm\" data-start=\"1329\" data-end=\"1352\">Chip<\/td>\n<td data-col-size=\"md\" data-start=\"1352\" data-end=\"1399\">M830<\/td>\n<\/tr>\n<tr data-start=\"1400\" data-end=\"1488\">\n<td data-start=\"1400\" data-end=\"1418\" data-col-size=\"sm\">RF<\/td>\n<td data-col-size=\"sm\" data-start=\"1418\" data-end=\"1441\">Protocolo<\/td>\n<td data-col-size=\"md\" data-start=\"1441\" data-end=\"1488\">ISO\/IEC 18000-6C, EPCglobal Clase 1 Gen 2<\/td>\n<\/tr>\n<tr data-start=\"1489\" data-end=\"1577\">\n<td data-start=\"1489\" data-end=\"1507\" data-col-size=\"sm\">Memoria<\/td>\n<td data-col-size=\"sm\" data-start=\"1507\" data-end=\"1530\">TID \/ EPC \/ Usuario<\/td>\n<td data-col-size=\"md\" data-start=\"1530\" data-end=\"1577\">48 bits \/ 128 bits \/ 0 bits<\/td>\n<\/tr>\n<tr data-start=\"1578\" data-end=\"1667\">\n<td data-start=\"1578\" data-end=\"1596\" data-col-size=\"sm\">Etiqueta<\/td>\n<td data-col-size=\"sm\" data-start=\"1596\" data-end=\"1619\">Tama\u00f1o<\/td>\n<td data-col-size=\"md\" data-start=\"1619\" data-end=\"1667\">97 \u00d7 27 mm<\/td>\n<\/tr>\n<tr data-start=\"1668\" data-end=\"1757\">\n<td data-start=\"1668\" data-end=\"1686\" data-col-size=\"sm\">Antena<\/td>\n<td data-col-size=\"sm\" data-start=\"1686\" data-end=\"1709\">Tama\u00f1o \/ Forma<\/td>\n<td data-col-size=\"md\" data-start=\"1709\" data-end=\"1757\">94 \u00d7 24 mm, hueso de perro<\/td>\n<\/tr>\n<tr data-start=\"1758\" data-end=\"1847\">\n<td data-start=\"1758\" data-end=\"1776\" data-col-size=\"sm\">Rostro<\/td>\n<td data-start=\"1776\" data-end=\"1799\" data-col-size=\"sm\">Materiales<\/td>\n<td data-col-size=\"md\" data-start=\"1799\" data-end=\"1847\">Papel de arte, PET, papel sint\u00e9tico PP<\/td>\n<\/tr>\n<tr data-start=\"1848\" data-end=\"1937\">\n<td data-start=\"1848\" data-end=\"1866\" data-col-size=\"sm\">Impresi\u00f3n<\/td>\n<td data-col-size=\"sm\" data-start=\"1866\" data-end=\"1889\">M\u00e9todos<\/td>\n<td data-col-size=\"md\" data-start=\"1889\" data-end=\"1937\">Transferencia t\u00e9rmica; serigraf\u00eda; personalizado<\/td>\n<\/tr>\n<tr data-start=\"1938\" data-end=\"2027\">\n<td data-start=\"1938\" data-end=\"1956\" data-col-size=\"sm\">Actuaci\u00f3n<\/td>\n<td data-start=\"1956\" data-end=\"1979\" data-col-size=\"sm\">Beneficios clave<\/td>\n<td data-col-size=\"md\" data-start=\"1979\" data-end=\"2027\">Lectura r\u00e1pida; lectura m\u00faltiple; trazabilidad<\/td>\n<\/tr>\n<tr data-start=\"2028\" data-end=\"2117\">\n<td data-start=\"2028\" data-end=\"2046\" data-col-size=\"sm\">Ambiente<\/td>\n<td data-start=\"2046\" data-end=\"2069\" data-col-size=\"sm\">Operante<\/td>\n<td data-start=\"2069\" data-end=\"2117\" data-col-size=\"md\">0\u201360 \u2103 \/ 20\u201380% HR<\/td>\n<\/tr>\n<tr data-start=\"2118\" data-end=\"2207\">\n<td data-start=\"2118\" data-end=\"2136\" data-col-size=\"sm\"><\/td>\n<td data-col-size=\"sm\" data-start=\"2136\" data-end=\"2159\">Almacenamiento<\/td>\n<td data-col-size=\"md\" data-start=\"2159\" data-end=\"2207\">20\u201330 \u2103 \/ 20\u201360% humedad relativa<\/td>\n<\/tr>\n<tr data-start=\"2208\" data-end=\"2297\">\n<td data-start=\"2208\" data-end=\"2226\" data-col-size=\"sm\">Casos de uso<\/td>\n<td data-col-size=\"sm\" data-start=\"2226\" data-end=\"2249\">Aplicaciones t\u00edpicas<\/td>\n<td data-col-size=\"md\" data-start=\"2249\" data-end=\"2297\">Cronometraje de marat\u00f3n; etiquetado para entornos hostiles<\/td>\n<\/tr>\n<\/tbody>\n<\/table>\n<\/div>\n<\/div>","protected":false},"excerpt":{"rendered":"<p>Etiqueta de cronometraje de espuma UHF DogBone M830: etiqueta de 97 \u00d7 27 mm con TID de 48 bits y EPC de 128 bits para cronometraje de carrera r\u00e1pido de m\u00faltiples lecturas; cara lista para imprimir y rendimiento constante en el cuerpo.<\/p>","protected":false},"featured_media":914,"template":"","meta":{"_gspb_post_css":""},"product_brand":[],"product_cat":[31],"product_tag":[],"class_list":{"0":"post-913","1":"product","2":"type-product","3":"status-publish","4":"has-post-thumbnail","6":"product_cat-rfid-sticker-labels","8":"first","9":"instock","10":"shipping-taxable","11":"purchasable","12":"product-type-simple"},"_links":{"self":[{"href":"https:\/\/www.cxjsmartcard.com\/es\/wp-json\/wp\/v2\/product\/913","targetHints":{"allow":["GET"]}}],"collection":[{"href":"https:\/\/www.cxjsmartcard.com\/es\/wp-json\/wp\/v2\/product"}],"about":[{"href":"https:\/\/www.cxjsmartcard.com\/es\/wp-json\/wp\/v2\/types\/product"}],"wp:featuredmedia":[{"embeddable":true,"href":"https:\/\/www.cxjsmartcard.com\/es\/wp-json\/wp\/v2\/media\/914"}],"wp:attachment":[{"href":"https:\/\/www.cxjsmartcard.com\/es\/wp-json\/wp\/v2\/media?parent=913"}],"wp:term":[{"taxonomy":"product_brand","embeddable":true,"href":"https:\/\/www.cxjsmartcard.com\/es\/wp-json\/wp\/v2\/product_brand?post=913"},{"taxonomy":"product_cat","embeddable":true,"href":"https:\/\/www.cxjsmartcard.com\/es\/wp-json\/wp\/v2\/product_cat?post=913"},{"taxonomy":"product_tag","embeddable":true,"href":"https:\/\/www.cxjsmartcard.com\/es\/wp-json\/wp\/v2\/product_tag?post=913"}],"curies":[{"name":"wp","href":"https:\/\/api.w.org\/{rel}","templated":true}]}}