{"id":906,"date":"2025-11-03T09:11:46","date_gmt":"2025-11-03T09:11:46","guid":{"rendered":"https:\/\/www.cxjsmartcard.com\/?post_type=product&#038;p=906"},"modified":"2025-12-29T01:27:07","modified_gmt":"2025-12-29T01:27:07","slug":"arc-certified-m730-uhf-rfid-clothing-hang-tag","status":"publish","type":"product","link":"https:\/\/www.cxjsmartcard.com\/es\/arc-certified-m730-uhf-rfid-clothing-hang-tag\/","title":{"rendered":"Etiqueta colgante para ropa con RFID UHF M730 con certificaci\u00f3n ARC"},"content":{"rendered":"<p data-start=\"57\" data-end=\"327\">Etiquetas colgantes UHF con certificaci\u00f3n ARC, basadas en el chip M730, para un seguimiento r\u00e1pido y preciso de prendas. Dise\u00f1adas para operaciones minoristas de alto volumen, permiten un escaneo r\u00e1pido de m\u00faltiples lecturas, mejoran la precisi\u00f3n del inventario y refuerzan la protecci\u00f3n de la marca en toda la cadena de suministro.<\/p>\n<p data-start=\"329\" data-end=\"347\"><strong data-start=\"329\" data-end=\"345\">Caracter\u00edsticas principales<\/strong><\/p>\n<ul data-start=\"348\" data-end=\"673\">\n<li data-start=\"348\" data-end=\"403\">\n<p data-start=\"350\" data-end=\"403\">EPC Gen2 (ISO\/IEC 18000-6C) con memoria EPC de 128 bits<\/p>\n<\/li>\n<li data-start=\"404\" data-end=\"455\">\n<p data-start=\"406\" data-end=\"455\">Certificaci\u00f3n ARC para el cumplimiento del programa minorista<\/p>\n<\/li>\n<li data-start=\"456\" data-end=\"521\">\n<p data-start=\"458\" data-end=\"521\">Rendimiento de lectura m\u00faltiple r\u00e1pido y confiable en bastidores y cajas<\/p>\n<\/li>\n<li data-start=\"522\" data-end=\"584\">\n<p data-start=\"524\" data-end=\"584\">Materiales faciales, tama\u00f1os, impresi\u00f3n y codificaci\u00f3n personalizables<\/p>\n<\/li>\n<li data-start=\"585\" data-end=\"673\">\n<p data-start=\"587\" data-end=\"673\">Trazabilidad desde la f\u00e1brica hasta la tienda; admite impresi\u00f3n por transferencia t\u00e9rmica y serigraf\u00eda.<\/p>\n<\/li>\n<\/ul>\n<p data-start=\"675\" data-end=\"816\"><strong data-start=\"675\" data-end=\"691\">Aplicaciones<\/strong><br data-start=\"691\" data-end=\"694\" \/>Gesti\u00f3n de inventario de prendas de vestir y calzado \u2022 Seguimiento de la cadena de suministro de prendas de vestir \u2022 Operaciones de venta minorista de prendas de vestir y protecci\u00f3n de marca.<\/p>\n<h2 data-start=\"818\" data-end=\"843\">Tabla (Especificaciones)<\/h2>\n<div class=\"_tableContainer_1rjym_1\">\n<div class=\"group _tableWrapper_1rjym_13 flex w-fit flex-col-reverse\" tabindex=\"-1\">\n<table class=\"w-fit min-w-(--thread-content-width)\" data-start=\"845\" data-end=\"2509\">\n<thead data-start=\"845\" data-end=\"955\">\n<tr data-start=\"845\" data-end=\"955\">\n<th data-start=\"845\" data-end=\"863\" data-col-size=\"sm\">Categor\u00eda<\/th>\n<th data-start=\"863\" data-end=\"894\" data-col-size=\"sm\">Par\u00e1metro<\/th>\n<th data-start=\"894\" data-end=\"955\" data-col-size=\"md\">Valor<\/th>\n<\/tr>\n<\/thead>\n<tbody data-start=\"1067\" data-end=\"2509\">\n<tr data-start=\"1067\" data-end=\"1177\">\n<td data-start=\"1067\" data-end=\"1085\" data-col-size=\"sm\">Producto<\/td>\n<td data-col-size=\"sm\" data-start=\"1085\" data-end=\"1116\">Nombre<\/td>\n<td data-col-size=\"md\" data-start=\"1116\" data-end=\"1177\">Etiquetas colgantes RFID para seguimiento de ropa<\/td>\n<\/tr>\n<tr data-start=\"1178\" data-end=\"1288\">\n<td data-start=\"1178\" data-end=\"1196\" data-col-size=\"sm\">CI<\/td>\n<td data-col-size=\"sm\" data-start=\"1196\" data-end=\"1227\">Chip<\/td>\n<td data-col-size=\"md\" data-start=\"1227\" data-end=\"1288\">M730<\/td>\n<\/tr>\n<tr data-start=\"1289\" data-end=\"1399\">\n<td data-start=\"1289\" data-end=\"1307\" data-col-size=\"sm\">RF<\/td>\n<td data-start=\"1307\" data-end=\"1338\" data-col-size=\"sm\">Protocolo<\/td>\n<td data-col-size=\"md\" data-start=\"1338\" data-end=\"1399\">ISO\/IEC 18000-6C, EPCglobal Clase 1 Gen 2<\/td>\n<\/tr>\n<tr data-start=\"1400\" data-end=\"1510\">\n<td data-start=\"1400\" data-end=\"1418\" data-col-size=\"sm\">Memoria<\/td>\n<td data-col-size=\"sm\" data-start=\"1418\" data-end=\"1449\">EPC \/ Usuario<\/td>\n<td data-col-size=\"md\" data-start=\"1449\" data-end=\"1510\">128 bits \/ 0 bits<\/td>\n<\/tr>\n<tr data-start=\"1511\" data-end=\"1621\">\n<td data-start=\"1511\" data-end=\"1529\" data-col-size=\"sm\">Dimensiones<\/td>\n<td data-start=\"1529\" data-end=\"1560\" data-col-size=\"sm\">Tama\u00f1o de la etiqueta<\/td>\n<td data-start=\"1560\" data-end=\"1621\" data-col-size=\"md\">83 \u00d7 25 mm<\/td>\n<\/tr>\n<tr data-start=\"1622\" data-end=\"1732\">\n<td data-start=\"1622\" data-end=\"1640\" data-col-size=\"sm\">Antena<\/td>\n<td data-col-size=\"sm\" data-start=\"1640\" data-end=\"1671\">Opciones de tama\u00f1o<\/td>\n<td data-col-size=\"md\" data-start=\"1671\" data-end=\"1732\">70 \u00d7 14 mm; 70 \u00d7 10 mm; 50 \u00d7 30 mm<\/td>\n<\/tr>\n<tr data-start=\"1733\" data-end=\"1843\">\n<td data-start=\"1733\" data-end=\"1751\" data-col-size=\"sm\">Materiales<\/td>\n<td data-start=\"1751\" data-end=\"1782\" data-col-size=\"sm\">Material de la cara<\/td>\n<td data-col-size=\"md\" data-start=\"1782\" data-end=\"1843\">Papel de arte, PET, papel sint\u00e9tico PP o personalizado.<\/td>\n<\/tr>\n<tr data-start=\"1844\" data-end=\"1954\">\n<td data-start=\"1844\" data-end=\"1862\" data-col-size=\"sm\">Ambiente<\/td>\n<td data-col-size=\"sm\" data-start=\"1862\" data-end=\"1893\">Temperatura de funcionamiento \/ humedad<\/td>\n<td data-col-size=\"md\" data-start=\"1893\" data-end=\"1954\">0 \u2103 ~ 60 \u2103 \/ 20% ~ 80% HR<\/td>\n<\/tr>\n<tr data-start=\"1955\" data-end=\"2065\">\n<td data-start=\"1955\" data-end=\"1973\" data-col-size=\"sm\"><\/td>\n<td data-start=\"1973\" data-end=\"2004\" data-col-size=\"sm\">Temperatura\/humedad de almacenamiento<\/td>\n<td data-col-size=\"md\" data-start=\"2004\" data-end=\"2065\">20 \u2103 ~ 30 \u2103 \/ 20% ~ 60% humedad relativa<\/td>\n<\/tr>\n<tr data-start=\"2066\" data-end=\"2176\">\n<td data-start=\"2066\" data-end=\"2084\" data-col-size=\"sm\">Impresi\u00f3n<\/td>\n<td data-col-size=\"sm\" data-start=\"2084\" data-end=\"2115\">M\u00e9todos<\/td>\n<td data-col-size=\"md\" data-start=\"2115\" data-end=\"2176\">Transferencia t\u00e9rmica, serigraf\u00eda<\/td>\n<\/tr>\n<tr data-start=\"2177\" data-end=\"2287\">\n<td data-start=\"2177\" data-end=\"2195\" data-col-size=\"sm\">Personalizaci\u00f3n<\/td>\n<td data-start=\"2195\" data-end=\"2226\" data-col-size=\"sm\">Personalizaci\u00f3n<\/td>\n<td data-col-size=\"md\" data-start=\"2226\" data-end=\"2287\">Tama\u00f1o de la etiqueta, impresi\u00f3n (logotipo\/texto\/gr\u00e1ficos), codificaci\u00f3n EPC<\/td>\n<\/tr>\n<tr data-start=\"2288\" data-end=\"2398\">\n<td data-start=\"2288\" data-end=\"2306\" data-col-size=\"sm\">Beneficios<\/td>\n<td data-col-size=\"sm\" data-start=\"2306\" data-end=\"2337\">Reflejos<\/td>\n<td data-col-size=\"md\" data-start=\"2337\" data-end=\"2398\">Lectura r\u00e1pida, lectura m\u00faltiple, trazabilidad de prendas<\/td>\n<\/tr>\n<tr data-start=\"2399\" data-end=\"2509\">\n<td data-start=\"2399\" data-end=\"2417\" data-col-size=\"sm\">Casos de uso<\/td>\n<td data-col-size=\"sm\" data-start=\"2417\" data-end=\"2448\">Aplicaciones t\u00edpicas<\/td>\n<td data-col-size=\"md\" data-start=\"2448\" data-end=\"2509\">Inventario de ropa y calzado, cadena de suministro, venta minorista<\/td>\n<\/tr>\n<\/tbody>\n<\/table>\n<\/div>\n<\/div>","protected":false},"excerpt":{"rendered":"<p>Etiqueta colgante RFID UHF M730 con certificaci\u00f3n ARC para prendas de vestir: EPC Gen2 con EPC de 128 bits, rendimiento r\u00e1pido de lectura m\u00faltiple y materiales, tama\u00f1os, impresi\u00f3n y codificaci\u00f3n personalizables.<\/p>","protected":false},"featured_media":908,"template":"","meta":{"_gspb_post_css":""},"product_brand":[],"product_cat":[31],"product_tag":[],"class_list":{"0":"post-906","1":"product","2":"type-product","3":"status-publish","4":"has-post-thumbnail","6":"product_cat-rfid-sticker-labels","8":"first","9":"instock","10":"shipping-taxable","11":"purchasable","12":"product-type-simple"},"_links":{"self":[{"href":"https:\/\/www.cxjsmartcard.com\/es\/wp-json\/wp\/v2\/product\/906","targetHints":{"allow":["GET"]}}],"collection":[{"href":"https:\/\/www.cxjsmartcard.com\/es\/wp-json\/wp\/v2\/product"}],"about":[{"href":"https:\/\/www.cxjsmartcard.com\/es\/wp-json\/wp\/v2\/types\/product"}],"wp:featuredmedia":[{"embeddable":true,"href":"https:\/\/www.cxjsmartcard.com\/es\/wp-json\/wp\/v2\/media\/908"}],"wp:attachment":[{"href":"https:\/\/www.cxjsmartcard.com\/es\/wp-json\/wp\/v2\/media?parent=906"}],"wp:term":[{"taxonomy":"product_brand","embeddable":true,"href":"https:\/\/www.cxjsmartcard.com\/es\/wp-json\/wp\/v2\/product_brand?post=906"},{"taxonomy":"product_cat","embeddable":true,"href":"https:\/\/www.cxjsmartcard.com\/es\/wp-json\/wp\/v2\/product_cat?post=906"},{"taxonomy":"product_tag","embeddable":true,"href":"https:\/\/www.cxjsmartcard.com\/es\/wp-json\/wp\/v2\/product_tag?post=906"}],"curies":[{"name":"wp","href":"https:\/\/api.w.org\/{rel}","templated":true}]}}