{"id":901,"date":"2025-11-03T09:07:10","date_gmt":"2025-11-03T09:07:10","guid":{"rendered":"https:\/\/www.cxjsmartcard.com\/?post_type=product&#038;p=901"},"modified":"2025-12-29T01:27:08","modified_gmt":"2025-12-29T01:27:08","slug":"866-868mhz-u8-rfid-anti-metal-label-etsi","status":"publish","type":"product","link":"https:\/\/www.cxjsmartcard.com\/es\/866-868mhz-u8-rfid-anti-metal-label-etsi\/","title":{"rendered":"Etiqueta antimetal RFID U8 de 866\u2013868 MHz (ETSI)"},"content":{"rendered":"<p data-start=\"54\" data-end=\"340\">Etiqueta UHF antimetal delgada y flexible, optimizada para la banda ETSI (866\u2013868 MHz). Fabricada con NXP\u00ae UCODE 8\/9, con una cara de PET y aislamiento integrado sobre metal, ofrece lecturas r\u00e1pidas y fiables en activos de acero, a la vez que es imprimible y f\u00e1cil de codificar para un despliegue de gran volumen.<\/p>\n<p data-start=\"342\" data-end=\"371\"><strong data-start=\"342\" data-end=\"369\">Caracter\u00edsticas y beneficios clave<\/strong><\/p>\n<ul data-start=\"372\" data-end=\"835\">\n<li data-start=\"372\" data-end=\"458\">\n<p data-start=\"374\" data-end=\"458\"><strong data-start=\"374\" data-end=\"401\">Rendimiento optimizado por ETSI:<\/strong> 866\u2013868 MHz, EPCglobal Clase 1 Gen2 \/ ISO\/IEC 18000-6C<\/p>\n<\/li>\n<li data-start=\"459\" data-end=\"558\">\n<p data-start=\"461\" data-end=\"558\"><strong data-start=\"461\" data-end=\"484\">Optimizado para metal:<\/strong> Lectura de 4 m en metal (t\u00edpico), 3,5 m en pl\u00e1stico, 3 m en contenedores de l\u00edquidos<\/p>\n<\/li>\n<li data-start=\"559\" data-end=\"676\">\n<p data-start=\"561\" data-end=\"676\"><strong data-start=\"561\" data-end=\"577\">Listo para imprimir:<\/strong> Compatible con impresoras RFID industriales (por ejemplo, Sato CL4NX, Zebra ZT410 Silverline, Boside TX3R)<\/p>\n<\/li>\n<li data-start=\"677\" data-end=\"754\">\n<p data-start=\"679\" data-end=\"754\"><strong data-start=\"679\" data-end=\"705\">Construcci\u00f3n flexible:<\/strong> Se adapta a superficies met\u00e1licas curvas o irregulares.<\/p>\n<\/li>\n<li data-start=\"755\" data-end=\"835\">\n<p data-start=\"757\" data-end=\"835\"><strong data-start=\"757\" data-end=\"777\">Lectura m\u00faltiple r\u00e1pida:<\/strong> Admite escaneo masivo, trazabilidad e inventario r\u00e1pido.<\/p>\n<\/li>\n<\/ul>\n<p data-start=\"837\" data-end=\"1033\"><strong data-start=\"837\" data-end=\"853\">Aplicaciones<\/strong><br data-start=\"853\" data-end=\"856\" \/>Activos de interior y equipos de oficina \u2022 Hardware y electr\u00f3nica de TI \u2022 Art\u00edculos de log\u00edstica y almac\u00e9n \u2022 Etiquetado anti-falsificaci\u00f3n para objetos de valor \u2022 Contenedores de metal, herramientas y repuestos.<\/p>\n<p data-start=\"1035\" data-end=\"1163\"><strong data-start=\"1035\" data-end=\"1060\">Opciones de personalizaci\u00f3n<\/strong><br data-start=\"1060\" data-end=\"1063\" \/>Tama\u00f1os personalizados; impresi\u00f3n en color\/logotipo; texto, c\u00f3digo de barras y c\u00f3digo QR; codificaci\u00f3n EPC e inicializaci\u00f3n de datos.<\/p>\n<h2 data-start=\"1165\" data-end=\"1190\">Tabla (Especificaciones)<\/h2>\n<div class=\"_tableContainer_1rjym_1\">\n<div class=\"group _tableWrapper_1rjym_13 flex w-fit flex-col-reverse\" tabindex=\"-1\">\n<table class=\"w-fit min-w-(--thread-content-width)\" data-start=\"1192\" data-end=\"2778\">\n<thead data-start=\"1192\" data-end=\"1290\">\n<tr data-start=\"1192\" data-end=\"1290\">\n<th data-start=\"1192\" data-end=\"1210\" data-col-size=\"sm\">Categor\u00eda<\/th>\n<th data-start=\"1210\" data-end=\"1236\" data-col-size=\"sm\">Par\u00e1metro<\/th>\n<th data-start=\"1236\" data-end=\"1290\" data-col-size=\"md\">Valor<\/th>\n<\/tr>\n<\/thead>\n<tbody data-start=\"1390\" data-end=\"2778\">\n<tr data-start=\"1390\" data-end=\"1487\">\n<td data-start=\"1390\" data-end=\"1408\" data-col-size=\"sm\">Producto<\/td>\n<td data-start=\"1408\" data-end=\"1434\" data-col-size=\"sm\">Nombre<\/td>\n<td data-col-size=\"md\" data-start=\"1434\" data-end=\"1487\">Etiqueta antimetal RFID de 866\u2013868 MHz (ETSI)<\/td>\n<\/tr>\n<tr data-start=\"1488\" data-end=\"1586\">\n<td data-start=\"1488\" data-end=\"1506\" data-col-size=\"sm\">RF<\/td>\n<td data-col-size=\"sm\" data-start=\"1506\" data-end=\"1532\">Frecuencia<\/td>\n<td data-col-size=\"md\" data-start=\"1532\" data-end=\"1586\">866\u2013868 MHz (ETSI UHF)<\/td>\n<\/tr>\n<tr data-start=\"1587\" data-end=\"1685\">\n<td data-start=\"1587\" data-end=\"1605\" data-col-size=\"sm\"><\/td>\n<td data-col-size=\"sm\" data-start=\"1605\" data-end=\"1631\">Protocolo<\/td>\n<td data-col-size=\"md\" data-start=\"1631\" data-end=\"1685\">ISO\/IEC 18000-6C, EPCglobal Clase 1 Gen 2<\/td>\n<\/tr>\n<tr data-start=\"1686\" data-end=\"1784\">\n<td data-start=\"1686\" data-end=\"1704\" data-col-size=\"sm\">Opciones de CI<\/td>\n<td data-col-size=\"sm\" data-start=\"1704\" data-end=\"1730\">Chip<\/td>\n<td data-col-size=\"md\" data-start=\"1730\" data-end=\"1784\">C\u00f3digo UCODE 8\/C\u00d3DIGO UCODE 9 de NXP<\/td>\n<\/tr>\n<tr data-start=\"1785\" data-end=\"1883\">\n<td data-start=\"1785\" data-end=\"1803\" data-col-size=\"sm\">Memoria<\/td>\n<td data-col-size=\"sm\" data-start=\"1803\" data-end=\"1829\">EPC \/ Usuario<\/td>\n<td data-col-size=\"md\" data-start=\"1829\" data-end=\"1883\">128 bits \/ 0 bits<\/td>\n<\/tr>\n<tr data-start=\"1884\" data-end=\"1982\">\n<td data-start=\"1884\" data-end=\"1902\" data-col-size=\"sm\">Mec\u00e1nica<\/td>\n<td data-col-size=\"sm\" data-start=\"1902\" data-end=\"1928\">Material de la cara<\/td>\n<td data-col-size=\"md\" data-start=\"1928\" data-end=\"1982\">MASCOTA<\/td>\n<\/tr>\n<tr data-start=\"1983\" data-end=\"2081\">\n<td data-start=\"1983\" data-end=\"2001\" data-col-size=\"sm\">Dimensiones<\/td>\n<td data-col-size=\"sm\" data-start=\"2001\" data-end=\"2027\">Tama\u00f1o de la etiqueta (L\u00d7An\u00d7Alt)<\/td>\n<td data-col-size=\"md\" data-start=\"2027\" data-end=\"2081\">50 \u00d7 15 \u00d7 1,26 mm<\/td>\n<\/tr>\n<tr data-start=\"2082\" data-end=\"2181\">\n<td data-start=\"2082\" data-end=\"2100\" data-col-size=\"sm\">Actuaci\u00f3n<\/td>\n<td data-col-size=\"sm\" data-start=\"2100\" data-end=\"2126\">Distancia de lectura<\/td>\n<td data-col-size=\"md\" data-start=\"2126\" data-end=\"2181\">4 m (sobre metal); 3,5 m (sobre pl\u00e1stico); 3 m (sobre l\u00edquido)<\/td>\n<\/tr>\n<tr data-start=\"2182\" data-end=\"2280\">\n<td data-start=\"2182\" data-end=\"2200\" data-col-size=\"sm\">Impresi\u00f3n<\/td>\n<td data-col-size=\"sm\" data-start=\"2200\" data-end=\"2226\">Compatibilidad de impresoras<\/td>\n<td data-col-size=\"md\" data-start=\"2226\" data-end=\"2280\">Sato CL4NX; Zebra ZT410 Silverline; Boside TX3R<\/td>\n<\/tr>\n<tr data-start=\"2281\" data-end=\"2381\">\n<td data-start=\"2281\" data-end=\"2299\" data-col-size=\"sm\">Personalizaci\u00f3n<\/td>\n<td data-col-size=\"sm\" data-start=\"2299\" data-end=\"2325\">Datos\/Marcado<\/td>\n<td data-col-size=\"md\" data-start=\"2325\" data-end=\"2381\">Texto, c\u00f3digo de barras, QR, impresi\u00f3n en color\/logotipo; codificaci\u00f3n EPC<\/td>\n<\/tr>\n<tr data-start=\"2382\" data-end=\"2480\">\n<td data-start=\"2382\" data-end=\"2400\" data-col-size=\"sm\">Ambiente<\/td>\n<td data-start=\"2400\" data-end=\"2426\" data-col-size=\"sm\">Temperatura de funcionamiento<\/td>\n<td data-col-size=\"md\" data-start=\"2426\" data-end=\"2480\">\u221240 a +85 \u2103<\/td>\n<\/tr>\n<tr data-start=\"2481\" data-end=\"2579\">\n<td data-start=\"2481\" data-end=\"2499\" data-col-size=\"sm\"><\/td>\n<td data-col-size=\"sm\" data-start=\"2499\" data-end=\"2525\">Temperatura de almacenamiento<\/td>\n<td data-col-size=\"md\" data-start=\"2525\" data-end=\"2579\">\u221240 a +85 \u2103<\/td>\n<\/tr>\n<tr data-start=\"2580\" data-end=\"2678\">\n<td data-start=\"2580\" data-end=\"2598\" data-col-size=\"sm\">Beneficios<\/td>\n<td data-col-size=\"sm\" data-start=\"2598\" data-end=\"2624\">Reflejos<\/td>\n<td data-col-size=\"md\" data-start=\"2624\" data-end=\"2678\">Etiqueta flexible; multilectura; trazabilidad<\/td>\n<\/tr>\n<tr data-start=\"2679\" data-end=\"2778\">\n<td data-start=\"2679\" data-end=\"2697\" data-col-size=\"sm\">Casos de uso<\/td>\n<td data-col-size=\"sm\" data-start=\"2697\" data-end=\"2723\">Aplicaciones t\u00edpicas<\/td>\n<td data-col-size=\"md\" data-start=\"2723\" data-end=\"2778\">Activos de TI, equipos de oficina, contenedores\/herramientas de metal<\/td>\n<\/tr>\n<\/tbody>\n<\/table>\n<\/div>\n<\/div>","protected":false},"excerpt":{"rendered":"<p>Etiqueta antimetal UHF ajustada por ETSI con UCODE 8\/9: lecturas de 4 m en metal, construcci\u00f3n PET flexible y lista para impresora\/codificaci\u00f3n para un seguimiento r\u00e1pido de activos.<\/p>","protected":false},"featured_media":903,"template":"","meta":{"_gspb_post_css":""},"product_brand":[],"product_cat":[31],"product_tag":[],"class_list":{"0":"post-901","1":"product","2":"type-product","3":"status-publish","4":"has-post-thumbnail","6":"product_cat-rfid-sticker-labels","8":"first","9":"instock","10":"shipping-taxable","11":"purchasable","12":"product-type-simple"},"_links":{"self":[{"href":"https:\/\/www.cxjsmartcard.com\/es\/wp-json\/wp\/v2\/product\/901","targetHints":{"allow":["GET"]}}],"collection":[{"href":"https:\/\/www.cxjsmartcard.com\/es\/wp-json\/wp\/v2\/product"}],"about":[{"href":"https:\/\/www.cxjsmartcard.com\/es\/wp-json\/wp\/v2\/types\/product"}],"wp:featuredmedia":[{"embeddable":true,"href":"https:\/\/www.cxjsmartcard.com\/es\/wp-json\/wp\/v2\/media\/903"}],"wp:attachment":[{"href":"https:\/\/www.cxjsmartcard.com\/es\/wp-json\/wp\/v2\/media?parent=901"}],"wp:term":[{"taxonomy":"product_brand","embeddable":true,"href":"https:\/\/www.cxjsmartcard.com\/es\/wp-json\/wp\/v2\/product_brand?post=901"},{"taxonomy":"product_cat","embeddable":true,"href":"https:\/\/www.cxjsmartcard.com\/es\/wp-json\/wp\/v2\/product_cat?post=901"},{"taxonomy":"product_tag","embeddable":true,"href":"https:\/\/www.cxjsmartcard.com\/es\/wp-json\/wp\/v2\/product_tag?post=901"}],"curies":[{"name":"wp","href":"https:\/\/api.w.org\/{rel}","templated":true}]}}