{"id":882,"date":"2025-11-03T09:00:25","date_gmt":"2025-11-03T09:00:25","guid":{"rendered":"https:\/\/www.cxjsmartcard.com\/?post_type=product&#038;p=882"},"modified":"2025-12-29T01:27:08","modified_gmt":"2025-12-29T01:27:08","slug":"abs-pps-rfid-nfc-patrol-tag","status":"publish","type":"product","link":"https:\/\/www.cxjsmartcard.com\/es\/abs-pps-rfid-nfc-patrol-tag\/","title":{"rendered":"Etiqueta de patrullaje ABS PPS RFID NFC"},"content":{"rendered":"<p data-start=\"39\" data-end=\"460\">Etiqueta robusta de punto de control de patrullaje de alta frecuencia (HF) para rondas de vigilancia, rondas de mantenimiento y puntos de control de activos. La carcasa de ABS + PPS resiste impactos, inclemencias del tiempo y productos qu\u00edmicos, mientras que una capa antimetal opcional mantiene un rendimiento estable en portones, vallas y otras superficies met\u00e1licas. Se monta con adhesivo 3M o tornillos; se escanea con smartphones (NFC) o lectores HF para un registro r\u00e1pido y manos libres.<\/p>\n<p data-start=\"462\" data-end=\"480\"><strong data-start=\"462\" data-end=\"478\">Caracter\u00edsticas principales<\/strong><\/p>\n<ul data-start=\"481\" data-end=\"911\">\n<li data-start=\"481\" data-end=\"531\">\n<p data-start=\"483\" data-end=\"531\">13,56 MHz HF; compatible con ISO 14443A \/ ISO 15693<\/p>\n<\/li>\n<li data-start=\"532\" data-end=\"600\">\n<p data-start=\"534\" data-end=\"600\">Opciones de chip: NTAG213\/215\/216, MIFARE Classic S50 1K, ICODE SLIX<\/p>\n<\/li>\n<li data-start=\"601\" data-end=\"679\">\n<p data-start=\"603\" data-end=\"679\">Resistencia de lectura\/escritura &gt;100.000 ciclos; solo lectura o lectura\/escritura seg\u00fan el tipo de chip<\/p>\n<\/li>\n<li data-start=\"680\" data-end=\"755\">\n<p data-start=\"682\" data-end=\"755\">Distancia de lectura t\u00edpica: hasta 0,1\u20133 m (dependiendo del dispositivo y del entorno)<\/p>\n<\/li>\n<li data-start=\"756\" data-end=\"836\">\n<p data-start=\"758\" data-end=\"836\">Pl\u00e1sticos de ingenier\u00eda ABS\/PPS; capa antimetal opcional; respaldo adhesivo 3M<\/p>\n<\/li>\n<li data-start=\"837\" data-end=\"911\">\n<p data-start=\"839\" data-end=\"911\">Impresi\u00f3n personalizada (logotipo\/texto), codificaci\u00f3n (URL\/texto\/n\u00fameros), tama\u00f1o y forma<\/p>\n<\/li>\n<\/ul>\n<p data-start=\"913\" data-end=\"928\"><strong data-start=\"913\" data-end=\"926\">Casos de uso<\/strong><\/p>\n<ul data-start=\"929\" data-end=\"1183\">\n<li data-start=\"929\" data-end=\"1015\">\n<p data-start=\"931\" data-end=\"1015\"><strong data-start=\"931\" data-end=\"954\">Sistemas de rondas de vigilancia:<\/strong> Registre la hora, la fecha y la ubicaci\u00f3n a medida que el personal escanea los puntos de control.<\/p>\n<\/li>\n<li data-start=\"1016\" data-end=\"1100\">\n<p data-start=\"1018\" data-end=\"1100\"><strong data-start=\"1018\" data-end=\"1042\">Patrullas de mantenimiento:<\/strong> Confirmar las inspecciones y la finalizaci\u00f3n del trabajo en puntos fijos<\/p>\n<\/li>\n<li data-start=\"1101\" data-end=\"1183\">\n<p data-start=\"1103\" data-end=\"1183\"><strong data-start=\"1103\" data-end=\"1135\">Puntos de control de activos\/equipos:<\/strong> Acreditar presencia en portones, puertas, racks, veh\u00edculos<\/p>\n<\/li>\n<\/ul>\n<p data-start=\"1185\" data-end=\"1315\"><strong data-start=\"1185\" data-end=\"1202\">Consejos de montaje<\/strong><br data-start=\"1202\" data-end=\"1205\" \/>Limpie la superficie y luego f\u00edjela con adhesivo 3M para una instalaci\u00f3n r\u00e1pida o use tornillos para una colocaci\u00f3n permanente en exteriores.<\/p>\n<h2 data-start=\"1317\" data-end=\"1342\">Tabla (Especificaciones)<\/h2>\n<div class=\"_tableContainer_1rjym_1\">\n<div class=\"group _tableWrapper_1rjym_13 flex w-fit flex-col-reverse\" tabindex=\"-1\">\n<table class=\"w-fit min-w-(--thread-content-width)\" data-start=\"1344\" data-end=\"3521\">\n<thead data-start=\"1344\" data-end=\"1464\">\n<tr data-start=\"1344\" data-end=\"1464\">\n<th data-start=\"1344\" data-end=\"1366\" data-col-size=\"sm\">Categor\u00eda<\/th>\n<th data-start=\"1366\" data-end=\"1391\" data-col-size=\"sm\">Par\u00e1metro<\/th>\n<th data-start=\"1391\" data-end=\"1464\" data-col-size=\"md\">Valor<\/th>\n<\/tr>\n<\/thead>\n<tbody data-start=\"1586\" data-end=\"3521\">\n<tr data-start=\"1586\" data-end=\"1706\">\n<td data-start=\"1586\" data-end=\"1608\" data-col-size=\"sm\">Producto<\/td>\n<td data-col-size=\"sm\" data-start=\"1608\" data-end=\"1633\">Tipo<\/td>\n<td data-col-size=\"md\" data-start=\"1633\" data-end=\"1706\">Etiqueta de patrullaje RFID NFC ABS\/PPS<\/td>\n<\/tr>\n<tr data-start=\"1707\" data-end=\"1827\">\n<td data-start=\"1707\" data-end=\"1729\" data-col-size=\"sm\">Materiales<\/td>\n<td data-col-size=\"sm\" data-start=\"1729\" data-end=\"1754\">Alojamiento<\/td>\n<td data-col-size=\"md\" data-start=\"1754\" data-end=\"1827\">PPS\/ABS<\/td>\n<\/tr>\n<tr data-start=\"1828\" data-end=\"1948\">\n<td data-start=\"1828\" data-end=\"1850\" data-col-size=\"sm\"><\/td>\n<td data-col-size=\"sm\" data-start=\"1850\" data-end=\"1875\">Adhesivo<\/td>\n<td data-col-size=\"md\" data-start=\"1875\" data-end=\"1948\">Adhesivo industrial 3M<\/td>\n<\/tr>\n<tr data-start=\"1949\" data-end=\"2069\">\n<td data-start=\"1949\" data-end=\"1971\" data-col-size=\"sm\">Antena<\/td>\n<td data-col-size=\"sm\" data-start=\"1971\" data-end=\"1996\">Estructura<\/td>\n<td data-col-size=\"md\" data-start=\"1996\" data-end=\"2069\">Antena grabada en aluminio; COB + bobina de cobre<\/td>\n<\/tr>\n<tr data-start=\"2070\" data-end=\"2190\">\n<td data-start=\"2070\" data-end=\"2092\" data-col-size=\"sm\">Sobre metal<\/td>\n<td data-start=\"2092\" data-end=\"2117\" data-col-size=\"sm\">Capa<\/td>\n<td data-start=\"2117\" data-end=\"2190\" data-col-size=\"md\">Material antimetal (opcional)<\/td>\n<\/tr>\n<tr data-start=\"2191\" data-end=\"2311\">\n<td data-start=\"2191\" data-end=\"2213\" data-col-size=\"sm\">RF<\/td>\n<td data-col-size=\"sm\" data-start=\"2213\" data-end=\"2238\">Frecuencia<\/td>\n<td data-col-size=\"md\" data-start=\"2238\" data-end=\"2311\">13,56 MHz (HF)<\/td>\n<\/tr>\n<tr data-start=\"2312\" data-end=\"2432\">\n<td data-start=\"2312\" data-end=\"2334\" data-col-size=\"sm\">Protocolos<\/td>\n<td data-start=\"2334\" data-end=\"2359\" data-col-size=\"sm\">Normas<\/td>\n<td data-col-size=\"md\" data-start=\"2359\" data-end=\"2432\">ISO 14443A; ISO 15693<\/td>\n<\/tr>\n<tr data-start=\"2433\" data-end=\"2553\">\n<td data-start=\"2433\" data-end=\"2455\" data-col-size=\"sm\">Opciones de CI<\/td>\n<td data-col-size=\"sm\" data-start=\"2455\" data-end=\"2480\">Papas fritas<\/td>\n<td data-col-size=\"md\" data-start=\"2480\" data-end=\"2553\">NTAG213\/215\/216; MIFARE Classic S50 1K; ICODE SLIX<\/td>\n<\/tr>\n<tr data-start=\"2554\" data-end=\"2674\">\n<td data-start=\"2554\" data-end=\"2576\" data-col-size=\"sm\">Actuaci\u00f3n<\/td>\n<td data-col-size=\"sm\" data-start=\"2576\" data-end=\"2601\">Distancia de lectura<\/td>\n<td data-col-size=\"md\" data-start=\"2601\" data-end=\"2674\">0,1\u20133 m (dependiendo del lector\/etiqueta\/entorno)<\/td>\n<\/tr>\n<tr data-start=\"2675\" data-end=\"2795\">\n<td data-start=\"2675\" data-end=\"2697\" data-col-size=\"sm\"><\/td>\n<td data-col-size=\"sm\" data-start=\"2697\" data-end=\"2722\">Resistencia<\/td>\n<td data-col-size=\"md\" data-start=\"2722\" data-end=\"2795\">&gt;100.000 ciclos de lectura\/escritura<\/td>\n<\/tr>\n<tr data-start=\"2796\" data-end=\"2916\">\n<td data-start=\"2796\" data-end=\"2818\" data-col-size=\"sm\">Operaci\u00f3n<\/td>\n<td data-col-size=\"sm\" data-start=\"2818\" data-end=\"2843\">Modo<\/td>\n<td data-col-size=\"md\" data-start=\"2843\" data-end=\"2916\">Solo lectura o lectura\/escritura (seg\u00fan el tipo de chip)<\/td>\n<\/tr>\n<tr data-start=\"2917\" data-end=\"3037\">\n<td data-start=\"2917\" data-end=\"2939\" data-col-size=\"sm\">Ambiente<\/td>\n<td data-col-size=\"sm\" data-start=\"2939\" data-end=\"2964\">Temperatura de trabajo<\/td>\n<td data-col-size=\"md\" data-start=\"2964\" data-end=\"3037\">\u221225 \u2103 a +75 \u2103<\/td>\n<\/tr>\n<tr data-start=\"3038\" data-end=\"3158\">\n<td data-start=\"3038\" data-end=\"3060\" data-col-size=\"sm\"><\/td>\n<td data-col-size=\"sm\" data-start=\"3060\" data-end=\"3085\">Temperatura de almacenamiento<\/td>\n<td data-col-size=\"md\" data-start=\"3085\" data-end=\"3158\">\u221240 \u2103 a +80 \u2103<\/td>\n<\/tr>\n<tr data-start=\"3159\" data-end=\"3279\">\n<td data-start=\"3159\" data-end=\"3181\" data-col-size=\"sm\">Personalizaci\u00f3n<\/td>\n<td data-col-size=\"sm\" data-start=\"3181\" data-end=\"3206\">Servicios personalizados<\/td>\n<td data-col-size=\"md\" data-start=\"3206\" data-end=\"3279\">Impresi\u00f3n de logotipos\/textos; codificaci\u00f3n de URL\/texto\/n\u00fameros; tama\u00f1o\/forma personalizados<\/td>\n<\/tr>\n<tr data-start=\"3280\" data-end=\"3400\">\n<td data-start=\"3280\" data-end=\"3302\" data-col-size=\"sm\">Instalaci\u00f3n<\/td>\n<td data-start=\"3302\" data-end=\"3327\" data-col-size=\"sm\">Montaje<\/td>\n<td data-start=\"3327\" data-end=\"3400\" data-col-size=\"md\">Adhesivo 3M o tornillos<\/td>\n<\/tr>\n<tr data-start=\"3401\" data-end=\"3521\">\n<td data-start=\"3401\" data-end=\"3423\" data-col-size=\"sm\">Aplicaciones<\/td>\n<td data-col-size=\"sm\" data-start=\"3423\" data-end=\"3448\">Casos de uso t\u00edpicos<\/td>\n<td data-col-size=\"md\" data-start=\"3448\" data-end=\"3521\">Recorrido de guardia, patrulla de mantenimiento, registro de puntos de control de activos\/equipos<\/td>\n<\/tr>\n<\/tbody>\n<\/table>\n<\/div>\n<\/div>","protected":false},"excerpt":{"rendered":"<p>Etiqueta de patrullaje ABS\/PPS HF para rondas de vigilancia y mantenimiento: 13,56 MHz NFC\/ISO 14443A\/15693, lecturas de hasta 0,1\u20133 m, &gt;100 000 ciclos, opci\u00f3n antimetal, montaje con adhesivo 3M o tornillo.<\/p>","protected":false},"featured_media":887,"template":"","meta":{"_gspb_post_css":""},"product_brand":[],"product_cat":[24,27],"product_tag":[],"class_list":{"0":"post-882","1":"product","2":"type-product","3":"status-publish","4":"has-post-thumbnail","6":"product_cat-rfid-tags","7":"product_cat-rfid-patrol-tags","9":"first","10":"instock","11":"shipping-taxable","12":"purchasable","13":"product-type-simple"},"_links":{"self":[{"href":"https:\/\/www.cxjsmartcard.com\/es\/wp-json\/wp\/v2\/product\/882","targetHints":{"allow":["GET"]}}],"collection":[{"href":"https:\/\/www.cxjsmartcard.com\/es\/wp-json\/wp\/v2\/product"}],"about":[{"href":"https:\/\/www.cxjsmartcard.com\/es\/wp-json\/wp\/v2\/types\/product"}],"wp:featuredmedia":[{"embeddable":true,"href":"https:\/\/www.cxjsmartcard.com\/es\/wp-json\/wp\/v2\/media\/887"}],"wp:attachment":[{"href":"https:\/\/www.cxjsmartcard.com\/es\/wp-json\/wp\/v2\/media?parent=882"}],"wp:term":[{"taxonomy":"product_brand","embeddable":true,"href":"https:\/\/www.cxjsmartcard.com\/es\/wp-json\/wp\/v2\/product_brand?post=882"},{"taxonomy":"product_cat","embeddable":true,"href":"https:\/\/www.cxjsmartcard.com\/es\/wp-json\/wp\/v2\/product_cat?post=882"},{"taxonomy":"product_tag","embeddable":true,"href":"https:\/\/www.cxjsmartcard.com\/es\/wp-json\/wp\/v2\/product_tag?post=882"}],"curies":[{"name":"wp","href":"https:\/\/api.w.org\/{rel}","templated":true}]}}