{"id":881,"date":"2025-11-03T08:58:46","date_gmt":"2025-11-03T08:58:46","guid":{"rendered":"https:\/\/www.cxjsmartcard.com\/?post_type=product&#038;p=881"},"modified":"2025-12-29T01:27:08","modified_gmt":"2025-12-29T01:27:08","slug":"uhf-rfid-abs-anti-metal-tag","status":"publish","type":"product","link":"https:\/\/www.cxjsmartcard.com\/es\/uhf-rfid-abs-anti-metal-tag\/","title":{"rendered":"Etiqueta antimetal ABS RFID UHF"},"content":{"rendered":"<p data-start=\"39\" data-end=\"339\">Etiqueta UHF antimetal robusta, dise\u00f1ada para el seguimiento fiable de activos met\u00e1licos en entornos hostiles, tanto interiores como exteriores. Opera a 860\u2013960 MHz con rendimiento pasivo EPC Gen2v2, ideal para equipos industriales, hardware inform\u00e1tico, herramientas y maquinaria fija.<\/p>\n<p data-start=\"341\" data-end=\"359\"><strong data-start=\"341\" data-end=\"357\">Caracter\u00edsticas principales<\/strong><\/p>\n<ul data-start=\"360\" data-end=\"695\">\n<li data-start=\"360\" data-end=\"424\">\n<p data-start=\"362\" data-end=\"424\">Funciona en superficies met\u00e1licas; carcasa ABS resistente al agua y a la intemperie.<\/p>\n<\/li>\n<li data-start=\"425\" data-end=\"475\">\n<p data-start=\"427\" data-end=\"475\">EPC UHF pasivo Clase 1 Gen 2v2 (ISO 18000-6C)<\/p>\n<\/li>\n<li data-start=\"476\" data-end=\"540\">\n<p data-start=\"478\" data-end=\"540\">Tama\u00f1o est\u00e1ndar 135 \u00d7 22 \u00d7 12 mm; personalizaci\u00f3n en masa disponible<\/p>\n<\/li>\n<li data-start=\"541\" data-end=\"600\">\n<p data-start=\"543\" data-end=\"600\">Perfil de memoria: TID 64 bits, EPC 96 bits, Usuario 512 bits<\/p>\n<\/li>\n<li data-start=\"601\" data-end=\"648\">\n<p data-start=\"603\" data-end=\"648\">Amplia tolerancia a temperaturas de \u221240 \u2103 a +150 \u2103<\/p>\n<\/li>\n<li data-start=\"649\" data-end=\"695\">\n<p data-start=\"651\" data-end=\"695\">F\u00e1cil de implementar con paquetes de muestra disponibles<\/p>\n<\/li>\n<\/ul>\n<p data-start=\"697\" data-end=\"826\"><strong data-start=\"697\" data-end=\"713\">Aplicaciones<\/strong><br data-start=\"713\" data-end=\"716\" \/>Activos y pallets industriales \u2022 Equipos inform\u00e1ticos y racks \u2022 Herramientas y utillaje \u2022 Infraestructura met\u00e1lica exterior.<\/p>\n<p data-start=\"828\" data-end=\"1146\"><strong data-start=\"828\" data-end=\"836\">Preguntas frecuentes<\/strong><br data-start=\"836\" data-end=\"839\" \/><strong data-start=\"839\" data-end=\"846\">Pregunta 1:<\/strong> \u00bfHay muestras gratuitas disponibles?<br data-start=\"874\" data-end=\"877\" \/><strong data-start=\"877\" data-end=\"883\">A:<\/strong> S\u00ed, se ofrecen paquetes de muestra para probar antes de la implementaci\u00f3n.<br data-start=\"943\" data-end=\"946\" \/><strong data-start=\"946\" data-end=\"953\">Pregunta 2:<\/strong> \u00bfEs adecuado para uso en exteriores?<br data-start=\"985\" data-end=\"988\" \/><strong data-start=\"988\" data-end=\"994\">A:<\/strong> S\u00ed, la carrocer\u00eda ABS es resistente a la intemperie para condiciones exteriores.<br data-start=\"1051\" data-end=\"1054\" \/><strong data-start=\"1054\" data-end=\"1061\">Pregunta 3:<\/strong> \u00bfSe puede personalizar el tama\u00f1o?<br data-start=\"1089\" data-end=\"1092\" \/><strong data-start=\"1092\" data-end=\"1098\">A:<\/strong> S\u00ed, hay tama\u00f1os personalizados disponibles para pedidos al por mayor.<\/p>\n<h2 data-start=\"1148\" data-end=\"1173\">Tabla (Especificaciones)<\/h2>\n<div class=\"_tableContainer_1rjym_1\">\n<div class=\"group _tableWrapper_1rjym_13 flex w-fit flex-col-reverse\" tabindex=\"-1\">\n<table class=\"w-fit min-w-(--thread-content-width)\" data-start=\"1175\" data-end=\"2516\">\n<thead data-start=\"1175\" data-end=\"1264\">\n<tr data-start=\"1175\" data-end=\"1264\">\n<th data-start=\"1175\" data-end=\"1197\" data-col-size=\"sm\">Categor\u00eda<\/th>\n<th data-start=\"1197\" data-end=\"1222\" data-col-size=\"sm\">Par\u00e1metro<\/th>\n<th data-start=\"1222\" data-end=\"1264\" data-col-size=\"md\">Valor<\/th>\n<\/tr>\n<\/thead>\n<tbody data-start=\"1354\" data-end=\"2516\">\n<tr data-start=\"1354\" data-end=\"1442\">\n<td data-start=\"1354\" data-end=\"1375\" data-col-size=\"sm\">Producto<\/td>\n<td data-start=\"1375\" data-end=\"1400\" data-col-size=\"sm\">Nombre<\/td>\n<td data-col-size=\"md\" data-start=\"1400\" data-end=\"1442\">Etiqueta RFID antimetal ABS<\/td>\n<\/tr>\n<tr data-start=\"1443\" data-end=\"1531\">\n<td data-start=\"1443\" data-end=\"1464\" data-col-size=\"sm\">Modelo<\/td>\n<td data-col-size=\"sm\" data-start=\"1464\" data-end=\"1489\">N\u00famero<\/td>\n<td data-col-size=\"md\" data-start=\"1489\" data-end=\"1531\">Etiqueta antimetal ABS<\/td>\n<\/tr>\n<tr data-start=\"1532\" data-end=\"1620\">\n<td data-start=\"1532\" data-end=\"1553\" data-col-size=\"sm\">RF<\/td>\n<td data-col-size=\"sm\" data-start=\"1553\" data-end=\"1578\">Frecuencia<\/td>\n<td data-col-size=\"md\" data-start=\"1578\" data-end=\"1620\">860\u2013960 MHz<\/td>\n<\/tr>\n<tr data-start=\"1621\" data-end=\"1709\">\n<td data-start=\"1621\" data-end=\"1642\" data-col-size=\"sm\"><\/td>\n<td data-col-size=\"sm\" data-start=\"1642\" data-end=\"1667\">Protocolo<\/td>\n<td data-col-size=\"md\" data-start=\"1667\" data-end=\"1709\">ISO 18000-6C \/ EPC Clase 1 Gen 2v2<\/td>\n<\/tr>\n<tr data-start=\"1710\" data-end=\"1798\">\n<td data-start=\"1710\" data-end=\"1731\" data-col-size=\"sm\">Operaci\u00f3n<\/td>\n<td data-col-size=\"sm\" data-start=\"1731\" data-end=\"1756\">Modo<\/td>\n<td data-col-size=\"md\" data-start=\"1756\" data-end=\"1798\">Pasivo<\/td>\n<\/tr>\n<tr data-start=\"1799\" data-end=\"1887\">\n<td data-start=\"1799\" data-end=\"1820\" data-col-size=\"sm\">Mec\u00e1nica<\/td>\n<td data-col-size=\"sm\" data-start=\"1820\" data-end=\"1845\">Material de la carcasa<\/td>\n<td data-col-size=\"md\" data-start=\"1845\" data-end=\"1887\">abdominales<\/td>\n<\/tr>\n<tr data-start=\"1888\" data-end=\"1976\">\n<td data-start=\"1888\" data-end=\"1909\" data-col-size=\"sm\">Dimensiones<\/td>\n<td data-start=\"1909\" data-end=\"1934\" data-col-size=\"sm\">Tama\u00f1o<\/td>\n<td data-col-size=\"md\" data-start=\"1934\" data-end=\"1976\">135 \u00d7 22 \u00d7 12 mm<\/td>\n<\/tr>\n<tr data-start=\"1977\" data-end=\"2065\">\n<td data-start=\"1977\" data-end=\"1998\" data-col-size=\"sm\">Memoria<\/td>\n<td data-col-size=\"sm\" data-start=\"1998\" data-end=\"2023\">TID \/ EPC \/ Usuario<\/td>\n<td data-col-size=\"md\" data-start=\"2023\" data-end=\"2065\">64 bits \/ 96 bits \/ 512 bits<\/td>\n<\/tr>\n<tr data-start=\"2066\" data-end=\"2154\">\n<td data-start=\"2066\" data-end=\"2087\" data-col-size=\"sm\">Interfaz<\/td>\n<td data-start=\"2087\" data-end=\"2112\" data-col-size=\"sm\">Comunicaci\u00f3n<\/td>\n<td data-col-size=\"md\" data-start=\"2112\" data-end=\"2154\">RFID<\/td>\n<\/tr>\n<tr data-start=\"2155\" data-end=\"2243\">\n<td data-start=\"2155\" data-end=\"2176\" data-col-size=\"sm\">Ambiente<\/td>\n<td data-col-size=\"sm\" data-start=\"2176\" data-end=\"2201\">Temperatura de aplicaci\u00f3n<\/td>\n<td data-col-size=\"md\" data-start=\"2201\" data-end=\"2243\">\u221240 \u2103 a +150 \u2103<\/td>\n<\/tr>\n<tr data-start=\"2244\" data-end=\"2332\">\n<td data-start=\"2244\" data-end=\"2265\" data-col-size=\"sm\">Protecci\u00f3n<\/td>\n<td data-col-size=\"sm\" data-start=\"2265\" data-end=\"2290\">Caracter\u00edsticas especiales<\/td>\n<td data-col-size=\"md\" data-start=\"2290\" data-end=\"2332\">Resistente al agua \/ a la intemperie<\/td>\n<\/tr>\n<tr data-start=\"2333\" data-end=\"2421\">\n<td data-start=\"2333\" data-end=\"2354\" data-col-size=\"sm\">Personalizaci\u00f3n<\/td>\n<td data-col-size=\"sm\" data-start=\"2354\" data-end=\"2379\">Opciones<\/td>\n<td data-col-size=\"md\" data-start=\"2379\" data-end=\"2421\">Personalizaci\u00f3n de tama\u00f1o para pedidos al por mayor<\/td>\n<\/tr>\n<tr data-start=\"2422\" data-end=\"2516\">\n<td data-start=\"2422\" data-end=\"2443\" data-col-size=\"sm\">Casos de uso<\/td>\n<td data-col-size=\"sm\" data-start=\"2443\" data-end=\"2468\">Aplicaciones t\u00edpicas<\/td>\n<td data-col-size=\"md\" data-start=\"2468\" data-end=\"2516\">Activos met\u00e1licos, herramientas, equipos inform\u00e1ticos, maquinaria<\/td>\n<\/tr>\n<\/tbody>\n<\/table>\n<\/div>\n<\/div>","protected":false},"excerpt":{"rendered":"<p>Etiqueta RFID antimetal UHF ABS para activos met\u00e1licos: EPC Gen2v2, pasiva, carcasa ABS resistente a la intemperie, de \u221240 \u2103 a +150 \u2103, est\u00e1ndar 135 \u00d7 22 \u00d7 12 mm con opciones personalizables.<\/p>","protected":false},"featured_media":879,"template":"","meta":{"_gspb_post_css":""},"product_brand":[],"product_cat":[24,26],"product_tag":[],"class_list":{"0":"post-881","1":"product","2":"type-product","3":"status-publish","4":"has-post-thumbnail","6":"product_cat-rfid-tags","7":"product_cat-anti-metal-abs-uhf-rfid-tags","9":"first","10":"instock","11":"shipping-taxable","12":"purchasable","13":"product-type-simple"},"_links":{"self":[{"href":"https:\/\/www.cxjsmartcard.com\/es\/wp-json\/wp\/v2\/product\/881","targetHints":{"allow":["GET"]}}],"collection":[{"href":"https:\/\/www.cxjsmartcard.com\/es\/wp-json\/wp\/v2\/product"}],"about":[{"href":"https:\/\/www.cxjsmartcard.com\/es\/wp-json\/wp\/v2\/types\/product"}],"wp:featuredmedia":[{"embeddable":true,"href":"https:\/\/www.cxjsmartcard.com\/es\/wp-json\/wp\/v2\/media\/879"}],"wp:attachment":[{"href":"https:\/\/www.cxjsmartcard.com\/es\/wp-json\/wp\/v2\/media?parent=881"}],"wp:term":[{"taxonomy":"product_brand","embeddable":true,"href":"https:\/\/www.cxjsmartcard.com\/es\/wp-json\/wp\/v2\/product_brand?post=881"},{"taxonomy":"product_cat","embeddable":true,"href":"https:\/\/www.cxjsmartcard.com\/es\/wp-json\/wp\/v2\/product_cat?post=881"},{"taxonomy":"product_tag","embeddable":true,"href":"https:\/\/www.cxjsmartcard.com\/es\/wp-json\/wp\/v2\/product_tag?post=881"}],"curies":[{"name":"wp","href":"https:\/\/api.w.org\/{rel}","templated":true}]}}