{"id":873,"date":"2025-11-03T08:55:50","date_gmt":"2025-11-03T08:55:50","guid":{"rendered":"https:\/\/www.cxjsmartcard.com\/?post_type=product&#038;p=873"},"modified":"2025-12-29T01:27:08","modified_gmt":"2025-12-29T01:27:08","slug":"rewritable-long-range-abs-uhf-rfid-anti-metal-tag","status":"publish","type":"product","link":"https:\/\/www.cxjsmartcard.com\/es\/rewritable-long-range-abs-uhf-rfid-anti-metal-tag\/","title":{"rendered":"Etiqueta antimetal UHF ABS regrabable de largo alcance"},"content":{"rendered":"<p data-start=\"61\" data-end=\"323\">Etiqueta antimetal UHF ABS robusta, optimizada para su instalaci\u00f3n en activos met\u00e1licos. Dise\u00f1ada para lecturas de largo alcance y entornos hostiles, ofrece un rendimiento estable en superficies conductoras para control de acceso, log\u00edstica, inventario y seguimiento de activos industriales.<\/p>\n<p data-start=\"325\" data-end=\"343\"><strong data-start=\"325\" data-end=\"341\">Beneficios clave<\/strong><\/p>\n<ul data-start=\"344\" data-end=\"715\">\n<li data-start=\"344\" data-end=\"413\">\n<p data-start=\"346\" data-end=\"413\"><strong data-start=\"346\" data-end=\"361\">Largo alcance:<\/strong> 6\u201312 m (dependiendo del lector\/antena y del entorno)<\/p>\n<\/li>\n<li data-start=\"414\" data-end=\"487\">\n<p data-start=\"416\" data-end=\"487\"><strong data-start=\"416\" data-end=\"441\">Rendimiento sobre metal:<\/strong> Estructura interna adaptada a superficies met\u00e1licas.<\/p>\n<\/li>\n<li data-start=\"488\" data-end=\"557\">\n<p data-start=\"490\" data-end=\"557\"><strong data-start=\"490\" data-end=\"512\">Memoria regrabable:<\/strong> Actualizar datos durante todo el ciclo de vida del activo<\/p>\n<\/li>\n<li data-start=\"558\" data-end=\"651\">\n<p data-start=\"560\" data-end=\"651\"><strong data-start=\"560\" data-end=\"577\">A prueba de la intemperie:<\/strong> Carcasa de ABS resistente al agua y a la intemperie en un formato compacto de &quot;minietiqueta&quot;<\/p>\n<\/li>\n<li data-start=\"652\" data-end=\"715\">\n<p data-start=\"654\" data-end=\"715\"><strong data-start=\"654\" data-end=\"674\">Listo para los est\u00e1ndares:<\/strong> EPC C1G2 \/ ISO\/IEC 18000-6C, 860\u2013960 MHz<\/p>\n<\/li>\n<\/ul>\n<p data-start=\"717\" data-end=\"865\"><strong data-start=\"717\" data-end=\"733\">Aplicaciones<\/strong><br data-start=\"733\" data-end=\"736\" \/>Control de acceso y portones \u2022 Seguimiento de herramientas y equipos met\u00e1licos \u2022 Operaciones de hoteles e instalaciones \u2022 Log\u00edstica e inventario de almac\u00e9n.<\/p>\n<p data-start=\"867\" data-end=\"1105\"><strong data-start=\"867\" data-end=\"875\">Preguntas frecuentes<\/strong><br data-start=\"875\" data-end=\"878\" \/><strong data-start=\"878\" data-end=\"924\">P1: \u00bfPuede rastrear herramientas y accesorios de metal?<\/strong> S\u00ed, dise\u00f1ado para uso sobre metal.<br data-start=\"957\" data-end=\"960\" \/><strong data-start=\"960\" data-end=\"985\">Q2: \u00bfEs reescribible?<\/strong> S\u00ed, admite actualizaciones de datos a lo largo del tiempo.<br data-start=\"1022\" data-end=\"1025\" \/><strong data-start=\"1025\" data-end=\"1055\">Q3: \u00bfHay muestras disponibles?<\/strong> S\u00ed, hay paquetes de muestra disponibles para pruebas piloto.<\/p>\n<h2 data-start=\"1107\" data-end=\"1132\">Tabla (Especificaciones)<\/h2>\n<div class=\"_tableContainer_1rjym_1\">\n<div class=\"group _tableWrapper_1rjym_13 flex w-fit flex-col-reverse\" tabindex=\"-1\">\n<table class=\"w-fit min-w-(--thread-content-width)\" data-start=\"1134\" data-end=\"2492\">\n<thead data-start=\"1134\" data-end=\"1231\">\n<tr data-start=\"1134\" data-end=\"1231\">\n<th data-start=\"1134\" data-end=\"1156\" data-col-size=\"sm\">Categor\u00eda<\/th>\n<th data-start=\"1156\" data-end=\"1181\" data-col-size=\"sm\">Par\u00e1metro<\/th>\n<th data-start=\"1181\" data-end=\"1231\" data-col-size=\"md\">Valor<\/th>\n<\/tr>\n<\/thead>\n<tbody data-start=\"1329\" data-end=\"2492\">\n<tr data-start=\"1329\" data-end=\"1425\">\n<td data-start=\"1329\" data-end=\"1350\" data-col-size=\"sm\">Producto<\/td>\n<td data-col-size=\"sm\" data-start=\"1350\" data-end=\"1375\">Nombre<\/td>\n<td data-col-size=\"md\" data-start=\"1375\" data-end=\"1425\">Etiqueta anti-metal UHF regrabable (mini)<\/td>\n<\/tr>\n<tr data-start=\"1426\" data-end=\"1522\">\n<td data-start=\"1426\" data-end=\"1447\" data-col-size=\"sm\">Opciones de CI<\/td>\n<td data-col-size=\"sm\" data-start=\"1447\" data-end=\"1472\">Chip<\/td>\n<td data-col-size=\"md\" data-start=\"1472\" data-end=\"1522\">Higgs 9; opciones personalizadas (familias Impinj\/Monza)<\/td>\n<\/tr>\n<tr data-start=\"1523\" data-end=\"1619\">\n<td data-start=\"1523\" data-end=\"1544\" data-col-size=\"sm\">RF<\/td>\n<td data-start=\"1544\" data-end=\"1569\" data-col-size=\"sm\">Frecuencia<\/td>\n<td data-col-size=\"md\" data-start=\"1569\" data-end=\"1619\">860\u2013960 MHz<\/td>\n<\/tr>\n<tr data-start=\"1620\" data-end=\"1716\">\n<td data-start=\"1620\" data-end=\"1641\" data-col-size=\"sm\"><\/td>\n<td data-col-size=\"sm\" data-start=\"1641\" data-end=\"1666\">Protocolo<\/td>\n<td data-col-size=\"md\" data-start=\"1666\" data-end=\"1716\">ISO\/IEC 18000-6C; EPC Clase 1 Gen 2<\/td>\n<\/tr>\n<tr data-start=\"1717\" data-end=\"1813\">\n<td data-start=\"1717\" data-end=\"1738\" data-col-size=\"sm\">Actuaci\u00f3n<\/td>\n<td data-col-size=\"sm\" data-start=\"1738\" data-end=\"1763\">Distancia de lectura<\/td>\n<td data-col-size=\"md\" data-start=\"1763\" data-end=\"1813\">6\u201312 m (dependiendo del lector\/antena\/entorno)<\/td>\n<\/tr>\n<tr data-start=\"1814\" data-end=\"1910\">\n<td data-start=\"1814\" data-end=\"1835\" data-col-size=\"sm\">Mec\u00e1nica<\/td>\n<td data-col-size=\"sm\" data-start=\"1835\" data-end=\"1860\">Material de la carcasa<\/td>\n<td data-col-size=\"md\" data-start=\"1860\" data-end=\"1910\">ABS de grado industrial<\/td>\n<\/tr>\n<tr data-start=\"1911\" data-end=\"2007\">\n<td data-start=\"1911\" data-end=\"1932\" data-col-size=\"sm\">Protecci\u00f3n<\/td>\n<td data-col-size=\"sm\" data-start=\"1932\" data-end=\"1957\">Ambiental<\/td>\n<td data-col-size=\"md\" data-start=\"1957\" data-end=\"2007\">Resistente al agua \/ a la intemperie<\/td>\n<\/tr>\n<tr data-start=\"2008\" data-end=\"2104\">\n<td data-start=\"2008\" data-end=\"2029\" data-col-size=\"sm\">Interfaz<\/td>\n<td data-col-size=\"sm\" data-start=\"2029\" data-end=\"2054\">Comunicaci\u00f3n<\/td>\n<td data-col-size=\"md\" data-start=\"2054\" data-end=\"2104\">RFID UHF pasivo<\/td>\n<\/tr>\n<tr data-start=\"2105\" data-end=\"2201\">\n<td data-start=\"2105\" data-end=\"2126\" data-col-size=\"sm\">Factor de forma<\/td>\n<td data-start=\"2126\" data-end=\"2151\" data-col-size=\"sm\">Tipo<\/td>\n<td data-start=\"2151\" data-end=\"2201\" data-col-size=\"md\">Mini etiqueta sobre metal<\/td>\n<\/tr>\n<tr data-start=\"2202\" data-end=\"2298\">\n<td data-start=\"2202\" data-end=\"2223\" data-col-size=\"sm\">Embalaje<\/td>\n<td data-col-size=\"sm\" data-start=\"2223\" data-end=\"2248\">Suministrar<\/td>\n<td data-col-size=\"md\" data-start=\"2248\" data-end=\"2298\">Cajas de embalaje<\/td>\n<\/tr>\n<tr data-start=\"2299\" data-end=\"2395\">\n<td data-start=\"2299\" data-end=\"2320\" data-col-size=\"sm\">Origen<\/td>\n<td data-col-size=\"sm\" data-start=\"2320\" data-end=\"2345\">Lugar de origen<\/td>\n<td data-col-size=\"md\" data-start=\"2345\" data-end=\"2395\">Guangdong, China<\/td>\n<\/tr>\n<tr data-start=\"2396\" data-end=\"2492\">\n<td data-start=\"2396\" data-end=\"2417\" data-col-size=\"sm\">Aplicaciones<\/td>\n<td data-col-size=\"sm\" data-start=\"2417\" data-end=\"2442\">Casos de uso t\u00edpicos<\/td>\n<td data-col-size=\"md\" data-start=\"2442\" data-end=\"2492\">Control de acceso, hotel, log\u00edstica, inventario.<\/td>\n<\/tr>\n<\/tbody>\n<\/table>\n<\/div>\n<\/div>","protected":false},"excerpt":{"rendered":"<p>Etiqueta antimetal UHF ABS regrabable de largo alcance (6\u201312 m) para activos met\u00e1licos: EPC Gen2\/ISO 18000-6C, carcasa resistente al agua y a la intemperie y formato compacto para seguimiento industrial.<\/p>","protected":false},"featured_media":876,"template":"","meta":{"_gspb_post_css":""},"product_brand":[],"product_cat":[24,26],"product_tag":[],"class_list":{"0":"post-873","1":"product","2":"type-product","3":"status-publish","4":"has-post-thumbnail","6":"product_cat-rfid-tags","7":"product_cat-anti-metal-abs-uhf-rfid-tags","9":"first","10":"instock","11":"shipping-taxable","12":"purchasable","13":"product-type-simple"},"_links":{"self":[{"href":"https:\/\/www.cxjsmartcard.com\/es\/wp-json\/wp\/v2\/product\/873","targetHints":{"allow":["GET"]}}],"collection":[{"href":"https:\/\/www.cxjsmartcard.com\/es\/wp-json\/wp\/v2\/product"}],"about":[{"href":"https:\/\/www.cxjsmartcard.com\/es\/wp-json\/wp\/v2\/types\/product"}],"wp:featuredmedia":[{"embeddable":true,"href":"https:\/\/www.cxjsmartcard.com\/es\/wp-json\/wp\/v2\/media\/876"}],"wp:attachment":[{"href":"https:\/\/www.cxjsmartcard.com\/es\/wp-json\/wp\/v2\/media?parent=873"}],"wp:term":[{"taxonomy":"product_brand","embeddable":true,"href":"https:\/\/www.cxjsmartcard.com\/es\/wp-json\/wp\/v2\/product_brand?post=873"},{"taxonomy":"product_cat","embeddable":true,"href":"https:\/\/www.cxjsmartcard.com\/es\/wp-json\/wp\/v2\/product_cat?post=873"},{"taxonomy":"product_tag","embeddable":true,"href":"https:\/\/www.cxjsmartcard.com\/es\/wp-json\/wp\/v2\/product_tag?post=873"}],"curies":[{"name":"wp","href":"https:\/\/api.w.org\/{rel}","templated":true}]}}