{"id":868,"date":"2025-11-03T08:53:46","date_gmt":"2025-11-03T08:53:46","guid":{"rendered":"https:\/\/www.cxjsmartcard.com\/?post_type=product&#038;p=868"},"modified":"2025-12-29T01:27:08","modified_gmt":"2025-12-29T01:27:08","slug":"860-960mhz-uhf-anti-metal-abs-rfid-tag","status":"publish","type":"product","link":"https:\/\/www.cxjsmartcard.com\/es\/860-960mhz-uhf-anti-metal-abs-rfid-tag\/","title":{"rendered":"Etiqueta RFID ABS antimetal UHF de 860\u2013960 MHz"},"content":{"rendered":"<p data-start=\"50\" data-end=\"354\">Etiqueta UHF antimetal robusta, dise\u00f1ada para activos, pal\u00e9s y equipos met\u00e1licos. La carcasa de ABS con amortiguaci\u00f3n interna mantiene la lectura en metal, a la vez que resiste al agua, impactos y productos qu\u00edmicos. La distancia de lectura t\u00edpica es de hasta 8 m en sistemas UHF sintonizados (dependiendo del entorno y del lector).<\/p>\n<p data-start=\"356\" data-end=\"374\"><strong data-start=\"356\" data-end=\"372\">Caracter\u00edsticas principales<\/strong><\/p>\n<ul data-start=\"375\" data-end=\"713\">\n<li data-start=\"375\" data-end=\"427\">\n<p data-start=\"377\" data-end=\"427\">860\u2013960 MHz, EPC Clase 1 Gen2 (ISO\/IEC 18000-6C)<\/p>\n<\/li>\n<li data-start=\"428\" data-end=\"495\">\n<p data-start=\"430\" data-end=\"495\">ABS + estructura interna de esponja; resistente al agua y a la intemperie (IP65)<\/p>\n<\/li>\n<li data-start=\"496\" data-end=\"539\">\n<p data-start=\"498\" data-end=\"539\">Alcance de lectura de hasta 8 m; lectura de m\u00faltiples etiquetas<\/p>\n<\/li>\n<li data-start=\"540\" data-end=\"590\">\n<p data-start=\"542\" data-end=\"590\">Opciones de chip: Alien H3; Impinj M4D\/M4E\/M4QT\/M5<\/p>\n<\/li>\n<li data-start=\"591\" data-end=\"642\">\n<p data-start=\"593\" data-end=\"642\">\u2265100.000 ciclos de escritura; &gt;10 a\u00f1os de retenci\u00f3n de datos<\/p>\n<\/li>\n<li data-start=\"643\" data-end=\"713\">\n<p data-start=\"645\" data-end=\"713\">Montaje con tornillos o adhesivo industrial; admite impresi\u00f3n\/codificaci\u00f3n<\/p>\n<\/li>\n<\/ul>\n<p data-start=\"715\" data-end=\"859\"><strong data-start=\"715\" data-end=\"731\">Aplicaciones<\/strong><br data-start=\"731\" data-end=\"734\" \/>Seguimiento de almacenes y pallets \u2022 Gesti\u00f3n de activos industriales \u2022 Etiquetado de estanter\u00edas y equipos \u2022 Seguimiento de activos met\u00e1licos en exteriores.<\/p>\n<h2 data-start=\"861\" data-end=\"886\">Tabla (Especificaciones)<\/h2>\n<div class=\"_tableContainer_1rjym_1\">\n<div class=\"group _tableWrapper_1rjym_13 flex w-fit flex-col-reverse\" tabindex=\"-1\">\n<table class=\"w-fit min-w-(--thread-content-width)\" data-start=\"888\" data-end=\"3241\">\n<thead data-start=\"888\" data-end=\"999\">\n<tr data-start=\"888\" data-end=\"999\">\n<th data-start=\"888\" data-end=\"910\" data-col-size=\"sm\">Categor\u00eda<\/th>\n<th data-start=\"910\" data-end=\"934\" data-col-size=\"sm\">Par\u00e1metro<\/th>\n<th data-start=\"934\" data-end=\"999\" data-col-size=\"md\">Valor<\/th>\n<\/tr>\n<\/thead>\n<tbody data-start=\"1112\" data-end=\"3241\">\n<tr data-start=\"1112\" data-end=\"1223\">\n<td data-start=\"1112\" data-end=\"1134\" data-col-size=\"sm\">Producto<\/td>\n<td data-col-size=\"sm\" data-start=\"1134\" data-end=\"1158\">Nombre<\/td>\n<td data-col-size=\"md\" data-start=\"1158\" data-end=\"1223\">Etiqueta RFID antimetal ABS UHF<\/td>\n<\/tr>\n<tr data-start=\"1224\" data-end=\"1335\">\n<td data-start=\"1224\" data-end=\"1246\" data-col-size=\"sm\">RF<\/td>\n<td data-col-size=\"sm\" data-start=\"1246\" data-end=\"1270\">Frecuencia<\/td>\n<td data-col-size=\"md\" data-start=\"1270\" data-end=\"1335\">860\u2013960 MHz (UHF); variante opcional de 13,56 MHz<\/td>\n<\/tr>\n<tr data-start=\"1336\" data-end=\"1447\">\n<td data-start=\"1336\" data-end=\"1358\" data-col-size=\"sm\"><\/td>\n<td data-col-size=\"sm\" data-start=\"1358\" data-end=\"1382\">Protocolo<\/td>\n<td data-col-size=\"md\" data-start=\"1382\" data-end=\"1447\">EPC Clase 1 Gen2 \/ ISO\/IEC 18000-6C<\/td>\n<\/tr>\n<tr data-start=\"1448\" data-end=\"1559\">\n<td data-start=\"1448\" data-end=\"1470\" data-col-size=\"sm\">Opciones de CI<\/td>\n<td data-col-size=\"sm\" data-start=\"1470\" data-end=\"1494\">Papas fritas<\/td>\n<td data-col-size=\"md\" data-start=\"1494\" data-end=\"1559\">Extranjero H3; Impinj M4D\/M4E\/M4QT\/M5<\/td>\n<\/tr>\n<tr data-start=\"1560\" data-end=\"1671\">\n<td data-start=\"1560\" data-end=\"1582\" data-col-size=\"sm\">Antena<\/td>\n<td data-col-size=\"sm\" data-start=\"1582\" data-end=\"1606\">Tipo<\/td>\n<td data-col-size=\"md\" data-start=\"1606\" data-end=\"1671\">Grabado en aluminio<\/td>\n<\/tr>\n<tr data-start=\"1672\" data-end=\"1783\">\n<td data-start=\"1672\" data-end=\"1694\" data-col-size=\"sm\">Mec\u00e1nica<\/td>\n<td data-col-size=\"sm\" data-start=\"1694\" data-end=\"1718\">Material de la carcasa<\/td>\n<td data-col-size=\"md\" data-start=\"1718\" data-end=\"1783\">ABS + esponja de gelatina<\/td>\n<\/tr>\n<tr data-start=\"1784\" data-end=\"1895\">\n<td data-start=\"1784\" data-end=\"1806\" data-col-size=\"sm\">Dimensiones<\/td>\n<td data-col-size=\"sm\" data-start=\"1806\" data-end=\"1830\">Tama\u00f1o<\/td>\n<td data-col-size=\"md\" data-start=\"1830\" data-end=\"1895\">125 \u00d7 21,5 \u00d7 12,5 mm (personalizable)<\/td>\n<\/tr>\n<tr data-start=\"1896\" data-end=\"2007\">\n<td data-start=\"1896\" data-end=\"1918\" data-col-size=\"sm\">Actuaci\u00f3n<\/td>\n<td data-col-size=\"sm\" data-start=\"1918\" data-end=\"1942\">Distancia de lectura<\/td>\n<td data-col-size=\"md\" data-start=\"1942\" data-end=\"2007\">Hasta 8 m (dependiendo del lector y del entorno)<\/td>\n<\/tr>\n<tr data-start=\"2008\" data-end=\"2119\">\n<td data-start=\"2008\" data-end=\"2030\" data-col-size=\"sm\">Resistencia<\/td>\n<td data-col-size=\"sm\" data-start=\"2030\" data-end=\"2054\">Ciclos de escritura<\/td>\n<td data-col-size=\"md\" data-start=\"2054\" data-end=\"2119\">\u2265100.000<\/td>\n<\/tr>\n<tr data-start=\"2120\" data-end=\"2231\">\n<td data-start=\"2120\" data-end=\"2142\" data-col-size=\"sm\">Datos<\/td>\n<td data-col-size=\"sm\" data-start=\"2142\" data-end=\"2166\">Retenci\u00f3n<\/td>\n<td data-col-size=\"md\" data-start=\"2166\" data-end=\"2231\">&gt;10 a\u00f1os<\/td>\n<\/tr>\n<tr data-start=\"2232\" data-end=\"2343\">\n<td data-start=\"2232\" data-end=\"2254\" data-col-size=\"sm\">Ambiente<\/td>\n<td data-start=\"2254\" data-end=\"2278\" data-col-size=\"sm\">Temperatura de funcionamiento<\/td>\n<td data-col-size=\"md\" data-start=\"2278\" data-end=\"2343\">\u221225 \u2103 a +55 \u2103<\/td>\n<\/tr>\n<tr data-start=\"2344\" data-end=\"2455\">\n<td data-start=\"2344\" data-end=\"2366\" data-col-size=\"sm\"><\/td>\n<td data-col-size=\"sm\" data-start=\"2366\" data-end=\"2390\">Temperatura de almacenamiento<\/td>\n<td data-col-size=\"md\" data-start=\"2390\" data-end=\"2455\">\u221235 \u2103 a +75 \u2103<\/td>\n<\/tr>\n<tr data-start=\"2456\" data-end=\"2567\">\n<td data-start=\"2456\" data-end=\"2478\" data-col-size=\"sm\">Protecci\u00f3n<\/td>\n<td data-col-size=\"sm\" data-start=\"2478\" data-end=\"2502\">Clasificaci\u00f3n de ingreso<\/td>\n<td data-col-size=\"md\" data-start=\"2502\" data-end=\"2567\">IP65 (impermeable\/resistente a la intemperie)<\/td>\n<\/tr>\n<tr data-start=\"2568\" data-end=\"2680\">\n<td data-start=\"2568\" data-end=\"2590\" data-col-size=\"sm\">Montaje<\/td>\n<td data-col-size=\"sm\" data-start=\"2590\" data-end=\"2614\">M\u00e9todos<\/td>\n<td data-col-size=\"md\" data-start=\"2614\" data-end=\"2680\">Tornillos o adhesivo industrial<\/td>\n<\/tr>\n<tr data-start=\"2681\" data-end=\"2793\">\n<td data-start=\"2681\" data-end=\"2703\" data-col-size=\"sm\">Personalizaci\u00f3n<\/td>\n<td data-col-size=\"sm\" data-start=\"2703\" data-end=\"2727\">Opciones de artesan\u00eda<\/td>\n<td data-col-size=\"md\" data-start=\"2727\" data-end=\"2793\">Impresi\u00f3n serigr\u00e1fica\/inyecci\u00f3n de tinta; codificaci\u00f3n<\/td>\n<\/tr>\n<tr data-start=\"2794\" data-end=\"2905\">\n<td data-start=\"2794\" data-end=\"2816\" data-col-size=\"sm\">Embalaje<\/td>\n<td data-start=\"2816\" data-end=\"2840\" data-col-size=\"sm\">Cantidad por paquete<\/td>\n<td data-col-size=\"md\" data-start=\"2840\" data-end=\"2905\">10 piezas\/bolsa; 500 piezas\/caja<\/td>\n<\/tr>\n<tr data-start=\"2906\" data-end=\"3017\">\n<td data-start=\"2906\" data-end=\"2928\" data-col-size=\"sm\">Cantidad m\u00ednima de pedido<\/td>\n<td data-start=\"2928\" data-end=\"2952\" data-col-size=\"sm\">Pedido m\u00ednimo<\/td>\n<td data-col-size=\"md\" data-start=\"2952\" data-end=\"3017\">100 piezas<\/td>\n<\/tr>\n<tr data-start=\"3018\" data-end=\"3129\">\n<td data-start=\"3018\" data-end=\"3040\" data-col-size=\"sm\">Origen<\/td>\n<td data-col-size=\"sm\" data-start=\"3040\" data-end=\"3064\">Lugar de origen<\/td>\n<td data-col-size=\"md\" data-start=\"3064\" data-end=\"3129\">Guangdong, China<\/td>\n<\/tr>\n<tr data-start=\"3130\" data-end=\"3241\">\n<td data-start=\"3130\" data-end=\"3152\" data-col-size=\"sm\">Casos de uso<\/td>\n<td data-col-size=\"sm\" data-start=\"3152\" data-end=\"3176\">Aplicaciones<\/td>\n<td data-col-size=\"md\" data-start=\"3176\" data-end=\"3241\">Almac\u00e9n, palets, estanter\u00edas, equipos, activos met\u00e1licos para exteriores<\/td>\n<\/tr>\n<\/tbody>\n<\/table>\n<\/div>\n<\/div>","protected":false},"excerpt":{"rendered":"<p>Etiqueta antimetal UHF ABS resistente: IP65, lecturas de hasta 8 m, EPC Gen2 y montaje con tornillo\/adhesivo para pallets, equipos y activos met\u00e1licos en exteriores.<\/p>","protected":false},"featured_media":869,"template":"","meta":{"_gspb_post_css":""},"product_brand":[],"product_cat":[24,26],"product_tag":[],"class_list":{"0":"post-868","1":"product","2":"type-product","3":"status-publish","4":"has-post-thumbnail","6":"product_cat-rfid-tags","7":"product_cat-anti-metal-abs-uhf-rfid-tags","9":"first","10":"instock","11":"shipping-taxable","12":"purchasable","13":"product-type-simple"},"_links":{"self":[{"href":"https:\/\/www.cxjsmartcard.com\/es\/wp-json\/wp\/v2\/product\/868","targetHints":{"allow":["GET"]}}],"collection":[{"href":"https:\/\/www.cxjsmartcard.com\/es\/wp-json\/wp\/v2\/product"}],"about":[{"href":"https:\/\/www.cxjsmartcard.com\/es\/wp-json\/wp\/v2\/types\/product"}],"wp:featuredmedia":[{"embeddable":true,"href":"https:\/\/www.cxjsmartcard.com\/es\/wp-json\/wp\/v2\/media\/869"}],"wp:attachment":[{"href":"https:\/\/www.cxjsmartcard.com\/es\/wp-json\/wp\/v2\/media?parent=868"}],"wp:term":[{"taxonomy":"product_brand","embeddable":true,"href":"https:\/\/www.cxjsmartcard.com\/es\/wp-json\/wp\/v2\/product_brand?post=868"},{"taxonomy":"product_cat","embeddable":true,"href":"https:\/\/www.cxjsmartcard.com\/es\/wp-json\/wp\/v2\/product_cat?post=868"},{"taxonomy":"product_tag","embeddable":true,"href":"https:\/\/www.cxjsmartcard.com\/es\/wp-json\/wp\/v2\/product_tag?post=868"}],"curies":[{"name":"wp","href":"https:\/\/api.w.org\/{rel}","templated":true}]}}