{"id":866,"date":"2025-11-03T08:37:44","date_gmt":"2025-11-03T08:37:44","guid":{"rendered":"https:\/\/www.cxjsmartcard.com\/?post_type=product&#038;p=866"},"modified":"2025-12-29T01:27:08","modified_gmt":"2025-12-29T01:27:08","slug":"pet-chip-134khz-rfid-em4305-animal-tracking-microchip-with-applicator","status":"publish","type":"product","link":"https:\/\/www.cxjsmartcard.com\/es\/pet-chip-134khz-rfid-em4305-animal-tracking-microchip-with-applicator\/","title":{"rendered":"Chip RFID EM4305 de 134 kHz para mascotas, microchip de seguimiento animal con aplicador"},"content":{"rendered":"<p data-start=\"81\" data-end=\"413\">Microchip LF para identificaci\u00f3n y recuperaci\u00f3n permanente de animales. La etiqueta tiene el tama\u00f1o aproximado de un grano de arroz y se inyecta subcut\u00e1neamente con el aplicador incluido. Una vez registrado, el identificador \u00fanico de 15 d\u00edgitos del chip vincula a su mascota con sus datos de contacto para una r\u00e1pida reunificaci\u00f3n con veterinarios, refugios y centros de control animal.<\/p>\n<p data-start=\"415\" data-end=\"620\"><strong data-start=\"415\" data-end=\"439\">\u00bfQu\u00e9 es un microchip?<\/strong><br data-start=\"439\" data-end=\"442\" \/>Un procedimiento r\u00e1pido y seguro realizado por un veterinario o implantador capacitado. El peque\u00f1o transpondedor pasivo no requiere bater\u00eda y est\u00e1 dise\u00f1ado para durar toda la vida del animal.<\/p>\n<p data-start=\"622\" data-end=\"939\"><strong data-start=\"622\" data-end=\"657\">C\u00f3mo ayuda a reunir a una mascota perdida<\/strong><br data-start=\"657\" data-end=\"660\" \/>Al encontrar una mascota, un usuario autorizado escanea el animal para leer el c\u00f3digo \u00fanico de 15 d\u00edgitos. Este c\u00f3digo se verifica con la base de datos de registro, que realiza una verificaci\u00f3n de seguridad antes de compartir la informaci\u00f3n de contacto del propietario con la persona autorizada, lo que facilita un reencuentro r\u00e1pido.<\/p>\n<p data-start=\"941\" data-end=\"958\"><strong data-start=\"941\" data-end=\"956\">Detalles clave<\/strong><\/p>\n<ul data-start=\"959\" data-end=\"1313\">\n<li data-start=\"959\" data-end=\"1004\">\n<p data-start=\"961\" data-end=\"1004\"><strong data-start=\"961\" data-end=\"975\">Frecuencia:<\/strong> Frecuencia baja 125\/134,2 kHz (FDX\/HDX)<\/p>\n<\/li>\n<li data-start=\"1005\" data-end=\"1032\">\n<p data-start=\"1007\" data-end=\"1032\"><strong data-start=\"1007\" data-end=\"1023\">Opci\u00f3n de chip:<\/strong> EM4305<\/p>\n<\/li>\n<li data-start=\"1033\" data-end=\"1121\">\n<p data-start=\"1035\" data-end=\"1121\"><strong data-start=\"1035\" data-end=\"1050\">Rango de lectura:<\/strong> LF 1\u201310 cm (depende del lector); HF 1\u20133 cm (cuando se utiliza con sistemas HF)<\/p>\n<\/li>\n<li data-start=\"1122\" data-end=\"1202\">\n<p data-start=\"1124\" data-end=\"1202\"><strong data-start=\"1124\" data-end=\"1138\">Normas:<\/strong> ISO 11784\/11785 (FDX\/HDX); ISO 15693 (se indica compatibilidad con HF)<\/p>\n<\/li>\n<li data-start=\"1203\" data-end=\"1313\">\n<p data-start=\"1205\" data-end=\"1313\"><strong data-start=\"1205\" data-end=\"1219\">Casos de uso:<\/strong> Gesti\u00f3n e identificaci\u00f3n de animales (perros, gatos, peces) y animales salvajes\/ex\u00f3ticos (por ejemplo, tigres, leones).<\/p>\n<\/li>\n<\/ul>\n<p data-start=\"1315\" data-end=\"1406\"><strong data-start=\"1315\" data-end=\"1335\">El paquete incluye<\/strong><br data-start=\"1335\" data-end=\"1338\" \/>Jeringa est\u00e9ril precargada con el microchip listo para implantaci\u00f3n.<\/p>\n<h2 data-start=\"1408\" data-end=\"1433\">Tabla (Especificaciones)<\/h2>\n<div class=\"_tableContainer_1rjym_1\">\n<div class=\"group _tableWrapper_1rjym_13 flex w-fit flex-col-reverse\" tabindex=\"-1\">\n<table class=\"w-fit min-w-(--thread-content-width)\" data-start=\"1435\" data-end=\"3047\">\n<thead data-start=\"1435\" data-end=\"1549\">\n<tr data-start=\"1435\" data-end=\"1549\">\n<th data-start=\"1435\" data-end=\"1453\" data-col-size=\"sm\">Categor\u00eda<\/th>\n<th data-start=\"1453\" data-end=\"1476\" data-col-size=\"sm\">Par\u00e1metro<\/th>\n<th data-start=\"1476\" data-end=\"1549\" data-col-size=\"md\">Valor<\/th>\n<\/tr>\n<\/thead>\n<tbody data-start=\"1665\" data-end=\"3047\">\n<tr data-start=\"1665\" data-end=\"1779\">\n<td data-start=\"1665\" data-end=\"1683\" data-col-size=\"sm\">Producto<\/td>\n<td data-col-size=\"sm\" data-start=\"1683\" data-end=\"1706\">Tipo<\/td>\n<td data-col-size=\"md\" data-start=\"1706\" data-end=\"1779\">Microchip RFID LF para animales con aplicador<\/td>\n<\/tr>\n<tr data-start=\"1780\" data-end=\"1894\">\n<td data-start=\"1780\" data-end=\"1798\" data-col-size=\"sm\">Frecuencia<\/td>\n<td data-col-size=\"sm\" data-start=\"1798\" data-end=\"1821\">LF<\/td>\n<td data-col-size=\"md\" data-start=\"1821\" data-end=\"1894\">125\/134,2 kHz (FDX\/HDX)<\/td>\n<\/tr>\n<tr data-start=\"1895\" data-end=\"2010\">\n<td data-start=\"1895\" data-end=\"1913\" data-col-size=\"sm\">Chip<\/td>\n<td data-col-size=\"sm\" data-start=\"1913\" data-end=\"1936\">CI<\/td>\n<td data-col-size=\"md\" data-start=\"1936\" data-end=\"2010\">EM4305<\/td>\n<\/tr>\n<tr data-start=\"2011\" data-end=\"2125\">\n<td data-start=\"2011\" data-end=\"2029\" data-col-size=\"sm\">Protocolos<\/td>\n<td data-col-size=\"sm\" data-start=\"2029\" data-end=\"2052\">Cumplimiento<\/td>\n<td data-col-size=\"md\" data-start=\"2052\" data-end=\"2125\">ISO 11784\/11785 (FDX\/HDX); ISO 15693 (flujos de trabajo HF)<\/td>\n<\/tr>\n<tr data-start=\"2126\" data-end=\"2240\">\n<td data-start=\"2126\" data-end=\"2144\" data-col-size=\"sm\">Tallas<\/td>\n<td data-col-size=\"sm\" data-start=\"2144\" data-end=\"2167\">Dimensiones de la c\u00e1psula<\/td>\n<td data-col-size=\"md\" data-start=\"2167\" data-end=\"2240\">1,25\u00d77 mm; 1,4\u00d78 mm; 2,12\u00d78 mm; 2,12\u00d712 mm; 3\u00d715 mm; 4\u00d732 mm; personalizado<\/td>\n<\/tr>\n<tr data-start=\"2241\" data-end=\"2355\">\n<td data-start=\"2241\" data-end=\"2259\" data-col-size=\"sm\">Actuaci\u00f3n<\/td>\n<td data-col-size=\"sm\" data-start=\"2259\" data-end=\"2282\">Distancia de lectura<\/td>\n<td data-col-size=\"md\" data-start=\"2282\" data-end=\"2355\">LF 1\u201310 cm; AF 1\u20133 cm<\/td>\n<\/tr>\n<tr data-start=\"2356\" data-end=\"2471\">\n<td data-start=\"2356\" data-end=\"2374\" data-col-size=\"sm\">Ambiente<\/td>\n<td data-start=\"2374\" data-end=\"2397\" data-col-size=\"sm\">Temperatura de trabajo<\/td>\n<td data-col-size=\"md\" data-start=\"2397\" data-end=\"2471\">20 \u2103 a 50 \u2103<\/td>\n<\/tr>\n<tr data-start=\"2472\" data-end=\"2587\">\n<td data-start=\"2472\" data-end=\"2490\" data-col-size=\"sm\"><\/td>\n<td data-start=\"2490\" data-end=\"2513\" data-col-size=\"sm\">Temperatura de almacenamiento<\/td>\n<td data-col-size=\"md\" data-start=\"2513\" data-end=\"2587\">\u221240 \u2103 a +70 \u2103<\/td>\n<\/tr>\n<tr data-start=\"2588\" data-end=\"2702\">\n<td data-start=\"2588\" data-end=\"2606\" data-col-size=\"sm\">Entrega<\/td>\n<td data-col-size=\"sm\" data-start=\"2606\" data-end=\"2629\">Formato<\/td>\n<td data-col-size=\"md\" data-start=\"2629\" data-end=\"2702\">Jeringa est\u00e9ril precargada (aplicador)<\/td>\n<\/tr>\n<tr data-start=\"2703\" data-end=\"2817\">\n<td data-start=\"2703\" data-end=\"2721\" data-col-size=\"sm\">Operaci\u00f3n<\/td>\n<td data-start=\"2721\" data-end=\"2744\" data-col-size=\"sm\">Fuerza<\/td>\n<td data-start=\"2744\" data-end=\"2817\" data-col-size=\"md\">Pasivo (sin bater\u00eda)<\/td>\n<\/tr>\n<tr data-start=\"2818\" data-end=\"2932\">\n<td data-start=\"2818\" data-end=\"2836\" data-col-size=\"sm\">Solicitud<\/td>\n<td data-start=\"2836\" data-end=\"2859\" data-col-size=\"sm\">Animales<\/td>\n<td data-start=\"2859\" data-end=\"2932\" data-col-size=\"md\">Perros, gatos, peces y otras especies<\/td>\n<\/tr>\n<tr data-start=\"2933\" data-end=\"3047\">\n<td data-start=\"2933\" data-end=\"2951\" data-col-size=\"sm\">Funci\u00f3n<\/td>\n<td data-start=\"2951\" data-end=\"2974\" data-col-size=\"sm\">Identificaci\u00f3n \u00fanica<\/td>\n<td data-col-size=\"md\" data-start=\"2974\" data-end=\"3047\">C\u00f3digo de 15 d\u00edgitos para registro y recuperaci\u00f3n<\/td>\n<\/tr>\n<\/tbody>\n<\/table>\n<\/div>\n<\/div>","protected":false},"excerpt":{"rendered":"<p>Microchip para mascotas EM4305 LF 125\/134,2 kHz con aplicador est\u00e9ril precargado, compatible con ISO 11784\/11785, rango de lectura de 1 a 10 cm, m\u00faltiples tama\u00f1os para identificaci\u00f3n animal permanente.<\/p>","protected":false},"featured_media":864,"template":"","meta":{"_gspb_post_css":""},"product_brand":[],"product_cat":[24,25],"product_tag":[],"class_list":{"0":"post-866","1":"product","2":"type-product","3":"status-publish","4":"has-post-thumbnail","6":"product_cat-rfid-tags","7":"product_cat-rfid-animal-glass-tube-tag-pets-microchip","9":"first","10":"instock","11":"shipping-taxable","12":"purchasable","13":"product-type-simple"},"_links":{"self":[{"href":"https:\/\/www.cxjsmartcard.com\/es\/wp-json\/wp\/v2\/product\/866","targetHints":{"allow":["GET"]}}],"collection":[{"href":"https:\/\/www.cxjsmartcard.com\/es\/wp-json\/wp\/v2\/product"}],"about":[{"href":"https:\/\/www.cxjsmartcard.com\/es\/wp-json\/wp\/v2\/types\/product"}],"wp:featuredmedia":[{"embeddable":true,"href":"https:\/\/www.cxjsmartcard.com\/es\/wp-json\/wp\/v2\/media\/864"}],"wp:attachment":[{"href":"https:\/\/www.cxjsmartcard.com\/es\/wp-json\/wp\/v2\/media?parent=866"}],"wp:term":[{"taxonomy":"product_brand","embeddable":true,"href":"https:\/\/www.cxjsmartcard.com\/es\/wp-json\/wp\/v2\/product_brand?post=866"},{"taxonomy":"product_cat","embeddable":true,"href":"https:\/\/www.cxjsmartcard.com\/es\/wp-json\/wp\/v2\/product_cat?post=866"},{"taxonomy":"product_tag","embeddable":true,"href":"https:\/\/www.cxjsmartcard.com\/es\/wp-json\/wp\/v2\/product_tag?post=866"}],"curies":[{"name":"wp","href":"https:\/\/api.w.org\/{rel}","templated":true}]}}