{"id":860,"date":"2025-11-03T08:35:42","date_gmt":"2025-11-03T08:35:42","guid":{"rendered":"https:\/\/www.cxjsmartcard.com\/?post_type=product&#038;p=860"},"modified":"2025-12-29T01:27:08","modified_gmt":"2025-12-29T01:27:08","slug":"icar-certified-lf-fdx-b-134-2-khz-rfid-pet-chip-microchip-tag","status":"publish","type":"product","link":"https:\/\/www.cxjsmartcard.com\/es\/icar-certified-lf-fdx-b-134-2-khz-rfid-pet-chip-microchip-tag\/","title":{"rendered":"Etiqueta de microchip RFID para mascotas LF FDX-B de 134,2 kHz con certificaci\u00f3n ICAR"},"content":{"rendered":"<p data-start=\"73\" data-end=\"392\">Microchip animal LF con certificaci\u00f3n ICAR para la identificaci\u00f3n y gesti\u00f3n permanente de mascotas. Fabricado con el est\u00e1ndar FDX-B de 134,2 kHz y alojado en biovidrio est\u00e9ril, este diminuto transpondedor se inyecta por v\u00eda subcut\u00e1nea y es le\u00eddo por esc\u00e1neres compatibles con ISO, utilizados por veterinarios, refugios y centros de control de animales para una r\u00e1pida reunificaci\u00f3n.<\/p>\n<p data-start=\"394\" data-end=\"607\"><strong data-start=\"394\" data-end=\"408\">\u00bfQu\u00e9 es?<\/strong><br data-start=\"408\" data-end=\"411\" \/>Una jeringa preesterilizada que contiene un microchip de vidrio RFID pasivo. Una vez implantado, el chip proporciona una identificaci\u00f3n \u00fanica que se vincula a los datos de registro de perros, gatos, peces y otros animales de compa\u00f1\u00eda.<\/p>\n<p data-start=\"609\" data-end=\"759\"><strong data-start=\"609\" data-end=\"635\">Normas y cumplimiento<\/strong><br data-start=\"635\" data-end=\"638\" \/>FDX-B seg\u00fan ISO 11784\/11785, certificaci\u00f3n ICAR. Variante HF\/NFC opcional disponible (ISO\/IEC 14443A) para flujos de trabajo espec\u00edficos.<\/p>\n<p data-start=\"761\" data-end=\"880\"><strong data-start=\"761\" data-end=\"774\">Casos de uso<\/strong><br data-start=\"774\" data-end=\"777\" \/>Identificaci\u00f3n y recuperaci\u00f3n de mascotas \u2022 Gesti\u00f3n de registros de vacunaci\u00f3n y rabia \u2022 Seguimiento del ciclo de vida animal.<\/p>\n<h2 data-start=\"882\" data-end=\"907\">Tabla (Especificaciones)<\/h2>\n<div class=\"_tableContainer_1rjym_1\">\n<div class=\"group _tableWrapper_1rjym_13 flex w-fit flex-col-reverse\" tabindex=\"-1\">\n<table class=\"w-fit min-w-(--thread-content-width)\" data-start=\"909\" data-end=\"2572\">\n<thead data-start=\"909\" data-end=\"1019\">\n<tr data-start=\"909\" data-end=\"1019\">\n<th data-start=\"909\" data-end=\"927\" data-col-size=\"sm\">Categor\u00eda<\/th>\n<th data-start=\"927\" data-end=\"946\" data-col-size=\"sm\">Par\u00e1metro<\/th>\n<th data-start=\"946\" data-end=\"1019\" data-col-size=\"md\">Valor<\/th>\n<\/tr>\n<\/thead>\n<tbody data-start=\"1131\" data-end=\"2572\">\n<tr data-start=\"1131\" data-end=\"1240\">\n<td data-start=\"1131\" data-end=\"1149\" data-col-size=\"sm\">Producto<\/td>\n<td data-col-size=\"sm\" data-start=\"1149\" data-end=\"1168\">Tipo<\/td>\n<td data-col-size=\"md\" data-start=\"1168\" data-end=\"1240\">Microchip de vidrio RFID para animales<\/td>\n<\/tr>\n<tr data-start=\"1241\" data-end=\"1351\">\n<td data-start=\"1241\" data-end=\"1259\" data-col-size=\"sm\">Proceso de dar un t\u00edtulo<\/td>\n<td data-col-size=\"sm\" data-start=\"1259\" data-end=\"1278\">ICAR<\/td>\n<td data-col-size=\"md\" data-start=\"1278\" data-end=\"1351\">S\u00ed<\/td>\n<\/tr>\n<tr data-start=\"1352\" data-end=\"1462\">\n<td data-start=\"1352\" data-end=\"1370\" data-col-size=\"sm\">Frecuencia<\/td>\n<td data-col-size=\"sm\" data-start=\"1370\" data-end=\"1389\">LF<\/td>\n<td data-col-size=\"md\" data-start=\"1389\" data-end=\"1462\">134,2 kHz (FDX-B)<\/td>\n<\/tr>\n<tr data-start=\"1463\" data-end=\"1573\">\n<td data-start=\"1463\" data-end=\"1481\" data-col-size=\"sm\">Protocolo<\/td>\n<td data-col-size=\"sm\" data-start=\"1481\" data-end=\"1500\">Normas<\/td>\n<td data-col-size=\"md\" data-start=\"1500\" data-end=\"1573\">ISO 11784\/11785 (FDX-B); ISO\/IEC 14443A opcional (variante NFC)<\/td>\n<\/tr>\n<tr data-start=\"1574\" data-end=\"1684\">\n<td data-start=\"1574\" data-end=\"1592\" data-col-size=\"sm\">Opciones de chip<\/td>\n<td data-col-size=\"sm\" data-start=\"1592\" data-end=\"1611\">CI<\/td>\n<td data-col-size=\"md\" data-start=\"1611\" data-end=\"1684\">EM4305; NTAG213 (opci\u00f3n NFC213)<\/td>\n<\/tr>\n<tr data-start=\"1685\" data-end=\"1795\">\n<td data-start=\"1685\" data-end=\"1703\" data-col-size=\"sm\">Materiales<\/td>\n<td data-start=\"1703\" data-end=\"1722\" data-col-size=\"sm\">C\u00e1psula<\/td>\n<td data-col-size=\"md\" data-start=\"1722\" data-end=\"1795\">Biovidrio m\u00e9dico<\/td>\n<\/tr>\n<tr data-start=\"1796\" data-end=\"1906\">\n<td data-start=\"1796\" data-end=\"1814\" data-col-size=\"sm\">Dimensiones<\/td>\n<td data-col-size=\"sm\" data-start=\"1814\" data-end=\"1833\">Tallas<\/td>\n<td data-col-size=\"md\" data-start=\"1833\" data-end=\"1906\">1,25\u00d77 mm; 1,4\u00d78 mm; 2\u00d78 mm; 2,12\u00d712 mm; 3\u00d715 mm<\/td>\n<\/tr>\n<tr data-start=\"1907\" data-end=\"2017\">\n<td data-start=\"1907\" data-end=\"1925\" data-col-size=\"sm\">Esterilizaci\u00f3n<\/td>\n<td data-col-size=\"sm\" data-start=\"1925\" data-end=\"1944\">M\u00e9todo<\/td>\n<td data-col-size=\"md\" data-start=\"1944\" data-end=\"2017\">Esterilizaci\u00f3n de grado m\u00e9dico 100%<\/td>\n<\/tr>\n<tr data-start=\"2018\" data-end=\"2128\">\n<td data-start=\"2018\" data-end=\"2036\" data-col-size=\"sm\">Validez<\/td>\n<td data-col-size=\"sm\" data-start=\"2036\" data-end=\"2055\">Vida \u00fatil<\/td>\n<td data-col-size=\"md\" data-start=\"2055\" data-end=\"2128\">5 a\u00f1os<\/td>\n<\/tr>\n<tr data-start=\"2129\" data-end=\"2239\">\n<td data-start=\"2129\" data-end=\"2147\" data-col-size=\"sm\">Operaci\u00f3n<\/td>\n<td data-col-size=\"sm\" data-start=\"2147\" data-end=\"2166\">Fuerza<\/td>\n<td data-col-size=\"md\" data-start=\"2166\" data-end=\"2239\">Pasivo (sin bater\u00eda)<\/td>\n<\/tr>\n<tr data-start=\"2240\" data-end=\"2350\">\n<td data-start=\"2240\" data-end=\"2258\" data-col-size=\"sm\">Solicitud<\/td>\n<td data-start=\"2258\" data-end=\"2277\" data-col-size=\"sm\">Animales<\/td>\n<td data-col-size=\"md\" data-start=\"2277\" data-end=\"2350\">Perros, gatos, peces y otras mascotas.<\/td>\n<\/tr>\n<tr data-start=\"2351\" data-end=\"2461\">\n<td data-start=\"2351\" data-end=\"2369\" data-col-size=\"sm\">Entrega<\/td>\n<td data-start=\"2369\" data-end=\"2388\" data-col-size=\"sm\">Formato<\/td>\n<td data-start=\"2388\" data-end=\"2461\" data-col-size=\"md\">Jeringa est\u00e9ril precargada con microchip<\/td>\n<\/tr>\n<tr data-start=\"2462\" data-end=\"2572\">\n<td data-start=\"2462\" data-end=\"2480\" data-col-size=\"sm\">Funci\u00f3n<\/td>\n<td data-start=\"2480\" data-end=\"2499\" data-col-size=\"sm\">Objetivo<\/td>\n<td data-col-size=\"md\" data-start=\"2499\" data-end=\"2572\">Seguimiento\/identificaci\u00f3n de mascotas<\/td>\n<\/tr>\n<\/tbody>\n<\/table>\n<\/div>\n<\/div>","protected":false},"excerpt":{"rendered":"<p>Microchip para mascotas FDX-B de 134,2 kHz con certificaci\u00f3n ICAR en biovidrio est\u00e9ril: identificaci\u00f3n pasiva sin bater\u00eda para perros, gatos y otras mascotas; compatible con la norma ISO 11784\/11785 con administraci\u00f3n mediante jeringa.<\/p>","protected":false},"featured_media":865,"template":"","meta":{"_gspb_post_css":""},"product_brand":[],"product_cat":[24,25],"product_tag":[],"class_list":{"0":"post-860","1":"product","2":"type-product","3":"status-publish","4":"has-post-thumbnail","6":"product_cat-rfid-tags","7":"product_cat-rfid-animal-glass-tube-tag-pets-microchip","9":"first","10":"instock","11":"shipping-taxable","12":"purchasable","13":"product-type-simple"},"_links":{"self":[{"href":"https:\/\/www.cxjsmartcard.com\/es\/wp-json\/wp\/v2\/product\/860","targetHints":{"allow":["GET"]}}],"collection":[{"href":"https:\/\/www.cxjsmartcard.com\/es\/wp-json\/wp\/v2\/product"}],"about":[{"href":"https:\/\/www.cxjsmartcard.com\/es\/wp-json\/wp\/v2\/types\/product"}],"wp:featuredmedia":[{"embeddable":true,"href":"https:\/\/www.cxjsmartcard.com\/es\/wp-json\/wp\/v2\/media\/865"}],"wp:attachment":[{"href":"https:\/\/www.cxjsmartcard.com\/es\/wp-json\/wp\/v2\/media?parent=860"}],"wp:term":[{"taxonomy":"product_brand","embeddable":true,"href":"https:\/\/www.cxjsmartcard.com\/es\/wp-json\/wp\/v2\/product_brand?post=860"},{"taxonomy":"product_cat","embeddable":true,"href":"https:\/\/www.cxjsmartcard.com\/es\/wp-json\/wp\/v2\/product_cat?post=860"},{"taxonomy":"product_tag","embeddable":true,"href":"https:\/\/www.cxjsmartcard.com\/es\/wp-json\/wp\/v2\/product_tag?post=860"}],"curies":[{"name":"wp","href":"https:\/\/api.w.org\/{rel}","templated":true}]}}