{"id":850,"date":"2025-11-03T08:28:47","date_gmt":"2025-11-03T08:28:47","guid":{"rendered":"https:\/\/www.cxjsmartcard.com\/?post_type=product&#038;p=850"},"modified":"2025-12-29T01:27:08","modified_gmt":"2025-12-29T01:27:08","slug":"uhf-rfid-dry-inlay-with-ucode-9","status":"publish","type":"product","link":"https:\/\/www.cxjsmartcard.com\/es\/uhf-rfid-dry-inlay-with-ucode-9\/","title":{"rendered":"Incrustaci\u00f3n seca RFID UHF con UCODE 9"},"content":{"rendered":"<p data-start=\"43\" data-end=\"468\">Inserci\u00f3n seca UHF para sistemas de 860\u2013960 MHz, dise\u00f1ada como un componente semiacabado que se convierte f\u00e1cilmente en tickets, etiquetas, tarjetas y credenciales. Fabricada con NXP\u00ae UCODE\u00ae 9, la incrustaci\u00f3n utiliza una antena de aluminio grabada sobre PET con uni\u00f3n de chip invertido para una conversi\u00f3n fiable de alto volumen y un rendimiento consistente. La distancia de lectura t\u00edpica es de hasta ~3,3 m (~10 pies) en configuraciones UHF bien sintonizadas.<\/p>\n<p data-start=\"470\" data-end=\"487\"><strong data-start=\"470\" data-end=\"485\">Por qu\u00e9 encaja<\/strong><\/p>\n<ul data-start=\"488\" data-end=\"829\">\n<li data-start=\"488\" data-end=\"568\">\n<p data-start=\"490\" data-end=\"568\"><strong data-start=\"490\" data-end=\"510\">Listo para los est\u00e1ndares:<\/strong> EPC Clase 1 Gen 2 \/ ISO\/IEC 18000-6C, funcionamiento pasivo<\/p>\n<\/li>\n<li data-start=\"569\" data-end=\"658\">\n<p data-start=\"571\" data-end=\"658\"><strong data-start=\"571\" data-end=\"589\">Construcci\u00f3n duradera:<\/strong> Sustrato de PET; construcciones de etiquetas resistentes a la abrasi\u00f3n y a los disolventes<\/p>\n<\/li>\n<li data-start=\"659\" data-end=\"746\">\n<p data-start=\"661\" data-end=\"746\"><strong data-start=\"661\" data-end=\"682\">Formatos flexibles:<\/strong> Incrustaci\u00f3n seca (sin adhesivo) o convertida en incrustaci\u00f3n h\u00fameda\/etiqueta terminada<\/p>\n<\/li>\n<li data-start=\"747\" data-end=\"829\">\n<p data-start=\"749\" data-end=\"829\"><strong data-start=\"749\" data-end=\"773\">Apto para producci\u00f3n:<\/strong> Se suministra en rollos para conversi\u00f3n e impresi\u00f3n automatizadas.<\/p>\n<\/li>\n<\/ul>\n<p data-start=\"831\" data-end=\"1027\"><strong data-start=\"831\" data-end=\"847\">Aplicaciones<\/strong><br data-start=\"847\" data-end=\"850\" \/>Cadena de suministro (cajas, paletas, etiquetas de env\u00edo) \u2022 Venta minorista y log\u00edstica (etiquetas colgantes de ropa, etiquetas de equipaje, seguimiento de activos) \u2022 Gesti\u00f3n de documentos\/archivos \u2022 Acceso a eventos y marca.<\/p>\n<h2 data-start=\"1029\" data-end=\"1054\">Tabla (Especificaciones)<\/h2>\n<div class=\"_tableContainer_1rjym_1\">\n<div class=\"group _tableWrapper_1rjym_13 flex w-fit flex-col-reverse\" tabindex=\"-1\">\n<table class=\"w-fit min-w-(--thread-content-width)\" data-start=\"1056\" data-end=\"3413\">\n<thead data-start=\"1056\" data-end=\"1167\">\n<tr data-start=\"1056\" data-end=\"1167\">\n<th data-start=\"1056\" data-end=\"1078\" data-col-size=\"sm\">Categor\u00eda<\/th>\n<th data-start=\"1078\" data-end=\"1107\" data-col-size=\"sm\">Par\u00e1metro<\/th>\n<th data-start=\"1107\" data-end=\"1167\" data-col-size=\"md\">Valor<\/th>\n<\/tr>\n<\/thead>\n<tbody data-start=\"1280\" data-end=\"3413\">\n<tr data-start=\"1280\" data-end=\"1391\">\n<td data-start=\"1280\" data-end=\"1302\" data-col-size=\"sm\">Producto<\/td>\n<td data-start=\"1302\" data-end=\"1331\" data-col-size=\"sm\">Tipo<\/td>\n<td data-col-size=\"md\" data-start=\"1331\" data-end=\"1391\">Incrustaci\u00f3n seca RFID UHF (convertible a h\u00fameda\/etiqueta)<\/td>\n<\/tr>\n<tr data-start=\"1392\" data-end=\"1503\">\n<td data-start=\"1392\" data-end=\"1414\" data-col-size=\"sm\">CI<\/td>\n<td data-col-size=\"sm\" data-start=\"1414\" data-end=\"1443\">Chip<\/td>\n<td data-col-size=\"md\" data-start=\"1443\" data-end=\"1503\">NXP\u00ae UCODE\u00ae 9<\/td>\n<\/tr>\n<tr data-start=\"1504\" data-end=\"1615\">\n<td data-start=\"1504\" data-end=\"1526\" data-col-size=\"sm\">RF<\/td>\n<td data-col-size=\"sm\" data-start=\"1526\" data-end=\"1555\">Frecuencia<\/td>\n<td data-col-size=\"md\" data-start=\"1555\" data-end=\"1615\">860\u2013960 MHz<\/td>\n<\/tr>\n<tr data-start=\"1616\" data-end=\"1727\">\n<td data-start=\"1616\" data-end=\"1638\" data-col-size=\"sm\"><\/td>\n<td data-col-size=\"sm\" data-start=\"1638\" data-end=\"1667\">Protocolo<\/td>\n<td data-col-size=\"md\" data-start=\"1667\" data-end=\"1727\">ISO\/IEC 18000-6C, EPC Clase 1 Gen 2<\/td>\n<\/tr>\n<tr data-start=\"1728\" data-end=\"1839\">\n<td data-start=\"1728\" data-end=\"1750\" data-col-size=\"sm\">Operaci\u00f3n<\/td>\n<td data-start=\"1750\" data-end=\"1779\" data-col-size=\"sm\">Modo de trabajo<\/td>\n<td data-col-size=\"md\" data-start=\"1779\" data-end=\"1839\">Pasivo<\/td>\n<\/tr>\n<tr data-start=\"1840\" data-end=\"1951\">\n<td data-start=\"1840\" data-end=\"1862\" data-col-size=\"sm\">Antena<\/td>\n<td data-col-size=\"sm\" data-start=\"1862\" data-end=\"1891\">Construcci\u00f3n<\/td>\n<td data-col-size=\"md\" data-start=\"1891\" data-end=\"1951\">Grabado de aluminio<\/td>\n<\/tr>\n<tr data-start=\"1952\" data-end=\"2063\">\n<td data-start=\"1952\" data-end=\"1974\" data-col-size=\"sm\"><\/td>\n<td data-col-size=\"sm\" data-start=\"1974\" data-end=\"2003\">Tama\u00f1o de la antena<\/td>\n<td data-col-size=\"md\" data-start=\"2003\" data-end=\"2063\">40 \u00d7 10 mm<\/td>\n<\/tr>\n<tr data-start=\"2064\" data-end=\"2175\">\n<td data-start=\"2064\" data-end=\"2086\" data-col-size=\"sm\">Rendimiento de lectura<\/td>\n<td data-start=\"2086\" data-end=\"2115\" data-col-size=\"sm\">Rango de lectura t\u00edpico<\/td>\n<td data-col-size=\"md\" data-start=\"2115\" data-end=\"2175\">Hasta ~10 pies (\u22483,3 m), dependiendo del lector y del entorno<\/td>\n<\/tr>\n<tr data-start=\"2176\" data-end=\"2287\">\n<td data-start=\"2176\" data-end=\"2198\" data-col-size=\"sm\">Mec\u00e1nica<\/td>\n<td data-col-size=\"sm\" data-start=\"2198\" data-end=\"2227\">Sustrato<\/td>\n<td data-col-size=\"md\" data-start=\"2227\" data-end=\"2287\">MASCOTA<\/td>\n<\/tr>\n<tr data-start=\"2288\" data-end=\"2404\">\n<td data-start=\"2288\" data-end=\"2310\" data-col-size=\"sm\">Materiales de etiquetas<\/td>\n<td data-col-size=\"sm\" data-start=\"2310\" data-end=\"2339\">Opciones de cara<\/td>\n<td data-col-size=\"md\" data-start=\"2339\" data-end=\"2404\">Papel estucado \/ PET \/ Papel sint\u00e9tico \/ Papel t\u00e9rmico \/ personalizado<\/td>\n<\/tr>\n<tr data-start=\"2405\" data-end=\"2516\">\n<td data-start=\"2405\" data-end=\"2427\" data-col-size=\"sm\">Formatos<\/td>\n<td data-col-size=\"sm\" data-start=\"2427\" data-end=\"2456\">Incrustaci\u00f3n h\u00fameda \/ Tama\u00f1o de la etiqueta<\/td>\n<td data-col-size=\"md\" data-start=\"2456\" data-end=\"2516\">43 \u00d7 18 mm (o personalizado)<\/td>\n<\/tr>\n<tr data-start=\"2517\" data-end=\"2628\">\n<td data-start=\"2517\" data-end=\"2539\" data-col-size=\"sm\">Impresi\u00f3n<\/td>\n<td data-col-size=\"sm\" data-start=\"2539\" data-end=\"2568\">Opciones<\/td>\n<td data-col-size=\"md\" data-start=\"2568\" data-end=\"2628\">A todo color, logotipo, c\u00f3digo de barras, QR, datos variables<\/td>\n<\/tr>\n<tr data-start=\"2629\" data-end=\"2740\">\n<td data-start=\"2629\" data-end=\"2651\" data-col-size=\"sm\">Fiabilidad<\/td>\n<td data-col-size=\"sm\" data-start=\"2651\" data-end=\"2680\">Vida IC<\/td>\n<td data-col-size=\"md\" data-start=\"2680\" data-end=\"2740\">100.000 ciclos de programaci\u00f3n; retenci\u00f3n de datos durante 10 a\u00f1os<\/td>\n<\/tr>\n<tr data-start=\"2741\" data-end=\"2852\">\n<td data-start=\"2741\" data-end=\"2763\" data-col-size=\"sm\">Ambiente<\/td>\n<td data-col-size=\"sm\" data-start=\"2763\" data-end=\"2792\">Temperatura\/humedad de funcionamiento<\/td>\n<td data-col-size=\"md\" data-start=\"2792\" data-end=\"2852\">\u221225 a +65 \u2103 \/ 20\u201380% HR<\/td>\n<\/tr>\n<tr data-start=\"2853\" data-end=\"2964\">\n<td data-start=\"2853\" data-end=\"2875\" data-col-size=\"sm\"><\/td>\n<td data-col-size=\"sm\" data-start=\"2875\" data-end=\"2904\">Temperatura\/humedad de almacenamiento<\/td>\n<td data-col-size=\"md\" data-start=\"2904\" data-end=\"2964\">+23 \u2103 \u00b15 \u2103 \/ 50% \u00b110% RH (sin condensaci\u00f3n)<\/td>\n<\/tr>\n<tr data-start=\"2965\" data-end=\"3076\">\n<td data-start=\"2965\" data-end=\"2987\" data-col-size=\"sm\">Embalaje<\/td>\n<td data-col-size=\"sm\" data-start=\"2987\" data-end=\"3016\">Suministro de rollos<\/td>\n<td data-col-size=\"md\" data-start=\"3016\" data-end=\"3076\">1000\u20135000 piezas\/rollo; 4 rollos\/caja<\/td>\n<\/tr>\n<tr data-start=\"3077\" data-end=\"3189\">\n<td data-start=\"3077\" data-end=\"3099\" data-col-size=\"sm\">Muestras<\/td>\n<td data-start=\"3099\" data-end=\"3128\" data-col-size=\"sm\">Disponibilidad<\/td>\n<td data-col-size=\"md\" data-start=\"3128\" data-end=\"3189\">Muestras gratis para probar<\/td>\n<\/tr>\n<tr data-start=\"3190\" data-end=\"3301\">\n<td data-start=\"3190\" data-end=\"3212\" data-col-size=\"sm\">Origen<\/td>\n<td data-col-size=\"sm\" data-start=\"3212\" data-end=\"3241\">Lugar de origen<\/td>\n<td data-col-size=\"md\" data-start=\"3241\" data-end=\"3301\">Chengdu, China<\/td>\n<\/tr>\n<tr data-start=\"3302\" data-end=\"3413\">\n<td data-start=\"3302\" data-end=\"3324\" data-col-size=\"sm\">Casos de uso<\/td>\n<td data-col-size=\"sm\" data-start=\"3324\" data-end=\"3353\">Ejemplos de aplicaci\u00f3n<\/td>\n<td data-col-size=\"md\" data-start=\"3353\" data-end=\"3413\">Cadena de suministro, comercio minorista\/log\u00edstica, documentos, acceso a eventos<\/td>\n<\/tr>\n<\/tbody>\n<\/table>\n<\/div>\n<\/div>","protected":false},"excerpt":{"rendered":"<p>Incrustaci\u00f3n seca UHF 860\u2013960 MHz con UCODE 9\u2014PET + aluminio grabado, EPC Gen2, lecturas de hasta ~10 pies, suministro en rollo para convertir en etiquetas, tickets, tarjetas y credenciales.<\/p>","protected":false},"featured_media":851,"template":"","meta":{"_gspb_post_css":""},"product_brand":[],"product_cat":[23],"product_tag":[],"class_list":{"0":"post-850","1":"product","2":"type-product","3":"status-publish","4":"has-post-thumbnail","6":"product_cat-rfid-nfc-inlay","8":"first","9":"instock","10":"shipping-taxable","11":"purchasable","12":"product-type-simple"},"_links":{"self":[{"href":"https:\/\/www.cxjsmartcard.com\/es\/wp-json\/wp\/v2\/product\/850","targetHints":{"allow":["GET"]}}],"collection":[{"href":"https:\/\/www.cxjsmartcard.com\/es\/wp-json\/wp\/v2\/product"}],"about":[{"href":"https:\/\/www.cxjsmartcard.com\/es\/wp-json\/wp\/v2\/types\/product"}],"wp:featuredmedia":[{"embeddable":true,"href":"https:\/\/www.cxjsmartcard.com\/es\/wp-json\/wp\/v2\/media\/851"}],"wp:attachment":[{"href":"https:\/\/www.cxjsmartcard.com\/es\/wp-json\/wp\/v2\/media?parent=850"}],"wp:term":[{"taxonomy":"product_brand","embeddable":true,"href":"https:\/\/www.cxjsmartcard.com\/es\/wp-json\/wp\/v2\/product_brand?post=850"},{"taxonomy":"product_cat","embeddable":true,"href":"https:\/\/www.cxjsmartcard.com\/es\/wp-json\/wp\/v2\/product_cat?post=850"},{"taxonomy":"product_tag","embeddable":true,"href":"https:\/\/www.cxjsmartcard.com\/es\/wp-json\/wp\/v2\/product_tag?post=850"}],"curies":[{"name":"wp","href":"https:\/\/api.w.org\/{rel}","templated":true}]}}