{"id":845,"date":"2025-11-03T08:26:37","date_gmt":"2025-11-03T08:26:37","guid":{"rendered":"https:\/\/www.cxjsmartcard.com\/?post_type=product&#038;p=845"},"modified":"2025-12-29T01:27:08","modified_gmt":"2025-12-29T01:27:08","slug":"factory-customization-rfid-waterproof-dry-wet-inlay","status":"publish","type":"product","link":"https:\/\/www.cxjsmartcard.com\/es\/factory-customization-rfid-waterproof-dry-wet-inlay\/","title":{"rendered":"Incrustaci\u00f3n RFID impermeable seca\/h\u00fameda personalizada de f\u00e1brica"},"content":{"rendered":"<p data-start=\"63\" data-end=\"512\">Incrustaciones RFID impermeables y resistentes a la intemperie disponibles como <strong data-start=\"128\" data-end=\"135\">seco<\/strong>, <strong data-start=\"137\" data-end=\"144\">h\u00famedo<\/strong>, o <strong data-start=\"149\" data-end=\"162\">blanco h\u00famedo<\/strong> Formatos para una r\u00e1pida integraci\u00f3n en etiquetas, r\u00f3tulos y tickets de ropa. Est\u00e1ndar <strong data-start=\"242\" data-end=\"258\">HF 13,56 MHz<\/strong> Las compilaciones son compatibles con ISO\/IEC 14443, mientras que <strong data-start=\"295\" data-end=\"310\">Opciones de UHF<\/strong> (dependientes del chip) permiten lecturas de largo alcance, ideales para comercio minorista, log\u00edstica y entornos hostiles. Fabricados en <strong data-start=\"421\" data-end=\"441\">Guangdong, China<\/strong>, con personalizaci\u00f3n OEM completa (tama\u00f1o, chip, formato, codificaci\u00f3n, marca).<\/p>\n<p data-start=\"514\" data-end=\"532\"><strong data-start=\"514\" data-end=\"530\">Por qu\u00e9 funciona<\/strong><\/p>\n<ul data-start=\"533\" data-end=\"1084\">\n<li data-start=\"533\" data-end=\"674\">\n<p data-start=\"535\" data-end=\"674\"><strong data-start=\"535\" data-end=\"556\">Formatos flexibles:<\/strong> Incrustaciones secas para laminaci\u00f3n; incrustaciones h\u00famedas con adhesivo para despegar y pegar; incrustaciones blancas h\u00famedas para protecci\u00f3n de superficies imprimibles.<\/p>\n<\/li>\n<li data-start=\"675\" data-end=\"768\">\n<p data-start=\"677\" data-end=\"768\"><strong data-start=\"677\" data-end=\"700\">Compatibilidad de chips:<\/strong> Familias UCODE, Monza, Alien H3, U8\/U9 para adaptarse a los sistemas existentes.<\/p>\n<\/li>\n<li data-start=\"769\" data-end=\"874\">\n<p data-start=\"771\" data-end=\"874\"><strong data-start=\"771\" data-end=\"796\">Construcci\u00f3n duradera:<\/strong> Sustratos de etiquetas de PET o papel con antenas de bucle de aluminio o cobre grabadas.<\/p>\n<\/li>\n<li data-start=\"875\" data-end=\"960\">\n<p data-start=\"877\" data-end=\"960\"><strong data-start=\"877\" data-end=\"904\">Sostenibilidad en mente:<\/strong> PET reciclable y grabado con bajos residuos; compatible con RoHS.<\/p>\n<\/li>\n<li data-start=\"961\" data-end=\"1084\">\n<p data-start=\"963\" data-end=\"1084\"><strong data-start=\"963\" data-end=\"988\">Rango para adaptarse al trabajo:<\/strong> Exploraciones de campo cercano para HF; <strong data-start=\"1014\" data-end=\"1029\">hasta ~10 m<\/strong> Distancia de lectura con UHF (dependiendo del lector y del entorno).<\/p>\n<\/li>\n<\/ul>\n<p data-start=\"1086\" data-end=\"1244\"><strong data-start=\"1086\" data-end=\"1099\">Casos de uso<\/strong><br data-start=\"1099\" data-end=\"1102\" \/>Etiquetado de inventario y prendas de vestir \u2022 Autenticaci\u00f3n de productos \u2022 Seguimiento de activos en comercio minorista y log\u00edstica \u2022 Etiquetas RFID imprimibles y etiquetas colgantes para prendas de vestir.<\/p>\n<p data-start=\"1246\" data-end=\"1651\"><strong data-start=\"1246\" data-end=\"1254\">Preguntas frecuentes<\/strong><br data-start=\"1254\" data-end=\"1257\" \/><strong data-start=\"1257\" data-end=\"1288\">Q1: \u00bfPuedo solicitar una muestra?<\/strong> S\u00ed, tenemos muestras de stock gratuitas disponibles para probar.<br data-start=\"1338\" data-end=\"1341\" \/><strong data-start=\"1341\" data-end=\"1366\">P2: \u00bfEs compatible con NFC?<\/strong> HF 13,56 MHz admite NFC seg\u00fan el chip elegido.<br data-start=\"1422\" data-end=\"1425\" \/><strong data-start=\"1425\" data-end=\"1461\">P3: \u00bfQu\u00e9 lectores son compatibles?<\/strong> Cualquier lector port\u00e1til o fijo compatible <strong data-start=\"1502\" data-end=\"1519\">ISO\/IEC 14443<\/strong> (HF) o <strong data-start=\"1528\" data-end=\"1544\">ISO 18000-6C<\/strong> (UHF).<br data-start=\"1551\" data-end=\"1554\" \/><strong data-start=\"1554\" data-end=\"1588\">P4: \u00bfQu\u00e9 tan personalizables son?<\/strong> Totalmente OEM: tama\u00f1o, chip, antena, formato, codificaci\u00f3n y marca.<\/p>\n<h2 data-start=\"1653\" data-end=\"1678\">Tabla (Especificaciones)<\/h2>\n<div class=\"_tableContainer_1rjym_1\">\n<div class=\"group _tableWrapper_1rjym_13 flex w-fit flex-col-reverse\" tabindex=\"-1\">\n<table class=\"w-fit min-w-(--thread-content-width)\" data-start=\"1680\" data-end=\"3796\">\n<thead data-start=\"1680\" data-end=\"1821\">\n<tr data-start=\"1680\" data-end=\"1821\">\n<th data-start=\"1680\" data-end=\"1704\" data-col-size=\"sm\">Categor\u00eda<\/th>\n<th data-start=\"1704\" data-end=\"1732\" data-col-size=\"sm\">Par\u00e1metro<\/th>\n<th data-start=\"1732\" data-end=\"1821\" data-col-size=\"md\">Valor<\/th>\n<\/tr>\n<\/thead>\n<tbody data-start=\"1963\" data-end=\"3796\">\n<tr data-start=\"1963\" data-end=\"2103\">\n<td data-start=\"1963\" data-end=\"1986\" data-col-size=\"sm\">Producto<\/td>\n<td data-col-size=\"sm\" data-start=\"1986\" data-end=\"2014\">Tipo<\/td>\n<td data-col-size=\"md\" data-start=\"2014\" data-end=\"2103\">Incrustaci\u00f3n RFID (seca\/h\u00fameda\/blanca-h\u00fameda)<\/td>\n<\/tr>\n<tr data-start=\"2104\" data-end=\"2244\">\n<td data-start=\"2104\" data-end=\"2127\" data-col-size=\"sm\">Frecuencia<\/td>\n<td data-start=\"2127\" data-end=\"2155\" data-col-size=\"sm\">Est\u00e1ndar HF<\/td>\n<td data-col-size=\"md\" data-start=\"2155\" data-end=\"2244\">13,56 MHz<\/td>\n<\/tr>\n<tr data-start=\"2245\" data-end=\"2385\">\n<td data-start=\"2245\" data-end=\"2268\" data-col-size=\"sm\"><\/td>\n<td data-col-size=\"sm\" data-start=\"2268\" data-end=\"2296\">Opci\u00f3n UHF<\/td>\n<td data-col-size=\"md\" data-start=\"2296\" data-end=\"2385\">860\u2013960 MHz (dependiente del chip)<\/td>\n<\/tr>\n<tr data-start=\"2386\" data-end=\"2526\">\n<td data-start=\"2386\" data-end=\"2409\" data-col-size=\"sm\">Protocolos<\/td>\n<td data-start=\"2409\" data-end=\"2437\" data-col-size=\"sm\">Interfaz a\u00e9rea<\/td>\n<td data-col-size=\"md\" data-start=\"2437\" data-end=\"2526\">ISO\/IEC 14443 (HF); ISO 18000-6C \/ EPC Gen2 (UHF)<\/td>\n<\/tr>\n<tr data-start=\"2527\" data-end=\"2667\">\n<td data-start=\"2527\" data-end=\"2550\" data-col-size=\"sm\">Opciones de CI<\/td>\n<td data-col-size=\"sm\" data-start=\"2550\" data-end=\"2578\">Papas fritas<\/td>\n<td data-col-size=\"md\" data-start=\"2578\" data-end=\"2667\">C\u00d3DIGO UCO; Monza; Extranjero H3; U8; U9<\/td>\n<\/tr>\n<tr data-start=\"2668\" data-end=\"2808\">\n<td data-start=\"2668\" data-end=\"2691\" data-col-size=\"sm\">Antena<\/td>\n<td data-col-size=\"sm\" data-start=\"2691\" data-end=\"2719\">Tipo<\/td>\n<td data-col-size=\"md\" data-start=\"2719\" data-end=\"2808\">Aro de aluminio\/cobre grabado<\/td>\n<\/tr>\n<tr data-start=\"2809\" data-end=\"2949\">\n<td data-start=\"2809\" data-end=\"2832\" data-col-size=\"sm\">Construcci\u00f3n<\/td>\n<td data-col-size=\"sm\" data-start=\"2832\" data-end=\"2860\">Sustrato<\/td>\n<td data-col-size=\"md\" data-start=\"2860\" data-end=\"2949\">Etiqueta de PET\/papel<\/td>\n<\/tr>\n<tr data-start=\"2950\" data-end=\"3090\">\n<td data-start=\"2950\" data-end=\"2973\" data-col-size=\"sm\">Memoria<\/td>\n<td data-col-size=\"sm\" data-start=\"2973\" data-end=\"3001\">Capacidad de datos<\/td>\n<td data-col-size=\"md\" data-start=\"3001\" data-end=\"3090\">EPC de 96 bits; memoria de usuario de hasta 512 bits (dependiente del chip)<\/td>\n<\/tr>\n<tr data-start=\"3091\" data-end=\"3231\">\n<td data-start=\"3091\" data-end=\"3114\" data-col-size=\"sm\">Distancia de lectura<\/td>\n<td data-col-size=\"sm\" data-start=\"3114\" data-end=\"3142\">Rango<\/td>\n<td data-col-size=\"md\" data-start=\"3142\" data-end=\"3231\">HF: campo cercano; UHF: hasta ~10 m (dependiendo del lector y del entorno)<\/td>\n<\/tr>\n<tr data-start=\"3232\" data-end=\"3372\">\n<td data-start=\"3232\" data-end=\"3255\" data-col-size=\"sm\">Formatos<\/td>\n<td data-col-size=\"sm\" data-start=\"3255\" data-end=\"3283\">Integraci\u00f3n<\/td>\n<td data-col-size=\"md\" data-start=\"3283\" data-end=\"3372\">Seco para laminaci\u00f3n; Adhesivo h\u00famedo para despegar y pegar; Blanco h\u00famedo para superficie imprimible<\/td>\n<\/tr>\n<tr data-start=\"3373\" data-end=\"3513\">\n<td data-start=\"3373\" data-end=\"3396\" data-col-size=\"sm\">Ambiente<\/td>\n<td data-col-size=\"sm\" data-start=\"3396\" data-end=\"3424\">Protecci\u00f3n<\/td>\n<td data-col-size=\"md\" data-start=\"3424\" data-end=\"3513\">Resistente al agua y a la intemperie; compatible con RoHS<\/td>\n<\/tr>\n<tr data-start=\"3514\" data-end=\"3654\">\n<td data-start=\"3514\" data-end=\"3537\" data-col-size=\"sm\">Personalizaci\u00f3n<\/td>\n<td data-col-size=\"sm\" data-start=\"3537\" data-end=\"3565\">Opciones OEM<\/td>\n<td data-col-size=\"md\" data-start=\"3565\" data-end=\"3654\">Tama\u00f1o, chip, formato, antena, codificaci\u00f3n, marca.<\/td>\n<\/tr>\n<tr data-start=\"3655\" data-end=\"3796\">\n<td data-start=\"3655\" data-end=\"3678\" data-col-size=\"sm\">Origen<\/td>\n<td data-col-size=\"sm\" data-start=\"3678\" data-end=\"3706\">Fabricaci\u00f3n<\/td>\n<td data-col-size=\"md\" data-start=\"3706\" data-end=\"3796\">Guangdong, China<\/td>\n<\/tr>\n<\/tbody>\n<\/table>\n<\/div>\n<\/div>","protected":false},"excerpt":{"rendered":"<p>Incrustaciones RFID impermeables en formatos seco, h\u00famedo y blanco-h\u00famedo: est\u00e1ndar HF de 13,56 MHz con rendimiento UHF de largo alcance opcional. Chips, tama\u00f1os e impresi\u00f3n personalizados para comercio minorista, log\u00edstica y confecci\u00f3n.<\/p>","protected":false},"featured_media":846,"template":"","meta":{"_gspb_post_css":""},"product_brand":[],"product_cat":[23],"product_tag":[],"class_list":{"0":"post-845","1":"product","2":"type-product","3":"status-publish","4":"has-post-thumbnail","6":"product_cat-rfid-nfc-inlay","8":"first","9":"instock","10":"shipping-taxable","11":"purchasable","12":"product-type-simple"},"_links":{"self":[{"href":"https:\/\/www.cxjsmartcard.com\/es\/wp-json\/wp\/v2\/product\/845","targetHints":{"allow":["GET"]}}],"collection":[{"href":"https:\/\/www.cxjsmartcard.com\/es\/wp-json\/wp\/v2\/product"}],"about":[{"href":"https:\/\/www.cxjsmartcard.com\/es\/wp-json\/wp\/v2\/types\/product"}],"wp:featuredmedia":[{"embeddable":true,"href":"https:\/\/www.cxjsmartcard.com\/es\/wp-json\/wp\/v2\/media\/846"}],"wp:attachment":[{"href":"https:\/\/www.cxjsmartcard.com\/es\/wp-json\/wp\/v2\/media?parent=845"}],"wp:term":[{"taxonomy":"product_brand","embeddable":true,"href":"https:\/\/www.cxjsmartcard.com\/es\/wp-json\/wp\/v2\/product_brand?post=845"},{"taxonomy":"product_cat","embeddable":true,"href":"https:\/\/www.cxjsmartcard.com\/es\/wp-json\/wp\/v2\/product_cat?post=845"},{"taxonomy":"product_tag","embeddable":true,"href":"https:\/\/www.cxjsmartcard.com\/es\/wp-json\/wp\/v2\/product_tag?post=845"}],"curies":[{"name":"wp","href":"https:\/\/api.w.org\/{rel}","templated":true}]}}