{"id":838,"date":"2025-11-03T08:23:25","date_gmt":"2025-11-03T08:23:25","guid":{"rendered":"https:\/\/www.cxjsmartcard.com\/?post_type=product&#038;p=838"},"modified":"2025-12-29T01:27:09","modified_gmt":"2025-12-29T01:27:09","slug":"rfid-1k-f08-inlay-sticker","status":"publish","type":"product","link":"https:\/\/www.cxjsmartcard.com\/es\/rfid-1k-f08-inlay-sticker\/","title":{"rendered":"Etiqueta adhesiva RFID 1K F08"},"content":{"rendered":"<p data-start=\"37\" data-end=\"293\">Etiqueta HF inteligente basada en el chip Fudan F08 (1K bytes) con antena grabada en aluminio para lecturas fiables de corto alcance. Disponible con incrustaci\u00f3n seca, incrustaci\u00f3n h\u00fameda o etiqueta\/adhesivo totalmente terminado para f\u00e1cil conversi\u00f3n en tarjetas, tickets y embalajes.<\/p>\n<p data-start=\"295\" data-end=\"313\"><strong data-start=\"295\" data-end=\"311\">Caracter\u00edsticas principales<\/strong><\/p>\n<ul data-start=\"314\" data-end=\"565\">\n<li data-start=\"314\" data-end=\"353\">\n<p data-start=\"316\" data-end=\"353\">13,56 MHz, compatible con ISO\/IEC 14443A<\/p>\n<\/li>\n<li data-start=\"354\" data-end=\"413\">\n<p data-start=\"356\" data-end=\"413\">Rango de lectura: normalmente de 1 a 5 cm (dependiendo del lector\/antena)<\/p>\n<\/li>\n<li data-start=\"414\" data-end=\"460\">\n<p data-start=\"416\" data-end=\"460\">Dise\u00f1o pasivo; hasta 100.000 ciclos de escritura<\/p>\n<\/li>\n<li data-start=\"461\" data-end=\"513\">\n<p data-start=\"463\" data-end=\"513\">Sustrato de antena PET; grabado de aluminio (\u224810 \u03bcm)<\/p>\n<\/li>\n<li data-start=\"514\" data-end=\"565\">\n<p data-start=\"516\" data-end=\"565\">Entregado en rollos para una producci\u00f3n de alto rendimiento.<\/p>\n<\/li>\n<\/ul>\n<p data-start=\"567\" data-end=\"580\"><strong data-start=\"567\" data-end=\"578\">Formatos<\/strong><\/p>\n<ul data-start=\"581\" data-end=\"761\">\n<li data-start=\"581\" data-end=\"626\">\n<p data-start=\"583\" data-end=\"626\"><strong data-start=\"583\" data-end=\"597\">Incrustaci\u00f3n seca:<\/strong> Chip + antena en base PET<\/p>\n<\/li>\n<li data-start=\"627\" data-end=\"682\">\n<p data-start=\"629\" data-end=\"682\"><strong data-start=\"629\" data-end=\"643\">Incrustaci\u00f3n h\u00fameda:<\/strong> Incrustaci\u00f3n seca + adhesivo + soporte desprendible<\/p>\n<\/li>\n<li data-start=\"683\" data-end=\"761\">\n<p data-start=\"685\" data-end=\"761\"><strong data-start=\"685\" data-end=\"708\">Etiqueta\/pegatina RFID:<\/strong> Incrustaci\u00f3n h\u00fameda + cara imprimible (papel estucado\/PVC\/PET\/PP)<\/p>\n<\/li>\n<\/ul>\n<p data-start=\"763\" data-end=\"932\"><strong data-start=\"763\" data-end=\"779\">Aplicaciones<\/strong><br data-start=\"779\" data-end=\"782\" \/>Venta minorista e inventario \u2022 Log\u00edstica y almacenamiento \u2022 Atenci\u00f3n m\u00e9dica\/identificaci\u00f3n de pacientes \u2022 Equipaje de avi\u00f3n \u2022 Fabricaci\u00f3n\/automatizaci\u00f3n \u2022 Marketing y redes sociales: toque para conectar.<\/p>\n<p data-start=\"934\" data-end=\"1083\"><strong data-start=\"934\" data-end=\"959\">Opciones de personalizaci\u00f3n<\/strong><br data-start=\"959\" data-end=\"962\" \/>Impresi\u00f3n offset CMYK, impresi\u00f3n UID\/serie, capas anti-metal, servicios de encriptaci\u00f3n\/datos; tama\u00f1os personalizados y dise\u00f1os de antenas.<\/p>\n<h2 data-start=\"1085\" data-end=\"1110\">Tabla (Especificaciones)<\/h2>\n<div class=\"_tableContainer_1rjym_1\">\n<div class=\"group _tableWrapper_1rjym_13 flex w-fit flex-col-reverse\" tabindex=\"-1\">\n<table class=\"w-fit min-w-(--thread-content-width)\" data-start=\"1112\" data-end=\"3045\">\n<thead data-start=\"1112\" data-end=\"1212\">\n<tr data-start=\"1112\" data-end=\"1212\">\n<th data-start=\"1112\" data-end=\"1134\" data-col-size=\"sm\">Categor\u00eda<\/th>\n<th data-start=\"1134\" data-end=\"1159\" data-col-size=\"sm\">Par\u00e1metro<\/th>\n<th data-start=\"1159\" data-end=\"1212\" data-col-size=\"md\">Valor<\/th>\n<\/tr>\n<\/thead>\n<tbody data-start=\"1314\" data-end=\"3045\">\n<tr data-start=\"1314\" data-end=\"1414\">\n<td data-start=\"1314\" data-end=\"1336\" data-col-size=\"sm\">Producto<\/td>\n<td data-col-size=\"sm\" data-start=\"1336\" data-end=\"1361\">Tipo<\/td>\n<td data-col-size=\"md\" data-start=\"1361\" data-end=\"1414\">Incrustaci\u00f3n RFID HF \/ incrustaci\u00f3n h\u00fameda \/ pegatina<\/td>\n<\/tr>\n<tr data-start=\"1415\" data-end=\"1515\">\n<td data-start=\"1415\" data-end=\"1437\" data-col-size=\"sm\">Chip<\/td>\n<td data-col-size=\"sm\" data-start=\"1437\" data-end=\"1462\">Modelo<\/td>\n<td data-col-size=\"md\" data-start=\"1462\" data-end=\"1515\">Fudan F08 (memoria de usuario de 1K bytes)<\/td>\n<\/tr>\n<tr data-start=\"1516\" data-end=\"1616\">\n<td data-start=\"1516\" data-end=\"1538\" data-col-size=\"sm\">RF<\/td>\n<td data-col-size=\"sm\" data-start=\"1538\" data-end=\"1563\">Frecuencia<\/td>\n<td data-col-size=\"md\" data-start=\"1563\" data-end=\"1616\">13,56 MHz<\/td>\n<\/tr>\n<tr data-start=\"1617\" data-end=\"1717\">\n<td data-start=\"1617\" data-end=\"1639\" data-col-size=\"sm\"><\/td>\n<td data-col-size=\"sm\" data-start=\"1639\" data-end=\"1664\">Protocolo<\/td>\n<td data-col-size=\"md\" data-start=\"1664\" data-end=\"1717\">ISO\/IEC 14443A<\/td>\n<\/tr>\n<tr data-start=\"1718\" data-end=\"1818\">\n<td data-start=\"1718\" data-end=\"1740\" data-col-size=\"sm\">Actuaci\u00f3n<\/td>\n<td data-col-size=\"sm\" data-start=\"1740\" data-end=\"1765\">Rango de lectura<\/td>\n<td data-col-size=\"md\" data-start=\"1765\" data-end=\"1818\">1\u20135 cm (dependiendo del dispositivo y del entorno)<\/td>\n<\/tr>\n<tr data-start=\"1819\" data-end=\"1919\">\n<td data-start=\"1819\" data-end=\"1841\" data-col-size=\"sm\">Resistencia<\/td>\n<td data-col-size=\"sm\" data-start=\"1841\" data-end=\"1866\">Ciclos de escritura<\/td>\n<td data-col-size=\"md\" data-start=\"1866\" data-end=\"1919\">100,000<\/td>\n<\/tr>\n<tr data-start=\"1920\" data-end=\"2020\">\n<td data-start=\"1920\" data-end=\"1942\" data-col-size=\"sm\">Operaci\u00f3n<\/td>\n<td data-col-size=\"sm\" data-start=\"1942\" data-end=\"1967\">Modo<\/td>\n<td data-col-size=\"md\" data-start=\"1967\" data-end=\"2020\">Pasivo<\/td>\n<\/tr>\n<tr data-start=\"2021\" data-end=\"2121\">\n<td data-start=\"2021\" data-end=\"2043\" data-col-size=\"sm\">Antena<\/td>\n<td data-col-size=\"sm\" data-start=\"2043\" data-end=\"2068\">Proceso<\/td>\n<td data-col-size=\"md\" data-start=\"2068\" data-end=\"2121\">Grabado de aluminio (~10 \u03bcm)<\/td>\n<\/tr>\n<tr data-start=\"2122\" data-end=\"2222\">\n<td data-start=\"2122\" data-end=\"2144\" data-col-size=\"sm\"><\/td>\n<td data-col-size=\"sm\" data-start=\"2144\" data-end=\"2169\">Sustrato<\/td>\n<td data-col-size=\"md\" data-start=\"2169\" data-end=\"2222\">MASCOTA<\/td>\n<\/tr>\n<tr data-start=\"2223\" data-end=\"2323\">\n<td data-start=\"2223\" data-end=\"2245\" data-col-size=\"sm\">Dimensiones<\/td>\n<td data-col-size=\"sm\" data-start=\"2245\" data-end=\"2270\">Tama\u00f1o de la antena<\/td>\n<td data-col-size=\"md\" data-start=\"2270\" data-end=\"2323\">52 \u00d7 15 mm<\/td>\n<\/tr>\n<tr data-start=\"2324\" data-end=\"2424\">\n<td data-start=\"2324\" data-end=\"2346\" data-col-size=\"sm\"><\/td>\n<td data-col-size=\"sm\" data-start=\"2346\" data-end=\"2371\">Tama\u00f1o de la incrustaci\u00f3n\/etiqueta<\/td>\n<td data-col-size=\"md\" data-start=\"2371\" data-end=\"2424\">56 \u00d7 18 mm (disponible a medida)<\/td>\n<\/tr>\n<tr data-start=\"2425\" data-end=\"2525\">\n<td data-start=\"2425\" data-end=\"2447\" data-col-size=\"sm\">Superficies<\/td>\n<td data-col-size=\"sm\" data-start=\"2447\" data-end=\"2472\">Materiales de la cara<\/td>\n<td data-col-size=\"md\" data-start=\"2472\" data-end=\"2525\">Papel estucado, PVC, PET, PP<\/td>\n<\/tr>\n<tr data-start=\"2526\" data-end=\"2626\">\n<td data-start=\"2526\" data-end=\"2548\" data-col-size=\"sm\">Ambiente<\/td>\n<td data-col-size=\"sm\" data-start=\"2548\" data-end=\"2573\">Temperatura\/humedad de funcionamiento<\/td>\n<td data-col-size=\"md\" data-start=\"2573\" data-end=\"2626\">\u221240 \u00b0C a +70 \u00b0C \/ 20%\u201390% RH<\/td>\n<\/tr>\n<tr data-start=\"2627\" data-end=\"2727\">\n<td data-start=\"2627\" data-end=\"2649\" data-col-size=\"sm\"><\/td>\n<td data-col-size=\"sm\" data-start=\"2649\" data-end=\"2674\">Temperatura\/humedad de almacenamiento<\/td>\n<td data-col-size=\"md\" data-start=\"2674\" data-end=\"2727\">\u221220 \u00b0C a +50 \u00b0C \/ 20%\u201390% RH (sin condensaci\u00f3n)<\/td>\n<\/tr>\n<tr data-start=\"2728\" data-end=\"2828\">\n<td data-start=\"2728\" data-end=\"2750\" data-col-size=\"sm\">Embalaje<\/td>\n<td data-col-size=\"sm\" data-start=\"2750\" data-end=\"2775\">Formato de entrega<\/td>\n<td data-col-size=\"md\" data-start=\"2775\" data-end=\"2828\">1.000\u20135.000 piezas por rollo; 4 rollos por caja<\/td>\n<\/tr>\n<tr data-start=\"2829\" data-end=\"2929\">\n<td data-start=\"2829\" data-end=\"2851\" data-col-size=\"sm\">Opciones<\/td>\n<td data-col-size=\"sm\" data-start=\"2851\" data-end=\"2876\">Servicios<\/td>\n<td data-col-size=\"md\" data-start=\"2876\" data-end=\"2929\">Impresi\u00f3n CMYK, UID\/serie, antimetal, cifrado<\/td>\n<\/tr>\n<tr data-start=\"2930\" data-end=\"3045\">\n<td data-start=\"2930\" data-end=\"2952\" data-col-size=\"sm\">Casos de uso<\/td>\n<td data-col-size=\"sm\" data-start=\"2952\" data-end=\"2977\">Aplicaciones<\/td>\n<td data-col-size=\"md\" data-start=\"2977\" data-end=\"3045\">Comercio minorista, log\u00edstica, atenci\u00f3n m\u00e9dica, equipaje, fabricaci\u00f3n, marketing<\/td>\n<\/tr>\n<\/tbody>\n<\/table>\n<\/div>\n<\/div>","protected":false},"excerpt":{"rendered":"<p>Etiqueta adhesiva\/incrustaci\u00f3n F08 HF de 13,56 MHz con memoria de 1 K (lecturas de 1 a 5 cm, ISO14443A, hasta 100 K de escritura). Disponible como etiqueta adhesiva o etiqueta terminada con impresi\u00f3n personalizada y servicios de datos.<\/p>","protected":false},"featured_media":839,"template":"","meta":{"_gspb_post_css":""},"product_brand":[],"product_cat":[23],"product_tag":[],"class_list":{"0":"post-838","1":"product","2":"type-product","3":"status-publish","4":"has-post-thumbnail","6":"product_cat-rfid-nfc-inlay","8":"first","9":"instock","10":"shipping-taxable","11":"purchasable","12":"product-type-simple"},"_links":{"self":[{"href":"https:\/\/www.cxjsmartcard.com\/es\/wp-json\/wp\/v2\/product\/838","targetHints":{"allow":["GET"]}}],"collection":[{"href":"https:\/\/www.cxjsmartcard.com\/es\/wp-json\/wp\/v2\/product"}],"about":[{"href":"https:\/\/www.cxjsmartcard.com\/es\/wp-json\/wp\/v2\/types\/product"}],"wp:featuredmedia":[{"embeddable":true,"href":"https:\/\/www.cxjsmartcard.com\/es\/wp-json\/wp\/v2\/media\/839"}],"wp:attachment":[{"href":"https:\/\/www.cxjsmartcard.com\/es\/wp-json\/wp\/v2\/media?parent=838"}],"wp:term":[{"taxonomy":"product_brand","embeddable":true,"href":"https:\/\/www.cxjsmartcard.com\/es\/wp-json\/wp\/v2\/product_brand?post=838"},{"taxonomy":"product_cat","embeddable":true,"href":"https:\/\/www.cxjsmartcard.com\/es\/wp-json\/wp\/v2\/product_cat?post=838"},{"taxonomy":"product_tag","embeddable":true,"href":"https:\/\/www.cxjsmartcard.com\/es\/wp-json\/wp\/v2\/product_tag?post=838"}],"curies":[{"name":"wp","href":"https:\/\/api.w.org\/{rel}","templated":true}]}}