{"id":833,"date":"2025-11-03T08:21:51","date_gmt":"2025-11-03T08:21:51","guid":{"rendered":"https:\/\/www.cxjsmartcard.com\/?post_type=product&#038;p=833"},"modified":"2025-12-29T01:27:09","modified_gmt":"2025-12-29T01:27:09","slug":"nxp-mifare-ultralight-ev1-rfid-nfc-inlay","status":"publish","type":"product","link":"https:\/\/www.cxjsmartcard.com\/es\/nxp-mifare-ultralight-ev1-rfid-nfc-inlay\/","title":{"rendered":"Incrustaci\u00f3n RFID NFC NXP MIFARE Ultralight EV1"},"content":{"rendered":"<p data-start=\"52\" data-end=\"335\">Incrustaci\u00f3n NFC HF flexible incorporada <strong data-start=\"98\" data-end=\"124\">MIFARE Ultralight\u00ae EV1<\/strong> Para aplicaciones de corto alcance compatibles con tel\u00e9fonos. Se suministra como <strong data-start=\"185\" data-end=\"198\">incrustaci\u00f3n seca<\/strong> (laminaci\u00f3n) o <strong data-start=\"215\" data-end=\"228\">incrustaci\u00f3n h\u00fameda<\/strong> (adhesivo), con m\u00faltiples formas y tama\u00f1os de antena para una f\u00e1cil integraci\u00f3n en tarjetas, etiquetas y embalajes.<\/p>\n<p data-start=\"337\" data-end=\"355\"><strong data-start=\"337\" data-end=\"353\">Caracter\u00edsticas principales<\/strong><\/p>\n<ul data-start=\"356\" data-end=\"738\">\n<li data-start=\"356\" data-end=\"445\">\n<p data-start=\"358\" data-end=\"445\">13,56 MHz HF; ISO\/IEC 14443A (Ultralight EV1), ISO\/IEC 15693 opcional para otros chips<\/p>\n<\/li>\n<li data-start=\"446\" data-end=\"498\">\n<p data-start=\"448\" data-end=\"498\">Anticolisi\u00f3n, lectura r\u00e1pida, alta potencia de escaneo.<\/p>\n<\/li>\n<li data-start=\"499\" data-end=\"570\">\n<p data-start=\"501\" data-end=\"570\">Construcci\u00f3n duradera de PET\/aluminio con opciones de bobina de cobre\/aluminio<\/p>\n<\/li>\n<li data-start=\"571\" data-end=\"643\">\n<p data-start=\"573\" data-end=\"643\">Formas personalizadas (redondas, cuadradas, hexagonales) y tama\u00f1os para diversos productos.<\/p>\n<\/li>\n<li data-start=\"644\" data-end=\"738\">\n<p data-start=\"646\" data-end=\"738\">Opciones de seguridad: UID de 7 bytes, memoria OTP, contadores unidireccionales, firma ECC, contrase\u00f1a opcional<\/p>\n<\/li>\n<\/ul>\n<p data-start=\"740\" data-end=\"922\"><strong data-start=\"740\" data-end=\"756\">Aplicaciones<\/strong><br data-start=\"756\" data-end=\"759\" \/>Inventario y seguimiento de activos \u2022 Almac\u00e9n y log\u00edstica \u2022 Control de acceso e identificaci\u00f3n de personal \u2022 Sistemas de pago m\u00f3vil y emisi\u00f3n de tickets \u2022 Programas inteligentes de marketing\/fidelizaci\u00f3n.<\/p>\n<p data-start=\"924\" data-end=\"1088\"><strong data-start=\"924\" data-end=\"941\">Personalizaci\u00f3n<\/strong><br data-start=\"941\" data-end=\"944\" \/>Logotipo, n\u00fameros QR\/de serie, gr\u00e1ficos; se entregan en rollo o en piezas individuales. NTAG213\/215\/216 y circuitos integrados personalizados disponibles junto con Ultralight EV1.<\/p>\n<h2 data-start=\"1090\" data-end=\"1115\">Tabla (Especificaciones)<\/h2>\n<div class=\"_tableContainer_1rjym_1\">\n<div class=\"group _tableWrapper_1rjym_13 flex w-fit flex-col-reverse\" tabindex=\"-1\">\n<table class=\"w-fit min-w-(--thread-content-width)\" data-start=\"1117\" data-end=\"3049\">\n<thead data-start=\"1117\" data-end=\"1245\">\n<tr data-start=\"1117\" data-end=\"1245\">\n<th data-start=\"1117\" data-end=\"1136\" data-col-size=\"sm\">Categor\u00eda<\/th>\n<th data-start=\"1136\" data-end=\"1159\" data-col-size=\"sm\">Par\u00e1metro<\/th>\n<th data-start=\"1159\" data-end=\"1245\" data-col-size=\"md\">Valor<\/th>\n<\/tr>\n<\/thead>\n<tbody data-start=\"1375\" data-end=\"3049\">\n<tr data-start=\"1375\" data-end=\"1503\">\n<td data-start=\"1375\" data-end=\"1394\" data-col-size=\"sm\">Producto<\/td>\n<td data-col-size=\"sm\" data-start=\"1394\" data-end=\"1417\">Tipo<\/td>\n<td data-col-size=\"md\" data-start=\"1417\" data-end=\"1503\">Incrustaci\u00f3n HF NFC \/ Incrustaci\u00f3n RFID<\/td>\n<\/tr>\n<tr data-start=\"1504\" data-end=\"1632\">\n<td data-start=\"1504\" data-end=\"1523\" data-col-size=\"sm\">RF<\/td>\n<td data-col-size=\"sm\" data-start=\"1523\" data-end=\"1546\">Frecuencia<\/td>\n<td data-col-size=\"md\" data-start=\"1546\" data-end=\"1632\">13,56 MHz (HF)<\/td>\n<\/tr>\n<tr data-start=\"1633\" data-end=\"1760\">\n<td data-start=\"1633\" data-end=\"1652\" data-col-size=\"sm\"><\/td>\n<td data-col-size=\"sm\" data-start=\"1652\" data-end=\"1675\">Protocolo<\/td>\n<td data-col-size=\"md\" data-start=\"1675\" data-end=\"1760\">ISO\/IEC 14443A (Ultralight EV1); ISO\/IEC 15693 (opcional con otros circuitos integrados)<\/td>\n<\/tr>\n<tr data-start=\"1761\" data-end=\"1888\">\n<td data-start=\"1761\" data-end=\"1780\" data-col-size=\"sm\">Opciones de CI<\/td>\n<td data-start=\"1780\" data-end=\"1803\" data-col-size=\"sm\">Papas fritas<\/td>\n<td data-start=\"1803\" data-end=\"1888\" data-col-size=\"md\">MIFARE Ultralight\u00ae EV1; NTAG213\/215\/216; personalizado<\/td>\n<\/tr>\n<tr data-start=\"1889\" data-end=\"2017\">\n<td data-start=\"1889\" data-end=\"1908\" data-col-size=\"sm\">Materiales<\/td>\n<td data-col-size=\"sm\" data-start=\"1908\" data-end=\"1931\">Estructura<\/td>\n<td data-col-size=\"md\" data-start=\"1931\" data-end=\"2017\">Base de aluminio + PET; bobina de antena de cobre\/aluminio<\/td>\n<\/tr>\n<tr data-start=\"2018\" data-end=\"2146\">\n<td data-start=\"2018\" data-end=\"2037\" data-col-size=\"sm\">Factor de forma<\/td>\n<td data-col-size=\"sm\" data-start=\"2037\" data-end=\"2060\">Estilo de incrustaci\u00f3n<\/td>\n<td data-col-size=\"md\" data-start=\"2060\" data-end=\"2146\">Incrustaci\u00f3n seca (laminaci\u00f3n) \/ Incrustaci\u00f3n h\u00fameda (adhesiva)<\/td>\n<\/tr>\n<tr data-start=\"2147\" data-end=\"2275\">\n<td data-start=\"2147\" data-end=\"2166\" data-col-size=\"sm\">Antena<\/td>\n<td data-col-size=\"sm\" data-start=\"2166\" data-end=\"2189\">Formas<\/td>\n<td data-col-size=\"md\" data-start=\"2189\" data-end=\"2275\">Redondo, cuadrado, hexagonal, personalizado.<\/td>\n<\/tr>\n<tr data-start=\"2276\" data-end=\"2404\">\n<td data-start=\"2276\" data-end=\"2295\" data-col-size=\"sm\">Dimensiones<\/td>\n<td data-start=\"2295\" data-end=\"2318\" data-col-size=\"sm\">Opciones de tama\u00f1o<\/td>\n<td data-col-size=\"md\" data-start=\"2318\" data-end=\"2404\">\u00d821\u201356 mm; 40\u00d740\u201346\u00d748 mm; personalizado<\/td>\n<\/tr>\n<tr data-start=\"2405\" data-end=\"2533\">\n<td data-start=\"2405\" data-end=\"2424\" data-col-size=\"sm\">Actuaci\u00f3n<\/td>\n<td data-col-size=\"sm\" data-start=\"2424\" data-end=\"2447\">Caracter\u00edsticas<\/td>\n<td data-col-size=\"md\" data-start=\"2447\" data-end=\"2533\">Anticolisi\u00f3n; lectura r\u00e1pida; alta potencia de escaneo; dise\u00f1o flexible<\/td>\n<\/tr>\n<tr data-start=\"2534\" data-end=\"2662\">\n<td data-start=\"2534\" data-end=\"2553\" data-col-size=\"sm\">Seguridad<\/td>\n<td data-col-size=\"sm\" data-start=\"2553\" data-end=\"2576\">Memoria\/Seguridad<\/td>\n<td data-col-size=\"md\" data-start=\"2576\" data-end=\"2662\">UID de 7 bytes; OTP; contadores unidireccionales; firma ECC; protecci\u00f3n con contrase\u00f1a opcional<\/td>\n<\/tr>\n<tr data-start=\"2663\" data-end=\"2791\">\n<td data-start=\"2663\" data-end=\"2682\" data-col-size=\"sm\">Personalizaci\u00f3n<\/td>\n<td data-col-size=\"sm\" data-start=\"2682\" data-end=\"2705\">Impresi\u00f3n\/Embalaje<\/td>\n<td data-col-size=\"md\" data-start=\"2705\" data-end=\"2791\">Logotipo, QR, serial; carrete o pieza<\/td>\n<\/tr>\n<tr data-start=\"2792\" data-end=\"2920\">\n<td data-start=\"2792\" data-end=\"2811\" data-col-size=\"sm\">Aplicaciones<\/td>\n<td data-col-size=\"sm\" data-start=\"2811\" data-end=\"2834\">Casos de uso<\/td>\n<td data-col-size=\"md\" data-start=\"2834\" data-end=\"2920\">Inventario, activos, almac\u00e9n, log\u00edstica, control de acceso, pago m\u00f3vil, marketing<\/td>\n<\/tr>\n<tr data-start=\"2921\" data-end=\"3049\">\n<td data-start=\"2921\" data-end=\"2940\" data-col-size=\"sm\">Ventajas<\/td>\n<td data-col-size=\"sm\" data-start=\"2940\" data-end=\"2963\">Integraci\u00f3n<\/td>\n<td data-col-size=\"md\" data-start=\"2963\" data-end=\"3049\">Durable, compacto, compatible con dispositivos NFC, f\u00e1cil de integrar<\/td>\n<\/tr>\n<\/tbody>\n<\/table>\n<\/div>\n<\/div>","protected":false},"excerpt":{"rendered":"<p>Incrustaci\u00f3n NFC MIFARE Ultralight EV1 HF 13,56 MHz: formatos secos\/h\u00famedos, m\u00faltiples formas de antena, s\u00f3lido rendimiento de lectura y seguridad integrada para acceso, seguimiento y pagos.<\/p>","protected":false},"featured_media":835,"template":"","meta":{"_gspb_post_css":""},"product_brand":[],"product_cat":[23],"product_tag":[],"class_list":{"0":"post-833","1":"product","2":"type-product","3":"status-publish","4":"has-post-thumbnail","6":"product_cat-rfid-nfc-inlay","8":"first","9":"instock","10":"shipping-taxable","11":"purchasable","12":"product-type-simple"},"_links":{"self":[{"href":"https:\/\/www.cxjsmartcard.com\/es\/wp-json\/wp\/v2\/product\/833","targetHints":{"allow":["GET"]}}],"collection":[{"href":"https:\/\/www.cxjsmartcard.com\/es\/wp-json\/wp\/v2\/product"}],"about":[{"href":"https:\/\/www.cxjsmartcard.com\/es\/wp-json\/wp\/v2\/types\/product"}],"wp:featuredmedia":[{"embeddable":true,"href":"https:\/\/www.cxjsmartcard.com\/es\/wp-json\/wp\/v2\/media\/835"}],"wp:attachment":[{"href":"https:\/\/www.cxjsmartcard.com\/es\/wp-json\/wp\/v2\/media?parent=833"}],"wp:term":[{"taxonomy":"product_brand","embeddable":true,"href":"https:\/\/www.cxjsmartcard.com\/es\/wp-json\/wp\/v2\/product_brand?post=833"},{"taxonomy":"product_cat","embeddable":true,"href":"https:\/\/www.cxjsmartcard.com\/es\/wp-json\/wp\/v2\/product_cat?post=833"},{"taxonomy":"product_tag","embeddable":true,"href":"https:\/\/www.cxjsmartcard.com\/es\/wp-json\/wp\/v2\/product_tag?post=833"}],"curies":[{"name":"wp","href":"https:\/\/api.w.org\/{rel}","templated":true}]}}