{"id":829,"date":"2025-11-03T08:19:26","date_gmt":"2025-11-03T08:19:26","guid":{"rendered":"https:\/\/www.cxjsmartcard.com\/?post_type=product&#038;p=829"},"modified":"2025-12-29T01:27:09","modified_gmt":"2025-12-29T01:27:09","slug":"ntag213-rfid-nfc-inlay-sticker-tag","status":"publish","type":"product","link":"https:\/\/www.cxjsmartcard.com\/es\/ntag213-rfid-nfc-inlay-sticker-tag\/","title":{"rendered":"Etiqueta adhesiva con incrustaci\u00f3n RFID NFC NTAG213"},"content":{"rendered":"<p data-start=\"46\" data-end=\"283\">Etiqueta inteligente NFC compacta y duradera, basada en el chip NXP\u00ae NTAG213, para una comunicaci\u00f3n r\u00e1pida y fiable con smartphones, tablets y lectores ISO14443A. Se suministra en rollos para una f\u00e1cil integraci\u00f3n en etiquetas, tarjetas y embalajes.<\/p>\n<p data-start=\"285\" data-end=\"299\"><strong data-start=\"285\" data-end=\"297\">Caracter\u00edsticas<\/strong><\/p>\n<ul data-start=\"300\" data-end=\"778\">\n<li data-start=\"300\" data-end=\"347\">\n<p data-start=\"302\" data-end=\"347\">Chip NTAG213 (HF 13,56 MHz, ISO\/IEC 14443A)<\/p>\n<\/li>\n<li data-start=\"348\" data-end=\"409\">\n<p data-start=\"350\" data-end=\"409\">Rango de lectura: normalmente de 1 a 5 cm (dependiendo del dispositivo y la antena)<\/p>\n<\/li>\n<li data-start=\"410\" data-end=\"479\">\n<p data-start=\"412\" data-end=\"479\">144 bytes de memoria de usuario para URL, ID, detalles de contacto y m\u00e1s<\/p>\n<\/li>\n<li data-start=\"480\" data-end=\"545\">\n<p data-start=\"482\" data-end=\"545\">Hasta 100.000 reescrituras; configuraci\u00f3n opcional de bloqueo\/solo lectura<\/p>\n<\/li>\n<li data-start=\"546\" data-end=\"617\">\n<p data-start=\"548\" data-end=\"617\">Sustrato de antena PET con papel recubierto (caras opcionales de PVC\/PET\/PP)<\/p>\n<\/li>\n<li data-start=\"618\" data-end=\"683\">\n<p data-start=\"620\" data-end=\"683\">Formato de entrega: 1.000\u20135.000 piezas por rollo; 4 rollos por caja<\/p>\n<\/li>\n<li data-start=\"684\" data-end=\"747\">\n<p data-start=\"686\" data-end=\"747\">Temperatura de funcionamiento: \u221240 \u00b0C a +70 \u00b0C; almacenamiento: \u221220 \u00b0C a +50 \u00b0C<\/p>\n<\/li>\n<li data-start=\"748\" data-end=\"778\">\n<p data-start=\"750\" data-end=\"778\">Dise\u00f1o pasivo, sin bater\u00eda<\/p>\n<\/li>\n<\/ul>\n<p data-start=\"780\" data-end=\"965\"><strong data-start=\"780\" data-end=\"796\">Aplicaciones<\/strong><br data-start=\"796\" data-end=\"799\" \/>Enlaces de redes sociales y marketing \u2022 Etiquetado de activos \u2022 Pagos sin contacto (donde sea compatible) \u2022 Venta de entradas y control de acceso para eventos \u2022 P\u00f3steres inteligentes y autenticaci\u00f3n de productos.<\/p>\n<p data-start=\"967\" data-end=\"1268\"><strong data-start=\"967\" data-end=\"975\">Preguntas frecuentes<\/strong><br data-start=\"975\" data-end=\"978\" \/><strong data-start=\"978\" data-end=\"1008\">Q1: \u00bfCu\u00e1l es el rango de lectura?<\/strong> Generalmente entre 1 y 5 cm, dependiendo del tama\u00f1o de la etiqueta y la fuerza del lector.<br data-start=\"1069\" data-end=\"1072\" \/><strong data-start=\"1072\" data-end=\"1109\">P2: \u00bfSe pueden reprogramar las etiquetas?<\/strong> S\u00ed, reescribible hasta 100.000 veces o bloqueable para solo lectura.<br data-start=\"1170\" data-end=\"1173\" \/><strong data-start=\"1173\" data-end=\"1204\">Q3: \u00bfC\u00f3mo se entregan?<\/strong> En formato rollo (1.000\u20135.000 uds\/rollo) para una producci\u00f3n eficiente.<\/p>\n<h2 data-start=\"1270\" data-end=\"1295\">Tabla (Especificaciones)<\/h2>\n<div class=\"_tableContainer_1rjym_1\">\n<div class=\"group _tableWrapper_1rjym_13 flex w-fit flex-col-reverse\" tabindex=\"-1\">\n<table class=\"w-fit min-w-(--thread-content-width)\" data-start=\"1297\" data-end=\"3454\">\n<thead data-start=\"1297\" data-end=\"1416\">\n<tr data-start=\"1297\" data-end=\"1416\">\n<th data-start=\"1297\" data-end=\"1320\" data-col-size=\"sm\">Categor\u00eda<\/th>\n<th data-start=\"1320\" data-end=\"1343\" data-col-size=\"sm\">Par\u00e1metro<\/th>\n<th data-start=\"1343\" data-end=\"1416\" data-col-size=\"md\">Valor<\/th>\n<\/tr>\n<\/thead>\n<tbody data-start=\"1537\" data-end=\"3454\">\n<tr data-start=\"1537\" data-end=\"1656\">\n<td data-start=\"1537\" data-end=\"1560\" data-col-size=\"sm\">Producto<\/td>\n<td data-start=\"1560\" data-end=\"1583\" data-col-size=\"sm\">Tipo<\/td>\n<td data-col-size=\"md\" data-start=\"1583\" data-end=\"1656\">Etiqueta adhesiva\/incrustaci\u00f3n NFC<\/td>\n<\/tr>\n<tr data-start=\"1657\" data-end=\"1776\">\n<td data-start=\"1657\" data-end=\"1680\" data-col-size=\"sm\">RF<\/td>\n<td data-start=\"1680\" data-end=\"1703\" data-col-size=\"sm\">Frecuencia<\/td>\n<td data-start=\"1703\" data-end=\"1776\" data-col-size=\"md\">13,56 MHz<\/td>\n<\/tr>\n<tr data-start=\"1777\" data-end=\"1896\">\n<td data-start=\"1777\" data-end=\"1800\" data-col-size=\"sm\"><\/td>\n<td data-start=\"1800\" data-end=\"1823\" data-col-size=\"sm\">Protocolo<\/td>\n<td data-col-size=\"md\" data-start=\"1823\" data-end=\"1896\">ISO\/IEC 14443A<\/td>\n<\/tr>\n<tr data-start=\"1897\" data-end=\"2016\">\n<td data-start=\"1897\" data-end=\"1920\" data-col-size=\"sm\">CI<\/td>\n<td data-col-size=\"sm\" data-start=\"1920\" data-end=\"1943\">Chip<\/td>\n<td data-col-size=\"md\" data-start=\"1943\" data-end=\"2016\">NTAG213 (NXP\u00ae)<\/td>\n<\/tr>\n<tr data-start=\"2017\" data-end=\"2136\">\n<td data-start=\"2017\" data-end=\"2040\" data-col-size=\"sm\">Memoria<\/td>\n<td data-start=\"2040\" data-end=\"2063\" data-col-size=\"sm\">Capacidad de usuario<\/td>\n<td data-col-size=\"md\" data-start=\"2063\" data-end=\"2136\">144 bytes<\/td>\n<\/tr>\n<tr data-start=\"2137\" data-end=\"2255\">\n<td data-start=\"2137\" data-end=\"2160\" data-col-size=\"sm\">Actuaci\u00f3n<\/td>\n<td data-col-size=\"sm\" data-start=\"2160\" data-end=\"2183\">Rango de lectura<\/td>\n<td data-col-size=\"md\" data-start=\"2183\" data-end=\"2255\">1\u20135 cm t\u00edpico (hasta ~10 cm con antenas\/lectores m\u00e1s grandes)<\/td>\n<\/tr>\n<tr data-start=\"2256\" data-end=\"2375\">\n<td data-start=\"2256\" data-end=\"2279\" data-col-size=\"sm\">Operaci\u00f3n<\/td>\n<td data-col-size=\"sm\" data-start=\"2279\" data-end=\"2302\">Modo<\/td>\n<td data-col-size=\"md\" data-start=\"2302\" data-end=\"2375\">Pasivo (sin bater\u00eda)<\/td>\n<\/tr>\n<tr data-start=\"2376\" data-end=\"2495\">\n<td data-start=\"2376\" data-end=\"2399\" data-col-size=\"sm\">Resistencia<\/td>\n<td data-col-size=\"sm\" data-start=\"2399\" data-end=\"2422\">Ciclos de escritura<\/td>\n<td data-col-size=\"md\" data-start=\"2422\" data-end=\"2495\">Hasta 100.000 reescrituras<\/td>\n<\/tr>\n<tr data-start=\"2496\" data-end=\"2615\">\n<td data-start=\"2496\" data-end=\"2519\" data-col-size=\"sm\">Materiales<\/td>\n<td data-start=\"2519\" data-end=\"2542\" data-col-size=\"sm\">Sustrato de antena<\/td>\n<td data-col-size=\"md\" data-start=\"2542\" data-end=\"2615\">MASCOTA<\/td>\n<\/tr>\n<tr data-start=\"2616\" data-end=\"2735\">\n<td data-start=\"2616\" data-end=\"2639\" data-col-size=\"sm\"><\/td>\n<td data-col-size=\"sm\" data-start=\"2639\" data-end=\"2662\">Superficie de la etiqueta<\/td>\n<td data-col-size=\"md\" data-start=\"2662\" data-end=\"2735\">Papel estucado (PVC, PET, PP opcional)<\/td>\n<\/tr>\n<tr data-start=\"2736\" data-end=\"2854\">\n<td data-start=\"2736\" data-end=\"2759\" data-col-size=\"sm\">Factores de forma<\/td>\n<td data-col-size=\"sm\" data-start=\"2759\" data-end=\"2782\">Tama\u00f1os de etiquetas<\/td>\n<td data-col-size=\"md\" data-start=\"2782\" data-end=\"2854\">\u00d818\/\u00d822\/\u00d825\/\u00d830 mm; 16 \u00d7 58 mm; otros bajo pedido<\/td>\n<\/tr>\n<tr data-start=\"2855\" data-end=\"2974\">\n<td data-start=\"2855\" data-end=\"2878\" data-col-size=\"sm\">Ambiente<\/td>\n<td data-start=\"2878\" data-end=\"2901\" data-col-size=\"sm\">Temperatura de funcionamiento<\/td>\n<td data-col-size=\"md\" data-start=\"2901\" data-end=\"2974\">\u221240 \u00b0C a +70 \u00b0C<\/td>\n<\/tr>\n<tr data-start=\"2975\" data-end=\"3094\">\n<td data-start=\"2975\" data-end=\"2998\" data-col-size=\"sm\"><\/td>\n<td data-col-size=\"sm\" data-start=\"2998\" data-end=\"3021\">Temperatura de almacenamiento<\/td>\n<td data-col-size=\"md\" data-start=\"3021\" data-end=\"3094\">\u221220 \u00b0C a +50 \u00b0C<\/td>\n<\/tr>\n<tr data-start=\"3095\" data-end=\"3214\">\n<td data-start=\"3095\" data-end=\"3118\" data-col-size=\"sm\">Embalaje<\/td>\n<td data-col-size=\"sm\" data-start=\"3118\" data-end=\"3141\">Formato de entrega<\/td>\n<td data-col-size=\"md\" data-start=\"3141\" data-end=\"3214\">1000\u20135000 piezas\/rollo; 4 rollos\/caja<\/td>\n<\/tr>\n<tr data-start=\"3215\" data-end=\"3334\">\n<td data-start=\"3215\" data-end=\"3238\" data-col-size=\"sm\">Opciones<\/td>\n<td data-col-size=\"sm\" data-start=\"3238\" data-end=\"3261\">Configuraci\u00f3n de datos<\/td>\n<td data-col-size=\"md\" data-start=\"3261\" data-end=\"3334\">Reescribible o configurado como de solo lectura<\/td>\n<\/tr>\n<tr data-start=\"3335\" data-end=\"3454\">\n<td data-start=\"3335\" data-end=\"3358\" data-col-size=\"sm\">Casos de uso<\/td>\n<td data-col-size=\"sm\" data-start=\"3358\" data-end=\"3381\">Aplicaciones t\u00edpicas<\/td>\n<td data-col-size=\"md\" data-start=\"3381\" data-end=\"3454\">Enlaces de marketing, seguimiento de activos, pagos, control de acceso y emisi\u00f3n de tickets<\/td>\n<\/tr>\n<\/tbody>\n<\/table>\n<\/div>\n<\/div>","protected":false},"excerpt":{"rendered":"<p>Etiqueta adhesiva NFC NTAG213: 13,56 MHz ISO14443A, 144 bytes, lecturas de 1 a 5 cm, reescribible hasta 100.000 veces; sustrato PET con cara de papel recubierto, se entrega en rollos.<\/p>","protected":false},"featured_media":830,"template":"","meta":{"_gspb_post_css":""},"product_brand":[],"product_cat":[23],"product_tag":[],"class_list":{"0":"post-829","1":"product","2":"type-product","3":"status-publish","4":"has-post-thumbnail","6":"product_cat-rfid-nfc-inlay","8":"first","9":"instock","10":"shipping-taxable","11":"purchasable","12":"product-type-simple"},"_links":{"self":[{"href":"https:\/\/www.cxjsmartcard.com\/es\/wp-json\/wp\/v2\/product\/829","targetHints":{"allow":["GET"]}}],"collection":[{"href":"https:\/\/www.cxjsmartcard.com\/es\/wp-json\/wp\/v2\/product"}],"about":[{"href":"https:\/\/www.cxjsmartcard.com\/es\/wp-json\/wp\/v2\/types\/product"}],"wp:featuredmedia":[{"embeddable":true,"href":"https:\/\/www.cxjsmartcard.com\/es\/wp-json\/wp\/v2\/media\/830"}],"wp:attachment":[{"href":"https:\/\/www.cxjsmartcard.com\/es\/wp-json\/wp\/v2\/media?parent=829"}],"wp:term":[{"taxonomy":"product_brand","embeddable":true,"href":"https:\/\/www.cxjsmartcard.com\/es\/wp-json\/wp\/v2\/product_brand?post=829"},{"taxonomy":"product_cat","embeddable":true,"href":"https:\/\/www.cxjsmartcard.com\/es\/wp-json\/wp\/v2\/product_cat?post=829"},{"taxonomy":"product_tag","embeddable":true,"href":"https:\/\/www.cxjsmartcard.com\/es\/wp-json\/wp\/v2\/product_tag?post=829"}],"curies":[{"name":"wp","href":"https:\/\/api.w.org\/{rel}","templated":true}]}}