{"id":824,"date":"2025-11-03T08:17:18","date_gmt":"2025-11-03T08:17:18","guid":{"rendered":"https:\/\/www.cxjsmartcard.com\/?post_type=product&#038;p=824"},"modified":"2025-12-29T01:27:09","modified_gmt":"2025-12-29T01:27:09","slug":"customizable-rfid-nfc-programmable-printable-wet-dry-inlay","status":"publish","type":"product","link":"https:\/\/www.cxjsmartcard.com\/es\/customizable-rfid-nfc-programmable-printable-wet-dry-inlay\/","title":{"rendered":"Incrustaci\u00f3n RFID NFC personalizable, programable e imprimible en h\u00famedo\/seco"},"content":{"rendered":"<p data-start=\"70\" data-end=\"424\">Incrustaciones NFC de alta frecuencia de 13,56 MHz basadas en NTAG213 para aplicaciones de corto alcance compatibles con smartphones. Disponibles como... <strong data-start=\"191\" data-end=\"204\">incrustaci\u00f3n h\u00fameda<\/strong> (adhesivo, despegar y pegar) o <strong data-start=\"235\" data-end=\"248\">incrustaci\u00f3n seca<\/strong> (para laminaci\u00f3n), el dise\u00f1o de factor de forma mini es <strong data-start=\"298\" data-end=\"341\">Imprimible, programable y resistente al agua.<\/strong>\u2014ideal para tarjetas de acceso de hotel, identificaciones de miembros, etiquetas minoristas y marketing sin contacto.<\/p>\n<p data-start=\"426\" data-end=\"456\"><strong data-start=\"426\" data-end=\"454\">Construcci\u00f3n y materiales<\/strong><\/p>\n<ul data-start=\"457\" data-end=\"705\">\n<li data-start=\"457\" data-end=\"543\">\n<p data-start=\"459\" data-end=\"543\"><strong data-start=\"459\" data-end=\"471\">Formatos:<\/strong> Incrustaci\u00f3n h\u00fameda con respaldo adhesivo; incrustaci\u00f3n seca para laminaci\u00f3n de tarjetas\/boletos<\/p>\n<\/li>\n<li data-start=\"544\" data-end=\"619\">\n<p data-start=\"546\" data-end=\"619\"><strong data-start=\"546\" data-end=\"573\">Materiales de la cara\/antena:<\/strong> PET, papel de cobre para un alto rendimiento de RF<\/p>\n<\/li>\n<li data-start=\"620\" data-end=\"705\">\n<p data-start=\"622\" data-end=\"705\"><strong data-start=\"622\" data-end=\"643\">Superficie de impresi\u00f3n:<\/strong> Admite la impresi\u00f3n directa de logotipos, c\u00f3digos de barras e instrucciones.<\/p>\n<\/li>\n<\/ul>\n<p data-start=\"707\" data-end=\"739\"><strong data-start=\"707\" data-end=\"737\">Funciones NFC programables<\/strong><\/p>\n<ul data-start=\"740\" data-end=\"970\">\n<li data-start=\"740\" data-end=\"806\">\n<p data-start=\"742\" data-end=\"806\"><strong data-start=\"742\" data-end=\"751\">Chip:<\/strong> NTAG213 (ISO\/IEC 14443A), compatible con NFC para Android\/iOS<\/p>\n<\/li>\n<li data-start=\"807\" data-end=\"886\">\n<p data-start=\"809\" data-end=\"886\"><strong data-start=\"809\" data-end=\"825\">Memoria de usuario:<\/strong> ~180 bytes utilizables para URL, ID, credenciales y datos de fidelizaci\u00f3n<\/p>\n<\/li>\n<li data-start=\"887\" data-end=\"970\">\n<p data-start=\"889\" data-end=\"970\"><strong data-start=\"889\" data-end=\"903\">Casos de uso:<\/strong> Control de acceso, membres\u00eda, autenticaci\u00f3n, empaquetado\/etiquetas inteligentes<\/p>\n<\/li>\n<\/ul>\n<p data-start=\"972\" data-end=\"982\"><strong data-start=\"972\" data-end=\"980\">Preguntas frecuentes<\/strong><\/p>\n<ul data-start=\"983\" data-end=\"1267\">\n<li data-start=\"983\" data-end=\"1039\">\n<p data-start=\"985\" data-end=\"1039\"><strong data-start=\"985\" data-end=\"997\">\u00bfMuestras?<\/strong> Disponemos de muestras gratuitas para probar.<\/p>\n<\/li>\n<li data-start=\"1040\" data-end=\"1109\">\n<p data-start=\"1042\" data-end=\"1109\"><strong data-start=\"1042\" data-end=\"1054\">\u00bfLectores?<\/strong> Funciona con tel\u00e9fonos habilitados para NFC y lectores ISO14443A.<\/p>\n<\/li>\n<li data-start=\"1110\" data-end=\"1194\">\n<p data-start=\"1112\" data-end=\"1194\"><strong data-start=\"1112\" data-end=\"1129\">\u00bfImpresi\u00f3n personalizada?<\/strong> Personalizaci\u00f3n completa: ilustraciones, c\u00f3digos de barras\/QR, n\u00fameros de serie, identificaciones \u00fanicas.<\/p>\n<\/li>\n<li data-start=\"1195\" data-end=\"1267\">\n<p data-start=\"1197\" data-end=\"1267\"><strong data-start=\"1197\" data-end=\"1212\">\u00bfDuraci\u00f3n?<\/strong> M\u00e1s de 10 a\u00f1os con almacenamiento est\u00e1ndar; retenci\u00f3n prolongada de datos.<\/p>\n<\/li>\n<\/ul>\n<p data-start=\"1269\" data-end=\"1314\"><strong data-start=\"1269\" data-end=\"1279\">Origen<\/strong><br data-start=\"1279\" data-end=\"1282\" \/>Fabricado en Zhejiang, China.<\/p>\n<h2 data-start=\"1316\" data-end=\"1341\">Tabla (Especificaciones)<\/h2>\n<div class=\"_tableContainer_1rjym_1\">\n<div class=\"group _tableWrapper_1rjym_13 flex w-fit flex-col-reverse\" tabindex=\"-1\">\n<table class=\"w-fit min-w-(--thread-content-width)\" data-start=\"1343\" data-end=\"2954\">\n<thead data-start=\"1343\" data-end=\"1458\">\n<tr data-start=\"1343\" data-end=\"1458\">\n<th data-start=\"1343\" data-end=\"1365\" data-col-size=\"sm\">Categor\u00eda<\/th>\n<th data-start=\"1365\" data-end=\"1388\" data-col-size=\"sm\">Par\u00e1metro<\/th>\n<th data-start=\"1388\" data-end=\"1458\" data-col-size=\"md\">Valor<\/th>\n<\/tr>\n<\/thead>\n<tbody data-start=\"1574\" data-end=\"2954\">\n<tr data-start=\"1574\" data-end=\"1688\">\n<td data-start=\"1574\" data-end=\"1595\" data-col-size=\"sm\">Producto<\/td>\n<td data-start=\"1595\" data-end=\"1618\" data-col-size=\"sm\">Tipo<\/td>\n<td data-col-size=\"md\" data-start=\"1618\" data-end=\"1688\">Incrustaci\u00f3n NFC h\u00fameda\/seca (minietiqueta)<\/td>\n<\/tr>\n<tr data-start=\"1689\" data-end=\"1804\">\n<td data-start=\"1689\" data-end=\"1710\" data-col-size=\"sm\">Frecuencia<\/td>\n<td data-col-size=\"sm\" data-start=\"1710\" data-end=\"1733\">Alta frecuencia<\/td>\n<td data-col-size=\"md\" data-start=\"1733\" data-end=\"1804\">13,56 MHz<\/td>\n<\/tr>\n<tr data-start=\"1805\" data-end=\"1919\">\n<td data-start=\"1805\" data-end=\"1826\" data-col-size=\"sm\">Protocolo<\/td>\n<td data-start=\"1826\" data-end=\"1849\" data-col-size=\"sm\">Interfaz a\u00e9rea<\/td>\n<td data-col-size=\"md\" data-start=\"1849\" data-end=\"1919\">ISO\/IEC 14443A<\/td>\n<\/tr>\n<tr data-start=\"1920\" data-end=\"2034\">\n<td data-start=\"1920\" data-end=\"1941\" data-col-size=\"sm\">CI<\/td>\n<td data-col-size=\"sm\" data-start=\"1941\" data-end=\"1964\">Chip<\/td>\n<td data-col-size=\"md\" data-start=\"1964\" data-end=\"2034\">NTAG213<\/td>\n<\/tr>\n<tr data-start=\"2035\" data-end=\"2149\">\n<td data-start=\"2035\" data-end=\"2056\" data-col-size=\"sm\">Memoria<\/td>\n<td data-col-size=\"sm\" data-start=\"2056\" data-end=\"2079\">Capacidad de usuario<\/td>\n<td data-col-size=\"md\" data-start=\"2079\" data-end=\"2149\">~180 bytes utilizables<\/td>\n<\/tr>\n<tr data-start=\"2150\" data-end=\"2264\">\n<td data-start=\"2150\" data-end=\"2171\" data-col-size=\"sm\">Compatibilidad<\/td>\n<td data-col-size=\"sm\" data-start=\"2171\" data-end=\"2194\">Dispositivos<\/td>\n<td data-col-size=\"md\" data-start=\"2194\" data-end=\"2264\">Tel\u00e9fonos NFC Android\/iOS; lectores ISO14443A<\/td>\n<\/tr>\n<tr data-start=\"2265\" data-end=\"2379\">\n<td data-start=\"2265\" data-end=\"2286\" data-col-size=\"sm\">Formatos<\/td>\n<td data-col-size=\"sm\" data-start=\"2286\" data-end=\"2309\">Estilos de incrustaciones<\/td>\n<td data-col-size=\"md\" data-start=\"2309\" data-end=\"2379\">H\u00famedo (adhesivo, despegar y pegar); Seco (laminaci\u00f3n)<\/td>\n<\/tr>\n<tr data-start=\"2380\" data-end=\"2494\">\n<td data-start=\"2380\" data-end=\"2401\" data-col-size=\"sm\">Materiales<\/td>\n<td data-col-size=\"sm\" data-start=\"2401\" data-end=\"2424\">Construcci\u00f3n<\/td>\n<td data-col-size=\"md\" data-start=\"2424\" data-end=\"2494\">PET, papel de cobre<\/td>\n<\/tr>\n<tr data-start=\"2495\" data-end=\"2609\">\n<td data-start=\"2495\" data-end=\"2516\" data-col-size=\"sm\">Caracter\u00edsticas<\/td>\n<td data-col-size=\"sm\" data-start=\"2516\" data-end=\"2539\">Atributos<\/td>\n<td data-col-size=\"md\" data-start=\"2539\" data-end=\"2609\">Imprimible, programable, resistente al agua.<\/td>\n<\/tr>\n<tr data-start=\"2610\" data-end=\"2724\">\n<td data-start=\"2610\" data-end=\"2631\" data-col-size=\"sm\">Personalizaci\u00f3n<\/td>\n<td data-col-size=\"sm\" data-start=\"2631\" data-end=\"2654\">Impresi\u00f3n\/Datos<\/td>\n<td data-col-size=\"md\" data-start=\"2654\" data-end=\"2724\">Logotipos, c\u00f3digos de barras\/QR, n\u00fameros de serie, instrucciones<\/td>\n<\/tr>\n<tr data-start=\"2725\" data-end=\"2839\">\n<td data-start=\"2725\" data-end=\"2746\" data-col-size=\"sm\">Aplicaciones<\/td>\n<td data-col-size=\"sm\" data-start=\"2746\" data-end=\"2769\">Usos t\u00edpicos<\/td>\n<td data-col-size=\"md\" data-start=\"2769\" data-end=\"2839\">Llaves de hotel, tarjetas de membres\u00eda, etiquetas de tiendas minoristas, etiquetas de marketing<\/td>\n<\/tr>\n<tr data-start=\"2840\" data-end=\"2954\">\n<td data-start=\"2840\" data-end=\"2861\" data-col-size=\"sm\">Origen<\/td>\n<td data-col-size=\"sm\" data-start=\"2861\" data-end=\"2884\">Fabricaci\u00f3n<\/td>\n<td data-col-size=\"md\" data-start=\"2884\" data-end=\"2954\">Zhejiang, China<\/td>\n<\/tr>\n<\/tbody>\n<\/table>\n<\/div>\n<\/div>","protected":false},"excerpt":{"rendered":"<p>Incrustaci\u00f3n NFC NTAG213 de 13,56 MHz personalizable en formato h\u00famedo o seco: imprimible, programable, resistente al agua y compatible con tel\u00e9fonos para llaves, identificaciones, etiquetas y envases inteligentes.<\/p>","protected":false},"featured_media":828,"template":"","meta":{"_gspb_post_css":""},"product_brand":[],"product_cat":[23],"product_tag":[],"class_list":{"0":"post-824","1":"product","2":"type-product","3":"status-publish","4":"has-post-thumbnail","6":"product_cat-rfid-nfc-inlay","8":"first","9":"instock","10":"shipping-taxable","11":"purchasable","12":"product-type-simple"},"_links":{"self":[{"href":"https:\/\/www.cxjsmartcard.com\/es\/wp-json\/wp\/v2\/product\/824","targetHints":{"allow":["GET"]}}],"collection":[{"href":"https:\/\/www.cxjsmartcard.com\/es\/wp-json\/wp\/v2\/product"}],"about":[{"href":"https:\/\/www.cxjsmartcard.com\/es\/wp-json\/wp\/v2\/types\/product"}],"wp:featuredmedia":[{"embeddable":true,"href":"https:\/\/www.cxjsmartcard.com\/es\/wp-json\/wp\/v2\/media\/828"}],"wp:attachment":[{"href":"https:\/\/www.cxjsmartcard.com\/es\/wp-json\/wp\/v2\/media?parent=824"}],"wp:term":[{"taxonomy":"product_brand","embeddable":true,"href":"https:\/\/www.cxjsmartcard.com\/es\/wp-json\/wp\/v2\/product_brand?post=824"},{"taxonomy":"product_cat","embeddable":true,"href":"https:\/\/www.cxjsmartcard.com\/es\/wp-json\/wp\/v2\/product_cat?post=824"},{"taxonomy":"product_tag","embeddable":true,"href":"https:\/\/www.cxjsmartcard.com\/es\/wp-json\/wp\/v2\/product_tag?post=824"}],"curies":[{"name":"wp","href":"https:\/\/api.w.org\/{rel}","templated":true}]}}