{"id":820,"date":"2025-11-03T08:14:41","date_gmt":"2025-11-03T08:14:41","guid":{"rendered":"https:\/\/www.cxjsmartcard.com\/?post_type=product&#038;p=820"},"modified":"2025-12-29T01:27:09","modified_gmt":"2025-12-29T01:27:09","slug":"uhf-rfid-textile-label-for-apparel-tracking","status":"publish","type":"product","link":"https:\/\/www.cxjsmartcard.com\/es\/uhf-rfid-textile-label-for-apparel-tracking\/","title":{"rendered":"Etiqueta textil RFID UHF para seguimiento de prendas de vestir"},"content":{"rendered":"<p data-start=\"55\" data-end=\"315\">Etiquetas textiles UHF suaves y lavables con incrustaciones EPC Gen2 para un seguimiento r\u00e1pido y preciso de las prendas. Su dise\u00f1o, cosible o termoadhesivo, facilita la lectura en masa durante el recuento de existencias, la entrada de ropa y la distribuci\u00f3n, lo que mejora la visibilidad y reduce las p\u00e9rdidas.<\/p>\n<p data-start=\"317\" data-end=\"335\"><strong data-start=\"317\" data-end=\"333\">Beneficios clave<\/strong><\/p>\n<ul data-start=\"336\" data-end=\"662\">\n<li data-start=\"336\" data-end=\"407\">\n<p data-start=\"338\" data-end=\"407\"><strong data-start=\"338\" data-end=\"358\">Lectura m\u00faltiple r\u00e1pida:<\/strong> Distancia de lectura de 1 a 10 m para escaneo r\u00e1pido de lotes.<\/p>\n<\/li>\n<li data-start=\"408\" data-end=\"500\">\n<p data-start=\"410\" data-end=\"500\"><strong data-start=\"410\" data-end=\"429\">Suave y duradero:<\/strong> C\u00f3modo en prendas, resistente al lavado, planchado y limpieza en seco.<\/p>\n<\/li>\n<li data-start=\"501\" data-end=\"579\">\n<p data-start=\"503\" data-end=\"579\"><strong data-start=\"503\" data-end=\"523\">Basado en est\u00e1ndares:<\/strong> UHF 860\u2013960 MHz, ISO\/IEC 18000-6C (EPC Clase 1 Gen2).<\/p>\n<\/li>\n<li data-start=\"580\" data-end=\"662\">\n<p data-start=\"582\" data-end=\"662\"><strong data-start=\"582\" data-end=\"598\">Listo para la marca:<\/strong> Tama\u00f1os personalizados, materiales, ilustraciones e impresi\u00f3n\/codificaci\u00f3n completa.<\/p>\n<\/li>\n<\/ul>\n<p data-start=\"664\" data-end=\"809\"><strong data-start=\"664\" data-end=\"680\">Aplicaciones<\/strong><br data-start=\"680\" data-end=\"683\" \/>Inventario minorista y recuentos c\u00edclicos \u2022 Seguimiento de prendas de vestir \u2022 Programas de lavander\u00eda y uniformes \u2022 Cadena de suministro de calzado y textiles.<\/p>\n<p data-start=\"811\" data-end=\"1039\"><strong data-start=\"811\" data-end=\"834\">Opciones y acabados<\/strong><br data-start=\"834\" data-end=\"837\" \/>Materiales: poli\u00e9ster, sat\u00e9n, algod\u00f3n, PET, no tejido \u2022 Tama\u00f1os: 60\u00d730 mm, 80\u00d738 mm o personalizado \u2022 Chips: NXP UCODE 8\/9; Impinj Monza R6\/R6-P \u2022 Impresi\u00f3n\/codificaci\u00f3n: logotipo, serie\/UID, c\u00f3digo de barras, QR, datos variables.<\/p>\n<h2 data-start=\"1041\" data-end=\"1066\">Tabla (Especificaciones)<\/h2>\n<div class=\"_tableContainer_1rjym_1\">\n<div class=\"group _tableWrapper_1rjym_13 flex w-fit flex-col-reverse\" tabindex=\"-1\">\n<table class=\"w-fit min-w-(--thread-content-width)\" data-start=\"1068\" data-end=\"2897\">\n<thead data-start=\"1068\" data-end=\"1189\">\n<tr data-start=\"1068\" data-end=\"1189\">\n<th data-start=\"1068\" data-end=\"1090\" data-col-size=\"sm\">Categor\u00eda<\/th>\n<th data-start=\"1090\" data-end=\"1116\" data-col-size=\"sm\">Par\u00e1metro<\/th>\n<th data-start=\"1116\" data-end=\"1189\" data-col-size=\"md\">Valor<\/th>\n<\/tr>\n<\/thead>\n<tbody data-start=\"1312\" data-end=\"2897\">\n<tr data-start=\"1312\" data-end=\"1432\">\n<td data-start=\"1312\" data-end=\"1334\" data-col-size=\"sm\">Producto<\/td>\n<td data-col-size=\"sm\" data-start=\"1334\" data-end=\"1360\">Tipo<\/td>\n<td data-col-size=\"md\" data-start=\"1360\" data-end=\"1432\">Etiqueta de lavado\/textil RFID UHF<\/td>\n<\/tr>\n<tr data-start=\"1433\" data-end=\"1554\">\n<td data-start=\"1433\" data-end=\"1455\" data-col-size=\"sm\">RFID<\/td>\n<td data-col-size=\"sm\" data-start=\"1455\" data-end=\"1481\">Protocolo<\/td>\n<td data-col-size=\"md\" data-start=\"1481\" data-end=\"1554\">ISO\/IEC 18000-6C, EPC Clase 1 Gen 2<\/td>\n<\/tr>\n<tr data-start=\"1555\" data-end=\"1676\">\n<td data-start=\"1555\" data-end=\"1577\" data-col-size=\"sm\"><\/td>\n<td data-col-size=\"sm\" data-start=\"1577\" data-end=\"1603\">Frecuencia<\/td>\n<td data-col-size=\"md\" data-start=\"1603\" data-end=\"1676\">860\u2013960 MHz<\/td>\n<\/tr>\n<tr data-start=\"1677\" data-end=\"1798\">\n<td data-start=\"1677\" data-end=\"1699\" data-col-size=\"sm\">Opciones de CI<\/td>\n<td data-col-size=\"sm\" data-start=\"1699\" data-end=\"1725\">Modelos de chips<\/td>\n<td data-col-size=\"md\" data-start=\"1725\" data-end=\"1798\">NXP UCODE 8 \/ UCODE 9; Impinj Monza R6 \/ R6-P<\/td>\n<\/tr>\n<tr data-start=\"1799\" data-end=\"1920\">\n<td data-start=\"1799\" data-end=\"1821\" data-col-size=\"sm\">Memoria<\/td>\n<td data-col-size=\"sm\" data-start=\"1821\" data-end=\"1847\">EPC \/ Usuario \/ TID<\/td>\n<td data-col-size=\"md\" data-start=\"1847\" data-end=\"1920\">EPC 96\u2013496 bits (configurable) \/ Opcional por el usuario \/ TID 96 bits<\/td>\n<\/tr>\n<tr data-start=\"1921\" data-end=\"2042\">\n<td data-start=\"1921\" data-end=\"1943\" data-col-size=\"sm\">Actuaci\u00f3n<\/td>\n<td data-col-size=\"sm\" data-start=\"1943\" data-end=\"1969\">Distancia de lectura<\/td>\n<td data-col-size=\"md\" data-start=\"1969\" data-end=\"2042\">1\u201310 m (dependiendo del lector y del entorno)<\/td>\n<\/tr>\n<tr data-start=\"2043\" data-end=\"2165\">\n<td data-start=\"2043\" data-end=\"2065\" data-col-size=\"sm\">Construcci\u00f3n<\/td>\n<td data-col-size=\"sm\" data-start=\"2065\" data-end=\"2091\">Materiales<\/td>\n<td data-col-size=\"md\" data-start=\"2091\" data-end=\"2165\">Poli\u00e9ster, sat\u00e9n, algod\u00f3n, PET, no tejido<\/td>\n<\/tr>\n<tr data-start=\"2166\" data-end=\"2287\">\n<td data-start=\"2166\" data-end=\"2188\" data-col-size=\"sm\">Dimensiones<\/td>\n<td data-col-size=\"sm\" data-start=\"2188\" data-end=\"2214\">Tama\u00f1os est\u00e1ndar<\/td>\n<td data-col-size=\"md\" data-start=\"2214\" data-end=\"2287\">60\u00d730 mm; 80\u00d738 mm; personalizado disponible<\/td>\n<\/tr>\n<tr data-start=\"2288\" data-end=\"2409\">\n<td data-start=\"2288\" data-end=\"2310\" data-col-size=\"sm\">Integraci\u00f3n<\/td>\n<td data-col-size=\"sm\" data-start=\"2310\" data-end=\"2336\">M\u00e9todos de fijaci\u00f3n<\/td>\n<td data-col-size=\"md\" data-start=\"2336\" data-end=\"2409\">Para coser o planchar<\/td>\n<\/tr>\n<tr data-start=\"2410\" data-end=\"2531\">\n<td data-start=\"2410\" data-end=\"2432\" data-col-size=\"sm\">Impresi\u00f3n y datos<\/td>\n<td data-col-size=\"sm\" data-start=\"2432\" data-end=\"2458\">Personalizaci\u00f3n<\/td>\n<td data-col-size=\"md\" data-start=\"2458\" data-end=\"2531\">Logotipo, serie\/UID, c\u00f3digo de barras, QR, datos variables; compatible con precodificaci\u00f3n<\/td>\n<\/tr>\n<tr data-start=\"2532\" data-end=\"2653\">\n<td data-start=\"2532\" data-end=\"2554\" data-col-size=\"sm\">Durabilidad<\/td>\n<td data-col-size=\"sm\" data-start=\"2554\" data-end=\"2580\">Resistencia al proceso<\/td>\n<td data-col-size=\"md\" data-start=\"2580\" data-end=\"2653\">Lavable; resistente al planchado y a la limpieza en seco.<\/td>\n<\/tr>\n<tr data-start=\"2654\" data-end=\"2775\">\n<td data-start=\"2654\" data-end=\"2676\" data-col-size=\"sm\">Ciclo vital<\/td>\n<td data-col-size=\"sm\" data-start=\"2676\" data-end=\"2702\">Resistencia\/retenci\u00f3n de IC<\/td>\n<td data-col-size=\"md\" data-start=\"2702\" data-end=\"2775\">100.000 ciclos de programaci\u00f3n; retenci\u00f3n de datos durante 10 a\u00f1os<\/td>\n<\/tr>\n<tr data-start=\"2776\" data-end=\"2897\">\n<td data-start=\"2776\" data-end=\"2798\" data-col-size=\"sm\">Casos de uso<\/td>\n<td data-start=\"2798\" data-end=\"2824\" data-col-size=\"sm\">Aplicaciones t\u00edpicas<\/td>\n<td data-col-size=\"md\" data-start=\"2824\" data-end=\"2897\">Seguimiento de prendas de vestir, inventario minorista, cadena de suministro, calzado\/textiles<\/td>\n<\/tr>\n<\/tbody>\n<\/table>\n<\/div>\n<\/div>","protected":false},"excerpt":{"rendered":"<p>Etiquetas textiles RFID UHF suaves y lavables para prendas de vestir: lecturas masivas de 1 a 10 m, compatibles con EPC Gen2, para coser o planchar, con materiales, tama\u00f1os, impresi\u00f3n y codificaci\u00f3n personalizados.<\/p>","protected":false},"featured_media":821,"template":"","meta":{"_gspb_post_css":""},"product_brand":[],"product_cat":[22],"product_tag":[],"class_list":{"0":"post-820","1":"product","2":"type-product","3":"status-publish","4":"has-post-thumbnail","6":"product_cat-rfid-wash-care-labels","8":"first","9":"instock","10":"shipping-taxable","11":"purchasable","12":"product-type-simple"},"_links":{"self":[{"href":"https:\/\/www.cxjsmartcard.com\/es\/wp-json\/wp\/v2\/product\/820","targetHints":{"allow":["GET"]}}],"collection":[{"href":"https:\/\/www.cxjsmartcard.com\/es\/wp-json\/wp\/v2\/product"}],"about":[{"href":"https:\/\/www.cxjsmartcard.com\/es\/wp-json\/wp\/v2\/types\/product"}],"wp:featuredmedia":[{"embeddable":true,"href":"https:\/\/www.cxjsmartcard.com\/es\/wp-json\/wp\/v2\/media\/821"}],"wp:attachment":[{"href":"https:\/\/www.cxjsmartcard.com\/es\/wp-json\/wp\/v2\/media?parent=820"}],"wp:term":[{"taxonomy":"product_brand","embeddable":true,"href":"https:\/\/www.cxjsmartcard.com\/es\/wp-json\/wp\/v2\/product_brand?post=820"},{"taxonomy":"product_cat","embeddable":true,"href":"https:\/\/www.cxjsmartcard.com\/es\/wp-json\/wp\/v2\/product_cat?post=820"},{"taxonomy":"product_tag","embeddable":true,"href":"https:\/\/www.cxjsmartcard.com\/es\/wp-json\/wp\/v2\/product_tag?post=820"}],"curies":[{"name":"wp","href":"https:\/\/api.w.org\/{rel}","templated":true}]}}