{"id":815,"date":"2025-11-03T08:03:51","date_gmt":"2025-11-03T08:03:51","guid":{"rendered":"https:\/\/www.cxjsmartcard.com\/?post_type=product&#038;p=815"},"modified":"2025-12-29T01:27:09","modified_gmt":"2025-12-29T01:27:09","slug":"ribbon-satin-garment-uhf-rfid-wash-care-label-tag","status":"publish","type":"product","link":"https:\/\/www.cxjsmartcard.com\/es\/ribbon-satin-garment-uhf-rfid-wash-care-label-tag\/","title":{"rendered":"Etiqueta de cuidado de lavado RFID UHF para prendas de sat\u00e9n con cinta"},"content":{"rendered":"<p data-start=\"61\" data-end=\"309\">Las etiquetas de cuidado RFID UHF incorporan tecnolog\u00eda EPC Gen2 en las etiquetas de prendas lavables para ofrecer visibilidad del inventario en tiempo real. Dise\u00f1adas para el lavado industrial, el planchado y el uso diario, reducen las mermas, previenen la rotura de existencias y reducen el recuento manual.<\/p>\n<p data-start=\"311\" data-end=\"329\"><strong data-start=\"311\" data-end=\"327\">Caracter\u00edsticas principales<\/strong><\/p>\n<ul data-start=\"330\" data-end=\"1000\">\n<li data-start=\"330\" data-end=\"408\">\n<p data-start=\"332\" data-end=\"408\"><strong data-start=\"332\" data-end=\"346\">Materiales:<\/strong> Poli\u00e9ster, sat\u00e9n, etiqueta de composici\u00f3n, algod\u00f3n, no tejido, PET<\/p>\n<\/li>\n<li data-start=\"409\" data-end=\"461\">\n<p data-start=\"411\" data-end=\"461\"><strong data-start=\"411\" data-end=\"421\">Tallas:<\/strong> 80 \u00d7 38 mm, 60 \u00d7 30 mm o personalizado<\/p>\n<\/li>\n<li data-start=\"462\" data-end=\"492\">\n<p data-start=\"464\" data-end=\"492\"><strong data-start=\"464\" data-end=\"473\">Tipo:<\/strong> RFID UHF pasivo<\/p>\n<\/li>\n<li data-start=\"493\" data-end=\"566\">\n<p data-start=\"495\" data-end=\"566\"><strong data-start=\"495\" data-end=\"518\">Protocolo\/Frecuencia:<\/strong> ISO 18000-6C \/ EPC Clase 1 Gen 2; 860\u2013960 MHz<\/p>\n<\/li>\n<li data-start=\"567\" data-end=\"623\">\n<p data-start=\"569\" data-end=\"623\"><strong data-start=\"569\" data-end=\"579\">Papas fritas:<\/strong> Impinj Monza R6\/R6-P; NXP UCODIGO 8\/UCODIGO 9<\/p>\n<\/li>\n<li data-start=\"624\" data-end=\"680\">\n<p data-start=\"626\" data-end=\"680\"><strong data-start=\"626\" data-end=\"644\">Distancia de lectura:<\/strong> 1\u201310 m (dependiendo del lector\/antena)<\/p>\n<\/li>\n<li data-start=\"681\" data-end=\"718\">\n<p data-start=\"683\" data-end=\"718\"><strong data-start=\"683\" data-end=\"698\">Adjunto:<\/strong> Para coser o planchar<\/p>\n<\/li>\n<li data-start=\"719\" data-end=\"780\">\n<p data-start=\"721\" data-end=\"780\"><strong data-start=\"721\" data-end=\"741\">Impresi\u00f3n y datos:<\/strong> Ilustraci\u00f3n personalizada, n\u00famero de serie\/UID, codificaci\u00f3n<\/p>\n<\/li>\n<li data-start=\"781\" data-end=\"853\">\n<p data-start=\"783\" data-end=\"853\"><strong data-start=\"783\" data-end=\"800\">Resistencia IC:<\/strong> 100.000 ciclos de programaci\u00f3n; retenci\u00f3n de datos durante 10 a\u00f1os<\/p>\n<\/li>\n<li data-start=\"854\" data-end=\"904\">\n<p data-start=\"856\" data-end=\"904\"><strong data-start=\"856\" data-end=\"868\">Muestras:<\/strong> Muestras gratuitas disponibles a pedido<\/p>\n<\/li>\n<li data-start=\"905\" data-end=\"1000\">\n<p data-start=\"907\" data-end=\"1000\"><strong data-start=\"907\" data-end=\"924\">Aplicaciones:<\/strong> Gesti\u00f3n de inventario, cadena de suministro, venta minorista; prendas de vestir, ropa, bolsos, zapatos<\/p>\n<\/li>\n<\/ul>\n<h2 data-start=\"1002\" data-end=\"1027\">Tabla (Especificaciones)<\/h2>\n<div class=\"_tableContainer_1rjym_1\">\n<div class=\"group _tableWrapper_1rjym_13 flex w-fit flex-col-reverse\" tabindex=\"-1\">\n<table class=\"w-fit min-w-(--thread-content-width)\" data-start=\"1029\" data-end=\"2619\">\n<thead data-start=\"1029\" data-end=\"1128\">\n<tr data-start=\"1029\" data-end=\"1128\">\n<th data-start=\"1029\" data-end=\"1051\" data-col-size=\"sm\">Categor\u00eda<\/th>\n<th data-start=\"1051\" data-end=\"1072\" data-col-size=\"sm\">Par\u00e1metro<\/th>\n<th data-start=\"1072\" data-end=\"1128\" data-col-size=\"md\">Valor<\/th>\n<\/tr>\n<\/thead>\n<tbody data-start=\"1228\" data-end=\"2619\">\n<tr data-start=\"1228\" data-end=\"1326\">\n<td data-start=\"1228\" data-end=\"1249\" data-col-size=\"sm\">Producto<\/td>\n<td data-start=\"1249\" data-end=\"1270\" data-col-size=\"sm\">Nombre<\/td>\n<td data-col-size=\"md\" data-start=\"1270\" data-end=\"1326\">Etiqueta de cuidado RFID<\/td>\n<\/tr>\n<tr data-start=\"1327\" data-end=\"1431\">\n<td data-start=\"1327\" data-end=\"1348\" data-col-size=\"sm\">Construcci\u00f3n<\/td>\n<td data-col-size=\"sm\" data-start=\"1348\" data-end=\"1369\">Materiales<\/td>\n<td data-col-size=\"md\" data-start=\"1369\" data-end=\"1431\">Poli\u00e9ster \/ Sat\u00e9n \/ Composici\u00f3n \/ Algod\u00f3n \/ No tejido \/ PET<\/td>\n<\/tr>\n<tr data-start=\"1432\" data-end=\"1530\">\n<td data-start=\"1432\" data-end=\"1453\" data-col-size=\"sm\">Dimensiones<\/td>\n<td data-col-size=\"sm\" data-start=\"1453\" data-end=\"1474\">Tama\u00f1os est\u00e1ndar<\/td>\n<td data-col-size=\"md\" data-start=\"1474\" data-end=\"1530\">80 \u00d7 38 mm; 60 \u00d7 30 mm; personalizado<\/td>\n<\/tr>\n<tr data-start=\"1531\" data-end=\"1629\">\n<td data-start=\"1531\" data-end=\"1552\" data-col-size=\"sm\">RFID<\/td>\n<td data-col-size=\"sm\" data-start=\"1552\" data-end=\"1573\">Tipo<\/td>\n<td data-col-size=\"md\" data-start=\"1573\" data-end=\"1629\">UHF pasivo<\/td>\n<\/tr>\n<tr data-start=\"1630\" data-end=\"1728\">\n<td data-start=\"1630\" data-end=\"1651\" data-col-size=\"sm\"><\/td>\n<td data-col-size=\"sm\" data-start=\"1651\" data-end=\"1672\">Protocolo<\/td>\n<td data-col-size=\"md\" data-start=\"1672\" data-end=\"1728\">ISO 18000-6C; EPC Clase 1 Gen 2<\/td>\n<\/tr>\n<tr data-start=\"1729\" data-end=\"1827\">\n<td data-start=\"1729\" data-end=\"1750\" data-col-size=\"sm\"><\/td>\n<td data-col-size=\"sm\" data-start=\"1750\" data-end=\"1771\">Frecuencia<\/td>\n<td data-col-size=\"md\" data-start=\"1771\" data-end=\"1827\">860\u2013960 MHz<\/td>\n<\/tr>\n<tr data-start=\"1828\" data-end=\"1926\">\n<td data-start=\"1828\" data-end=\"1849\" data-col-size=\"sm\">Opciones de CI<\/td>\n<td data-col-size=\"sm\" data-start=\"1849\" data-end=\"1870\">Papas fritas<\/td>\n<td data-col-size=\"md\" data-start=\"1870\" data-end=\"1926\">Impinj Monza R6 \/ R6-P; NXP UCODIGO 8 \/ UCODIGO 9<\/td>\n<\/tr>\n<tr data-start=\"1927\" data-end=\"2025\">\n<td data-start=\"1927\" data-end=\"1948\" data-col-size=\"sm\">Actuaci\u00f3n<\/td>\n<td data-col-size=\"sm\" data-start=\"1948\" data-end=\"1969\">Distancia de lectura<\/td>\n<td data-col-size=\"md\" data-start=\"1969\" data-end=\"2025\">1\u201310 m (depende del lector y la antena)<\/td>\n<\/tr>\n<tr data-start=\"2026\" data-end=\"2124\">\n<td data-start=\"2026\" data-end=\"2047\" data-col-size=\"sm\">Instalaci\u00f3n<\/td>\n<td data-col-size=\"sm\" data-start=\"2047\" data-end=\"2068\">M\u00e9todo de fijaci\u00f3n<\/td>\n<td data-col-size=\"md\" data-start=\"2068\" data-end=\"2124\">Coser o planchar<\/td>\n<\/tr>\n<tr data-start=\"2125\" data-end=\"2223\">\n<td data-start=\"2125\" data-end=\"2146\" data-col-size=\"sm\">Personalizaci\u00f3n<\/td>\n<td data-start=\"2146\" data-end=\"2167\" data-col-size=\"sm\">Impresi\u00f3n\/codificaci\u00f3n<\/td>\n<td data-col-size=\"md\" data-start=\"2167\" data-end=\"2223\">Impresi\u00f3n, serial\/UID, dise\u00f1o, codificaci\u00f3n de datos<\/td>\n<\/tr>\n<tr data-start=\"2224\" data-end=\"2322\">\n<td data-start=\"2224\" data-end=\"2245\" data-col-size=\"sm\">Resistencia<\/td>\n<td data-start=\"2245\" data-end=\"2266\" data-col-size=\"sm\">Ciclos de programaci\u00f3n<\/td>\n<td data-col-size=\"md\" data-start=\"2266\" data-end=\"2322\">100,000<\/td>\n<\/tr>\n<tr data-start=\"2323\" data-end=\"2421\">\n<td data-start=\"2323\" data-end=\"2344\" data-col-size=\"sm\">Datos<\/td>\n<td data-col-size=\"sm\" data-start=\"2344\" data-end=\"2365\">Retenci\u00f3n<\/td>\n<td data-col-size=\"md\" data-start=\"2365\" data-end=\"2421\">10 a\u00f1os<\/td>\n<\/tr>\n<tr data-start=\"2422\" data-end=\"2520\">\n<td data-start=\"2422\" data-end=\"2443\" data-col-size=\"sm\">Muestreo<\/td>\n<td data-col-size=\"sm\" data-start=\"2443\" data-end=\"2464\">Disponibilidad<\/td>\n<td data-col-size=\"md\" data-start=\"2464\" data-end=\"2520\">Muestras gratuitas disponibles<\/td>\n<\/tr>\n<tr data-start=\"2521\" data-end=\"2619\">\n<td data-start=\"2521\" data-end=\"2542\" data-col-size=\"sm\">Casos de uso<\/td>\n<td data-col-size=\"sm\" data-start=\"2542\" data-end=\"2563\">Aplicaciones<\/td>\n<td data-col-size=\"md\" data-start=\"2563\" data-end=\"2619\">Inventario, cadena de suministro, venta minorista; prendas de vestir\/bolsos\/zapatos<\/td>\n<\/tr>\n<\/tbody>\n<\/table>\n<\/div>\n<\/div>","protected":false},"excerpt":{"rendered":"<p>Etiquetas de cuidado RFID UHF lavables en sat\u00e9n\/poli\u00e9ster para prendas: rango de lectura de 1 a 10 m, ISO 18000-6C EPC Gen2, para coser o planchar, impresi\u00f3n y codificaci\u00f3n personalizables.<\/p>","protected":false},"featured_media":816,"template":"","meta":{"_gspb_post_css":""},"product_brand":[],"product_cat":[22],"product_tag":[],"class_list":{"0":"post-815","1":"product","2":"type-product","3":"status-publish","4":"has-post-thumbnail","6":"product_cat-rfid-wash-care-labels","8":"first","9":"instock","10":"shipping-taxable","11":"purchasable","12":"product-type-simple"},"_links":{"self":[{"href":"https:\/\/www.cxjsmartcard.com\/es\/wp-json\/wp\/v2\/product\/815","targetHints":{"allow":["GET"]}}],"collection":[{"href":"https:\/\/www.cxjsmartcard.com\/es\/wp-json\/wp\/v2\/product"}],"about":[{"href":"https:\/\/www.cxjsmartcard.com\/es\/wp-json\/wp\/v2\/types\/product"}],"wp:featuredmedia":[{"embeddable":true,"href":"https:\/\/www.cxjsmartcard.com\/es\/wp-json\/wp\/v2\/media\/816"}],"wp:attachment":[{"href":"https:\/\/www.cxjsmartcard.com\/es\/wp-json\/wp\/v2\/media?parent=815"}],"wp:term":[{"taxonomy":"product_brand","embeddable":true,"href":"https:\/\/www.cxjsmartcard.com\/es\/wp-json\/wp\/v2\/product_brand?post=815"},{"taxonomy":"product_cat","embeddable":true,"href":"https:\/\/www.cxjsmartcard.com\/es\/wp-json\/wp\/v2\/product_cat?post=815"},{"taxonomy":"product_tag","embeddable":true,"href":"https:\/\/www.cxjsmartcard.com\/es\/wp-json\/wp\/v2\/product_tag?post=815"}],"curies":[{"name":"wp","href":"https:\/\/api.w.org\/{rel}","templated":true}]}}