{"id":811,"date":"2025-11-03T08:01:29","date_gmt":"2025-11-03T08:01:29","guid":{"rendered":"https:\/\/www.cxjsmartcard.com\/?post_type=product&#038;p=811"},"modified":"2025-12-29T01:27:09","modified_gmt":"2025-12-29T01:27:09","slug":"nylon-woven-uhf-rfid-wash-care-label-tags","status":"publish","type":"product","link":"https:\/\/www.cxjsmartcard.com\/es\/nylon-woven-uhf-rfid-wash-care-label-tags\/","title":{"rendered":"Etiquetas de cuidado de lavado RFID UHF tejidas de nailon"},"content":{"rendered":"<p data-start=\"53\" data-end=\"357\">Las etiquetas de cuidado de lavado UHF de tejido de nailon tienen el mismo aspecto y tacto que las etiquetas de tela est\u00e1ndar, pero incorporan una incrustaci\u00f3n EPC Gen2\/UHF para un r\u00e1pido seguimiento de la prenda con m\u00faltiples lecturas. Duraderas, lavables y cosibles, optimizan el recuento de existencias, la entrada de ropa y la visibilidad de la cadena de suministro.<\/p>\n<p data-start=\"359\" data-end=\"377\"><strong data-start=\"359\" data-end=\"375\">Caracter\u00edsticas principales<\/strong><\/p>\n<ul data-start=\"378\" data-end=\"955\">\n<li data-start=\"378\" data-end=\"452\">\n<p data-start=\"380\" data-end=\"452\"><strong data-start=\"380\" data-end=\"400\">Rendimiento UHF:<\/strong> 860\u2013960 MHz; ISO\/IEC 18000-6C (EPC Clase 1 Gen 2)<\/p>\n<\/li>\n<li data-start=\"453\" data-end=\"516\">\n<p data-start=\"455\" data-end=\"516\"><strong data-start=\"455\" data-end=\"465\">Papas fritas:<\/strong> NXP UCODE 8\/9, Impinj M4QT, MR6-P (personalizable)<\/p>\n<\/li>\n<li data-start=\"517\" data-end=\"603\">\n<p data-start=\"519\" data-end=\"603\"><strong data-start=\"519\" data-end=\"538\">Perfil de memoria:<\/strong> EPC 96\u2013128 bits; Usuario 0\u2013512 bits; TID 96 bits; Reserva 64 bits<\/p>\n<\/li>\n<li data-start=\"604\" data-end=\"652\">\n<p data-start=\"606\" data-end=\"652\"><strong data-start=\"606\" data-end=\"621\">Rango de lectura:<\/strong> 0\u20138 m (dependiendo de la etiqueta\/lector)<\/p>\n<\/li>\n<li data-start=\"653\" data-end=\"721\">\n<p data-start=\"655\" data-end=\"721\"><strong data-start=\"655\" data-end=\"672\">Construcci\u00f3n:<\/strong> Tejido de nailon o cara de PET; formatos de etiquetas para coser<\/p>\n<\/li>\n<li data-start=\"722\" data-end=\"797\">\n<p data-start=\"724\" data-end=\"797\"><strong data-start=\"724\" data-end=\"738\">Resistencia:<\/strong> Regrabable hasta 100.000 veces; retenci\u00f3n de datos &gt;50 a\u00f1os<\/p>\n<\/li>\n<li data-start=\"798\" data-end=\"864\">\n<p data-start=\"800\" data-end=\"864\"><strong data-start=\"800\" data-end=\"816\">Tama\u00f1os de etiquetas:<\/strong> Est\u00e1ndar o personalizado (por ejemplo, 64\u00d721 mm, 81\u00d730 mm)<\/p>\n<\/li>\n<li data-start=\"865\" data-end=\"955\">\n<p data-start=\"867\" data-end=\"955\"><strong data-start=\"867\" data-end=\"891\">Impresi\u00f3n y codificaci\u00f3n:<\/strong> Transferencia t\u00e9rmica, serigraf\u00eda, otras opciones con codificaci\u00f3n de datos<\/p>\n<\/li>\n<\/ul>\n<p data-start=\"957\" data-end=\"1084\"><strong data-start=\"957\" data-end=\"973\">Aplicaciones<\/strong><br data-start=\"973\" data-end=\"976\" \/>Inventario de prendas de vestir y calzado \u2022 Seguimiento de lavander\u00eda y textiles \u2022 Control de distribuci\u00f3n y cadena de suministro de prendas de vestir.<\/p>\n<p data-start=\"1086\" data-end=\"1224\"><strong data-start=\"1086\" data-end=\"1111\">Opciones de personalizaci\u00f3n<\/strong><br data-start=\"1111\" data-end=\"1114\" \/>Tipo de chip, dimensiones de la etiqueta, material de la cara (nailon\/PET), dise\u00f1o (logotipo\/texto\/serie\/QR) y codificaci\u00f3n de datos completa.<\/p>\n<h2 data-start=\"1226\" data-end=\"1251\">Tabla (Especificaciones)<\/h2>\n<div class=\"_tableContainer_1rjym_1\">\n<div class=\"group _tableWrapper_1rjym_13 flex w-fit flex-col-reverse\" tabindex=\"-1\">\n<table class=\"w-fit min-w-(--thread-content-width)\" data-start=\"1253\" data-end=\"3546\">\n<thead data-start=\"1253\" data-end=\"1381\">\n<tr data-start=\"1253\" data-end=\"1381\">\n<th data-start=\"1253\" data-end=\"1275\" data-col-size=\"sm\">Categor\u00eda<\/th>\n<th data-start=\"1275\" data-end=\"1298\" data-col-size=\"sm\">Par\u00e1metro<\/th>\n<th data-start=\"1298\" data-end=\"1381\" data-col-size=\"md\">Valor<\/th>\n<\/tr>\n<\/thead>\n<tbody data-start=\"1510\" data-end=\"3546\">\n<tr data-start=\"1510\" data-end=\"1636\">\n<td data-start=\"1510\" data-end=\"1531\" data-col-size=\"sm\">Producto<\/td>\n<td data-start=\"1531\" data-end=\"1554\" data-col-size=\"sm\">Nombre<\/td>\n<td data-col-size=\"md\" data-start=\"1554\" data-end=\"1636\">Etiqueta de cuidado de lavado RFID UHF<\/td>\n<\/tr>\n<tr data-start=\"1637\" data-end=\"1763\">\n<td data-start=\"1637\" data-end=\"1658\" data-col-size=\"sm\">RF<\/td>\n<td data-start=\"1658\" data-end=\"1681\" data-col-size=\"sm\">Frecuencia<\/td>\n<td data-col-size=\"md\" data-start=\"1681\" data-end=\"1763\">860\u2013960 MHz<\/td>\n<\/tr>\n<tr data-start=\"1764\" data-end=\"1890\">\n<td data-start=\"1764\" data-end=\"1785\" data-col-size=\"sm\"><\/td>\n<td data-col-size=\"sm\" data-start=\"1785\" data-end=\"1808\">Protocolo<\/td>\n<td data-col-size=\"md\" data-start=\"1808\" data-end=\"1890\">ISO\/IEC 18000-6C, EPC Clase 1 Gen 2<\/td>\n<\/tr>\n<tr data-start=\"1891\" data-end=\"2017\">\n<td data-start=\"1891\" data-end=\"1912\" data-col-size=\"sm\">Opciones de CI<\/td>\n<td data-col-size=\"sm\" data-start=\"1912\" data-end=\"1935\">Papas fritas<\/td>\n<td data-col-size=\"md\" data-start=\"1935\" data-end=\"2017\">NXP UCODE 8 \/ UCODE 9; Impinj M4QT; MR6-P<\/td>\n<\/tr>\n<tr data-start=\"2018\" data-end=\"2144\">\n<td data-start=\"2018\" data-end=\"2039\" data-col-size=\"sm\">Memoria<\/td>\n<td data-col-size=\"sm\" data-start=\"2039\" data-end=\"2062\">EPC \/ Usuario \/ TID<\/td>\n<td data-col-size=\"md\" data-start=\"2062\" data-end=\"2144\">96\u2013128 bits \/ 0\u2013512 bits \/ 96 bits<\/td>\n<\/tr>\n<tr data-start=\"2145\" data-end=\"2272\">\n<td data-start=\"2145\" data-end=\"2166\" data-col-size=\"sm\"><\/td>\n<td data-col-size=\"sm\" data-start=\"2166\" data-end=\"2189\">Reservar<\/td>\n<td data-col-size=\"md\" data-start=\"2189\" data-end=\"2272\">64 bits<\/td>\n<\/tr>\n<tr data-start=\"2273\" data-end=\"2399\">\n<td data-start=\"2273\" data-end=\"2294\" data-col-size=\"sm\">Mec\u00e1nica<\/td>\n<td data-col-size=\"sm\" data-start=\"2294\" data-end=\"2317\">Material de la cara<\/td>\n<td data-col-size=\"md\" data-start=\"2317\" data-end=\"2399\">Tejido de nailon, PET o personalizado.<\/td>\n<\/tr>\n<tr data-start=\"2400\" data-end=\"2526\">\n<td data-start=\"2400\" data-end=\"2421\" data-col-size=\"sm\">Dimensiones<\/td>\n<td data-col-size=\"sm\" data-start=\"2421\" data-end=\"2444\">Tama\u00f1o de la etiqueta<\/td>\n<td data-col-size=\"md\" data-start=\"2444\" data-end=\"2526\">Est\u00e1ndar o personalizado (por ejemplo, 64\u00d721 mm, 81\u00d730 mm)<\/td>\n<\/tr>\n<tr data-start=\"2527\" data-end=\"2653\">\n<td data-start=\"2527\" data-end=\"2548\" data-col-size=\"sm\">Actuaci\u00f3n<\/td>\n<td data-col-size=\"sm\" data-start=\"2548\" data-end=\"2571\">Distancia de lectura<\/td>\n<td data-col-size=\"md\" data-start=\"2571\" data-end=\"2653\">0\u20138 m (dependiendo del lector, el entorno y la prenda)<\/td>\n<\/tr>\n<tr data-start=\"2654\" data-end=\"2780\">\n<td data-start=\"2654\" data-end=\"2675\" data-col-size=\"sm\">Ciclo vital<\/td>\n<td data-col-size=\"sm\" data-start=\"2675\" data-end=\"2698\">Reescribible\/Retenci\u00f3n<\/td>\n<td data-col-size=\"md\" data-start=\"2698\" data-end=\"2780\">Hasta 100.000 escrituras; &gt;50 a\u00f1os de retenci\u00f3n de datos<\/td>\n<\/tr>\n<tr data-start=\"2781\" data-end=\"2908\">\n<td data-start=\"2781\" data-end=\"2802\" data-col-size=\"sm\">Ambiente<\/td>\n<td data-col-size=\"sm\" data-start=\"2802\" data-end=\"2825\">Temperatura de funcionamiento\/HR<\/td>\n<td data-col-size=\"md\" data-start=\"2825\" data-end=\"2908\">0\u201360 \u2103 \/ 20\u201380% HR<\/td>\n<\/tr>\n<tr data-start=\"2909\" data-end=\"3036\">\n<td data-start=\"2909\" data-end=\"2930\" data-col-size=\"sm\"><\/td>\n<td data-col-size=\"sm\" data-start=\"2930\" data-end=\"2953\">Temperatura\/HR de almacenamiento<\/td>\n<td data-col-size=\"md\" data-start=\"2953\" data-end=\"3036\">20\u201330 \u2103 \/ 20\u201360% humedad relativa<\/td>\n<\/tr>\n<tr data-start=\"3037\" data-end=\"3163\">\n<td data-start=\"3037\" data-end=\"3058\" data-col-size=\"sm\">Producci\u00f3n<\/td>\n<td data-start=\"3058\" data-end=\"3081\" data-col-size=\"sm\">M\u00e9todos de impresi\u00f3n<\/td>\n<td data-col-size=\"md\" data-start=\"3081\" data-end=\"3163\">Transferencia t\u00e9rmica, serigraf\u00eda, otros<\/td>\n<\/tr>\n<tr data-start=\"3164\" data-end=\"3291\">\n<td data-start=\"3164\" data-end=\"3185\" data-col-size=\"sm\">Integraci\u00f3n<\/td>\n<td data-col-size=\"sm\" data-start=\"3185\" data-end=\"3208\">Adjunto<\/td>\n<td data-col-size=\"md\" data-start=\"3208\" data-end=\"3291\">Se puede coser en prendas<\/td>\n<\/tr>\n<tr data-start=\"3292\" data-end=\"3418\">\n<td data-start=\"3292\" data-end=\"3313\" data-col-size=\"sm\">Beneficios<\/td>\n<td data-col-size=\"sm\" data-start=\"3313\" data-end=\"3336\">Reflejos<\/td>\n<td data-col-size=\"md\" data-start=\"3336\" data-end=\"3418\">Lectura m\u00faltiple r\u00e1pida, lavable y duradera, trazabilidad y gesti\u00f3n de inventario.<\/td>\n<\/tr>\n<tr data-start=\"3419\" data-end=\"3546\">\n<td data-start=\"3419\" data-end=\"3440\" data-col-size=\"sm\">Casos de uso<\/td>\n<td data-col-size=\"sm\" data-start=\"3440\" data-end=\"3463\">Aplicaciones<\/td>\n<td data-col-size=\"md\" data-start=\"3463\" data-end=\"3546\">Gesti\u00f3n de prendas de vestir y calzado; seguimiento de lavander\u00eda y textiles; control de la cadena de suministro<\/td>\n<\/tr>\n<\/tbody>\n<\/table>\n<\/div>\n<\/div>","protected":false},"excerpt":{"rendered":"<p>Etiquetas de lavado RFID UHF cosibles y duraderas en nailon o PET\u2014EPC Gen2, lecturas de 0 a 8 m, hasta 100 000 reescrituras y retenci\u00f3n de m\u00e1s de 50 a\u00f1os para seguimiento de prendas de vestir, lavander\u00eda y cadena de suministro.<\/p>","protected":false},"featured_media":812,"template":"","meta":{"_gspb_post_css":""},"product_brand":[],"product_cat":[22],"product_tag":[],"class_list":{"0":"post-811","1":"product","2":"type-product","3":"status-publish","4":"has-post-thumbnail","6":"product_cat-rfid-wash-care-labels","8":"first","9":"instock","10":"shipping-taxable","11":"purchasable","12":"product-type-simple"},"_links":{"self":[{"href":"https:\/\/www.cxjsmartcard.com\/es\/wp-json\/wp\/v2\/product\/811","targetHints":{"allow":["GET"]}}],"collection":[{"href":"https:\/\/www.cxjsmartcard.com\/es\/wp-json\/wp\/v2\/product"}],"about":[{"href":"https:\/\/www.cxjsmartcard.com\/es\/wp-json\/wp\/v2\/types\/product"}],"wp:featuredmedia":[{"embeddable":true,"href":"https:\/\/www.cxjsmartcard.com\/es\/wp-json\/wp\/v2\/media\/812"}],"wp:attachment":[{"href":"https:\/\/www.cxjsmartcard.com\/es\/wp-json\/wp\/v2\/media?parent=811"}],"wp:term":[{"taxonomy":"product_brand","embeddable":true,"href":"https:\/\/www.cxjsmartcard.com\/es\/wp-json\/wp\/v2\/product_brand?post=811"},{"taxonomy":"product_cat","embeddable":true,"href":"https:\/\/www.cxjsmartcard.com\/es\/wp-json\/wp\/v2\/product_cat?post=811"},{"taxonomy":"product_tag","embeddable":true,"href":"https:\/\/www.cxjsmartcard.com\/es\/wp-json\/wp\/v2\/product_tag?post=811"}],"curies":[{"name":"wp","href":"https:\/\/api.w.org\/{rel}","templated":true}]}}