{"id":801,"date":"2025-11-03T07:55:36","date_gmt":"2025-11-03T07:55:36","guid":{"rendered":"https:\/\/www.cxjsmartcard.com\/?post_type=product&#038;p=801"},"modified":"2025-12-29T01:27:09","modified_gmt":"2025-12-29T01:27:09","slug":"printable-fabric-ntag213-nfc-elastic-rfid-bracelet","status":"publish","type":"product","link":"https:\/\/www.cxjsmartcard.com\/es\/printable-fabric-ntag213-nfc-elastic-rfid-bracelet\/","title":{"rendered":"Pulsera el\u00e1stica RFID NFC NTAG213 de tela imprimible"},"content":{"rendered":"<p data-start=\"63\" data-end=\"246\">Pulsera el\u00e1stica de tela con NTAG213 (HF 13,56 MHz) para control de acceso y uso sin efectivo en eventos. Es impermeable, reutilizable y c\u00f3moda para uso prolongado.<\/p>\n<p data-start=\"248\" data-end=\"262\"><strong data-start=\"248\" data-end=\"260\">Caracter\u00edsticas<\/strong><\/p>\n<ul data-start=\"263\" data-end=\"444\">\n<li data-start=\"263\" data-end=\"289\">\n<p data-start=\"265\" data-end=\"289\">Durable y resistente al agua<\/p>\n<\/li>\n<li data-start=\"290\" data-end=\"343\">\n<p data-start=\"292\" data-end=\"343\">Ajuste el\u00e1stico; ajustable para diferentes tama\u00f1os de mu\u00f1eca.<\/p>\n<\/li>\n<li data-start=\"344\" data-end=\"396\">\n<p data-start=\"346\" data-end=\"396\">Reutilizable; suave y c\u00f3modo para sesiones largas.<\/p>\n<\/li>\n<li data-start=\"397\" data-end=\"444\">\n<p data-start=\"399\" data-end=\"444\">\u00c1rea de tarjeta\/parche imprimible para identificaciones o marca<\/p>\n<\/li>\n<\/ul>\n<p data-start=\"446\" data-end=\"627\"><strong data-start=\"446\" data-end=\"463\">Personalizaci\u00f3n<\/strong><br data-start=\"463\" data-end=\"466\" \/>Colores, logotipos, n\u00fameros de serie, c\u00f3digos QR y detalles del evento. M\u00e9todos compatibles: tejido, impresi\u00f3n por transferencia t\u00e9rmica, serigraf\u00eda; grabado l\u00e1ser o impresi\u00f3n UV opcionales.<\/p>\n<p data-start=\"629\" data-end=\"755\"><strong data-start=\"629\" data-end=\"645\">Aplicaciones<\/strong><br data-start=\"645\" data-end=\"648\" \/>Resorts, bares, fiestas, exposiciones, conferencias, eventos deportivos, conciertos, espacios sociales y discotecas.<\/p>\n<h2 data-start=\"757\" data-end=\"782\">Tabla (Especificaciones)<\/h2>\n<div class=\"_tableContainer_1rjym_1\">\n<div class=\"group _tableWrapper_1rjym_13 flex w-fit flex-col-reverse\" tabindex=\"-1\">\n<table class=\"w-fit min-w-(--thread-content-width)\" data-start=\"784\" data-end=\"2223\">\n<thead data-start=\"784\" data-end=\"903\">\n<tr data-start=\"784\" data-end=\"903\">\n<th data-start=\"784\" data-end=\"802\" data-col-size=\"sm\">Categor\u00eda<\/th>\n<th data-start=\"802\" data-end=\"830\" data-col-size=\"sm\">Par\u00e1metro<\/th>\n<th data-start=\"830\" data-end=\"903\" data-col-size=\"md\">Valor<\/th>\n<\/tr>\n<\/thead>\n<tbody data-start=\"1024\" data-end=\"2223\">\n<tr data-start=\"1024\" data-end=\"1143\">\n<td data-start=\"1024\" data-end=\"1042\" data-col-size=\"sm\">Producto<\/td>\n<td data-start=\"1042\" data-end=\"1070\" data-col-size=\"sm\">Nombre<\/td>\n<td data-col-size=\"md\" data-start=\"1070\" data-end=\"1143\">Pulsera RFID el\u00e1stica NFC NTAG 213 de tela imprimible<\/td>\n<\/tr>\n<tr data-start=\"1144\" data-end=\"1263\">\n<td data-start=\"1144\" data-end=\"1162\" data-col-size=\"sm\">Caracter\u00edsticas<\/td>\n<td data-start=\"1162\" data-end=\"1190\" data-col-size=\"sm\">Atributos<\/td>\n<td data-col-size=\"md\" data-start=\"1190\" data-end=\"1263\">Impermeable, reutilizable, suave y c\u00f3modo.<\/td>\n<\/tr>\n<tr data-start=\"1264\" data-end=\"1383\">\n<td data-start=\"1264\" data-end=\"1282\" data-col-size=\"sm\">Dimensiones<\/td>\n<td data-col-size=\"sm\" data-start=\"1282\" data-end=\"1310\">Opciones de ancho<\/td>\n<td data-col-size=\"md\" data-start=\"1310\" data-end=\"1383\">15 mm \/ 20 mm \/ 25 mm<\/td>\n<\/tr>\n<tr data-start=\"1384\" data-end=\"1503\">\n<td data-start=\"1384\" data-end=\"1402\" data-col-size=\"sm\"><\/td>\n<td data-col-size=\"sm\" data-start=\"1402\" data-end=\"1430\">Rango de longitud<\/td>\n<td data-col-size=\"md\" data-start=\"1430\" data-end=\"1503\">145\u2013210 mm (personalizable)<\/td>\n<\/tr>\n<tr data-start=\"1504\" data-end=\"1623\">\n<td data-start=\"1504\" data-end=\"1522\" data-col-size=\"sm\"><\/td>\n<td data-col-size=\"sm\" data-start=\"1522\" data-end=\"1550\">Tama\u00f1os recomendados<\/td>\n<td data-col-size=\"md\" data-start=\"1550\" data-end=\"1623\">25\u00d7145 mm (ni\u00f1os) \u2022 25\u00d7160 mm (j\u00f3venes) \u2022 25\u00d7180 mm (adultos)<\/td>\n<\/tr>\n<tr data-start=\"1624\" data-end=\"1743\">\n<td data-start=\"1624\" data-end=\"1642\" data-col-size=\"sm\">Personalizaci\u00f3n<\/td>\n<td data-col-size=\"sm\" data-start=\"1642\" data-end=\"1670\">Opciones personalizadas<\/td>\n<td data-col-size=\"md\" data-start=\"1670\" data-end=\"1743\">Logotipo, impresi\u00f3n, tama\u00f1o.<\/td>\n<\/tr>\n<tr data-start=\"1744\" data-end=\"1863\">\n<td data-start=\"1744\" data-end=\"1762\" data-col-size=\"sm\">Artesan\u00eda<\/td>\n<td data-col-size=\"sm\" data-start=\"1762\" data-end=\"1790\">M\u00e9todos<\/td>\n<td data-col-size=\"md\" data-start=\"1790\" data-end=\"1863\">Tejido, impresi\u00f3n por transferencia t\u00e9rmica, serigraf\u00eda<\/td>\n<\/tr>\n<tr data-start=\"1864\" data-end=\"1983\">\n<td data-start=\"1864\" data-end=\"1882\" data-col-size=\"sm\">RFID<\/td>\n<td data-col-size=\"sm\" data-start=\"1882\" data-end=\"1910\">Chip de alta frecuencia<\/td>\n<td data-col-size=\"md\" data-start=\"1910\" data-end=\"1983\">NTAG213 (NFC de 13,56 MHz)<\/td>\n<\/tr>\n<tr data-start=\"1984\" data-end=\"2103\">\n<td data-start=\"1984\" data-end=\"2002\" data-col-size=\"sm\"><\/td>\n<td data-col-size=\"sm\" data-start=\"2002\" data-end=\"2030\">Otras opciones de chips<\/td>\n<td data-col-size=\"md\" data-start=\"2030\" data-end=\"2103\">LF 125 kHz y opciones HF adicionales a pedido<\/td>\n<\/tr>\n<tr data-start=\"2104\" data-end=\"2223\">\n<td data-start=\"2104\" data-end=\"2122\" data-col-size=\"sm\">Casos de uso<\/td>\n<td data-col-size=\"sm\" data-start=\"2122\" data-end=\"2150\">Aplicaciones t\u00edpicas<\/td>\n<td data-col-size=\"md\" data-start=\"2150\" data-end=\"2223\">Control de acceso, pago sin efectivo, identificaci\u00f3n de asistentes en eventos y recintos<\/td>\n<\/tr>\n<\/tbody>\n<\/table>\n<\/div>\n<\/div>","protected":false},"excerpt":{"rendered":"<p>Pulsera NFC el\u00e1stica imprimible con certificaci\u00f3n NTAG213: impermeable, reutilizable y c\u00f3moda. Anchos de 15\/20\/25 mm y longitud de 145 a 210 mm, con colores, logotipos y c\u00f3digos QR\/n\u00fameros de serie personalizados.<\/p>","protected":false},"featured_media":802,"template":"","meta":{"_gspb_post_css":""},"product_brand":[],"product_cat":[21],"product_tag":[],"class_list":{"0":"post-801","1":"product","2":"type-product","3":"status-publish","4":"has-post-thumbnail","6":"product_cat-rfid-nfc-bracelets","8":"first","9":"instock","10":"shipping-taxable","11":"purchasable","12":"product-type-simple"},"_links":{"self":[{"href":"https:\/\/www.cxjsmartcard.com\/es\/wp-json\/wp\/v2\/product\/801","targetHints":{"allow":["GET"]}}],"collection":[{"href":"https:\/\/www.cxjsmartcard.com\/es\/wp-json\/wp\/v2\/product"}],"about":[{"href":"https:\/\/www.cxjsmartcard.com\/es\/wp-json\/wp\/v2\/types\/product"}],"wp:featuredmedia":[{"embeddable":true,"href":"https:\/\/www.cxjsmartcard.com\/es\/wp-json\/wp\/v2\/media\/802"}],"wp:attachment":[{"href":"https:\/\/www.cxjsmartcard.com\/es\/wp-json\/wp\/v2\/media?parent=801"}],"wp:term":[{"taxonomy":"product_brand","embeddable":true,"href":"https:\/\/www.cxjsmartcard.com\/es\/wp-json\/wp\/v2\/product_brand?post=801"},{"taxonomy":"product_cat","embeddable":true,"href":"https:\/\/www.cxjsmartcard.com\/es\/wp-json\/wp\/v2\/product_cat?post=801"},{"taxonomy":"product_tag","embeddable":true,"href":"https:\/\/www.cxjsmartcard.com\/es\/wp-json\/wp\/v2\/product_tag?post=801"}],"curies":[{"name":"wp","href":"https:\/\/api.w.org\/{rel}","templated":true}]}}