{"id":796,"date":"2025-11-03T07:51:07","date_gmt":"2025-11-03T07:51:07","guid":{"rendered":"https:\/\/www.cxjsmartcard.com\/?post_type=product&#038;p=796"},"modified":"2025-12-29T01:27:09","modified_gmt":"2025-12-29T01:27:09","slug":"paper-tyvek-rfid-bracelets-nfc-wristband-for-concert-festival","status":"publish","type":"product","link":"https:\/\/www.cxjsmartcard.com\/es\/paper-tyvek-rfid-bracelets-nfc-wristband-for-concert-festival\/","title":{"rendered":"Pulseras RFID de papel Tyvek con NFC para conciertos y festivales"},"content":{"rendered":"<p data-start=\"73\" data-end=\"388\">Las pulseras RFID NFC de papel Tyvek combinan material ecol\u00f3gico Tyvek\u00ae con chips RFID\/NFC integrados para agilizar la entrada, el control de acceso y los pagos sin efectivo en conciertos, festivales y grandes recintos. Ligeras, duraderas y altamente personalizables, permiten un registro r\u00e1pido y una identificaci\u00f3n segura.<\/p>\n<p data-start=\"390\" data-end=\"459\"><strong data-start=\"390\" data-end=\"402\">Material<\/strong><br data-start=\"402\" data-end=\"405\" \/>Papel Tyvek\u00ae (liviano, duradero y ecol\u00f3gico).<\/p>\n<p data-start=\"461\" data-end=\"479\"><strong data-start=\"461\" data-end=\"477\">Caracter\u00edsticas principales<\/strong><\/p>\n<ul data-start=\"480\" data-end=\"953\">\n<li data-start=\"480\" data-end=\"544\">\n<p data-start=\"482\" data-end=\"544\"><strong data-start=\"482\" data-end=\"492\">Tallas:<\/strong> 250 \u00d7 25 mm; 250 \u00d7 20 mm (tama\u00f1os personalizados disponibles)<\/p>\n<\/li>\n<li data-start=\"545\" data-end=\"588\">\n<p data-start=\"547\" data-end=\"588\"><strong data-start=\"547\" data-end=\"558\">Bandera:<\/strong> Coincidencia de colores CMYK\/Pantone<\/p>\n<\/li>\n<li data-start=\"589\" data-end=\"703\">\n<p data-start=\"591\" data-end=\"703\"><strong data-start=\"591\" data-end=\"604\">Impresi\u00f3n:<\/strong> Impresi\u00f3n a todo color de logotipos, im\u00e1genes, texto, c\u00f3digos de barras, c\u00f3digos QR, n\u00fameros de serie o colores simples.<\/p>\n<\/li>\n<li data-start=\"704\" data-end=\"744\">\n<p data-start=\"706\" data-end=\"744\"><strong data-start=\"706\" data-end=\"718\">Cierre:<\/strong> Dise\u00f1o de cierre reutilizable<\/p>\n<\/li>\n<li data-start=\"745\" data-end=\"765\">\n<p data-start=\"747\" data-end=\"765\"><strong data-start=\"747\" data-end=\"755\">Cantidad m\u00ednima de pedido:<\/strong> 500 piezas<\/p>\n<\/li>\n<li data-start=\"766\" data-end=\"953\">\n<p data-start=\"768\" data-end=\"790\"><strong data-start=\"768\" data-end=\"788\">Fichas disponibles:<\/strong><\/p>\n<ul data-start=\"793\" data-end=\"953\">\n<li data-start=\"793\" data-end=\"824\">\n<p data-start=\"795\" data-end=\"824\">NTAG\u00ae 203 \/ 213 \/ 215 \/ 216<\/p>\n<\/li>\n<li data-start=\"827\" data-end=\"854\">\n<p data-start=\"829\" data-end=\"854\">MIFARE Classic\u00ae 1K \/ 4K<\/p>\n<\/li>\n<li data-start=\"857\" data-end=\"886\">\n<p data-start=\"859\" data-end=\"886\">MIFARE Plus\u00ae 1K \/ 2K \/ 4K<\/p>\n<\/li>\n<li data-start=\"889\" data-end=\"919\">\n<p data-start=\"891\" data-end=\"919\">MIFARE Ultralight\u00ae EV1 \/ C<\/p>\n<\/li>\n<li data-start=\"922\" data-end=\"953\">\n<p data-start=\"924\" data-end=\"953\">MIFARE\u00ae DESFire\u00ae 2K \/ 4K \/ 8K<\/p>\n<\/li>\n<\/ul>\n<\/li>\n<\/ul>\n<p data-start=\"955\" data-end=\"1168\"><strong data-start=\"955\" data-end=\"971\">Aplicaciones<\/strong><br data-start=\"971\" data-end=\"974\" \/>Eventos y festivales; conciertos; exposiciones; parques de atracciones y acu\u00e1ticos; deportes (maratones y competiciones); clubes y bares; hospitales\/asistencia sanitaria (identificaci\u00f3n de pacientes); unidades de almacenamiento frigor\u00edfico; formaci\u00f3n y mucho m\u00e1s.<\/p>\n<p data-start=\"1170\" data-end=\"1202\"><strong data-start=\"1170\" data-end=\"1200\">Embalaje y certificaciones<\/strong><\/p>\n<ul data-start=\"1203\" data-end=\"1372\">\n<li data-start=\"1203\" data-end=\"1285\">\n<p data-start=\"1205\" data-end=\"1285\"><strong data-start=\"1205\" data-end=\"1217\">Embalaje:<\/strong> 1000 piezas por bolsa de PP; 2000 piezas por caja interior; 20000 piezas por cart\u00f3n<\/p>\n<\/li>\n<li data-start=\"1286\" data-end=\"1326\">\n<p data-start=\"1288\" data-end=\"1326\"><strong data-start=\"1288\" data-end=\"1307\">Certificaciones:<\/strong> ISO\/RoHS\/SGS<\/p>\n<\/li>\n<li data-start=\"1327\" data-end=\"1372\">\n<p data-start=\"1329\" data-end=\"1372\"><strong data-start=\"1329\" data-end=\"1342\">Entrega:<\/strong> Por mar, carga a\u00e9rea o expr\u00e9s<\/p>\n<\/li>\n<\/ul>\n<h2 data-start=\"1374\" data-end=\"1399\">Tabla (Especificaciones)<\/h2>\n<div class=\"_tableContainer_1rjym_1\">\n<div class=\"group _tableWrapper_1rjym_13 flex w-fit flex-col-reverse\" tabindex=\"-1\">\n<table class=\"w-fit min-w-(--thread-content-width)\" data-start=\"1401\" data-end=\"3139\">\n<thead data-start=\"1401\" data-end=\"1532\">\n<tr data-start=\"1401\" data-end=\"1532\">\n<th data-start=\"1401\" data-end=\"1419\" data-col-size=\"sm\">Categor\u00eda<\/th>\n<th data-start=\"1419\" data-end=\"1442\" data-col-size=\"sm\">Par\u00e1metro<\/th>\n<th data-start=\"1442\" data-end=\"1532\" data-col-size=\"md\">Valor<\/th>\n<\/tr>\n<\/thead>\n<tbody data-start=\"1665\" data-end=\"3139\">\n<tr data-start=\"1665\" data-end=\"1796\">\n<td data-start=\"1665\" data-end=\"1683\" data-col-size=\"sm\">Material<\/td>\n<td data-col-size=\"sm\" data-start=\"1683\" data-end=\"1706\">Cuerpo<\/td>\n<td data-col-size=\"md\" data-start=\"1706\" data-end=\"1796\">Papel Tyvek\u00ae<\/td>\n<\/tr>\n<tr data-start=\"1797\" data-end=\"1928\">\n<td data-start=\"1797\" data-end=\"1815\" data-col-size=\"sm\">Dimensiones<\/td>\n<td data-start=\"1815\" data-end=\"1838\" data-col-size=\"sm\">Opciones de tama\u00f1o<\/td>\n<td data-col-size=\"md\" data-start=\"1838\" data-end=\"1928\">250 \u00d7 25 mm; 250 \u00d7 20 mm; tama\u00f1os personalizados disponibles<\/td>\n<\/tr>\n<tr data-start=\"1929\" data-end=\"2060\">\n<td data-start=\"1929\" data-end=\"1947\" data-col-size=\"sm\">Color<\/td>\n<td data-col-size=\"sm\" data-start=\"1947\" data-end=\"1970\">Opciones<\/td>\n<td data-col-size=\"md\" data-start=\"1970\" data-end=\"2060\">CMYK \/ Pantone<\/td>\n<\/tr>\n<tr data-start=\"2061\" data-end=\"2192\">\n<td data-start=\"2061\" data-end=\"2079\" data-col-size=\"sm\">Impresi\u00f3n<\/td>\n<td data-col-size=\"sm\" data-start=\"2079\" data-end=\"2102\">M\u00e9todos<\/td>\n<td data-col-size=\"md\" data-start=\"2102\" data-end=\"2192\">Logotipos, im\u00e1genes, textos, c\u00f3digos de barras, c\u00f3digos QR, n\u00fameros de serie a todo color; colores lisos<\/td>\n<\/tr>\n<tr data-start=\"2193\" data-end=\"2338\">\n<td data-start=\"2193\" data-end=\"2211\" data-col-size=\"sm\">Hardware<\/td>\n<td data-col-size=\"sm\" data-start=\"2211\" data-end=\"2234\">Opciones de chip<\/td>\n<td data-col-size=\"md\" data-start=\"2234\" data-end=\"2338\">NTAG 203\/213\/215\/216; MIFARE Cl\u00e1sico 1K\/4K; MIFARE Plus 1K\/2K\/4K; Ultraligero EV1\/C; DESFire 2K\/4K\/8K<\/td>\n<\/tr>\n<tr data-start=\"2339\" data-end=\"2470\">\n<td data-start=\"2339\" data-end=\"2357\" data-col-size=\"sm\">Cierre<\/td>\n<td data-col-size=\"sm\" data-start=\"2357\" data-end=\"2380\">Tipo<\/td>\n<td data-col-size=\"md\" data-start=\"2380\" data-end=\"2470\">Cierre reutilizable<\/td>\n<\/tr>\n<tr data-start=\"2471\" data-end=\"2602\">\n<td data-start=\"2471\" data-end=\"2489\" data-col-size=\"sm\">Cantidad m\u00ednima de pedido<\/td>\n<td data-col-size=\"sm\" data-start=\"2489\" data-end=\"2512\">Pedido m\u00ednimo<\/td>\n<td data-col-size=\"md\" data-start=\"2512\" data-end=\"2602\">500 piezas<\/td>\n<\/tr>\n<tr data-start=\"2603\" data-end=\"2734\">\n<td data-start=\"2603\" data-end=\"2621\" data-col-size=\"sm\">Embalaje<\/td>\n<td data-col-size=\"sm\" data-start=\"2621\" data-end=\"2644\">Paquetes est\u00e1ndar<\/td>\n<td data-col-size=\"md\" data-start=\"2644\" data-end=\"2734\">1000 piezas\/bolsa de PP; 2000 piezas\/caja interior; 20000 piezas\/cart\u00f3n<\/td>\n<\/tr>\n<tr data-start=\"2735\" data-end=\"2866\">\n<td data-start=\"2735\" data-end=\"2753\" data-col-size=\"sm\">Certificaciones<\/td>\n<td data-col-size=\"sm\" data-start=\"2753\" data-end=\"2776\">Cumplimiento<\/td>\n<td data-col-size=\"md\" data-start=\"2776\" data-end=\"2866\">ISO\/RoHS\/SGS<\/td>\n<\/tr>\n<tr data-start=\"2867\" data-end=\"2998\">\n<td data-start=\"2867\" data-end=\"2885\" data-col-size=\"sm\">Log\u00edstica<\/td>\n<td data-col-size=\"sm\" data-start=\"2885\" data-end=\"2908\">M\u00e9todos de entrega<\/td>\n<td data-col-size=\"md\" data-start=\"2908\" data-end=\"2998\">Mar, carga a\u00e9rea, expr\u00e9s<\/td>\n<\/tr>\n<tr data-start=\"2999\" data-end=\"3139\">\n<td data-start=\"2999\" data-end=\"3017\" data-col-size=\"sm\">Aplicaciones<\/td>\n<td data-col-size=\"sm\" data-start=\"3017\" data-end=\"3040\">Casos de uso<\/td>\n<td data-col-size=\"md\" data-start=\"3040\" data-end=\"3139\">Eventos, festivales, conciertos, exposiciones, parques de atracciones\/acu\u00e1ticos, deportes, clubes, bares, hospitales<\/td>\n<\/tr>\n<\/tbody>\n<\/table>\n<\/div>\n<\/div>","protected":false},"excerpt":{"rendered":"<p>Pulseras RFID\/NFC Tyvek\u00ae ecol\u00f3gicas para eventos: livianas, duraderas y totalmente personalizables con colores, impresi\u00f3n y opciones de chip para acceso seguro y pagos sin efectivo.<\/p>","protected":false},"featured_media":797,"template":"","meta":{"_gspb_post_css":""},"product_brand":[],"product_cat":[21],"product_tag":[],"class_list":{"0":"post-796","1":"product","2":"type-product","3":"status-publish","4":"has-post-thumbnail","6":"product_cat-rfid-nfc-bracelets","8":"first","9":"instock","10":"shipping-taxable","11":"purchasable","12":"product-type-simple"},"_links":{"self":[{"href":"https:\/\/www.cxjsmartcard.com\/es\/wp-json\/wp\/v2\/product\/796","targetHints":{"allow":["GET"]}}],"collection":[{"href":"https:\/\/www.cxjsmartcard.com\/es\/wp-json\/wp\/v2\/product"}],"about":[{"href":"https:\/\/www.cxjsmartcard.com\/es\/wp-json\/wp\/v2\/types\/product"}],"wp:featuredmedia":[{"embeddable":true,"href":"https:\/\/www.cxjsmartcard.com\/es\/wp-json\/wp\/v2\/media\/797"}],"wp:attachment":[{"href":"https:\/\/www.cxjsmartcard.com\/es\/wp-json\/wp\/v2\/media?parent=796"}],"wp:term":[{"taxonomy":"product_brand","embeddable":true,"href":"https:\/\/www.cxjsmartcard.com\/es\/wp-json\/wp\/v2\/product_brand?post=796"},{"taxonomy":"product_cat","embeddable":true,"href":"https:\/\/www.cxjsmartcard.com\/es\/wp-json\/wp\/v2\/product_cat?post=796"},{"taxonomy":"product_tag","embeddable":true,"href":"https:\/\/www.cxjsmartcard.com\/es\/wp-json\/wp\/v2\/product_tag?post=796"}],"curies":[{"name":"wp","href":"https:\/\/api.w.org\/{rel}","templated":true}]}}