{"id":791,"date":"2025-11-03T07:42:05","date_gmt":"2025-11-03T07:42:05","guid":{"rendered":"https:\/\/www.cxjsmartcard.com\/?post_type=product&#038;p=791"},"modified":"2025-12-29T01:27:09","modified_gmt":"2025-12-29T01:27:09","slug":"fabric-woven-rfid-bracelet-disposable-nfc-wristband","status":"publish","type":"product","link":"https:\/\/www.cxjsmartcard.com\/es\/fabric-woven-rfid-bracelet-disposable-nfc-wristband\/","title":{"rendered":"Pulsera RFID de tela tejida Pulsera NFC desechable"},"content":{"rendered":"<p data-start=\"63\" data-end=\"390\">La pulsera desechable RFID NFC de tela tejida est\u00e1 dise\u00f1ada para brindar una experiencia fluida a los asistentes, simplificando la entrada, los pagos y el control de acceso. Ya sea en festivales, eventos u otros recintos, estas pulseras ofrecen una soluci\u00f3n sencilla para evitar largas filas, p\u00e9rdida de entradas y manejo de efectivo, con solo un toque.<\/p>\n<p data-start=\"392\" data-end=\"410\"><strong data-start=\"392\" data-end=\"408\">Caracter\u00edsticas principales<\/strong><\/p>\n<ul data-start=\"411\" data-end=\"1069\">\n<li data-start=\"411\" data-end=\"514\">\n<p data-start=\"413\" data-end=\"514\"><strong data-start=\"413\" data-end=\"422\">Tama\u00f1o:<\/strong> 350 \u00d7 15 mm (est\u00e1ndar); tama\u00f1o de tarjeta inteligente: 42 \u00d7 26 mm \/ 36 \u00d7 26 mm (tama\u00f1os personalizados disponibles)<\/p>\n<\/li>\n<li data-start=\"515\" data-end=\"555\">\n<p data-start=\"517\" data-end=\"555\"><strong data-start=\"517\" data-end=\"537\">Escribe Resistencia:<\/strong> \u2265100.000 ciclos<\/p>\n<\/li>\n<li data-start=\"556\" data-end=\"624\">\n<p data-start=\"558\" data-end=\"624\"><strong data-start=\"558\" data-end=\"573\">Rango de lectura:<\/strong> 0\u20135 cm (dependiendo del lector y del entorno)<\/p>\n<\/li>\n<li data-start=\"625\" data-end=\"749\">\n<p data-start=\"627\" data-end=\"749\"><strong data-start=\"627\" data-end=\"648\">Opciones de elaboraci\u00f3n:<\/strong> Impresi\u00f3n personalizada (color, logotipo, texto, c\u00f3digo QR, c\u00f3digo de barras, n\u00famero de serie, datos variables, serializaci\u00f3n)<\/p>\n<\/li>\n<li data-start=\"750\" data-end=\"1069\">\n<p data-start=\"752\" data-end=\"778\"><strong data-start=\"752\" data-end=\"776\">Materiales disponibles:<\/strong><\/p>\n<ul data-start=\"781\" data-end=\"1069\">\n<li data-start=\"781\" data-end=\"823\">\n<p data-start=\"783\" data-end=\"823\"><strong data-start=\"783\" data-end=\"807\">Pulseras reutilizables:<\/strong> Silicona, PVC<\/p>\n<\/li>\n<li data-start=\"826\" data-end=\"895\">\n<p data-start=\"828\" data-end=\"895\"><strong data-start=\"828\" data-end=\"854\">Pulseras ajustables:<\/strong> Poli\u00e9ster, tejido textil, cinta de raso<\/p>\n<\/li>\n<li data-start=\"898\" data-end=\"967\">\n<p data-start=\"900\" data-end=\"967\"><strong data-start=\"900\" data-end=\"926\">Pulseras desechables:<\/strong> Poli\u00e9ster, tejido textil, cinta de raso<\/p>\n<\/li>\n<li data-start=\"970\" data-end=\"1015\">\n<p data-start=\"972\" data-end=\"1015\"><strong data-start=\"972\" data-end=\"1004\">Pulseras que brillan en la oscuridad:<\/strong> Silicona<\/p>\n<\/li>\n<li data-start=\"1018\" data-end=\"1069\">\n<p data-start=\"1020\" data-end=\"1069\"><strong data-start=\"1020\" data-end=\"1048\">Pulseras con luz LED:<\/strong> Silicona, PVC, ABS<\/p>\n<\/li>\n<\/ul>\n<\/li>\n<\/ul>\n<p data-start=\"1071\" data-end=\"1089\"><strong data-start=\"1071\" data-end=\"1087\">Aplicaciones<\/strong><\/p>\n<ul data-start=\"1090\" data-end=\"1512\">\n<li data-start=\"1090\" data-end=\"1153\">\n<p data-start=\"1092\" data-end=\"1153\"><strong data-start=\"1092\" data-end=\"1110\">Transferencia de datos:<\/strong> Intercambio eficiente de informaci\u00f3n para eventos<\/p>\n<\/li>\n<li data-start=\"1154\" data-end=\"1206\">\n<p data-start=\"1156\" data-end=\"1206\"><strong data-start=\"1156\" data-end=\"1175\">Control de acceso:<\/strong> Entrada segura y r\u00e1pida al recinto<\/p>\n<\/li>\n<li data-start=\"1207\" data-end=\"1290\">\n<p data-start=\"1209\" data-end=\"1290\"><strong data-start=\"1209\" data-end=\"1232\">Gesti\u00f3n de pagos:<\/strong> Transacciones sin efectivo para festivales y parques de atracciones<\/p>\n<\/li>\n<li data-start=\"1291\" data-end=\"1354\">\n<p data-start=\"1293\" data-end=\"1354\"><strong data-start=\"1293\" data-end=\"1320\">Atenci\u00f3n sanitaria y hospitales:<\/strong> Identificaci\u00f3n confiable del paciente<\/p>\n<\/li>\n<li data-start=\"1355\" data-end=\"1434\">\n<p data-start=\"1357\" data-end=\"1434\"><strong data-start=\"1357\" data-end=\"1385\">Piscinas y saunas:<\/strong> Dise\u00f1o impermeable para entornos acu\u00e1ticos.<\/p>\n<\/li>\n<li data-start=\"1435\" data-end=\"1512\">\n<p data-start=\"1437\" data-end=\"1512\"><strong data-start=\"1437\" data-end=\"1460\">Unidades de almacenamiento en fr\u00edo:<\/strong> F\u00e1cil identificaci\u00f3n de productos sensibles a la temperatura<\/p>\n<\/li>\n<\/ul>\n<p data-start=\"1514\" data-end=\"1539\"><strong data-start=\"1514\" data-end=\"1537\">Caracter\u00edsticas adicionales<\/strong><\/p>\n<ul data-start=\"1540\" data-end=\"1718\">\n<li data-start=\"1540\" data-end=\"1643\">\n<p data-start=\"1542\" data-end=\"1643\">Durable e impermeable, ideal para festivales, conciertos, parques acu\u00e1ticos, atenci\u00f3n m\u00e9dica y parques de atracciones.<\/p>\n<\/li>\n<li data-start=\"1644\" data-end=\"1718\">\n<p data-start=\"1646\" data-end=\"1718\">Totalmente personalizable para la marca del evento, logotipos de patrocinadores, c\u00f3digos QR y m\u00e1s.<\/p>\n<\/li>\n<\/ul>\n<p data-start=\"1720\" data-end=\"1975\"><strong data-start=\"1720\" data-end=\"1750\">\u00bfPor qu\u00e9 elegir esta pulsera?<\/strong><br data-start=\"1750\" data-end=\"1753\" \/>Las pulseras RFID ayudan a reducir los tiempos de espera y agilizan el control de acceso. Son totalmente compatibles con las soluciones RFID y ofrecen pagos sin efectivo, un control de acceso eficiente e integraci\u00f3n con redes sociales para eventos.<\/p>\n<p data-start=\"1977\" data-end=\"2052\"><strong data-start=\"1977\" data-end=\"1996\">Tiempo de respuesta<\/strong><br data-start=\"1996\" data-end=\"1999\" \/>Tiempos de respuesta l\u00edderes en la industria para una entrega r\u00e1pida.<\/p>\n<h2 data-start=\"2054\" data-end=\"2079\">Tabla (Especificaciones)<\/h2>\n<div class=\"_tableContainer_1rjym_1\">\n<div class=\"group _tableWrapper_1rjym_13 flex w-fit flex-col-reverse\" tabindex=\"-1\">\n<table class=\"w-fit min-w-(--thread-content-width)\" data-start=\"2081\" data-end=\"3642\">\n<thead data-start=\"2081\" data-end=\"2200\">\n<tr data-start=\"2081\" data-end=\"2200\">\n<th data-start=\"2081\" data-end=\"2101\" data-col-size=\"sm\">Categor\u00eda<\/th>\n<th data-start=\"2101\" data-end=\"2127\" data-col-size=\"sm\">Par\u00e1metro<\/th>\n<th data-start=\"2127\" data-end=\"2200\" data-col-size=\"md\">Valor<\/th>\n<\/tr>\n<\/thead>\n<tbody data-start=\"2321\" data-end=\"3642\">\n<tr data-start=\"2321\" data-end=\"2439\">\n<td data-start=\"2321\" data-end=\"2341\" data-col-size=\"sm\">Producto<\/td>\n<td data-col-size=\"sm\" data-start=\"2341\" data-end=\"2367\">Tipo<\/td>\n<td data-col-size=\"md\" data-start=\"2367\" data-end=\"2439\">Pulsera RFID desechable<\/td>\n<\/tr>\n<tr data-start=\"2440\" data-end=\"2559\">\n<td data-start=\"2440\" data-end=\"2460\" data-col-size=\"sm\">Materiales<\/td>\n<td data-col-size=\"sm\" data-start=\"2460\" data-end=\"2486\">Cuerpo<\/td>\n<td data-col-size=\"md\" data-start=\"2486\" data-end=\"2559\">Poli\u00e9ster, Tejido textil, Cinta de raso, Silicona, PVC<\/td>\n<\/tr>\n<tr data-start=\"2560\" data-end=\"2679\">\n<td data-start=\"2560\" data-end=\"2580\" data-col-size=\"sm\">RF<\/td>\n<td data-start=\"2580\" data-end=\"2606\" data-col-size=\"sm\">Frecuencia<\/td>\n<td data-col-size=\"md\" data-start=\"2606\" data-end=\"2679\">13,56 MHz (HF)<\/td>\n<\/tr>\n<tr data-start=\"2680\" data-end=\"2799\">\n<td data-start=\"2680\" data-end=\"2700\" data-col-size=\"sm\"><\/td>\n<td data-col-size=\"sm\" data-start=\"2700\" data-end=\"2726\">Protocolo<\/td>\n<td data-col-size=\"md\" data-start=\"2726\" data-end=\"2799\">ISO14443A, ISO15693<\/td>\n<\/tr>\n<tr data-start=\"2800\" data-end=\"2919\">\n<td data-start=\"2800\" data-end=\"2820\" data-col-size=\"sm\"><\/td>\n<td data-col-size=\"sm\" data-start=\"2820\" data-end=\"2846\">Escribe Resistencia<\/td>\n<td data-col-size=\"md\" data-start=\"2846\" data-end=\"2919\">\u2265100.000 ciclos<\/td>\n<\/tr>\n<tr data-start=\"2920\" data-end=\"3039\">\n<td data-start=\"2920\" data-end=\"2940\" data-col-size=\"sm\">Rango de lectura<\/td>\n<td data-col-size=\"sm\" data-start=\"2940\" data-end=\"2966\">Distancia<\/td>\n<td data-col-size=\"md\" data-start=\"2966\" data-end=\"3039\">0\u20135 cm (dependiendo del lector)<\/td>\n<\/tr>\n<tr data-start=\"3040\" data-end=\"3161\">\n<td data-start=\"3040\" data-end=\"3060\" data-col-size=\"sm\">Personalizaci\u00f3n<\/td>\n<td data-col-size=\"sm\" data-start=\"3060\" data-end=\"3086\">Elaboraci\u00f3n<\/td>\n<td data-col-size=\"md\" data-start=\"3086\" data-end=\"3161\">Impresi\u00f3n a todo color, logotipo, texto, n\u00famero de serie, QR, c\u00f3digo de barras, codificaci\u00f3n de datos<\/td>\n<\/tr>\n<tr data-start=\"3162\" data-end=\"3280\">\n<td data-start=\"3162\" data-end=\"3182\" data-col-size=\"sm\">Durabilidad<\/td>\n<td data-col-size=\"sm\" data-start=\"3182\" data-end=\"3208\">Impermeable<\/td>\n<td data-col-size=\"md\" data-start=\"3208\" data-end=\"3280\">S\u00ed, impermeable y duradero.<\/td>\n<\/tr>\n<tr data-start=\"3281\" data-end=\"3403\">\n<td data-start=\"3281\" data-end=\"3301\" data-col-size=\"sm\">Aplicaciones<\/td>\n<td data-col-size=\"sm\" data-start=\"3301\" data-end=\"3327\">Casos de uso<\/td>\n<td data-col-size=\"md\" data-start=\"3327\" data-end=\"3403\">Entrada a eventos, pagos sin efectivo, identificaci\u00f3n sanitaria, control de acceso, venta de entradas<\/td>\n<\/tr>\n<tr data-start=\"3404\" data-end=\"3522\">\n<td data-start=\"3404\" data-end=\"3424\" data-col-size=\"sm\"><\/td>\n<td data-col-size=\"sm\" data-start=\"3424\" data-end=\"3450\"><\/td>\n<td data-col-size=\"md\" data-start=\"3450\" data-end=\"3522\">Piscinas, parques de atracciones y m\u00e1s<\/td>\n<\/tr>\n<tr data-start=\"3523\" data-end=\"3642\">\n<td data-start=\"3523\" data-end=\"3543\" data-col-size=\"sm\">Tiempo de respuesta<\/td>\n<td data-col-size=\"sm\" data-start=\"3543\" data-end=\"3569\">El tiempo de entrega<\/td>\n<td data-col-size=\"md\" data-start=\"3569\" data-end=\"3642\">Tiempos de respuesta l\u00edderes en la industria<\/td>\n<\/tr>\n<\/tbody>\n<\/table>\n<\/div>\n<\/div>","protected":false},"excerpt":{"rendered":"<p>Pulsera RFID NFC desechable personalizable para eventos, festivales y control de acceso: 13,56 MHz, resistente al agua, duradera y totalmente personalizable con logotipos, texto y datos.<\/p>","protected":false},"featured_media":792,"template":"","meta":{"_gspb_post_css":""},"product_brand":[],"product_cat":[21],"product_tag":[],"class_list":{"0":"post-791","1":"product","2":"type-product","3":"status-publish","4":"has-post-thumbnail","6":"product_cat-rfid-nfc-bracelets","8":"first","9":"instock","10":"shipping-taxable","11":"purchasable","12":"product-type-simple"},"_links":{"self":[{"href":"https:\/\/www.cxjsmartcard.com\/es\/wp-json\/wp\/v2\/product\/791","targetHints":{"allow":["GET"]}}],"collection":[{"href":"https:\/\/www.cxjsmartcard.com\/es\/wp-json\/wp\/v2\/product"}],"about":[{"href":"https:\/\/www.cxjsmartcard.com\/es\/wp-json\/wp\/v2\/types\/product"}],"wp:featuredmedia":[{"embeddable":true,"href":"https:\/\/www.cxjsmartcard.com\/es\/wp-json\/wp\/v2\/media\/792"}],"wp:attachment":[{"href":"https:\/\/www.cxjsmartcard.com\/es\/wp-json\/wp\/v2\/media?parent=791"}],"wp:term":[{"taxonomy":"product_brand","embeddable":true,"href":"https:\/\/www.cxjsmartcard.com\/es\/wp-json\/wp\/v2\/product_brand?post=791"},{"taxonomy":"product_cat","embeddable":true,"href":"https:\/\/www.cxjsmartcard.com\/es\/wp-json\/wp\/v2\/product_cat?post=791"},{"taxonomy":"product_tag","embeddable":true,"href":"https:\/\/www.cxjsmartcard.com\/es\/wp-json\/wp\/v2\/product_tag?post=791"}],"curies":[{"name":"wp","href":"https:\/\/api.w.org\/{rel}","templated":true}]}}