{"id":787,"date":"2025-11-03T07:37:44","date_gmt":"2025-11-03T07:37:44","guid":{"rendered":"https:\/\/www.cxjsmartcard.com\/?post_type=product&#038;p=787"},"modified":"2025-12-29T01:27:09","modified_gmt":"2025-12-29T01:27:09","slug":"fabric-rfid-bracelet-woven-mifare-ultralight-c-wristband","status":"publish","type":"product","link":"https:\/\/www.cxjsmartcard.com\/es\/fabric-rfid-bracelet-woven-mifare-ultralight-c-wristband\/","title":{"rendered":"Pulsera RFID de tela Pulsera tejida MIFARE Ultralight C"},"content":{"rendered":"<p data-start=\"68\" data-end=\"300\">Como fabricante l\u00edder de pulseras RFID (certificado por SGS), ofrecemos pulseras tejidas RFID de tela de alta calidad que utilizan <strong data-start=\"198\" data-end=\"222\">MIFARE Ultralight\u00ae C<\/strong> Para un control de acceso seguro y elegante y pagos sin efectivo en eventos y lugares.<\/p>\n<p data-start=\"302\" data-end=\"316\"><strong data-start=\"302\" data-end=\"314\">Caracter\u00edsticas<\/strong><\/p>\n<ul data-start=\"317\" data-end=\"602\">\n<li data-start=\"317\" data-end=\"359\">\n<p data-start=\"319\" data-end=\"359\">13,56 MHz HF, compatible con ISO\/IEC 14443A<\/p>\n<\/li>\n<li data-start=\"360\" data-end=\"412\">\n<p data-start=\"362\" data-end=\"412\">Rango de lectura de 0 a 5 cm (dependiendo del lector y del entorno)<\/p>\n<\/li>\n<li data-start=\"413\" data-end=\"448\">\n<p data-start=\"415\" data-end=\"448\">Resistencia de escritura \u2265100.000 ciclos<\/p>\n<\/li>\n<li data-start=\"449\" data-end=\"507\">\n<p data-start=\"451\" data-end=\"507\">Opciones de tela impermeable, resistente al calor y el\u00e1stica.<\/p>\n<\/li>\n<li data-start=\"508\" data-end=\"602\">\n<p data-start=\"510\" data-end=\"602\">Totalmente personalizable: tama\u00f1o, colores, logotipo, c\u00f3digo QR\/de barras, serie\/UID, datos variables, codificaci\u00f3n de chip<\/p>\n<\/li>\n<\/ul>\n<p data-start=\"604\" data-end=\"767\"><strong data-start=\"604\" data-end=\"627\">Materiales y opciones<\/strong><br data-start=\"627\" data-end=\"630\" \/>PVC, tejido de poli\u00e9ster, cinta de raso, ABS; variantes disponibles reutilizables, ajustables, desechables, que brillan en la oscuridad y con iluminaci\u00f3n LED.<\/p>\n<p data-start=\"769\" data-end=\"1054\"><strong data-start=\"769\" data-end=\"785\">Aplicaciones<\/strong><br data-start=\"785\" data-end=\"788\" \/>Control de acceso, venta de entradas, pagos sin efectivo, transferencia de datos, membres\u00eda\/fidelizaci\u00f3n, identificaci\u00f3n m\u00e9dica, asistencia de empleados, acceso a salas y seguimiento de c\u00e1maras frigor\u00edficas. Ideal para festivales de m\u00fasica, eventos deportivos, parques tem\u00e1ticos\/acu\u00e1ticos, piscinas, spas, clubes, hoteles y sedes corporativas.<\/p>\n<p data-start=\"1056\" data-end=\"1274\"><strong data-start=\"1056\" data-end=\"1085\">\u00bfPor qu\u00e9 elegir esta pulsera?<\/strong><br data-start=\"1085\" data-end=\"1088\" \/>M\u00e1s de 10 a\u00f1os de experiencia en fabricaci\u00f3n, calidad certificada por SGS, personalizaci\u00f3n completa (chip\/tama\u00f1o\/color\/codificaci\u00f3n), suministro a granel confiable y soporte t\u00e9cnico para cifrado y programaci\u00f3n de chips.<\/p>\n<h2 data-start=\"1276\" data-end=\"1301\">Tabla (Especificaciones)<\/h2>\n<div class=\"_tableContainer_1rjym_1\">\n<div class=\"group _tableWrapper_1rjym_13 flex w-fit flex-col-reverse\" tabindex=\"-1\">\n<table class=\"w-fit min-w-(--thread-content-width)\" data-start=\"1303\" data-end=\"2977\">\n<thead data-start=\"1303\" data-end=\"1415\">\n<tr data-start=\"1303\" data-end=\"1415\">\n<th data-start=\"1303\" data-end=\"1321\" data-col-size=\"sm\">Categor\u00eda<\/th>\n<th data-start=\"1321\" data-end=\"1342\" data-col-size=\"sm\">Par\u00e1metro<\/th>\n<th data-start=\"1342\" data-end=\"1415\" data-col-size=\"lg\">Valor<\/th>\n<\/tr>\n<\/thead>\n<tbody data-start=\"1529\" data-end=\"2977\">\n<tr data-start=\"1529\" data-end=\"1640\">\n<td data-start=\"1529\" data-end=\"1547\" data-col-size=\"sm\">Producto<\/td>\n<td data-col-size=\"sm\" data-start=\"1547\" data-end=\"1568\">Tipo<\/td>\n<td data-col-size=\"lg\" data-start=\"1568\" data-end=\"1640\">Pulsera RFID de tela Pulsera tejida MIFARE Ultralight C<\/td>\n<\/tr>\n<tr data-start=\"1641\" data-end=\"1753\">\n<td data-start=\"1641\" data-end=\"1659\" data-col-size=\"sm\">RF<\/td>\n<td data-start=\"1659\" data-end=\"1680\" data-col-size=\"sm\">Frecuencia<\/td>\n<td data-col-size=\"lg\" data-start=\"1680\" data-end=\"1753\">13,56 MHz (HF)<\/td>\n<\/tr>\n<tr data-start=\"1754\" data-end=\"1866\">\n<td data-start=\"1754\" data-end=\"1772\" data-col-size=\"sm\"><\/td>\n<td data-col-size=\"sm\" data-start=\"1772\" data-end=\"1793\">Protocolo<\/td>\n<td data-col-size=\"lg\" data-start=\"1793\" data-end=\"1866\">ISO\/IEC 14443A<\/td>\n<\/tr>\n<tr data-start=\"1867\" data-end=\"1979\">\n<td data-start=\"1867\" data-end=\"1885\" data-col-size=\"sm\"><\/td>\n<td data-col-size=\"sm\" data-start=\"1885\" data-end=\"1906\">Rango de lectura<\/td>\n<td data-col-size=\"lg\" data-start=\"1906\" data-end=\"1979\">0\u20135 cm (depende del lector y del entorno)<\/td>\n<\/tr>\n<tr data-start=\"1980\" data-end=\"2092\">\n<td data-start=\"1980\" data-end=\"1998\" data-col-size=\"sm\">Chip<\/td>\n<td data-start=\"1998\" data-end=\"2019\" data-col-size=\"sm\">CI<\/td>\n<td data-col-size=\"lg\" data-start=\"2019\" data-end=\"2092\">MIFARE Ultralight\u00ae C (otras opciones de chip disponibles)<\/td>\n<\/tr>\n<tr data-start=\"2093\" data-end=\"2205\">\n<td data-start=\"2093\" data-end=\"2111\" data-col-size=\"sm\">Memoria\/Resistencia<\/td>\n<td data-start=\"2111\" data-end=\"2132\" data-col-size=\"sm\">Escribe Resistencia<\/td>\n<td data-start=\"2132\" data-end=\"2205\" data-col-size=\"lg\">\u2265100.000 ciclos<\/td>\n<\/tr>\n<tr data-start=\"2206\" data-end=\"2319\">\n<td data-start=\"2206\" data-end=\"2224\" data-col-size=\"sm\">Materiales<\/td>\n<td data-start=\"2224\" data-end=\"2245\" data-col-size=\"sm\">Banda\/Partes<\/td>\n<td data-col-size=\"lg\" data-start=\"2245\" data-end=\"2319\">PVC; tejido de poli\u00e9ster; cinta de raso; ABS<\/td>\n<\/tr>\n<tr data-start=\"2320\" data-end=\"2432\">\n<td data-start=\"2320\" data-end=\"2338\" data-col-size=\"sm\">Dimensiones<\/td>\n<td data-col-size=\"sm\" data-start=\"2338\" data-end=\"2359\">Talla de la pulsera<\/td>\n<td data-col-size=\"lg\" data-start=\"2359\" data-end=\"2432\">350 \u00d7 15 mm (personalizable)<\/td>\n<\/tr>\n<tr data-start=\"2433\" data-end=\"2545\">\n<td data-start=\"2433\" data-end=\"2451\" data-col-size=\"sm\"><\/td>\n<td data-col-size=\"sm\" data-start=\"2451\" data-end=\"2472\">Tama\u00f1os del \u00e1rea de la tarjeta<\/td>\n<td data-col-size=\"lg\" data-start=\"2472\" data-end=\"2545\">42 \u00d7 26 mm; 36 \u00d7 26 mm (se admiten tama\u00f1os personalizados)<\/td>\n<\/tr>\n<tr data-start=\"2546\" data-end=\"2658\">\n<td data-start=\"2546\" data-end=\"2564\" data-col-size=\"sm\">Durabilidad<\/td>\n<td data-start=\"2564\" data-end=\"2585\" data-col-size=\"sm\">Ambiental<\/td>\n<td data-col-size=\"lg\" data-start=\"2585\" data-end=\"2658\">Opciones de tela impermeable, resistente al calor y el\u00e1stica.<\/td>\n<\/tr>\n<tr data-start=\"2659\" data-end=\"2818\">\n<td data-start=\"2659\" data-end=\"2677\" data-col-size=\"sm\">Personalizaci\u00f3n<\/td>\n<td data-col-size=\"sm\" data-start=\"2677\" data-end=\"2698\">Impresi\u00f3n\/Marcado<\/td>\n<td data-col-size=\"lg\" data-start=\"2698\" data-end=\"2818\">Impresi\u00f3n en tarjeta y sat\u00e9n a todo color (opcional a dos caras); tejido de hasta 8 colores; logotipo\/QR\/c\u00f3digo de barras\/serie\/UID; codificaci\u00f3n de datos<\/td>\n<\/tr>\n<tr data-start=\"2819\" data-end=\"2977\">\n<td data-start=\"2819\" data-end=\"2837\" data-col-size=\"sm\">Aplicaciones<\/td>\n<td data-col-size=\"sm\" data-start=\"2837\" data-end=\"2858\">Casos de uso t\u00edpicos<\/td>\n<td data-col-size=\"lg\" data-start=\"2858\" data-end=\"2977\">Control de acceso, pago sin efectivo, emisi\u00f3n de boletos, membres\u00eda, atenci\u00f3n m\u00e9dica, asistencia, acceso a salas, seguimiento de c\u00e1maras frigor\u00edficas<\/td>\n<\/tr>\n<\/tbody>\n<\/table>\n<\/div>\n<\/div>","protected":false},"excerpt":{"rendered":"<p>Pulsera RFID de tela tejida con MIFARE Ultralight\u00ae C: acceso seguro y pago sin efectivo, 13,56 MHz ISO 14443A, lecturas de 0 a 5 cm, resistente al agua y al calor, totalmente personalizable.<\/p>","protected":false},"featured_media":789,"template":"","meta":{"_gspb_post_css":""},"product_brand":[],"product_cat":[21],"product_tag":[],"class_list":{"0":"post-787","1":"product","2":"type-product","3":"status-publish","4":"has-post-thumbnail","6":"product_cat-rfid-nfc-bracelets","8":"first","9":"instock","10":"shipping-taxable","11":"purchasable","12":"product-type-simple"},"_links":{"self":[{"href":"https:\/\/www.cxjsmartcard.com\/es\/wp-json\/wp\/v2\/product\/787","targetHints":{"allow":["GET"]}}],"collection":[{"href":"https:\/\/www.cxjsmartcard.com\/es\/wp-json\/wp\/v2\/product"}],"about":[{"href":"https:\/\/www.cxjsmartcard.com\/es\/wp-json\/wp\/v2\/types\/product"}],"wp:featuredmedia":[{"embeddable":true,"href":"https:\/\/www.cxjsmartcard.com\/es\/wp-json\/wp\/v2\/media\/789"}],"wp:attachment":[{"href":"https:\/\/www.cxjsmartcard.com\/es\/wp-json\/wp\/v2\/media?parent=787"}],"wp:term":[{"taxonomy":"product_brand","embeddable":true,"href":"https:\/\/www.cxjsmartcard.com\/es\/wp-json\/wp\/v2\/product_brand?post=787"},{"taxonomy":"product_cat","embeddable":true,"href":"https:\/\/www.cxjsmartcard.com\/es\/wp-json\/wp\/v2\/product_cat?post=787"},{"taxonomy":"product_tag","embeddable":true,"href":"https:\/\/www.cxjsmartcard.com\/es\/wp-json\/wp\/v2\/product_tag?post=787"}],"curies":[{"name":"wp","href":"https:\/\/api.w.org\/{rel}","templated":true}]}}