{"id":782,"date":"2025-11-03T07:34:16","date_gmt":"2025-11-03T07:34:16","guid":{"rendered":"https:\/\/www.cxjsmartcard.com\/?post_type=product&#038;p=782"},"modified":"2025-12-29T01:27:09","modified_gmt":"2025-12-29T01:27:09","slug":"customized-rfid-silicone-nfc-bracelets","status":"publish","type":"product","link":"https:\/\/www.cxjsmartcard.com\/es\/customized-rfid-silicone-nfc-bracelets\/","title":{"rendered":"Pulseras de silicona RFID NFC personalizadas"},"content":{"rendered":"<p data-start=\"50\" data-end=\"327\">Las pulseras RFID de silicona NFC personalizadas combinan un dise\u00f1o moderno con tecnolog\u00eda RFID\/NFC segura para control de acceso, pagos sin efectivo, gesti\u00f3n de eventos y seguimiento de personal. Fabricadas en silicona ecol\u00f3gica, son impermeables, duraderas, c\u00f3modas y reutilizables.<\/p>\n<p data-start=\"329\" data-end=\"343\"><strong data-start=\"329\" data-end=\"341\">Caracter\u00edsticas<\/strong><\/p>\n<ul data-start=\"344\" data-end=\"594\">\n<li data-start=\"344\" data-end=\"384\">\n<p data-start=\"346\" data-end=\"384\">Tama\u00f1os personalizados y colores Pantone\/CMYK<\/p>\n<\/li>\n<li data-start=\"385\" data-end=\"435\">\n<p data-start=\"387\" data-end=\"435\">M\u00faltiples frecuencias (LF\/HF\/UHF) y protocolos<\/p>\n<\/li>\n<li data-start=\"436\" data-end=\"485\">\n<p data-start=\"438\" data-end=\"485\">Opciones de impresi\u00f3n\/grabado con codificaci\u00f3n de chip<\/p>\n<\/li>\n<li data-start=\"486\" data-end=\"545\">\n<p data-start=\"488\" data-end=\"545\">Adecuado para entornos h\u00famedos (parques acu\u00e1ticos, gimnasios, piscinas).<\/p>\n<\/li>\n<li data-start=\"546\" data-end=\"594\">\n<p data-start=\"548\" data-end=\"594\">Muestras gratuitas disponibles; condiciones de pago flexibles.<\/p>\n<\/li>\n<\/ul>\n<p data-start=\"596\" data-end=\"944\"><strong data-start=\"596\" data-end=\"612\">Aplicaciones<\/strong><br data-start=\"612\" data-end=\"615\" \/>Fitness y spa (acceso al gimnasio, casilleros, pago sin efectivo) \u2022 Conciertos y eventos (venta de entradas, acceso VIP, control de multitudes) \u2022 Hoteles y complejos tur\u00edsticos (acceso a casilleros\/habitaciones sin llave) \u2022 Parques acu\u00e1ticos y piscinas (identificaci\u00f3n y pago a prueba de agua) \u2022 Atenci\u00f3n m\u00e9dica (identificaci\u00f3n de pacientes, gesti\u00f3n de visitantes) \u2022 Parques de atracciones\/tem\u00e1ticos \u2022 Escuelas y zool\u00f3gicos \u2022 Seguridad y gesti\u00f3n de personal.<\/p>\n<h2 data-start=\"946\" data-end=\"971\">Tabla (Especificaciones)<\/h2>\n<div class=\"_tableContainer_1rjym_1\">\n<div class=\"group _tableWrapper_1rjym_13 flex w-fit flex-col-reverse\" tabindex=\"-1\">\n<table class=\"w-fit min-w-(--thread-content-width)\" data-start=\"972\" data-end=\"2511\">\n<thead data-start=\"972\" data-end=\"1086\">\n<tr data-start=\"972\" data-end=\"1086\">\n<th data-start=\"972\" data-end=\"990\" data-col-size=\"sm\">Categor\u00eda<\/th>\n<th data-start=\"990\" data-end=\"1013\" data-col-size=\"sm\">Par\u00e1metro<\/th>\n<th data-start=\"1013\" data-end=\"1086\" data-col-size=\"lg\">Valor<\/th>\n<\/tr>\n<\/thead>\n<tbody data-start=\"1202\" data-end=\"2511\">\n<tr data-start=\"1202\" data-end=\"1316\">\n<td data-start=\"1202\" data-end=\"1220\" data-col-size=\"sm\">Producto<\/td>\n<td data-col-size=\"sm\" data-start=\"1220\" data-end=\"1243\">Tipo<\/td>\n<td data-col-size=\"lg\" data-start=\"1243\" data-end=\"1316\">Pulsera NFC de silicona RFID<\/td>\n<\/tr>\n<tr data-start=\"1317\" data-end=\"1431\">\n<td data-start=\"1317\" data-end=\"1335\" data-col-size=\"sm\">Materiales<\/td>\n<td data-col-size=\"sm\" data-start=\"1335\" data-end=\"1358\">Cuerpo<\/td>\n<td data-col-size=\"lg\" data-start=\"1358\" data-end=\"1431\">Silicona ecol\u00f3gica<\/td>\n<\/tr>\n<tr data-start=\"1432\" data-end=\"1546\">\n<td data-start=\"1432\" data-end=\"1450\" data-col-size=\"sm\">Dimensiones<\/td>\n<td data-col-size=\"sm\" data-start=\"1450\" data-end=\"1473\">Opciones de tama\u00f1o<\/td>\n<td data-col-size=\"lg\" data-start=\"1473\" data-end=\"1546\">Personalizado<\/td>\n<\/tr>\n<tr data-start=\"1547\" data-end=\"1661\">\n<td data-start=\"1547\" data-end=\"1565\" data-col-size=\"sm\">RF<\/td>\n<td data-col-size=\"sm\" data-start=\"1565\" data-end=\"1588\">Protocolos<\/td>\n<td data-col-size=\"lg\" data-start=\"1588\" data-end=\"1661\">ISO 14443A; ISO 15693; ISO 18000-6C<\/td>\n<\/tr>\n<tr data-start=\"1662\" data-end=\"1776\">\n<td data-start=\"1662\" data-end=\"1680\" data-col-size=\"sm\"><\/td>\n<td data-col-size=\"sm\" data-start=\"1680\" data-end=\"1703\">Frecuencias<\/td>\n<td data-col-size=\"lg\" data-start=\"1703\" data-end=\"1776\">LF 125 kHz; HF 13,56 MHz; UHF 860\u2013960 MHz<\/td>\n<\/tr>\n<tr data-start=\"1777\" data-end=\"1891\">\n<td data-start=\"1777\" data-end=\"1795\" data-col-size=\"sm\">Personalizaci\u00f3n<\/td>\n<td data-col-size=\"sm\" data-start=\"1795\" data-end=\"1818\">Color<\/td>\n<td data-col-size=\"lg\" data-start=\"1818\" data-end=\"1891\">Pantone o CMYK<\/td>\n<\/tr>\n<tr data-start=\"1892\" data-end=\"2006\">\n<td data-start=\"1892\" data-end=\"1910\" data-col-size=\"sm\">Artesan\u00eda<\/td>\n<td data-col-size=\"sm\" data-start=\"1910\" data-end=\"1933\">Impresi\u00f3n\/Marcado<\/td>\n<td data-col-size=\"lg\" data-start=\"1933\" data-end=\"2006\">Serigraf\u00eda, grabado l\u00e1ser, impresi\u00f3n por transferencia t\u00e9rmica<\/td>\n<\/tr>\n<tr data-start=\"2007\" data-end=\"2120\">\n<td data-start=\"2007\" data-end=\"2025\" data-col-size=\"sm\">Codificaci\u00f3n<\/td>\n<td data-col-size=\"sm\" data-start=\"2025\" data-end=\"2048\">Servicios de datos<\/td>\n<td data-col-size=\"lg\" data-start=\"2048\" data-end=\"2120\">Serie\/UID, QR, n\u00famero; programaci\u00f3n\/codificaci\u00f3n\/bloqueo\/cifrado de chip<\/td>\n<\/tr>\n<tr data-start=\"2121\" data-end=\"2281\">\n<td data-start=\"2121\" data-end=\"2139\" data-col-size=\"sm\">Aplicaciones<\/td>\n<td data-col-size=\"sm\" data-start=\"2139\" data-end=\"2162\">Casos de uso t\u00edpicos<\/td>\n<td data-col-size=\"lg\" data-start=\"2162\" data-end=\"2281\">Gimnasios y spas; conciertos\/eventos; hoteles\/resorts; parques acu\u00e1ticos; hospitales; parques tem\u00e1ticos; escuelas; zool\u00f3gicos; seguridad\/personal<\/td>\n<\/tr>\n<tr data-start=\"2282\" data-end=\"2396\">\n<td data-start=\"2282\" data-end=\"2300\" data-col-size=\"sm\">Muestreo<\/td>\n<td data-col-size=\"sm\" data-start=\"2300\" data-end=\"2323\">Muestras gratis<\/td>\n<td data-col-size=\"lg\" data-start=\"2323\" data-end=\"2396\">Disponible<\/td>\n<\/tr>\n<tr data-start=\"2397\" data-end=\"2511\">\n<td data-start=\"2397\" data-end=\"2415\" data-col-size=\"sm\">Pagos<\/td>\n<td data-col-size=\"sm\" data-start=\"2415\" data-end=\"2438\">Condiciones de pago<\/td>\n<td data-col-size=\"lg\" data-start=\"2438\" data-end=\"2511\">Transferencia de emisi\u00f3n T\/T, PayPal, Western Union y Ali<\/td>\n<\/tr>\n<\/tbody>\n<\/table>\n<\/div>\n<\/div>","protected":false},"excerpt":{"rendered":"<p>Pulseras RFID\/NFC de silicona personalizadas: impermeables, duraderas y reutilizables; admiten LF\/HF\/UHF, tama\u00f1os\/colores personalizados, impresi\u00f3n\/grabado y codificaci\u00f3n de chip para eventos y control de acceso.<\/p>","protected":false},"featured_media":786,"template":"","meta":{"_gspb_post_css":""},"product_brand":[],"product_cat":[21],"product_tag":[],"class_list":{"0":"post-782","1":"product","2":"type-product","3":"status-publish","4":"has-post-thumbnail","6":"product_cat-rfid-nfc-bracelets","8":"first","9":"instock","10":"shipping-taxable","11":"purchasable","12":"product-type-simple"},"_links":{"self":[{"href":"https:\/\/www.cxjsmartcard.com\/es\/wp-json\/wp\/v2\/product\/782","targetHints":{"allow":["GET"]}}],"collection":[{"href":"https:\/\/www.cxjsmartcard.com\/es\/wp-json\/wp\/v2\/product"}],"about":[{"href":"https:\/\/www.cxjsmartcard.com\/es\/wp-json\/wp\/v2\/types\/product"}],"wp:featuredmedia":[{"embeddable":true,"href":"https:\/\/www.cxjsmartcard.com\/es\/wp-json\/wp\/v2\/media\/786"}],"wp:attachment":[{"href":"https:\/\/www.cxjsmartcard.com\/es\/wp-json\/wp\/v2\/media?parent=782"}],"wp:term":[{"taxonomy":"product_brand","embeddable":true,"href":"https:\/\/www.cxjsmartcard.com\/es\/wp-json\/wp\/v2\/product_brand?post=782"},{"taxonomy":"product_cat","embeddable":true,"href":"https:\/\/www.cxjsmartcard.com\/es\/wp-json\/wp\/v2\/product_cat?post=782"},{"taxonomy":"product_tag","embeddable":true,"href":"https:\/\/www.cxjsmartcard.com\/es\/wp-json\/wp\/v2\/product_tag?post=782"}],"curies":[{"name":"wp","href":"https:\/\/api.w.org\/{rel}","templated":true}]}}