{"id":777,"date":"2025-11-03T07:31:45","date_gmt":"2025-11-03T07:31:45","guid":{"rendered":"https:\/\/www.cxjsmartcard.com\/?post_type=product&#038;p=777"},"modified":"2025-12-29T01:27:10","modified_gmt":"2025-12-29T01:27:10","slug":"customized-elastic-rfid-nfc-wristband-bracelet","status":"publish","type":"product","link":"https:\/\/www.cxjsmartcard.com\/es\/customized-elastic-rfid-nfc-wristband-bracelet\/","title":{"rendered":"Pulsera el\u00e1stica RFID NFC personalizada"},"content":{"rendered":"<p data-start=\"58\" data-end=\"331\">Pulsera el\u00e1stica RFID\/NFC que combina tecnolog\u00eda inteligente con una elegante banda tejida, ideal para festivales, conciertos, venta de entradas y control de acceso seguro. Adem\u00e1s de la entrada, permite pagos sin efectivo, identificaci\u00f3n, membres\u00edas a clubes y actividades grupales de empresa.<\/p>\n<p data-start=\"333\" data-end=\"375\"><strong data-start=\"333\" data-end=\"373\">Pulsera tejida el\u00e1stica RFID<\/strong><\/p>\n<ul data-start=\"376\" data-end=\"1218\">\n<li data-start=\"376\" data-end=\"422\">\n<p data-start=\"378\" data-end=\"422\"><strong data-start=\"378\" data-end=\"395\">Nombre del producto:<\/strong> Pulsera RFID NFCC feliz<\/p>\n<\/li>\n<li data-start=\"423\" data-end=\"460\">\n<p data-start=\"425\" data-end=\"460\"><strong data-start=\"425\" data-end=\"438\">Material:<\/strong> poli\u00e9ster y nailon<\/p>\n<\/li>\n<li data-start=\"461\" data-end=\"581\">\n<p data-start=\"463\" data-end=\"581\"><strong data-start=\"463\" data-end=\"473\">Tallas:<\/strong> 185\u00d713 mm (adulto grande), 160\u00d713 mm (adulto joven\/peque\u00f1o); altura 13 mm; longitud personalizable de 140 a 210 mm<\/p>\n<\/li>\n<li data-start=\"582\" data-end=\"612\">\n<p data-start=\"584\" data-end=\"612\"><strong data-start=\"584\" data-end=\"597\">Chip NFC:<\/strong> HF 13,56 MHz<\/p>\n<\/li>\n<li data-start=\"613\" data-end=\"682\">\n<p data-start=\"615\" data-end=\"682\"><strong data-start=\"615\" data-end=\"629\">Protocolos:<\/strong> ISO14443A, ISO15693, ISO7814, ISO7815, ISO18000-6C<\/p>\n<\/li>\n<li data-start=\"683\" data-end=\"726\">\n<p data-start=\"685\" data-end=\"726\"><strong data-start=\"685\" data-end=\"705\">Color de la pulsera:<\/strong> Personalizado por PMS<\/p>\n<\/li>\n<li data-start=\"727\" data-end=\"797\">\n<p data-start=\"729\" data-end=\"797\"><strong data-start=\"729\" data-end=\"742\">Impresi\u00f3n:<\/strong> Sublimaci\u00f3n de tinta a todo color (superficies interiores y exteriores)<\/p>\n<\/li>\n<li data-start=\"798\" data-end=\"926\">\n<p data-start=\"800\" data-end=\"926\"><strong data-start=\"800\" data-end=\"811\">Artesan\u00eda:<\/strong> Impresi\u00f3n de n\u00fameros de serie\/UID, QR, c\u00f3digo de barras; programaci\u00f3n\/codificaci\u00f3n\/bloqueo\/encriptaci\u00f3n de chips (URL, texto, n\u00famero, vCard)<\/p>\n<\/li>\n<li data-start=\"927\" data-end=\"960\">\n<p data-start=\"929\" data-end=\"960\"><strong data-start=\"929\" data-end=\"942\">Caracter\u00edsticas:<\/strong> 100% impermeable<\/p>\n<\/li>\n<li data-start=\"961\" data-end=\"1130\">\n<p data-start=\"963\" data-end=\"1130\"><strong data-start=\"963\" data-end=\"980\">Aplicaciones:<\/strong> Venta de entradas, atenci\u00f3n m\u00e9dica, viajes, control de acceso y seguridad, control de asistencia, estacionamiento y pago, gesti\u00f3n de membres\u00edas de clubes\/SPA, recompensas y promociones.<\/p>\n<\/li>\n<li data-start=\"1131\" data-end=\"1151\">\n<p data-start=\"1133\" data-end=\"1151\"><strong data-start=\"1133\" data-end=\"1141\">Cantidad m\u00ednima de pedido:<\/strong> 500 piezas<\/p>\n<\/li>\n<li data-start=\"1152\" data-end=\"1218\">\n<p data-start=\"1154\" data-end=\"1218\"><strong data-start=\"1154\" data-end=\"1172\">Pol\u00edtica de muestra:<\/strong> Muestra de prueba de stock gratuita; el comprador paga el flete<\/p>\n<\/li>\n<\/ul>\n<p data-start=\"1220\" data-end=\"1603\"><strong data-start=\"1220\" data-end=\"1260\">Variante de tejido el\u00e1stico (ventajas clave)<\/strong><br data-start=\"1260\" data-end=\"1263\" \/>Poli\u00e9ster el\u00e1stico ultra c\u00f3modo; se ajusta al tama\u00f1o de la mu\u00f1eca; extra\u00edble, reutilizable e impermeable: ideal para uso de varios d\u00edas o programas de pase de temporada.<br data-start=\"1407\" data-end=\"1410\" \/><strong data-start=\"1410\" data-end=\"1423\">Beneficios:<\/strong> Comodidad y flexibilidad \u2022 Reutilizable y duradero \u2022 100% resistente al agua \u2022 Listo para marca (impresi\u00f3n a todo color, logotipo, codificaci\u00f3n de identificaci\u00f3n \u00fanica) \u2022 Funciona con la mayor\u00eda de los dispositivos habilitados para NFC y lectores RFID.<\/p>\n<h2 data-start=\"1605\" data-end=\"1630\">Tabla (Especificaciones)<\/h2>\n<div class=\"_tableContainer_1rjym_1\">\n<div class=\"group _tableWrapper_1rjym_13 flex w-fit flex-col-reverse\" tabindex=\"-1\">\n<table class=\"w-fit min-w-(--thread-content-width)\" data-start=\"1632\" data-end=\"3623\">\n<thead data-start=\"1632\" data-end=\"1754\">\n<tr data-start=\"1632\" data-end=\"1754\">\n<th data-start=\"1632\" data-end=\"1653\" data-col-size=\"sm\">Categor\u00eda<\/th>\n<th data-start=\"1653\" data-end=\"1681\" data-col-size=\"sm\">Par\u00e1metro<\/th>\n<th data-start=\"1681\" data-end=\"1754\" data-col-size=\"lg\">Valor<\/th>\n<\/tr>\n<\/thead>\n<tbody data-start=\"1877\" data-end=\"3623\">\n<tr data-start=\"1877\" data-end=\"1998\">\n<td data-start=\"1877\" data-end=\"1897\" data-col-size=\"sm\">Producto<\/td>\n<td data-col-size=\"sm\" data-start=\"1897\" data-end=\"1925\">Tipo<\/td>\n<td data-col-size=\"lg\" data-start=\"1925\" data-end=\"1998\">Pulsera el\u00e1stica RFID\/NFC personalizada<\/td>\n<\/tr>\n<tr data-start=\"1999\" data-end=\"2120\">\n<td data-start=\"1999\" data-end=\"2019\" data-col-size=\"sm\">Materiales<\/td>\n<td data-col-size=\"sm\" data-start=\"2019\" data-end=\"2047\">Banda<\/td>\n<td data-col-size=\"lg\" data-start=\"2047\" data-end=\"2120\">poli\u00e9ster y nailon<\/td>\n<\/tr>\n<tr data-start=\"2121\" data-end=\"2242\">\n<td data-start=\"2121\" data-end=\"2141\" data-col-size=\"sm\">Dimensiones<\/td>\n<td data-col-size=\"sm\" data-start=\"2141\" data-end=\"2169\">Tama\u00f1os est\u00e1ndar<\/td>\n<td data-col-size=\"lg\" data-start=\"2169\" data-end=\"2242\">185\u00d713 mm (adulto grande); 160\u00d713 mm (joven\/adulto peque\u00f1o)<\/td>\n<\/tr>\n<tr data-start=\"2243\" data-end=\"2364\">\n<td data-start=\"2243\" data-end=\"2263\" data-col-size=\"sm\"><\/td>\n<td data-col-size=\"sm\" data-start=\"2263\" data-end=\"2291\">Gama personalizada<\/td>\n<td data-col-size=\"lg\" data-start=\"2291\" data-end=\"2364\">Longitud 140\u2013210 mm; altura 13 mm<\/td>\n<\/tr>\n<tr data-start=\"2365\" data-end=\"2486\">\n<td data-start=\"2365\" data-end=\"2385\" data-col-size=\"sm\">RF<\/td>\n<td data-col-size=\"sm\" data-start=\"2385\" data-end=\"2413\">Frecuencia<\/td>\n<td data-col-size=\"lg\" data-start=\"2413\" data-end=\"2486\">HF 13,56 MHz<\/td>\n<\/tr>\n<tr data-start=\"2487\" data-end=\"2608\">\n<td data-start=\"2487\" data-end=\"2507\" data-col-size=\"sm\"><\/td>\n<td data-col-size=\"sm\" data-start=\"2507\" data-end=\"2535\">Protocolos<\/td>\n<td data-col-size=\"lg\" data-start=\"2535\" data-end=\"2608\">ISO14443A; ISO15693; ISO7814; ISO7815; ISO18000-6C<\/td>\n<\/tr>\n<tr data-start=\"2609\" data-end=\"2730\">\n<td data-start=\"2609\" data-end=\"2629\" data-col-size=\"sm\">Personalizaci\u00f3n<\/td>\n<td data-col-size=\"sm\" data-start=\"2629\" data-end=\"2657\">Color<\/td>\n<td data-col-size=\"lg\" data-start=\"2657\" data-end=\"2730\">Colores PMS personalizados<\/td>\n<\/tr>\n<tr data-start=\"2731\" data-end=\"2852\">\n<td data-start=\"2731\" data-end=\"2751\" data-col-size=\"sm\"><\/td>\n<td data-col-size=\"sm\" data-start=\"2751\" data-end=\"2779\">Impresi\u00f3n<\/td>\n<td data-col-size=\"lg\" data-start=\"2779\" data-end=\"2852\">Sublimaci\u00f3n de tinta a todo color (interior\/exterior)<\/td>\n<\/tr>\n<tr data-start=\"2853\" data-end=\"2978\">\n<td data-start=\"2853\" data-end=\"2873\" data-col-size=\"sm\">Artesan\u00eda<\/td>\n<td data-col-size=\"sm\" data-start=\"2873\" data-end=\"2901\">Codificaci\u00f3n\/Marcado<\/td>\n<td data-col-size=\"lg\" data-start=\"2901\" data-end=\"2978\">Serie\/UID, QR, c\u00f3digo de barras; codificaci\u00f3n\/bloqueo\/encriptaci\u00f3n de chip (URL\/texto\/n\u00famero\/vCard)<\/td>\n<\/tr>\n<tr data-start=\"2979\" data-end=\"3100\">\n<td data-start=\"2979\" data-end=\"2999\" data-col-size=\"sm\">Actuaci\u00f3n<\/td>\n<td data-col-size=\"sm\" data-start=\"2999\" data-end=\"3027\">Caracter\u00edstica<\/td>\n<td data-col-size=\"lg\" data-start=\"3027\" data-end=\"3100\">100% impermeable<\/td>\n<\/tr>\n<tr data-start=\"3101\" data-end=\"3257\">\n<td data-start=\"3101\" data-end=\"3121\" data-col-size=\"sm\">Aplicaciones<\/td>\n<td data-col-size=\"sm\" data-start=\"3121\" data-end=\"3149\">Casos de uso<\/td>\n<td data-col-size=\"lg\" data-start=\"3149\" data-end=\"3257\">Venta de entradas, control de acceso, pago sin efectivo, atenci\u00f3n m\u00e9dica, horario y asistencia, estacionamiento, membres\u00eda, recompensas<\/td>\n<\/tr>\n<tr data-start=\"3258\" data-end=\"3379\">\n<td data-start=\"3258\" data-end=\"3278\" data-col-size=\"sm\">Log\u00edstica<\/td>\n<td data-col-size=\"sm\" data-start=\"3278\" data-end=\"3306\">Cantidad m\u00ednima de pedido<\/td>\n<td data-col-size=\"lg\" data-start=\"3306\" data-end=\"3379\">500 piezas<\/td>\n<\/tr>\n<tr data-start=\"3380\" data-end=\"3501\">\n<td data-start=\"3380\" data-end=\"3400\" data-col-size=\"sm\">Muestreo<\/td>\n<td data-col-size=\"sm\" data-start=\"3400\" data-end=\"3428\">Pol\u00edtica<\/td>\n<td data-col-size=\"lg\" data-start=\"3428\" data-end=\"3501\">Muestra de stock gratuita; el comprador paga el flete<\/td>\n<\/tr>\n<tr data-start=\"3502\" data-end=\"3623\">\n<td data-start=\"3502\" data-end=\"3522\" data-col-size=\"sm\">Beneficios<\/td>\n<td data-col-size=\"sm\" data-start=\"3522\" data-end=\"3550\">Reflejos<\/td>\n<td data-col-size=\"lg\" data-start=\"3550\" data-end=\"3623\">Ajuste el\u00e1stico, reutilizable, compatible con marca, compatible con lectores NFC\/RFID<\/td>\n<\/tr>\n<\/tbody>\n<\/table>\n<\/div>\n<\/div>","protected":false},"excerpt":{"rendered":"<p>Pulsera RFID\/NFC tejida el\u00e1stica para eventos y control de acceso: tama\u00f1os y colores personalizados, 100% impermeable, reutilizable y lista para marcar con impresi\u00f3n a todo color y codificaci\u00f3n de chip.<\/p>","protected":false},"featured_media":778,"template":"","meta":{"_gspb_post_css":""},"product_brand":[],"product_cat":[21],"product_tag":[],"class_list":{"0":"post-777","1":"product","2":"type-product","3":"status-publish","4":"has-post-thumbnail","6":"product_cat-rfid-nfc-bracelets","8":"first","9":"instock","10":"shipping-taxable","11":"purchasable","12":"product-type-simple"},"_links":{"self":[{"href":"https:\/\/www.cxjsmartcard.com\/es\/wp-json\/wp\/v2\/product\/777","targetHints":{"allow":["GET"]}}],"collection":[{"href":"https:\/\/www.cxjsmartcard.com\/es\/wp-json\/wp\/v2\/product"}],"about":[{"href":"https:\/\/www.cxjsmartcard.com\/es\/wp-json\/wp\/v2\/types\/product"}],"wp:featuredmedia":[{"embeddable":true,"href":"https:\/\/www.cxjsmartcard.com\/es\/wp-json\/wp\/v2\/media\/778"}],"wp:attachment":[{"href":"https:\/\/www.cxjsmartcard.com\/es\/wp-json\/wp\/v2\/media?parent=777"}],"wp:term":[{"taxonomy":"product_brand","embeddable":true,"href":"https:\/\/www.cxjsmartcard.com\/es\/wp-json\/wp\/v2\/product_brand?post=777"},{"taxonomy":"product_cat","embeddable":true,"href":"https:\/\/www.cxjsmartcard.com\/es\/wp-json\/wp\/v2\/product_cat?post=777"},{"taxonomy":"product_tag","embeddable":true,"href":"https:\/\/www.cxjsmartcard.com\/es\/wp-json\/wp\/v2\/product_tag?post=777"}],"curies":[{"name":"wp","href":"https:\/\/api.w.org\/{rel}","templated":true}]}}