{"id":772,"date":"2025-11-03T07:28:48","date_gmt":"2025-11-03T07:28:48","guid":{"rendered":"https:\/\/www.cxjsmartcard.com\/?post_type=product&#038;p=772"},"modified":"2025-12-29T01:27:10","modified_gmt":"2025-12-29T01:27:10","slug":"custom-nfc-fabric-woven-bracelet-rfid-wristband-for-festival","status":"publish","type":"product","link":"https:\/\/www.cxjsmartcard.com\/es\/custom-nfc-fabric-woven-bracelet-rfid-wristband-for-festival\/","title":{"rendered":"Pulsera tejida con NFC personalizada y RFID para festivales"},"content":{"rendered":"<p data-start=\"72\" data-end=\"240\">Pulsera tejida de tela NFC personalizada La pulsera RFID es una soluci\u00f3n duradera, impermeable y segura para el control de acceso, el pago sin efectivo y la gesti\u00f3n de eventos.<\/p>\n<p data-start=\"242\" data-end=\"277\"><strong data-start=\"242\" data-end=\"255\">Materiales<\/strong><br data-start=\"255\" data-end=\"258\" \/>PVC + tejido.<\/p>\n<p data-start=\"279\" data-end=\"342\"><strong data-start=\"279\" data-end=\"292\">Protocolos<\/strong><br data-start=\"292\" data-end=\"295\" \/>ISO 11785, ISO 15693, ISO 14443A, ISO 18000-6C.<\/p>\n<p data-start=\"344\" data-end=\"443\"><strong data-start=\"344\" data-end=\"368\">Tama\u00f1os (personalizables)<\/strong><br data-start=\"368\" data-end=\"371\" \/>47\u00d747\u00d70,8 mm; 55,21\u00d756\u00d70,8 mm; 45\u00d740\u00d70,8 mm; 30\u00d747\u00d70,8 mm; 41\u00d726\u00d70,8 mm.<\/p>\n<p data-start=\"445\" data-end=\"519\"><strong data-start=\"445\" data-end=\"479\">Distancia de lectura (dependiente del chip)<\/strong><br data-start=\"479\" data-end=\"482\" \/>LF: 1\u20134 cm \u2022 HF: 1\u20136 cm \u2022 UHF: 1\u20136 m.<\/p>\n<p data-start=\"521\" data-end=\"644\"><strong data-start=\"521\" data-end=\"541\">Artesan\u00edas disponibles<\/strong><br data-start=\"541\" data-end=\"544\" \/>Serigraf\u00eda o impresi\u00f3n multicolor; logotipo\/c\u00f3digo UID l\u00e1ser; n\u00famero de serie; c\u00f3digo QR; codificaci\u00f3n de datos.<\/p>\n<p data-start=\"646\" data-end=\"752\"><strong data-start=\"646\" data-end=\"662\">Aplicaciones<\/strong><br data-start=\"662\" data-end=\"665\" \/>Eventos, festivales, escuelas, parques de atracciones, centros de m\u00fasica y control de acceso en general.<\/p>\n<p data-start=\"754\" data-end=\"844\"><strong data-start=\"754\" data-end=\"778\">Opciones de instalaci\u00f3n<\/strong><br data-start=\"778\" data-end=\"781\" \/>Pulsera desechable con cierre deslizante; pulsera ajustable reutilizable.<\/p>\n<p data-start=\"846\" data-end=\"1312\"><strong data-start=\"846\" data-end=\"877\">Beneficios de las pulseras RFID<\/strong><br data-start=\"877\" data-end=\"880\" \/>Aumentar los ingresos; maximizar la rentabilidad; aumentar la velocidad del servicio; mejorar la eficiencia operativa; eliminar problemas de manejo de efectivo; agilizar procesos y procedimientos; prevenir el ingreso fraudulento o falsificado.<br data-start=\"1093\" data-end=\"1096\" \/>Los chips RFID integrados en las pulseras permiten el control de acceso, los pagos sin efectivo, la recopilaci\u00f3n de datos, las interacciones sociales y m\u00e1s, y admiten LF (125\u2013134 kHz), HF (13,56 MHz) y UHF (860\u2013960 MHz) para adaptarse a diversas implementaciones.<\/p>\n<h2 data-start=\"1314\" data-end=\"1339\">Tabla (Especificaciones)<\/h2>\n<div class=\"_tableContainer_1rjym_1\">\n<div class=\"group _tableWrapper_1rjym_13 flex w-fit flex-col-reverse\" tabindex=\"-1\">\n<table class=\"w-fit min-w-(--thread-content-width)\" data-start=\"1341\" data-end=\"2618\">\n<thead data-start=\"1341\" data-end=\"1455\">\n<tr data-start=\"1341\" data-end=\"1455\">\n<th data-start=\"1341\" data-end=\"1359\" data-col-size=\"sm\">Categor\u00eda<\/th>\n<th data-start=\"1359\" data-end=\"1382\" data-col-size=\"sm\">Par\u00e1metro<\/th>\n<th data-start=\"1382\" data-end=\"1455\" data-col-size=\"md\">Valor<\/th>\n<\/tr>\n<\/thead>\n<tbody data-start=\"1571\" data-end=\"2618\">\n<tr data-start=\"1571\" data-end=\"1685\">\n<td data-start=\"1571\" data-end=\"1589\" data-col-size=\"sm\">Producto<\/td>\n<td data-col-size=\"sm\" data-start=\"1589\" data-end=\"1612\">Tipo<\/td>\n<td data-col-size=\"md\" data-start=\"1612\" data-end=\"1685\">Pulsera tejida con NFC personalizada y RFID<\/td>\n<\/tr>\n<tr data-start=\"1686\" data-end=\"1800\">\n<td data-start=\"1686\" data-end=\"1704\" data-col-size=\"sm\">Materiales<\/td>\n<td data-col-size=\"sm\" data-start=\"1704\" data-end=\"1727\">Cuerpo<\/td>\n<td data-col-size=\"md\" data-start=\"1727\" data-end=\"1800\">PVC + Tejido<\/td>\n<\/tr>\n<tr data-start=\"1801\" data-end=\"1915\">\n<td data-start=\"1801\" data-end=\"1819\" data-col-size=\"sm\">RF<\/td>\n<td data-col-size=\"sm\" data-start=\"1819\" data-end=\"1842\">Protocolos<\/td>\n<td data-col-size=\"md\" data-start=\"1842\" data-end=\"1915\">ISO 11785; Norma ISO 15693; ISO 14443A; ISO 18000-6C<\/td>\n<\/tr>\n<tr data-start=\"1916\" data-end=\"2030\">\n<td data-start=\"1916\" data-end=\"1934\" data-col-size=\"sm\"><\/td>\n<td data-col-size=\"sm\" data-start=\"1934\" data-end=\"1957\">Frecuencias<\/td>\n<td data-col-size=\"md\" data-start=\"1957\" data-end=\"2030\">LF 125\u2013134 kHz; HF 13,56 MHz; UHF 860\u2013960 MHz<\/td>\n<\/tr>\n<tr data-start=\"2031\" data-end=\"2145\">\n<td data-start=\"2031\" data-end=\"2049\" data-col-size=\"sm\">Actuaci\u00f3n<\/td>\n<td data-col-size=\"sm\" data-start=\"2049\" data-end=\"2072\">Distancia de lectura<\/td>\n<td data-col-size=\"md\" data-start=\"2072\" data-end=\"2145\">LF 1\u20134 cm; HF 1\u20136 cm; UHF 1\u20136 m (depende del chip\/lector)<\/td>\n<\/tr>\n<tr data-start=\"2146\" data-end=\"2262\">\n<td data-start=\"2146\" data-end=\"2164\" data-col-size=\"sm\">Dimensiones<\/td>\n<td data-col-size=\"sm\" data-start=\"2164\" data-end=\"2187\">Opciones de tama\u00f1o<\/td>\n<td data-col-size=\"md\" data-start=\"2187\" data-end=\"2262\">47\u00d747\u00d70,8 mm; 55,21\u00d756\u00d70,8 mm; 45\u00d740\u00d70,8 mm; 30\u00d747\u00d70,8 mm; 41\u00d726\u00d70,8 mm<\/td>\n<\/tr>\n<tr data-start=\"2263\" data-end=\"2385\">\n<td data-start=\"2263\" data-end=\"2281\" data-col-size=\"sm\">Personalizaci\u00f3n<\/td>\n<td data-col-size=\"sm\" data-start=\"2281\" data-end=\"2304\">Impresi\u00f3n\/codificaci\u00f3n<\/td>\n<td data-col-size=\"md\" data-start=\"2304\" data-end=\"2385\">Serigraf\u00eda o impresi\u00f3n multicolor; logotipo\/UID l\u00e1ser; n\u00famero de serie; QR; codificaci\u00f3n de datos<\/td>\n<\/tr>\n<tr data-start=\"2386\" data-end=\"2503\">\n<td data-start=\"2386\" data-end=\"2404\" data-col-size=\"sm\">Aplicaciones<\/td>\n<td data-col-size=\"sm\" data-start=\"2404\" data-end=\"2427\">Casos de uso t\u00edpicos<\/td>\n<td data-col-size=\"md\" data-start=\"2427\" data-end=\"2503\">Entrada a eventos\/festivales, gesti\u00f3n de escuelas y centros de m\u00fasica, control de acceso<\/td>\n<\/tr>\n<tr data-start=\"2504\" data-end=\"2618\">\n<td data-start=\"2504\" data-end=\"2522\" data-col-size=\"sm\">Instalaci\u00f3n<\/td>\n<td data-col-size=\"sm\" data-start=\"2522\" data-end=\"2545\">Tipos de pulseras<\/td>\n<td data-col-size=\"md\" data-start=\"2545\" data-end=\"2618\">Deslizador desechable; ajustable y reutilizable.<\/td>\n<\/tr>\n<\/tbody>\n<\/table>\n<\/div>\n<\/div>","protected":false},"excerpt":{"rendered":"<p>Pulsera RFID de tela tejida para eventos y control de acceso: duradera, impermeable y personalizable; admite LF\/HF\/UHF, m\u00faltiples tama\u00f1os y bandas desechables o reutilizables.<\/p>","protected":false},"featured_media":773,"template":"","meta":{"_gspb_post_css":""},"product_brand":[],"product_cat":[21],"product_tag":[],"class_list":{"0":"post-772","1":"product","2":"type-product","3":"status-publish","4":"has-post-thumbnail","6":"product_cat-rfid-nfc-bracelets","8":"first","9":"instock","10":"shipping-taxable","11":"purchasable","12":"product-type-simple"},"_links":{"self":[{"href":"https:\/\/www.cxjsmartcard.com\/es\/wp-json\/wp\/v2\/product\/772","targetHints":{"allow":["GET"]}}],"collection":[{"href":"https:\/\/www.cxjsmartcard.com\/es\/wp-json\/wp\/v2\/product"}],"about":[{"href":"https:\/\/www.cxjsmartcard.com\/es\/wp-json\/wp\/v2\/types\/product"}],"wp:featuredmedia":[{"embeddable":true,"href":"https:\/\/www.cxjsmartcard.com\/es\/wp-json\/wp\/v2\/media\/773"}],"wp:attachment":[{"href":"https:\/\/www.cxjsmartcard.com\/es\/wp-json\/wp\/v2\/media?parent=772"}],"wp:term":[{"taxonomy":"product_brand","embeddable":true,"href":"https:\/\/www.cxjsmartcard.com\/es\/wp-json\/wp\/v2\/product_brand?post=772"},{"taxonomy":"product_cat","embeddable":true,"href":"https:\/\/www.cxjsmartcard.com\/es\/wp-json\/wp\/v2\/product_cat?post=772"},{"taxonomy":"product_tag","embeddable":true,"href":"https:\/\/www.cxjsmartcard.com\/es\/wp-json\/wp\/v2\/product_tag?post=772"}],"curies":[{"name":"wp","href":"https:\/\/api.w.org\/{rel}","templated":true}]}}