{"id":767,"date":"2025-11-03T07:23:32","date_gmt":"2025-11-03T07:23:32","guid":{"rendered":"https:\/\/www.cxjsmartcard.com\/?post_type=product&#038;p=767"},"modified":"2025-12-29T01:27:10","modified_gmt":"2025-12-29T01:27:10","slug":"waterproof-uhf-industrial-rfid-flexible-silicone-laundry-tag","status":"publish","type":"product","link":"https:\/\/www.cxjsmartcard.com\/es\/waterproof-uhf-industrial-rfid-flexible-silicone-laundry-tag\/","title":{"rendered":"Etiqueta de lavander\u00eda de silicona flexible RFID industrial UHF resistente al agua"},"content":{"rendered":"<p data-start=\"72\" data-end=\"463\">Etiqueta UHF flexible de silicona para lavander\u00eda, dise\u00f1ada para el lavado industrial y la gesti\u00f3n de textiles. Es impermeable, resistente al calor y a la intemperie, opera en la banda de 860-960 MHz y cumple con la norma ISO\/IEC 18000-6C (EPC Gen2). Especialmente adecuada para el lavado industrial de ropa y lino, con resistencia al planchado a alta temperatura, alta presi\u00f3n y m\u00e1s de 200 ciclos de lavado industrial.<\/p>\n<p data-start=\"465\" data-end=\"488\"><strong data-start=\"465\" data-end=\"486\">Seguro de calidad<\/strong><\/p>\n<ul data-start=\"489\" data-end=\"581\">\n<li data-start=\"489\" data-end=\"545\">\n<p data-start=\"491\" data-end=\"545\">Funci\u00f3n 100% probada por Voyantic Performance Tester.<\/p>\n<\/li>\n<li data-start=\"546\" data-end=\"581\">\n<p data-start=\"548\" data-end=\"581\">100% EPC y memoria de usuario comprobadas.<\/p>\n<\/li>\n<\/ul>\n<p data-start=\"583\" data-end=\"614\"><strong data-start=\"583\" data-end=\"612\">Especificaciones el\u00e9ctricas<\/strong><\/p>\n<ul data-start=\"615\" data-end=\"886\">\n<li data-start=\"615\" data-end=\"664\">\n<p data-start=\"617\" data-end=\"664\">Interfaz a\u00e9rea: EPC Clase 1 Gen2, ISO 18000-6C<\/p>\n<\/li>\n<li data-start=\"665\" data-end=\"705\">\n<p data-start=\"667\" data-end=\"705\">Tipo de dispositivo: Transpondedor UHF pasivo<\/p>\n<\/li>\n<li data-start=\"706\" data-end=\"744\">\n<p data-start=\"708\" data-end=\"744\">Frecuencia operativa: 865\u2013928 MHz<\/p>\n<\/li>\n<li data-start=\"745\" data-end=\"834\">\n<p data-start=\"747\" data-end=\"834\">Memoria (configuraci\u00f3n t\u00edpica de IC): EPC 128 bits; Usuario 32 bits; Contrase\u00f1a 32 bits; TID 96 bits<\/p>\n<\/li>\n<li data-start=\"835\" data-end=\"859\">\n<p data-start=\"837\" data-end=\"859\">Polarizaci\u00f3n: Lineal<\/p>\n<\/li>\n<li data-start=\"860\" data-end=\"886\">\n<p data-start=\"862\" data-end=\"886\">Conservaci\u00f3n de datos: 10 a\u00f1os<\/p>\n<\/li>\n<\/ul>\n<p data-start=\"888\" data-end=\"916\"><strong data-start=\"888\" data-end=\"914\">Mec\u00e1nica y materiales<\/strong><\/p>\n<ul data-start=\"917\" data-end=\"1077\">\n<li data-start=\"917\" data-end=\"960\">\n<p data-start=\"919\" data-end=\"960\">Dimensiones (etiqueta de tela): 60 \u00d7 20 \u00d7 1 mm<\/p>\n<\/li>\n<li data-start=\"961\" data-end=\"1043\">\n<p data-start=\"963\" data-end=\"1043\">Dimensiones (etiqueta de silicona): 85 \u00d7 27 \u00d7 4 mm; 55 \u00d7 12 \u00d7 2,5 mm (otras disponibles)<\/p>\n<\/li>\n<li data-start=\"1044\" data-end=\"1077\">\n<p data-start=\"1046\" data-end=\"1077\">Materiales de la etiqueta: Tela, Silicona<\/p>\n<\/li>\n<\/ul>\n<p data-start=\"1079\" data-end=\"1118\"><strong data-start=\"1079\" data-end=\"1116\">Resistencia ambiental y de procesos<\/strong><\/p>\n<ul data-start=\"1119\" data-end=\"1352\">\n<li data-start=\"1119\" data-end=\"1181\">\n<p data-start=\"1121\" data-end=\"1181\">Temperatura de almacenamiento: \u221240 \u00b0C a +120 \u00b0C (\u221240 \u00b0F a +248 \u00b0F)<\/p>\n<\/li>\n<li data-start=\"1182\" data-end=\"1219\">\n<p data-start=\"1184\" data-end=\"1219\">Planchadora: 180 \u00b0C \u00d7 15 s, 200 ciclos<\/p>\n<\/li>\n<li data-start=\"1220\" data-end=\"1316\">\n<p data-start=\"1222\" data-end=\"1316\">Secadora: 85 \u00b0C \u00d7 120 min, 200 ciclos; 120 \u00b0C \u00d7 60 min, 200 ciclos; 150 \u00b0C \u00d7 20 min, 200 ciclos<\/p>\n<\/li>\n<li data-start=\"1317\" data-end=\"1352\">\n<p data-start=\"1319\" data-end=\"1352\">Resistencia a la presi\u00f3n: hasta 56 bar<\/p>\n<\/li>\n<\/ul>\n<p data-start=\"1354\" data-end=\"1372\"><strong data-start=\"1354\" data-end=\"1370\">Aplicaciones<\/strong><\/p>\n<ul data-start=\"1373\" data-end=\"1510\">\n<li data-start=\"1373\" data-end=\"1394\">\n<p data-start=\"1375\" data-end=\"1394\">Gesti\u00f3n de ropa de cama<\/p>\n<\/li>\n<li data-start=\"1395\" data-end=\"1417\">\n<p data-start=\"1397\" data-end=\"1417\">Gesti\u00f3n de uniformes<\/p>\n<\/li>\n<li data-start=\"1418\" data-end=\"1449\">\n<p data-start=\"1420\" data-end=\"1449\">Gesti\u00f3n de lavander\u00eda hospitalaria<\/p>\n<\/li>\n<li data-start=\"1450\" data-end=\"1478\">\n<p data-start=\"1452\" data-end=\"1478\">Gesti\u00f3n de lavander\u00eda de hoteles<\/p>\n<\/li>\n<li data-start=\"1479\" data-end=\"1510\">\n<p data-start=\"1481\" data-end=\"1510\">Gesti\u00f3n textil industrial<\/p>\n<\/li>\n<\/ul>\n<p data-start=\"1512\" data-end=\"1666\"><strong data-start=\"1512\" data-end=\"1520\">Preguntas frecuentes<\/strong><br data-start=\"1520\" data-end=\"1523\" \/><strong data-start=\"1523\" data-end=\"1530\">Pregunta 1:<\/strong> \u00bfSe pueden coser estas etiquetas RFID en uniformes o prendas?<br data-start=\"1585\" data-end=\"1588\" \/><strong data-start=\"1588\" data-end=\"1594\">A:<\/strong> S\u00ed. La etiqueta de silicona flexible se puede coser, sellar t\u00e9rmicamente o incrustar.<\/p>\n<p data-start=\"1668\" data-end=\"1791\"><strong data-start=\"1668\" data-end=\"1675\">Pregunta 2:<\/strong> \u00bfCu\u00e1ntos ciclos de lavado puede soportar esta etiqueta?<br data-start=\"1717\" data-end=\"1720\" \/><strong data-start=\"1720\" data-end=\"1726\">A:<\/strong> Hasta 200 ciclos de lavado, dependiendo del detergente y la temperatura.<\/p>\n<p data-start=\"1793\" data-end=\"1916\"><strong data-start=\"1793\" data-end=\"1800\">Pregunta 3:<\/strong> \u00bfEst\u00e1 disponible la personalizaci\u00f3n?<br data-start=\"1828\" data-end=\"1831\" \/><strong data-start=\"1831\" data-end=\"1837\">A:<\/strong> S\u00ed. Los tama\u00f1os, colores y marcas (impresi\u00f3n de logotipos o c\u00f3digos QR) son personalizables.<\/p>\n<h2 data-start=\"1918\" data-end=\"1943\">Tabla (Especificaciones)<\/h2>\n<div class=\"_tableContainer_1rjym_1\">\n<div class=\"group _tableWrapper_1rjym_13 flex w-fit flex-col-reverse\" tabindex=\"-1\">\n<table class=\"w-fit min-w-(--thread-content-width)\" data-start=\"1945\" data-end=\"4087\">\n<thead data-start=\"1945\" data-end=\"2071\">\n<tr data-start=\"1945\" data-end=\"2071\">\n<th data-start=\"1945\" data-end=\"1970\" data-col-size=\"sm\">Categor\u00eda<\/th>\n<th data-start=\"1970\" data-end=\"1998\" data-col-size=\"sm\">Par\u00e1metro<\/th>\n<th data-start=\"1998\" data-end=\"2071\" data-col-size=\"md\">Valor<\/th>\n<\/tr>\n<\/thead>\n<tbody data-start=\"2198\" data-end=\"4087\">\n<tr data-start=\"2198\" data-end=\"2323\">\n<td data-start=\"2198\" data-end=\"2222\" data-col-size=\"sm\">Interfaz RF<\/td>\n<td data-col-size=\"sm\" data-start=\"2222\" data-end=\"2250\">Protocolo<\/td>\n<td data-col-size=\"md\" data-start=\"2250\" data-end=\"2323\">EPC Clase 1 Gen2 \/ ISO 18000-6C<\/td>\n<\/tr>\n<tr data-start=\"2324\" data-end=\"2449\">\n<td data-start=\"2324\" data-end=\"2348\" data-col-size=\"sm\"><\/td>\n<td data-col-size=\"sm\" data-start=\"2348\" data-end=\"2376\">Tipo de dispositivo<\/td>\n<td data-col-size=\"md\" data-start=\"2376\" data-end=\"2449\">Transpondedor UHF pasivo<\/td>\n<\/tr>\n<tr data-start=\"2450\" data-end=\"2575\">\n<td data-start=\"2450\" data-end=\"2474\" data-col-size=\"sm\"><\/td>\n<td data-col-size=\"sm\" data-start=\"2474\" data-end=\"2502\">Frecuencia<\/td>\n<td data-col-size=\"md\" data-start=\"2502\" data-end=\"2575\">865\u2013928 MHz (operativo); compatible con 860\u2013960 MHz<\/td>\n<\/tr>\n<tr data-start=\"2576\" data-end=\"2701\">\n<td data-start=\"2576\" data-end=\"2600\" data-col-size=\"sm\">Memoria<\/td>\n<td data-col-size=\"sm\" data-start=\"2600\" data-end=\"2628\">EPC \/ Usuario \/ Contrase\u00f1a \/ TID<\/td>\n<td data-col-size=\"md\" data-start=\"2628\" data-end=\"2701\">128 bits \/ 32 bits \/ 32 bits \/ 96 bits<\/td>\n<\/tr>\n<tr data-start=\"2702\" data-end=\"2827\">\n<td data-start=\"2702\" data-end=\"2726\" data-col-size=\"sm\">Datos<\/td>\n<td data-col-size=\"sm\" data-start=\"2726\" data-end=\"2754\">Retenci\u00f3n<\/td>\n<td data-col-size=\"md\" data-start=\"2754\" data-end=\"2827\">10 a\u00f1os<\/td>\n<\/tr>\n<tr data-start=\"2828\" data-end=\"2953\">\n<td data-start=\"2828\" data-end=\"2852\" data-col-size=\"sm\">Antena<\/td>\n<td data-col-size=\"sm\" data-start=\"2852\" data-end=\"2880\">Polarizaci\u00f3n<\/td>\n<td data-col-size=\"md\" data-start=\"2880\" data-end=\"2953\">Lineal<\/td>\n<\/tr>\n<tr data-start=\"2954\" data-end=\"3079\">\n<td data-start=\"2954\" data-end=\"2978\" data-col-size=\"sm\">Materiales<\/td>\n<td data-col-size=\"sm\" data-start=\"2978\" data-end=\"3006\">Material de la etiqueta<\/td>\n<td data-col-size=\"md\" data-start=\"3006\" data-end=\"3079\">Tela, silicona<\/td>\n<\/tr>\n<tr data-start=\"3080\" data-end=\"3205\">\n<td data-start=\"3080\" data-end=\"3104\" data-col-size=\"sm\">Dimensiones (Tela)<\/td>\n<td data-col-size=\"sm\" data-start=\"3104\" data-end=\"3132\">Tama\u00f1o<\/td>\n<td data-col-size=\"md\" data-start=\"3132\" data-end=\"3205\">60 \u00d7 20 \u00d7 1 mm<\/td>\n<\/tr>\n<tr data-start=\"3206\" data-end=\"3331\">\n<td data-start=\"3206\" data-end=\"3230\" data-col-size=\"sm\">Dimensiones (Silicona)<\/td>\n<td data-col-size=\"sm\" data-start=\"3230\" data-end=\"3258\">Opciones de tama\u00f1o<\/td>\n<td data-col-size=\"md\" data-start=\"3258\" data-end=\"3331\">85 \u00d7 27 \u00d7 4 mm; 55 \u00d7 12 \u00d7 2,5 mm<\/td>\n<\/tr>\n<tr data-start=\"3332\" data-end=\"3457\">\n<td data-start=\"3332\" data-end=\"3356\" data-col-size=\"sm\">Ambiente<\/td>\n<td data-col-size=\"sm\" data-start=\"3356\" data-end=\"3384\">Temperatura de almacenamiento<\/td>\n<td data-col-size=\"md\" data-start=\"3384\" data-end=\"3457\">\u221240 \u00b0C a +120 \u00b0C<\/td>\n<\/tr>\n<tr data-start=\"3458\" data-end=\"3583\">\n<td data-start=\"3458\" data-end=\"3482\" data-col-size=\"sm\">Resistencia del proceso<\/td>\n<td data-col-size=\"sm\" data-start=\"3482\" data-end=\"3510\">Planchadora<\/td>\n<td data-col-size=\"md\" data-start=\"3510\" data-end=\"3583\">180 \u00b0C \u00d7 15 s, 200 ciclos<\/td>\n<\/tr>\n<tr data-start=\"3584\" data-end=\"3709\">\n<td data-start=\"3584\" data-end=\"3608\" data-col-size=\"sm\"><\/td>\n<td data-col-size=\"sm\" data-start=\"3608\" data-end=\"3636\">Secadora<\/td>\n<td data-col-size=\"md\" data-start=\"3636\" data-end=\"3709\">85 \u00b0C \u00d7 120 min; 120 \u00b0C \u00d7 60 min; 150 \u00b0C \u00d7 20 min (los 200 ciclos)<\/td>\n<\/tr>\n<tr data-start=\"3710\" data-end=\"3835\">\n<td data-start=\"3710\" data-end=\"3734\" data-col-size=\"sm\">Mec\u00e1nica<\/td>\n<td data-col-size=\"sm\" data-start=\"3734\" data-end=\"3762\">Resistencia a la presi\u00f3n<\/td>\n<td data-col-size=\"md\" data-start=\"3762\" data-end=\"3835\">Hasta 56 bar<\/td>\n<\/tr>\n<tr data-start=\"3836\" data-end=\"3961\">\n<td data-start=\"3836\" data-end=\"3860\" data-col-size=\"sm\">Aplicaciones<\/td>\n<td data-col-size=\"sm\" data-start=\"3860\" data-end=\"3888\">Casos de uso t\u00edpicos<\/td>\n<td data-col-size=\"md\" data-start=\"3888\" data-end=\"3961\">Ropa de cama, uniformes, lavander\u00eda de hospitales y hoteles, textiles industriales<\/td>\n<\/tr>\n<tr data-start=\"3962\" data-end=\"4087\">\n<td data-start=\"3962\" data-end=\"3986\" data-col-size=\"sm\">Control de calidad<\/td>\n<td data-col-size=\"sm\" data-start=\"3986\" data-end=\"4014\">Pruebas<\/td>\n<td data-col-size=\"md\" data-start=\"4014\" data-end=\"4087\">Rendimiento de Voyantic probado; EPC 100% y memoria de usuario verificadas<\/td>\n<\/tr>\n<\/tbody>\n<\/table>\n<\/div>\n<\/div>","protected":false},"excerpt":{"rendered":"<p>Etiqueta de lavander\u00eda RFID UHF de silicona flexible, impermeable, para textiles industriales: EPC Gen2, 865\u2013928 MHz, hasta 200 ciclos, resistencia a la presi\u00f3n de 56 bares; coser, sellar con calor o incrustar.<\/p>","protected":false},"featured_media":768,"template":"","meta":{"_gspb_post_css":""},"product_brand":[],"product_cat":[17,20],"product_tag":[],"class_list":{"0":"post-767","1":"product","2":"type-product","3":"status-publish","4":"has-post-thumbnail","6":"product_cat-rfid-laundry-tags","7":"product_cat-silicone-rfid-laundry-tags","9":"first","10":"instock","11":"shipping-taxable","12":"purchasable","13":"product-type-simple"},"_links":{"self":[{"href":"https:\/\/www.cxjsmartcard.com\/es\/wp-json\/wp\/v2\/product\/767","targetHints":{"allow":["GET"]}}],"collection":[{"href":"https:\/\/www.cxjsmartcard.com\/es\/wp-json\/wp\/v2\/product"}],"about":[{"href":"https:\/\/www.cxjsmartcard.com\/es\/wp-json\/wp\/v2\/types\/product"}],"wp:featuredmedia":[{"embeddable":true,"href":"https:\/\/www.cxjsmartcard.com\/es\/wp-json\/wp\/v2\/media\/768"}],"wp:attachment":[{"href":"https:\/\/www.cxjsmartcard.com\/es\/wp-json\/wp\/v2\/media?parent=767"}],"wp:term":[{"taxonomy":"product_brand","embeddable":true,"href":"https:\/\/www.cxjsmartcard.com\/es\/wp-json\/wp\/v2\/product_brand?post=767"},{"taxonomy":"product_cat","embeddable":true,"href":"https:\/\/www.cxjsmartcard.com\/es\/wp-json\/wp\/v2\/product_cat?post=767"},{"taxonomy":"product_tag","embeddable":true,"href":"https:\/\/www.cxjsmartcard.com\/es\/wp-json\/wp\/v2\/product_tag?post=767"}],"curies":[{"name":"wp","href":"https:\/\/api.w.org\/{rel}","templated":true}]}}