{"id":762,"date":"2025-11-03T07:20:27","date_gmt":"2025-11-03T07:20:27","guid":{"rendered":"https:\/\/www.cxjsmartcard.com\/?post_type=product&#038;p=762"},"modified":"2025-12-29T01:27:10","modified_gmt":"2025-12-29T01:27:10","slug":"passive-silicone-washable-uhf-rfid-laundry-label-for-washing-management","status":"publish","type":"product","link":"https:\/\/www.cxjsmartcard.com\/es\/passive-silicone-washable-uhf-rfid-laundry-label-for-washing-management\/","title":{"rendered":"Etiqueta RFID UHF lavable de silicona pasiva para lavander\u00eda para la gesti\u00f3n del lavado"},"content":{"rendered":"<p data-start=\"83\" data-end=\"330\">La etiqueta RFID UHF lavable de silicona pasiva para lavander\u00eda est\u00e1 dise\u00f1ada para lavander\u00edas. Ya sea que manipule ropa de cama de hospital, toallas de hotel o uniformes de trabajo, esta etiqueta est\u00e1 dise\u00f1ada para facilitar y hacer m\u00e1s confiable la gesti\u00f3n del lavado.<\/p>\n<p data-start=\"332\" data-end=\"538\"><strong data-start=\"332\" data-end=\"378\">Silicona flexible para una integraci\u00f3n perfecta<\/strong><br data-start=\"378\" data-end=\"381\" \/>Fabricado en silicona suave, el tama\u00f1o <strong data-start=\"415\" data-end=\"435\">55 \u00d7 12 \u00d7 2,5 mm<\/strong> Es lo suficientemente delgado para ocultarse dentro de cuellos o dobladillos, perfecto para uniformes, uniformes m\u00e9dicos e incluso telas delicadas.<\/p>\n<p data-start=\"540\" data-end=\"746\"><strong data-start=\"540\" data-end=\"575\">Ecol\u00f3gico y rentable<\/strong><br data-start=\"575\" data-end=\"578\" \/>Reutilizable para <strong data-start=\"591\" data-end=\"602\">100\u2013200<\/strong> Ciclos para reducir el desperdicio y las p\u00e9rdidas por art\u00edculos faltantes. Un mejor seguimiento tambi\u00e9n implica menos exceso de inventario, lo cual beneficia tanto a los presupuestos como al medio ambiente.<\/p>\n<p data-start=\"748\" data-end=\"901\"><strong data-start=\"748\" data-end=\"756\">Preguntas frecuentes<\/strong><br data-start=\"756\" data-end=\"759\" \/><strong data-start=\"759\" data-end=\"765\">P:<\/strong> \u00bfPuedo coser la etiqueta a la ropa?<br data-start=\"798\" data-end=\"801\" \/><strong data-start=\"801\" data-end=\"807\">A:<\/strong> S\u00ed, su dise\u00f1o flexible permite coser, sellar con calor o insertar en costuras y cuellos.<\/p>\n<p data-start=\"903\" data-end=\"1071\"><strong data-start=\"903\" data-end=\"909\">P:<\/strong> \u00bfSobrevivir\u00e1 la etiqueta a las lavadoras y secadoras comerciales?<br data-start=\"961\" data-end=\"964\" \/><strong data-start=\"964\" data-end=\"970\">A:<\/strong> Por supuesto. Est\u00e1 probado para <strong data-start=\"999\" data-end=\"1010\">100\u2013200<\/strong> ciclos de lavado industrial, incluido el secado a alta temperatura.<\/p>\n<p data-start=\"1073\" data-end=\"1158\"><strong data-start=\"1073\" data-end=\"1079\">P:<\/strong> \u00bfPuedo obtener una muestra?<br data-start=\"1099\" data-end=\"1102\" \/><strong data-start=\"1102\" data-end=\"1108\">A:<\/strong> S\u00ed, hay muestras disponibles para pruebas a pedido.<\/p>\n<h2 data-start=\"1213\" data-end=\"1238\">Tabla (Especificaciones)<\/h2>\n<div class=\"_tableContainer_1rjym_1\">\n<div class=\"group _tableWrapper_1rjym_13 flex w-fit flex-col-reverse\" tabindex=\"-1\">\n<table class=\"w-fit min-w-(--thread-content-width)\" data-start=\"1240\" data-end=\"2206\">\n<thead data-start=\"1240\" data-end=\"1319\">\n<tr data-start=\"1240\" data-end=\"1319\">\n<th data-start=\"1240\" data-end=\"1258\" data-col-size=\"sm\">Categor\u00eda<\/th>\n<th data-start=\"1258\" data-end=\"1280\" data-col-size=\"sm\">Par\u00e1metro<\/th>\n<th data-start=\"1280\" data-end=\"1319\" data-col-size=\"md\">Valor<\/th>\n<\/tr>\n<\/thead>\n<tbody data-start=\"1400\" data-end=\"2206\">\n<tr data-start=\"1400\" data-end=\"1479\">\n<td data-start=\"1400\" data-end=\"1418\" data-col-size=\"sm\">RF<\/td>\n<td data-col-size=\"sm\" data-start=\"1418\" data-end=\"1440\">Frecuencia<\/td>\n<td data-col-size=\"md\" data-start=\"1440\" data-end=\"1479\">860\u2013960 MHz (UHF)<\/td>\n<\/tr>\n<tr data-start=\"1480\" data-end=\"1559\">\n<td data-start=\"1480\" data-end=\"1498\" data-col-size=\"sm\"><\/td>\n<td data-start=\"1498\" data-end=\"1520\" data-col-size=\"sm\">Protocolo<\/td>\n<td data-col-size=\"md\" data-start=\"1520\" data-end=\"1559\">ISO\/IEC 18000-6C (EPC Gen2)<\/td>\n<\/tr>\n<tr data-start=\"1560\" data-end=\"1639\">\n<td data-start=\"1560\" data-end=\"1578\" data-col-size=\"sm\">Opciones de chip<\/td>\n<td data-col-size=\"sm\" data-start=\"1578\" data-end=\"1600\">CI<\/td>\n<td data-col-size=\"md\" data-start=\"1600\" data-end=\"1639\">U8 \/ U9<\/td>\n<\/tr>\n<tr data-start=\"1640\" data-end=\"1719\">\n<td data-start=\"1640\" data-end=\"1658\" data-col-size=\"sm\">Actuaci\u00f3n<\/td>\n<td data-start=\"1658\" data-end=\"1680\" data-col-size=\"sm\">Rango de lectura<\/td>\n<td data-col-size=\"md\" data-start=\"1680\" data-end=\"1719\">Hasta 3 m<\/td>\n<\/tr>\n<tr data-start=\"1720\" data-end=\"1799\">\n<td data-start=\"1720\" data-end=\"1738\" data-col-size=\"sm\"><\/td>\n<td data-col-size=\"sm\" data-start=\"1738\" data-end=\"1760\">Ciclos de programaci\u00f3n<\/td>\n<td data-col-size=\"md\" data-start=\"1760\" data-end=\"1799\">100,000+<\/td>\n<\/tr>\n<tr data-start=\"1800\" data-end=\"1879\">\n<td data-start=\"1800\" data-end=\"1818\" data-col-size=\"sm\">Durabilidad<\/td>\n<td data-col-size=\"sm\" data-start=\"1818\" data-end=\"1840\">Ciclos de lavado<\/td>\n<td data-col-size=\"md\" data-start=\"1840\" data-end=\"1879\">100\u2013200<\/td>\n<\/tr>\n<tr data-start=\"1880\" data-end=\"1959\">\n<td data-start=\"1880\" data-end=\"1898\" data-col-size=\"sm\">Ambiente<\/td>\n<td data-col-size=\"sm\" data-start=\"1898\" data-end=\"1920\">Rango de temperatura<\/td>\n<td data-col-size=\"md\" data-start=\"1920\" data-end=\"1959\">\u221220 \u2103 a +100 \u2103<\/td>\n<\/tr>\n<tr data-start=\"1960\" data-end=\"2039\">\n<td data-start=\"1960\" data-end=\"1978\" data-col-size=\"sm\">F\u00edsico<\/td>\n<td data-col-size=\"sm\" data-start=\"1978\" data-end=\"2000\">Material<\/td>\n<td data-col-size=\"md\" data-start=\"2000\" data-end=\"2039\">Silicona<\/td>\n<\/tr>\n<tr data-start=\"2040\" data-end=\"2119\">\n<td data-start=\"2040\" data-end=\"2058\" data-col-size=\"sm\"><\/td>\n<td data-start=\"2058\" data-end=\"2080\" data-col-size=\"sm\">Tama\u00f1o<\/td>\n<td data-col-size=\"md\" data-start=\"2080\" data-end=\"2119\">55 \u00d7 12 \u00d7 2,5 mm<\/td>\n<\/tr>\n<tr data-start=\"2120\" data-end=\"2206\">\n<td data-start=\"2120\" data-end=\"2138\" data-col-size=\"sm\">Aplicaciones<\/td>\n<td data-col-size=\"sm\" data-start=\"2138\" data-end=\"2160\">Casos de uso t\u00edpicos<\/td>\n<td data-col-size=\"md\" data-start=\"2160\" data-end=\"2206\">Lavander\u00eda, prendas de vestir, ropa de cama, seguimiento de textiles.<\/td>\n<\/tr>\n<\/tbody>\n<\/table>\n<\/div>\n<\/div>","protected":false},"excerpt":{"rendered":"<p>Etiqueta de silicona flexible UHF para lavander\u00eda: 55 \u00d7 12 \u00d7 2,5 mm, EPC Gen2 (U8\/U9), lecturas de hasta 3 m y durabilidad de 100 a 200 ciclos de lavado para prendas, ropa de cama y uniformes.<\/p>","protected":false},"featured_media":763,"template":"","meta":{"_gspb_post_css":""},"product_brand":[],"product_cat":[17,20],"product_tag":[],"class_list":{"0":"post-762","1":"product","2":"type-product","3":"status-publish","4":"has-post-thumbnail","6":"product_cat-rfid-laundry-tags","7":"product_cat-silicone-rfid-laundry-tags","9":"first","10":"instock","11":"shipping-taxable","12":"purchasable","13":"product-type-simple"},"_links":{"self":[{"href":"https:\/\/www.cxjsmartcard.com\/es\/wp-json\/wp\/v2\/product\/762","targetHints":{"allow":["GET"]}}],"collection":[{"href":"https:\/\/www.cxjsmartcard.com\/es\/wp-json\/wp\/v2\/product"}],"about":[{"href":"https:\/\/www.cxjsmartcard.com\/es\/wp-json\/wp\/v2\/types\/product"}],"wp:featuredmedia":[{"embeddable":true,"href":"https:\/\/www.cxjsmartcard.com\/es\/wp-json\/wp\/v2\/media\/763"}],"wp:attachment":[{"href":"https:\/\/www.cxjsmartcard.com\/es\/wp-json\/wp\/v2\/media?parent=762"}],"wp:term":[{"taxonomy":"product_brand","embeddable":true,"href":"https:\/\/www.cxjsmartcard.com\/es\/wp-json\/wp\/v2\/product_brand?post=762"},{"taxonomy":"product_cat","embeddable":true,"href":"https:\/\/www.cxjsmartcard.com\/es\/wp-json\/wp\/v2\/product_cat?post=762"},{"taxonomy":"product_tag","embeddable":true,"href":"https:\/\/www.cxjsmartcard.com\/es\/wp-json\/wp\/v2\/product_tag?post=762"}],"curies":[{"name":"wp","href":"https:\/\/api.w.org\/{rel}","templated":true}]}}