{"id":756,"date":"2025-11-03T07:16:39","date_gmt":"2025-11-03T07:16:39","guid":{"rendered":"https:\/\/www.cxjsmartcard.com\/?post_type=product&#038;p=756"},"modified":"2025-12-29T01:27:10","modified_gmt":"2025-12-29T01:27:10","slug":"860-960mhz-washable-uhf-rfid-silicone-tag","status":"publish","type":"product","link":"https:\/\/www.cxjsmartcard.com\/es\/860-960mhz-washable-uhf-rfid-silicone-tag\/","title":{"rendered":"Etiqueta de silicona RFID UHF lavable de 860 a 960 MHz"},"content":{"rendered":"<p data-start=\"53\" data-end=\"360\">Esta etiqueta de silicona RFID UHF lavable est\u00e1 dise\u00f1ada para lavander\u00eda industrial y gesti\u00f3n de uniformes en hoteles, hospitales y otros entornos de alto rendimiento. Puede coserse en el borde de las prendas o incrustarse en la prenda y resiste el lavado, la limpieza en seco y la esterilizaci\u00f3n a alta temperatura.<\/p>\n<p data-start=\"362\" data-end=\"376\"><strong data-start=\"362\" data-end=\"374\">Caracter\u00edsticas<\/strong><\/p>\n<ul data-start=\"377\" data-end=\"599\">\n<li data-start=\"377\" data-end=\"408\">\n<p data-start=\"379\" data-end=\"408\">Resistencia a altas temperaturas<\/p>\n<\/li>\n<li data-start=\"409\" data-end=\"443\">\n<p data-start=\"411\" data-end=\"443\">Impermeable, a prueba de polvo, duradero.<\/p>\n<\/li>\n<li data-start=\"444\" data-end=\"498\">\n<p data-start=\"446\" data-end=\"498\">Anticolisi\u00f3n; estabilidad de lectura de alto rendimiento<\/p>\n<\/li>\n<li data-start=\"499\" data-end=\"550\">\n<p data-start=\"501\" data-end=\"550\">Protecci\u00f3n IP68; resistencia a la presi\u00f3n y a los \u00e1lcalis.<\/p>\n<\/li>\n<li data-start=\"551\" data-end=\"599\">\n<p data-start=\"553\" data-end=\"599\">Disponible en fabricaci\u00f3n estable y de gran volumen.<\/p>\n<\/li>\n<\/ul>\n<p data-start=\"601\" data-end=\"809\"><strong data-start=\"601\" data-end=\"617\">Aplicaciones<\/strong><br data-start=\"617\" data-end=\"620\" \/>Seguimiento de lavander\u00eda para ropa de cama y prendas de vestir de hoteles y hospitales; etiquetas de mantenimiento en motores de autom\u00f3viles; gesti\u00f3n de producci\u00f3n de prendas de vestir; inventario de almac\u00e9n; uniformes escolares y prendas especiales.<\/p>\n<p data-start=\"811\" data-end=\"972\"><strong data-start=\"811\" data-end=\"819\">Preguntas frecuentes<\/strong><br data-start=\"819\" data-end=\"822\" \/><strong data-start=\"822\" data-end=\"829\">Pregunta 1:<\/strong> \u00bfPueden estas etiquetas sobrevivir a las lavadoras industriales?<br data-start=\"881\" data-end=\"884\" \/><strong data-start=\"884\" data-end=\"890\">A:<\/strong> S\u00ed, dise\u00f1ado espec\u00edficamente para calor, agua y productos qu\u00edmicos en lavander\u00eda industrial.<\/p>\n<p data-start=\"974\" data-end=\"1065\"><strong data-start=\"974\" data-end=\"981\">Pregunta 2:<\/strong> \u00bfLas etiquetas necesitan pilas?<br data-start=\"1009\" data-end=\"1012\" \/><strong data-start=\"1012\" data-end=\"1018\">A:<\/strong> No, las etiquetas UHF pasivas no requieren fuente de alimentaci\u00f3n.<\/p>\n<p data-start=\"1067\" data-end=\"1140\"><strong data-start=\"1067\" data-end=\"1074\">Pregunta 3:<\/strong> \u00bfPuedo obtener muestras?<br data-start=\"1093\" data-end=\"1096\" \/><strong data-start=\"1096\" data-end=\"1102\">A:<\/strong> S\u00ed, hay muestras disponibles a pedido.<\/p>\n<h2 data-start=\"1142\" data-end=\"1167\">Tabla (Especificaciones)<\/h2>\n<div class=\"_tableContainer_1rjym_1\">\n<div class=\"group _tableWrapper_1rjym_13 flex w-fit flex-col-reverse\" tabindex=\"-1\">\n<table class=\"w-fit min-w-(--thread-content-width)\" data-start=\"1168\" data-end=\"2660\">\n<thead data-start=\"1168\" data-end=\"1272\">\n<tr data-start=\"1168\" data-end=\"1272\">\n<th data-start=\"1168\" data-end=\"1189\" data-col-size=\"sm\">Categor\u00eda<\/th>\n<th data-start=\"1189\" data-end=\"1216\" data-col-size=\"sm\">Par\u00e1metro<\/th>\n<th data-start=\"1216\" data-end=\"1272\" data-col-size=\"md\">Valor<\/th>\n<\/tr>\n<\/thead>\n<tbody data-start=\"1377\" data-end=\"2660\">\n<tr data-start=\"1377\" data-end=\"1480\">\n<td data-start=\"1377\" data-end=\"1397\" data-col-size=\"sm\">F\u00edsico<\/td>\n<td data-col-size=\"sm\" data-start=\"1397\" data-end=\"1424\">Tama\u00f1o<\/td>\n<td data-col-size=\"md\" data-start=\"1424\" data-end=\"1480\">85 \u00d7 27 \u00d7 4 mm<\/td>\n<\/tr>\n<tr data-start=\"1481\" data-end=\"1584\">\n<td data-start=\"1481\" data-end=\"1501\" data-col-size=\"sm\"><\/td>\n<td data-col-size=\"sm\" data-start=\"1501\" data-end=\"1528\">Material<\/td>\n<td data-col-size=\"md\" data-start=\"1528\" data-end=\"1584\">Silicona de caucho<\/td>\n<\/tr>\n<tr data-start=\"1585\" data-end=\"1688\">\n<td data-start=\"1585\" data-end=\"1605\" data-col-size=\"sm\">Protecci\u00f3n<\/td>\n<td data-col-size=\"sm\" data-start=\"1605\" data-end=\"1632\">Clasificaci\u00f3n de ingreso<\/td>\n<td data-col-size=\"md\" data-start=\"1632\" data-end=\"1688\">IP68<\/td>\n<\/tr>\n<tr data-start=\"1689\" data-end=\"1792\">\n<td data-start=\"1689\" data-end=\"1709\" data-col-size=\"sm\">RF<\/td>\n<td data-col-size=\"sm\" data-start=\"1709\" data-end=\"1736\">Frecuencia<\/td>\n<td data-col-size=\"md\" data-start=\"1736\" data-end=\"1792\">860\u2013960 MHz (UHF); tambi\u00e9n disponibles opciones de 13,56 MHz<\/td>\n<\/tr>\n<tr data-start=\"1793\" data-end=\"1896\">\n<td data-start=\"1793\" data-end=\"1813\" data-col-size=\"sm\"><\/td>\n<td data-col-size=\"sm\" data-start=\"1813\" data-end=\"1840\">Protocolo<\/td>\n<td data-col-size=\"md\" data-start=\"1840\" data-end=\"1896\">ISO 18000-6C\/6B; ISO 15693<\/td>\n<\/tr>\n<tr data-start=\"1897\" data-end=\"2000\">\n<td data-start=\"1897\" data-end=\"1917\" data-col-size=\"sm\">Opciones de chip<\/td>\n<td data-col-size=\"sm\" data-start=\"1917\" data-end=\"1944\">CI UHF<\/td>\n<td data-col-size=\"md\" data-start=\"1944\" data-end=\"2000\">R6 \/ U8 \/ U9<\/td>\n<\/tr>\n<tr data-start=\"2001\" data-end=\"2104\">\n<td data-start=\"2001\" data-end=\"2021\" data-col-size=\"sm\">Ambiente<\/td>\n<td data-start=\"2021\" data-end=\"2048\" data-col-size=\"sm\">Rango de temperatura<\/td>\n<td data-col-size=\"md\" data-start=\"2048\" data-end=\"2104\">\u221230 \u2103 a +220 \u2103<\/td>\n<\/tr>\n<tr data-start=\"2105\" data-end=\"2208\">\n<td data-start=\"2105\" data-end=\"2125\" data-col-size=\"sm\">Durabilidad<\/td>\n<td data-col-size=\"sm\" data-start=\"2125\" data-end=\"2152\">Lavar la vida<\/td>\n<td data-col-size=\"md\" data-start=\"2152\" data-end=\"2208\">200 ciclos de lavado o 3 a\u00f1os a partir de la fecha de env\u00edo<\/td>\n<\/tr>\n<tr data-start=\"2209\" data-end=\"2312\">\n<td data-start=\"2209\" data-end=\"2229\" data-col-size=\"sm\">L\u00edmites del proceso<\/td>\n<td data-col-size=\"sm\" data-start=\"2229\" data-end=\"2256\">Lavado<\/td>\n<td data-col-size=\"md\" data-start=\"2256\" data-end=\"2312\">90 \u2103 durante 15 minutos<\/td>\n<\/tr>\n<tr data-start=\"2313\" data-end=\"2416\">\n<td data-start=\"2313\" data-end=\"2333\" data-col-size=\"sm\">Instalaci\u00f3n<\/td>\n<td data-col-size=\"sm\" data-start=\"2333\" data-end=\"2360\">Adjunto<\/td>\n<td data-col-size=\"md\" data-start=\"2360\" data-end=\"2416\">Coser a lo largo del borde o incrustar en el tejido.<\/td>\n<\/tr>\n<tr data-start=\"2417\" data-end=\"2520\">\n<td data-start=\"2417\" data-end=\"2437\" data-col-size=\"sm\">Atributos<\/td>\n<td data-col-size=\"sm\" data-start=\"2437\" data-end=\"2464\">Caracter\u00edsticas principales<\/td>\n<td data-col-size=\"md\" data-start=\"2464\" data-end=\"2520\">Impermeable, a prueba de polvo, anticolisi\u00f3n, duradero.<\/td>\n<\/tr>\n<tr data-start=\"2521\" data-end=\"2660\">\n<td data-start=\"2521\" data-end=\"2541\" data-col-size=\"sm\">Casos de uso<\/td>\n<td data-col-size=\"sm\" data-start=\"2541\" data-end=\"2568\">Aplicaciones t\u00edpicas<\/td>\n<td data-col-size=\"md\" data-start=\"2568\" data-end=\"2660\">Lavander\u00eda, ropa de cama de hotel\/hospital, etiquetas de mantenimiento de motores, inventario de almac\u00e9n, uniformes<\/td>\n<\/tr>\n<\/tbody>\n<\/table>\n<\/div>\n<\/div>","protected":false},"excerpt":{"rendered":"<p>Etiqueta de silicona RFID UHF lavable con clasificaci\u00f3n IP68 para lavander\u00eda y textiles: duradera hasta 200 ciclos, tolerante a -30\u2013220 \u2103, cosible o incrustada, con opciones de chip R6\/U8\/U9.<\/p>","protected":false},"featured_media":757,"template":"","meta":{"_gspb_post_css":""},"product_brand":[],"product_cat":[17,20],"product_tag":[],"class_list":{"0":"post-756","1":"product","2":"type-product","3":"status-publish","4":"has-post-thumbnail","6":"product_cat-rfid-laundry-tags","7":"product_cat-silicone-rfid-laundry-tags","9":"first","10":"instock","11":"shipping-taxable","12":"purchasable","13":"product-type-simple"},"_links":{"self":[{"href":"https:\/\/www.cxjsmartcard.com\/es\/wp-json\/wp\/v2\/product\/756","targetHints":{"allow":["GET"]}}],"collection":[{"href":"https:\/\/www.cxjsmartcard.com\/es\/wp-json\/wp\/v2\/product"}],"about":[{"href":"https:\/\/www.cxjsmartcard.com\/es\/wp-json\/wp\/v2\/types\/product"}],"wp:featuredmedia":[{"embeddable":true,"href":"https:\/\/www.cxjsmartcard.com\/es\/wp-json\/wp\/v2\/media\/757"}],"wp:attachment":[{"href":"https:\/\/www.cxjsmartcard.com\/es\/wp-json\/wp\/v2\/media?parent=756"}],"wp:term":[{"taxonomy":"product_brand","embeddable":true,"href":"https:\/\/www.cxjsmartcard.com\/es\/wp-json\/wp\/v2\/product_brand?post=756"},{"taxonomy":"product_cat","embeddable":true,"href":"https:\/\/www.cxjsmartcard.com\/es\/wp-json\/wp\/v2\/product_cat?post=756"},{"taxonomy":"product_tag","embeddable":true,"href":"https:\/\/www.cxjsmartcard.com\/es\/wp-json\/wp\/v2\/product_tag?post=756"}],"curies":[{"name":"wp","href":"https:\/\/api.w.org\/{rel}","templated":true}]}}