{"id":751,"date":"2025-11-03T07:09:04","date_gmt":"2025-11-03T07:09:04","guid":{"rendered":"https:\/\/www.cxjsmartcard.com\/?post_type=product&#038;p=751"},"modified":"2025-12-29T01:27:10","modified_gmt":"2025-12-29T01:27:10","slug":"writable-heat-resist-washable-nfc-pps-laundry-tag","status":"publish","type":"product","link":"https:\/\/www.cxjsmartcard.com\/es\/writable-heat-resist-washable-nfc-pps-laundry-tag\/","title":{"rendered":"Etiqueta de lavander\u00eda NFC PPS lavable, resistente al calor y grabable"},"content":{"rendered":"<p data-start=\"61\" data-end=\"498\">La etiqueta de lavander\u00eda NFC PPS lavable, resistente al calor y grabable es una unidad duradera que se utiliza habitualmente en la integraci\u00f3n de productos y prendas\/accesorios. Dise\u00f1ada con material PPS resistente al calor, resiste la inmersi\u00f3n en agua, calor, presi\u00f3n y productos qu\u00edmicos. Se utiliza para realizar y verificar procesos de inventario en hoteles, hospitales, escuelas y otras instituciones. Se puede coser f\u00e1cilmente en s\u00e1banas, toallas, servilletas y otras prendas.<\/p>\n<p data-start=\"500\" data-end=\"638\"><strong data-start=\"500\" data-end=\"527\">Rendimiento de temperatura<\/strong><br data-start=\"527\" data-end=\"530\" \/>Totalmente impermeable; funciona desde <strong data-start=\"562\" data-end=\"580\">\u221225 \u2103 a +85 \u2103<\/strong> y resiste la exposici\u00f3n a largo plazo a <strong data-start=\"618\" data-end=\"637\">\u221230 \u2103 a +120 \u2103<\/strong>.<\/p>\n<p data-start=\"640\" data-end=\"760\"><strong data-start=\"640\" data-end=\"660\">Caracter\u00edsticas del producto<\/strong><br data-start=\"660\" data-end=\"663\" \/>Flexible, f\u00e1cil de llevar, f\u00e1cil de usar; impermeable, a prueba de humedad, a prueba de golpes y resistente al calor.<\/p>\n<p data-start=\"762\" data-end=\"934\"><strong data-start=\"762\" data-end=\"792\">Preguntas frecuentes: inf\u00f3rmese antes de comprar<\/strong><br data-start=\"792\" data-end=\"795\" \/><strong data-start=\"795\" data-end=\"801\">P:<\/strong> \u00bfPuede esta etiqueta sobrevivir a las secadoras industriales y al prensado con vapor?<br data-start=\"860\" data-end=\"863\" \/><strong data-start=\"863\" data-end=\"869\">A:<\/strong> S\u00ed. Est\u00e1 probado para <strong data-start=\"891\" data-end=\"911\">M\u00e1s de 200 ciclos de lavado<\/strong> a alta temperatura.<\/p>\n<p data-start=\"936\" data-end=\"1082\"><strong data-start=\"936\" data-end=\"942\">P:<\/strong> \u00bfPodemos personalizar el tama\u00f1o de la memoria o imprimir nuestro logotipo?<br data-start=\"994\" data-end=\"997\" \/><strong data-start=\"997\" data-end=\"1003\">A:<\/strong> S\u00ed. Las opciones de RFID personalizadas incluyen impresi\u00f3n de logotipos, codificaci\u00f3n y variantes de tama\u00f1o.<\/p>\n<p data-start=\"1084\" data-end=\"1211\"><strong data-start=\"1084\" data-end=\"1090\">P:<\/strong> \u00bfQu\u00e9 colores est\u00e1n disponibles?<br data-start=\"1117\" data-end=\"1120\" \/><strong data-start=\"1120\" data-end=\"1126\">A:<\/strong> <strong data-start=\"1127\" data-end=\"1163\">Negro, blanco, rojo, verde, amarillo.<\/strong>, etc., para facilitar la clasificaci\u00f3n de lotes y la codificaci\u00f3n por colores.<\/p>\n<h2 data-start=\"1213\" data-end=\"1238\">Tabla (Especificaciones)<\/h2>\n<div class=\"_tableContainer_1rjym_1\">\n<div class=\"group _tableWrapper_1rjym_13 flex w-fit flex-col-reverse\" tabindex=\"-1\">\n<table class=\"w-fit min-w-(--thread-content-width)\" data-start=\"1239\" data-end=\"2513\">\n<thead data-start=\"1239\" data-end=\"1330\">\n<tr data-start=\"1239\" data-end=\"1330\">\n<th data-start=\"1239\" data-end=\"1260\" data-col-size=\"sm\">Categor\u00eda<\/th>\n<th data-start=\"1260\" data-end=\"1281\" data-col-size=\"sm\">Par\u00e1metro<\/th>\n<th data-start=\"1281\" data-end=\"1330\" data-col-size=\"sm\">Valor<\/th>\n<\/tr>\n<\/thead>\n<tbody data-start=\"1422\" data-end=\"2513\">\n<tr data-start=\"1422\" data-end=\"1512\">\n<td data-start=\"1422\" data-end=\"1442\" data-col-size=\"sm\">RF<\/td>\n<td data-col-size=\"sm\" data-start=\"1442\" data-end=\"1463\">Frecuencia<\/td>\n<td data-col-size=\"sm\" data-start=\"1463\" data-end=\"1512\">13,56 MHz<\/td>\n<\/tr>\n<tr data-start=\"1513\" data-end=\"1603\">\n<td data-start=\"1513\" data-end=\"1533\" data-col-size=\"sm\"><\/td>\n<td data-start=\"1533\" data-end=\"1554\" data-col-size=\"sm\">Protocolo<\/td>\n<td data-col-size=\"sm\" data-start=\"1554\" data-end=\"1603\">ISO14443A \/ ISO15693<\/td>\n<\/tr>\n<tr data-start=\"1604\" data-end=\"1694\">\n<td data-start=\"1604\" data-end=\"1624\" data-col-size=\"sm\">Chip<\/td>\n<td data-start=\"1624\" data-end=\"1645\" data-col-size=\"sm\">Tipo de chip<\/td>\n<td data-col-size=\"sm\" data-start=\"1645\" data-end=\"1694\">ICODE SLIX, NTAG213, MIFARE 1K, etc.<\/td>\n<\/tr>\n<tr data-start=\"1695\" data-end=\"1785\">\n<td data-start=\"1695\" data-end=\"1715\" data-col-size=\"sm\">Materiales<\/td>\n<td data-start=\"1715\" data-end=\"1736\" data-col-size=\"sm\">Cuerpo<\/td>\n<td data-col-size=\"sm\" data-start=\"1736\" data-end=\"1785\">PPS (resistente al calor)<\/td>\n<\/tr>\n<tr data-start=\"1786\" data-end=\"1876\">\n<td data-start=\"1786\" data-end=\"1806\" data-col-size=\"sm\">Dimensiones<\/td>\n<td data-col-size=\"sm\" data-start=\"1806\" data-end=\"1827\">Opciones de tama\u00f1o<\/td>\n<td data-col-size=\"sm\" data-start=\"1827\" data-end=\"1876\">14 mm, 18 mm, 20 mm, etc.<\/td>\n<\/tr>\n<tr data-start=\"1877\" data-end=\"1967\">\n<td data-start=\"1877\" data-end=\"1897\" data-col-size=\"sm\">Apariencia<\/td>\n<td data-col-size=\"sm\" data-start=\"1897\" data-end=\"1918\">Opciones de color<\/td>\n<td data-col-size=\"sm\" data-start=\"1918\" data-end=\"1967\">Negro, blanco, rojo, verde, amarillo<\/td>\n<\/tr>\n<tr data-start=\"1968\" data-end=\"2058\">\n<td data-start=\"1968\" data-end=\"1988\" data-col-size=\"sm\">Protecci\u00f3n<\/td>\n<td data-col-size=\"sm\" data-start=\"1988\" data-end=\"2009\">Nivel de impermeabilidad<\/td>\n<td data-col-size=\"sm\" data-start=\"2009\" data-end=\"2058\">Resistente al agua \/ a la intemperie<\/td>\n<\/tr>\n<tr data-start=\"2059\" data-end=\"2149\">\n<td data-start=\"2059\" data-end=\"2079\" data-col-size=\"sm\">Durabilidad<\/td>\n<td data-col-size=\"sm\" data-start=\"2079\" data-end=\"2100\">Lavar la vida<\/td>\n<td data-col-size=\"sm\" data-start=\"2100\" data-end=\"2149\">&gt;200 ciclos de lavado<\/td>\n<\/tr>\n<tr data-start=\"2150\" data-end=\"2240\">\n<td data-start=\"2150\" data-end=\"2170\" data-col-size=\"sm\">Ambiente<\/td>\n<td data-col-size=\"sm\" data-start=\"2170\" data-end=\"2191\">Temperatura de funcionamiento<\/td>\n<td data-col-size=\"sm\" data-start=\"2191\" data-end=\"2240\">\u221225 \u2103 a +85 \u2103<\/td>\n<\/tr>\n<tr data-start=\"2241\" data-end=\"2331\">\n<td data-start=\"2241\" data-end=\"2261\" data-col-size=\"sm\"><\/td>\n<td data-col-size=\"sm\" data-start=\"2261\" data-end=\"2282\">Exposici\u00f3n a largo plazo<\/td>\n<td data-col-size=\"sm\" data-start=\"2282\" data-end=\"2331\">\u221230 \u2103 a +120 \u2103<\/td>\n<\/tr>\n<tr data-start=\"2332\" data-end=\"2422\">\n<td data-start=\"2332\" data-end=\"2352\" data-col-size=\"sm\">Aplicaciones<\/td>\n<td data-col-size=\"sm\" data-start=\"2352\" data-end=\"2373\">\u00c1reas de aplicaci\u00f3n<\/td>\n<td data-col-size=\"sm\" data-start=\"2373\" data-end=\"2422\">Lavander\u00eda, ropa, ropa de cama, uso de UHF<\/td>\n<\/tr>\n<tr data-start=\"2423\" data-end=\"2513\">\n<td data-start=\"2423\" data-end=\"2443\" data-col-size=\"sm\">Origen<\/td>\n<td data-col-size=\"sm\" data-start=\"2443\" data-end=\"2464\">Lugar de origen<\/td>\n<td data-col-size=\"sm\" data-start=\"2464\" data-end=\"2513\">Guangdong, China<\/td>\n<\/tr>\n<\/tbody>\n<\/table>\n<\/div>\n<\/div>","protected":false},"excerpt":{"rendered":"<p>Etiqueta de lavander\u00eda NFC lavable y resistente al calor, hecha de PPS: resistente al agua y a los qu\u00edmicos, &gt;200 ciclos de lavado, f\u00e1cil instalaci\u00f3n mediante costura y m\u00faltiples opciones de chip\/color.<\/p>","protected":false},"featured_media":752,"template":"","meta":{"_gspb_post_css":""},"product_brand":[],"product_cat":[17,19],"product_tag":[],"class_list":{"0":"post-751","1":"product","2":"type-product","3":"status-publish","4":"has-post-thumbnail","6":"product_cat-rfid-laundry-tags","7":"product_cat-pps-rfid-laundry-tags","9":"first","10":"instock","11":"shipping-taxable","12":"purchasable","13":"product-type-simple"},"_links":{"self":[{"href":"https:\/\/www.cxjsmartcard.com\/es\/wp-json\/wp\/v2\/product\/751","targetHints":{"allow":["GET"]}}],"collection":[{"href":"https:\/\/www.cxjsmartcard.com\/es\/wp-json\/wp\/v2\/product"}],"about":[{"href":"https:\/\/www.cxjsmartcard.com\/es\/wp-json\/wp\/v2\/types\/product"}],"wp:featuredmedia":[{"embeddable":true,"href":"https:\/\/www.cxjsmartcard.com\/es\/wp-json\/wp\/v2\/media\/752"}],"wp:attachment":[{"href":"https:\/\/www.cxjsmartcard.com\/es\/wp-json\/wp\/v2\/media?parent=751"}],"wp:term":[{"taxonomy":"product_brand","embeddable":true,"href":"https:\/\/www.cxjsmartcard.com\/es\/wp-json\/wp\/v2\/product_brand?post=751"},{"taxonomy":"product_cat","embeddable":true,"href":"https:\/\/www.cxjsmartcard.com\/es\/wp-json\/wp\/v2\/product_cat?post=751"},{"taxonomy":"product_tag","embeddable":true,"href":"https:\/\/www.cxjsmartcard.com\/es\/wp-json\/wp\/v2\/product_tag?post=751"}],"curies":[{"name":"wp","href":"https:\/\/api.w.org\/{rel}","templated":true}]}}