{"id":741,"date":"2025-11-03T07:04:00","date_gmt":"2025-11-03T07:04:00","guid":{"rendered":"https:\/\/www.cxjsmartcard.com\/?post_type=product&#038;p=741"},"modified":"2025-12-29T01:27:10","modified_gmt":"2025-12-29T01:27:10","slug":"pps-uhf-rfid-washable-tag-disc-button-for-laundry","status":"publish","type":"product","link":"https:\/\/www.cxjsmartcard.com\/es\/pps-uhf-rfid-washable-tag-disc-button-for-laundry\/","title":{"rendered":"Bot\u00f3n de etiqueta de disco lavable RFID UHF PPS para lavander\u00eda"},"content":{"rendered":"<p data-start=\"61\" data-end=\"888\">El bot\u00f3n de etiqueta de disco lavable RFID UHF PPS adopta un paquete de pl\u00e1stico PPS para la etiqueta electr\u00f3nica, lo que proporciona <strong data-start=\"179\" data-end=\"280\">Resistencia a altas temperaturas, resistencia al fuego, resistencia a la corrosi\u00f3n qu\u00edmica y resistencia al desgaste.<\/strong>. La etiqueta es extremadamente fina y se puede coser en una peque\u00f1a bolsa de tela o directamente sobre el tejido que se va a manipular, y la posici\u00f3n de costura es f\u00e1cil de localizar. Se utiliza ampliamente en <strong data-start=\"455\" data-end=\"466\">lavadero<\/strong>, <strong data-start=\"468\" data-end=\"491\">ropa de alta calidad<\/strong>, <strong data-start=\"493\" data-end=\"512\">uniformes escolares<\/strong>, <strong data-start=\"514\" data-end=\"534\">prendas especiales<\/strong>, <strong data-start=\"536\" data-end=\"570\">gesti\u00f3n de la producci\u00f3n de prendas de vestir<\/strong>, <strong data-start=\"572\" data-end=\"592\">seguimiento de productos<\/strong>, <strong data-start=\"594\" data-end=\"617\">inventario del almac\u00e9n<\/strong>, <strong data-start=\"619\" data-end=\"658\">se\u00f1ales de mantenimiento del motor automotriz<\/strong>, <strong data-start=\"660\" data-end=\"696\">gesti\u00f3n de materias primas qu\u00edmicas<\/strong>, y otros entornos hostiles.<br data-start=\"727\" data-end=\"730\" \/>Para situaciones de lavander\u00eda (hotel, hospital, tintorer\u00eda, gesti\u00f3n de mantas de aerol\u00edneas), las etiquetas suelen estar disponibles en <strong data-start=\"843\" data-end=\"873\">PPS, silicona y textiles<\/strong> construcciones.<\/p>\n<p data-start=\"890\" data-end=\"904\"><strong data-start=\"890\" data-end=\"902\">Caracter\u00edsticas<\/strong><\/p>\n<ol data-start=\"905\" data-end=\"1050\">\n<li data-start=\"905\" data-end=\"938\">\n<p data-start=\"908\" data-end=\"938\">Resistencia a altas temperaturas.<\/p>\n<\/li>\n<li data-start=\"939\" data-end=\"964\">\n<p data-start=\"942\" data-end=\"964\">Resistencia a la presi\u00f3n.<\/p>\n<\/li>\n<li data-start=\"965\" data-end=\"991\">\n<p data-start=\"968\" data-end=\"991\">Resistencia a la corrosi\u00f3n.<\/p>\n<\/li>\n<li data-start=\"992\" data-end=\"1020\">\n<p data-start=\"995\" data-end=\"1020\">Impermeable y duradero.<\/p>\n<\/li>\n<li data-start=\"1021\" data-end=\"1050\">\n<p data-start=\"1024\" data-end=\"1050\">Opciones de dise\u00f1o personalizadas.<\/p>\n<\/li>\n<\/ol>\n<p data-start=\"1052\" data-end=\"1165\"><strong data-start=\"1052\" data-end=\"1065\">Funciones<\/strong><br data-start=\"1065\" data-end=\"1068\" \/>Control de acceso, identidad y recopilaci\u00f3n de informaci\u00f3n en flujos de trabajo de lavander\u00eda industrial y textil.<\/p>\n<h2 data-start=\"1167\" data-end=\"1192\">Tabla (Especificaciones)<\/h2>\n<div class=\"_tableContainer_1rjym_1\">\n<div class=\"group _tableWrapper_1rjym_13 flex w-fit flex-col-reverse\" tabindex=\"-1\">\n<table class=\"w-fit min-w-(--thread-content-width)\" data-start=\"1193\" data-end=\"3418\">\n<thead data-start=\"1193\" data-end=\"1338\">\n<tr data-start=\"1193\" data-end=\"1338\">\n<th data-start=\"1193\" data-end=\"1218\" data-col-size=\"sm\">Categor\u00eda<\/th>\n<th data-start=\"1218\" data-end=\"1249\" data-col-size=\"sm\">Par\u00e1metro<\/th>\n<th data-start=\"1249\" data-end=\"1338\" data-col-size=\"lg\">Valor<\/th>\n<\/tr>\n<\/thead>\n<tbody data-start=\"1484\" data-end=\"3418\">\n<tr data-start=\"1484\" data-end=\"1629\">\n<td data-start=\"1484\" data-end=\"1508\" data-col-size=\"sm\">F\u00edsico<\/td>\n<td data-col-size=\"sm\" data-start=\"1508\" data-end=\"1540\">Material<\/td>\n<td data-col-size=\"lg\" data-start=\"1540\" data-end=\"1629\">PPS (sulfuro de polifenileno)<\/td>\n<\/tr>\n<tr data-start=\"1630\" data-end=\"1775\">\n<td data-start=\"1630\" data-end=\"1654\" data-col-size=\"sm\"><\/td>\n<td data-start=\"1654\" data-end=\"1686\" data-col-size=\"sm\">Factor de forma<\/td>\n<td data-col-size=\"lg\" data-start=\"1686\" data-end=\"1775\">Disco\/bot\u00f3n<\/td>\n<\/tr>\n<tr data-start=\"1776\" data-end=\"1921\">\n<td data-start=\"1776\" data-end=\"1800\" data-col-size=\"sm\"><\/td>\n<td data-col-size=\"sm\" data-start=\"1800\" data-end=\"1832\">Dimensiones<\/td>\n<td data-col-size=\"lg\" data-start=\"1832\" data-end=\"1921\">\u00d818 mm \/ \u00d820 mm \/ \u00d825,5 mm; espesor 2,75 mm; <strong data-start=\"1881\" data-end=\"1898\">agujero \u00d8 1,5 mm<\/strong><\/td>\n<\/tr>\n<tr data-start=\"1922\" data-end=\"2067\">\n<td data-start=\"1922\" data-end=\"1946\" data-col-size=\"sm\"><\/td>\n<td data-col-size=\"sm\" data-start=\"1946\" data-end=\"1978\">Adjunto<\/td>\n<td data-col-size=\"lg\" data-start=\"1978\" data-end=\"2067\">Coser en una peque\u00f1a bolsa de tela o coser directamente sobre el tejido.<\/td>\n<\/tr>\n<tr data-start=\"2068\" data-end=\"2213\">\n<td data-start=\"2068\" data-end=\"2092\" data-col-size=\"sm\">Ambiente<\/td>\n<td data-col-size=\"sm\" data-start=\"2092\" data-end=\"2124\">Rango de temperatura<\/td>\n<td data-col-size=\"lg\" data-start=\"2124\" data-end=\"2213\">\u221230 \u2103 a +220 \u2103<\/td>\n<\/tr>\n<tr data-start=\"2214\" data-end=\"2359\">\n<td data-start=\"2214\" data-end=\"2238\" data-col-size=\"sm\">Personalizaci\u00f3n<\/td>\n<td data-col-size=\"sm\" data-start=\"2238\" data-end=\"2270\">Personalizaci\u00f3n<\/td>\n<td data-col-size=\"lg\" data-start=\"2270\" data-end=\"2359\">Impresi\u00f3n de logotipos personalizados; datos de chip grabables (por ejemplo, URL\/sitio web, n\u00fameros de serie)<\/td>\n<\/tr>\n<tr data-start=\"2360\" data-end=\"2505\">\n<td data-start=\"2360\" data-end=\"2384\" data-col-size=\"sm\">Atributos<\/td>\n<td data-col-size=\"sm\" data-start=\"2384\" data-end=\"2416\">Caracter\u00edsticas de protecci\u00f3n<\/td>\n<td data-col-size=\"lg\" data-start=\"2416\" data-end=\"2505\">Resistente a altas temperaturas, presi\u00f3n y corrosi\u00f3n; impermeable; duradero.<\/td>\n<\/tr>\n<tr data-start=\"2506\" data-end=\"2651\">\n<td data-start=\"2506\" data-end=\"2530\" data-col-size=\"sm\">RFID<\/td>\n<td data-col-size=\"sm\" data-start=\"2530\" data-end=\"2562\">Frecuencia<\/td>\n<td data-col-size=\"lg\" data-start=\"2562\" data-end=\"2651\">860\u2013960 MHz (UHF)<\/td>\n<\/tr>\n<tr data-start=\"2652\" data-end=\"2797\">\n<td data-start=\"2652\" data-end=\"2676\" data-col-size=\"sm\"><\/td>\n<td data-col-size=\"sm\" data-start=\"2676\" data-end=\"2708\">Protocolo<\/td>\n<td data-col-size=\"lg\" data-start=\"2708\" data-end=\"2797\">ISO 18000-6C<\/td>\n<\/tr>\n<tr data-start=\"2798\" data-end=\"2943\">\n<td data-start=\"2798\" data-end=\"2822\" data-col-size=\"sm\"><\/td>\n<td data-start=\"2822\" data-end=\"2854\" data-col-size=\"sm\">Opciones de chips<\/td>\n<td data-col-size=\"lg\" data-start=\"2854\" data-end=\"2943\">H9, H10, U9, U10, M4\/5\/6<\/td>\n<\/tr>\n<tr data-start=\"2944\" data-end=\"3089\">\n<td data-start=\"2944\" data-end=\"2968\" data-col-size=\"sm\">Actuaci\u00f3n<\/td>\n<td data-col-size=\"sm\" data-start=\"2968\" data-end=\"3000\">Distancia de lectura<\/td>\n<td data-col-size=\"lg\" data-start=\"3000\" data-end=\"3089\">1\u20138 m (dependiendo del lector y del entorno)<\/td>\n<\/tr>\n<tr data-start=\"3090\" data-end=\"3272\">\n<td data-start=\"3090\" data-end=\"3114\" data-col-size=\"sm\">Casos de uso<\/td>\n<td data-col-size=\"sm\" data-start=\"3114\" data-end=\"3146\">Aplicaciones t\u00edpicas<\/td>\n<td data-col-size=\"lg\" data-start=\"3146\" data-end=\"3272\">Lavander\u00eda, prendas de alta calidad, uniformes escolares, prendas especiales, gesti\u00f3n de producci\u00f3n, seguimiento de productos, inventario de almac\u00e9n.<\/td>\n<\/tr>\n<tr data-start=\"3273\" data-end=\"3418\">\n<td data-start=\"3273\" data-end=\"3297\" data-col-size=\"sm\">Ejemplos de la industria<\/td>\n<td data-col-size=\"sm\" data-start=\"3297\" data-end=\"3329\">Verticales de lavander\u00eda<\/td>\n<td data-col-size=\"lg\" data-start=\"3329\" data-end=\"3418\">Gesti\u00f3n de mantas en hoteles, hospitales, tintorer\u00edas y aerol\u00edneas<\/td>\n<\/tr>\n<\/tbody>\n<\/table>\n<\/div>\n<\/div>","protected":false},"excerpt":{"rendered":"<p>Etiqueta de bot\u00f3n\/disco RFID UHF PPS lavable para lavander\u00eda: impermeable, ign\u00edfuga, resistente a la corrosi\u00f3n, \u221230\u2013220 \u2103, lecturas de 1\u20138 m; para coser o colocar en bolsa; admite logotipo\/datos personalizados.<\/p>","protected":false},"featured_media":743,"template":"","meta":{"_gspb_post_css":""},"product_brand":[],"product_cat":[17,19],"product_tag":[],"class_list":{"0":"post-741","1":"product","2":"type-product","3":"status-publish","4":"has-post-thumbnail","6":"product_cat-rfid-laundry-tags","7":"product_cat-pps-rfid-laundry-tags","9":"first","10":"instock","11":"shipping-taxable","12":"purchasable","13":"product-type-simple"},"_links":{"self":[{"href":"https:\/\/www.cxjsmartcard.com\/es\/wp-json\/wp\/v2\/product\/741","targetHints":{"allow":["GET"]}}],"collection":[{"href":"https:\/\/www.cxjsmartcard.com\/es\/wp-json\/wp\/v2\/product"}],"about":[{"href":"https:\/\/www.cxjsmartcard.com\/es\/wp-json\/wp\/v2\/types\/product"}],"wp:featuredmedia":[{"embeddable":true,"href":"https:\/\/www.cxjsmartcard.com\/es\/wp-json\/wp\/v2\/media\/743"}],"wp:attachment":[{"href":"https:\/\/www.cxjsmartcard.com\/es\/wp-json\/wp\/v2\/media?parent=741"}],"wp:term":[{"taxonomy":"product_brand","embeddable":true,"href":"https:\/\/www.cxjsmartcard.com\/es\/wp-json\/wp\/v2\/product_brand?post=741"},{"taxonomy":"product_cat","embeddable":true,"href":"https:\/\/www.cxjsmartcard.com\/es\/wp-json\/wp\/v2\/product_cat?post=741"},{"taxonomy":"product_tag","embeddable":true,"href":"https:\/\/www.cxjsmartcard.com\/es\/wp-json\/wp\/v2\/product_tag?post=741"}],"curies":[{"name":"wp","href":"https:\/\/api.w.org\/{rel}","templated":true}]}}