{"id":736,"date":"2025-11-03T07:01:57","date_gmt":"2025-11-03T07:01:57","guid":{"rendered":"https:\/\/www.cxjsmartcard.com\/?post_type=product&#038;p=736"},"modified":"2025-12-29T01:27:10","modified_gmt":"2025-12-29T01:27:10","slug":"durable-pps-commercial-reusable-washable-rfid-tags-for-laundry-industry","status":"publish","type":"product","link":"https:\/\/www.cxjsmartcard.com\/es\/durable-pps-commercial-reusable-washable-rfid-tags-for-laundry-industry\/","title":{"rendered":"Etiquetas RFID reutilizables, lavables y duraderas de PPS para lavander\u00eda"},"content":{"rendered":"<p data-start=\"83\" data-end=\"381\">Las etiquetas RFID lavables y reutilizables de PPS, duraderas, est\u00e1n dise\u00f1adas para las duras condiciones de la lavander\u00eda industrial. Funcionan en <strong data-start=\"214\" data-end=\"233\">13,56 MHz (NFC)<\/strong>, Cada etiqueta impermeable utiliza una <strong data-start=\"262\" data-end=\"301\">N\u00facleo de resina + epoxi con carcasa de PPS<\/strong> Para soportar altas temperaturas, inmersi\u00f3n en agua, productos qu\u00edmicos y reutilizaci\u00f3n constante.<\/p>\n<p data-start=\"383\" data-end=\"721\"><strong data-start=\"383\" data-end=\"426\">Dise\u00f1ado para la durabilidad de la lavander\u00eda industrial<\/strong><br data-start=\"426\" data-end=\"429\" \/>Estas etiquetas est\u00e1n dise\u00f1adas espec\u00edficamente para instalaciones de lavander\u00eda y pueden manejar <strong data-start=\"496\" data-end=\"516\">M\u00e1s de 200 ciclos de lavado<\/strong>, alta humedad y <strong data-start=\"537\" data-end=\"556\">\u221225 \u2103 a +120 \u2103<\/strong> Operaci\u00f3n. PPS (un termopl\u00e1stico de alto rendimiento) proporciona una excelente resistencia qu\u00edmica y mec\u00e1nica para un rendimiento constante en el lavado, secado y prensado.<\/p>\n<p data-start=\"723\" data-end=\"927\"><strong data-start=\"723\" data-end=\"757\">Reutilizable para ahorros a largo plazo<\/strong><br data-start=\"757\" data-end=\"760\" \/>La encapsulaci\u00f3n protege los datos mediante el prensado a vapor y el planchado industrial. La reutilizaci\u00f3n en m\u00faltiples ciclos reduce los costos de seguimiento por art\u00edculo y contribuye a los objetivos de sostenibilidad.<\/p>\n<p data-start=\"929\" data-end=\"943\"><strong data-start=\"929\" data-end=\"941\">Caracter\u00edsticas<\/strong><\/p>\n<ul data-start=\"944\" data-end=\"1206\">\n<li data-start=\"944\" data-end=\"989\">\n<p data-start=\"946\" data-end=\"989\">NFC de 13,56 MHz; <strong data-start=\"961\" data-end=\"987\">ISO 15693 \/ ISO 14443A<\/strong><\/p>\n<\/li>\n<li data-start=\"990\" data-end=\"1045\">\n<p data-start=\"992\" data-end=\"1045\"><strong data-start=\"992\" data-end=\"1030\">Impermeable, resistente a la intemperie, reutilizable.<\/strong> construcci\u00f3n<\/p>\n<\/li>\n<li data-start=\"1046\" data-end=\"1094\">\n<p data-start=\"1048\" data-end=\"1094\">Rango de lectura hasta <strong data-start=\"1065\" data-end=\"1074\">0\u20131 m<\/strong> (depende de la configuraci\u00f3n)<\/p>\n<\/li>\n<li data-start=\"1095\" data-end=\"1150\">\n<p data-start=\"1097\" data-end=\"1150\"><strong data-start=\"1097\" data-end=\"1111\">R21 \u00d7 2 mm<\/strong> Factor de forma (otros tama\u00f1os a pedido)<\/p>\n<\/li>\n<li data-start=\"1151\" data-end=\"1206\">\n<p data-start=\"1153\" data-end=\"1206\">Servicios personalizados disponibles (codificaci\u00f3n, forma, marca)<\/p>\n<\/li>\n<\/ul>\n<p data-start=\"1208\" data-end=\"1307\"><strong data-start=\"1208\" data-end=\"1224\">Aplicaciones<\/strong><br data-start=\"1224\" data-end=\"1227\" \/>Plantas de lavander\u00eda, servicios de ropa blanca, f\u00e1bricas de prendas de vestir, textiles para hoteles y hosteler\u00eda.<\/p>\n<p data-start=\"1309\" data-end=\"1652\"><strong data-start=\"1309\" data-end=\"1317\">Preguntas frecuentes<\/strong><br data-start=\"1317\" data-end=\"1320\" \/><strong data-start=\"1320\" data-end=\"1326\">P:<\/strong> \u00bfPueden estas etiquetas sobrevivir al lavado y secado industrial?<br data-start=\"1380\" data-end=\"1383\" \/><strong data-start=\"1383\" data-end=\"1389\">A:<\/strong> S\u00ed, dise\u00f1ado para m\u00e1s de 200 ciclos, altas temperaturas y presiones.<br data-start=\"1448\" data-end=\"1451\" \/><strong data-start=\"1451\" data-end=\"1457\">P:<\/strong> \u00bfCu\u00e1l es el rango de lectura t\u00edpico?<br data-start=\"1488\" data-end=\"1491\" \/><strong data-start=\"1491\" data-end=\"1497\">A:<\/strong> Hasta 1 m dependiendo del lector y el entorno.<br data-start=\"1544\" data-end=\"1547\" \/><strong data-start=\"1547\" data-end=\"1553\">P:<\/strong> \u00bfPuedo obtener codificaciones o tama\u00f1os personalizados?<br data-start=\"1589\" data-end=\"1592\" \/><strong data-start=\"1592\" data-end=\"1598\">A:<\/strong> S\u00ed, disponemos de chips, formas y marcas personalizadas.<\/p>\n<h2 data-start=\"1654\" data-end=\"1679\">Tabla (Especificaciones)<\/h2>\n<div class=\"_tableContainer_1rjym_1\">\n<div class=\"group _tableWrapper_1rjym_13 flex w-fit flex-col-reverse\" tabindex=\"-1\">\n<table class=\"w-fit min-w-(--thread-content-width)\" data-start=\"1680\" data-end=\"2927\">\n<thead data-start=\"1680\" data-end=\"1769\">\n<tr data-start=\"1680\" data-end=\"1769\">\n<th data-start=\"1680\" data-end=\"1703\" data-col-size=\"sm\">Categor\u00eda<\/th>\n<th data-start=\"1703\" data-end=\"1727\" data-col-size=\"sm\">Par\u00e1metro<\/th>\n<th data-start=\"1727\" data-end=\"1769\" data-col-size=\"sm\">Valor<\/th>\n<\/tr>\n<\/thead>\n<tbody data-start=\"1859\" data-end=\"2927\">\n<tr data-start=\"1859\" data-end=\"1947\">\n<td data-start=\"1859\" data-end=\"1881\" data-col-size=\"sm\">Producto<\/td>\n<td data-col-size=\"sm\" data-start=\"1881\" data-end=\"1905\">Nombre del art\u00edculo<\/td>\n<td data-col-size=\"sm\" data-start=\"1905\" data-end=\"1947\">Etiquetas RFID impermeables<\/td>\n<\/tr>\n<tr data-start=\"1948\" data-end=\"2036\">\n<td data-start=\"1948\" data-end=\"1970\" data-col-size=\"sm\">RF<\/td>\n<td data-col-size=\"sm\" data-start=\"1970\" data-end=\"1994\">Frecuencia<\/td>\n<td data-col-size=\"sm\" data-start=\"1994\" data-end=\"2036\">13,56 MHz (NFC)<\/td>\n<\/tr>\n<tr data-start=\"2037\" data-end=\"2125\">\n<td data-start=\"2037\" data-end=\"2059\" data-col-size=\"sm\"><\/td>\n<td data-col-size=\"sm\" data-start=\"2059\" data-end=\"2083\">Protocolo<\/td>\n<td data-col-size=\"sm\" data-start=\"2083\" data-end=\"2125\">ISO 15693 \/ ISO 14443A<\/td>\n<\/tr>\n<tr data-start=\"2126\" data-end=\"2214\">\n<td data-start=\"2126\" data-end=\"2148\" data-col-size=\"sm\">Memoria<\/td>\n<td data-col-size=\"sm\" data-start=\"2148\" data-end=\"2172\">Capacidad<\/td>\n<td data-col-size=\"sm\" data-start=\"2172\" data-end=\"2214\">1024 bits (opciones disponibles)<\/td>\n<\/tr>\n<tr data-start=\"2215\" data-end=\"2303\">\n<td data-start=\"2215\" data-end=\"2237\" data-col-size=\"sm\">Materiales<\/td>\n<td data-col-size=\"sm\" data-start=\"2237\" data-end=\"2261\">Construcci\u00f3n<\/td>\n<td data-col-size=\"sm\" data-start=\"2261\" data-end=\"2303\">N\u00facleo de resina + epoxi, <strong data-start=\"2283\" data-end=\"2297\">Carcasa PPS<\/strong><\/td>\n<\/tr>\n<tr data-start=\"2304\" data-end=\"2392\">\n<td data-start=\"2304\" data-end=\"2326\" data-col-size=\"sm\">Dimensiones<\/td>\n<td data-col-size=\"sm\" data-start=\"2326\" data-end=\"2350\">Tama\u00f1o<\/td>\n<td data-col-size=\"sm\" data-start=\"2350\" data-end=\"2392\"><strong data-start=\"2352\" data-end=\"2366\">R21 \u00d7 2 mm<\/strong><\/td>\n<\/tr>\n<tr data-start=\"2393\" data-end=\"2482\">\n<td data-start=\"2393\" data-end=\"2415\" data-col-size=\"sm\">Actuaci\u00f3n<\/td>\n<td data-col-size=\"sm\" data-start=\"2415\" data-end=\"2439\">Rango de lectura<\/td>\n<td data-col-size=\"sm\" data-start=\"2439\" data-end=\"2482\"><strong data-start=\"2441\" data-end=\"2450\">0\u20131 m<\/strong> (depende del lector y del entorno)<\/td>\n<\/tr>\n<tr data-start=\"2483\" data-end=\"2571\">\n<td data-start=\"2483\" data-end=\"2505\" data-col-size=\"sm\">Ambiente<\/td>\n<td data-col-size=\"sm\" data-start=\"2505\" data-end=\"2529\">Temperatura de funcionamiento<\/td>\n<td data-col-size=\"sm\" data-start=\"2529\" data-end=\"2571\"><strong data-start=\"2531\" data-end=\"2550\">\u221225 \u2103 a +120 \u2103<\/strong><\/td>\n<\/tr>\n<tr data-start=\"2572\" data-end=\"2660\">\n<td data-start=\"2572\" data-end=\"2594\" data-col-size=\"sm\">Durabilidad<\/td>\n<td data-col-size=\"sm\" data-start=\"2594\" data-end=\"2618\">Ciclos de lavado<\/td>\n<td data-col-size=\"sm\" data-start=\"2618\" data-end=\"2660\"><strong data-start=\"2620\" data-end=\"2628\">200+<\/strong> (procesos industriales)<\/td>\n<\/tr>\n<tr data-start=\"2661\" data-end=\"2749\">\n<td data-start=\"2661\" data-end=\"2683\" data-col-size=\"sm\">Aplicaciones<\/td>\n<td data-col-size=\"sm\" data-start=\"2683\" data-end=\"2707\">\u00c1reas<\/td>\n<td data-col-size=\"sm\" data-start=\"2707\" data-end=\"2749\">Lavander\u00eda, ropa blanca, f\u00e1bricas de prendas de vestir<\/td>\n<\/tr>\n<tr data-start=\"2750\" data-end=\"2838\">\n<td data-start=\"2750\" data-end=\"2772\" data-col-size=\"sm\">Caracter\u00edsticas especiales<\/td>\n<td data-col-size=\"sm\" data-start=\"2772\" data-end=\"2796\">Atributos<\/td>\n<td data-col-size=\"sm\" data-start=\"2796\" data-end=\"2838\">Impermeable \/ Resistente a la intemperie \/ Reutilizable<\/td>\n<\/tr>\n<tr data-start=\"2839\" data-end=\"2927\">\n<td data-start=\"2839\" data-end=\"2861\" data-col-size=\"sm\">Origen<\/td>\n<td data-col-size=\"sm\" data-start=\"2861\" data-end=\"2885\">Lugar de origen<\/td>\n<td data-col-size=\"sm\" data-start=\"2885\" data-end=\"2927\">Shenzhen, China<\/td>\n<\/tr>\n<\/tbody>\n<\/table>\n<\/div>\n<\/div>","protected":false},"excerpt":{"rendered":"<p>Etiquetas de lavander\u00eda RFID PPS de 13,56 MHz duraderas: impermeables, reutilizables y resistentes a los productos qu\u00edmicos con lecturas de 0 a 1 m y durabilidad de m\u00e1s de 200 ciclos de lavado para el seguimiento industrial de textiles.<\/p>","protected":false},"featured_media":737,"template":"","meta":{"_gspb_post_css":""},"product_brand":[],"product_cat":[17,19],"product_tag":[],"class_list":{"0":"post-736","1":"product","2":"type-product","3":"status-publish","4":"has-post-thumbnail","6":"product_cat-rfid-laundry-tags","7":"product_cat-pps-rfid-laundry-tags","9":"first","10":"instock","11":"shipping-taxable","12":"purchasable","13":"product-type-simple"},"_links":{"self":[{"href":"https:\/\/www.cxjsmartcard.com\/es\/wp-json\/wp\/v2\/product\/736","targetHints":{"allow":["GET"]}}],"collection":[{"href":"https:\/\/www.cxjsmartcard.com\/es\/wp-json\/wp\/v2\/product"}],"about":[{"href":"https:\/\/www.cxjsmartcard.com\/es\/wp-json\/wp\/v2\/types\/product"}],"wp:featuredmedia":[{"embeddable":true,"href":"https:\/\/www.cxjsmartcard.com\/es\/wp-json\/wp\/v2\/media\/737"}],"wp:attachment":[{"href":"https:\/\/www.cxjsmartcard.com\/es\/wp-json\/wp\/v2\/media?parent=736"}],"wp:term":[{"taxonomy":"product_brand","embeddable":true,"href":"https:\/\/www.cxjsmartcard.com\/es\/wp-json\/wp\/v2\/product_brand?post=736"},{"taxonomy":"product_cat","embeddable":true,"href":"https:\/\/www.cxjsmartcard.com\/es\/wp-json\/wp\/v2\/product_cat?post=736"},{"taxonomy":"product_tag","embeddable":true,"href":"https:\/\/www.cxjsmartcard.com\/es\/wp-json\/wp\/v2\/product_tag?post=736"}],"curies":[{"name":"wp","href":"https:\/\/api.w.org\/{rel}","templated":true}]}}