{"id":731,"date":"2025-11-03T06:59:28","date_gmt":"2025-11-03T06:59:28","guid":{"rendered":"https:\/\/www.cxjsmartcard.com\/?post_type=product&#038;p=731"},"modified":"2025-12-29T01:27:10","modified_gmt":"2025-12-29T01:27:10","slug":"125khz-heat-resistant-washable-pps-rfid-laundry-tag-button-token","status":"publish","type":"product","link":"https:\/\/www.cxjsmartcard.com\/es\/125khz-heat-resistant-washable-pps-rfid-laundry-tag-button-token\/","title":{"rendered":"Etiqueta de lavander\u00eda RFID PPS lavable, resistente al calor y de 125 kHz (ficha de bot\u00f3n)"},"content":{"rendered":"<p data-start=\"78\" data-end=\"810\">Las etiquetas RFID para lavander\u00eda PPS son ideales para el seguimiento de ropa de cama, uniformes y otras prendas. Actualizamos y a\u00f1adimos productos RFID constantemente a nuestro sitio web; sin embargo, si busca una etiqueta para lavander\u00eda en particular y no la encuentra, cont\u00e1ctenos; probablemente podamos proporcion\u00e1rsela.<br data-start=\"396\" data-end=\"399\" \/>La etiqueta RFID PPS est\u00e1 fabricada en pl\u00e1stico de ingenier\u00eda mediante moldeo por inyecci\u00f3n con un chip RFID encapsulado. Se utiliza ampliamente para el blanqueo y te\u00f1ido de telas y su\u00e9teres, el lavado con detergentes agresivos, la producci\u00f3n de materiales qu\u00edmicos y entornos de trabajo m\u00e9dicos espec\u00edficos. Es resistente al desgaste, a altas temperaturas y a \u00e1cidos y \u00e1lcalis, ecol\u00f3gica y est\u00e1 dise\u00f1ada para el seguimiento de la ropa a largo plazo.<\/p>\n<p data-start=\"812\" data-end=\"826\"><strong data-start=\"812\" data-end=\"824\">Caracter\u00edsticas<\/strong><\/p>\n<ol data-start=\"827\" data-end=\"972\">\n<li data-start=\"827\" data-end=\"860\">\n<p data-start=\"830\" data-end=\"860\">Resistencia a altas temperaturas.<\/p>\n<\/li>\n<li data-start=\"861\" data-end=\"886\">\n<p data-start=\"864\" data-end=\"886\">Resistencia a la presi\u00f3n.<\/p>\n<\/li>\n<li data-start=\"887\" data-end=\"913\">\n<p data-start=\"890\" data-end=\"913\">Resistencia a la corrosi\u00f3n.<\/p>\n<\/li>\n<li data-start=\"914\" data-end=\"942\">\n<p data-start=\"917\" data-end=\"942\">Impermeable y duradero.<\/p>\n<\/li>\n<li data-start=\"943\" data-end=\"972\">\n<p data-start=\"946\" data-end=\"972\">Opciones de dise\u00f1o personalizadas.<\/p>\n<\/li>\n<\/ol>\n<p data-start=\"974\" data-end=\"992\"><strong data-start=\"974\" data-end=\"990\">Aplicaciones<\/strong><\/p>\n<ul data-start=\"993\" data-end=\"1179\">\n<li data-start=\"993\" data-end=\"1051\">\n<p data-start=\"995\" data-end=\"1051\">Seguimiento de activos de lavander\u00eda para ropa de cama, uniformes y prendas de vestir.<\/p>\n<\/li>\n<li data-start=\"1052\" data-end=\"1116\">\n<p data-start=\"1054\" data-end=\"1116\">Procesos industriales: blanqueo\/te\u00f1ido, producci\u00f3n qu\u00edmica.<\/p>\n<\/li>\n<li data-start=\"1117\" data-end=\"1179\">\n<p data-start=\"1119\" data-end=\"1179\">Entornos m\u00e9dicos y otros entornos hostiles que requieren etiquetas duraderas.<\/p>\n<\/li>\n<\/ul>\n<h2 data-start=\"1181\" data-end=\"1206\">Tabla (Especificaciones)<\/h2>\n<div class=\"_tableContainer_1rjym_1\">\n<div class=\"group _tableWrapper_1rjym_13 flex w-fit flex-col-reverse\" tabindex=\"-1\">\n<table class=\"w-fit min-w-(--thread-content-width)\" data-start=\"1207\" data-end=\"2835\">\n<thead data-start=\"1207\" data-end=\"1341\">\n<tr data-start=\"1207\" data-end=\"1341\">\n<th data-start=\"1207\" data-end=\"1225\" data-col-size=\"sm\">Categor\u00eda<\/th>\n<th data-start=\"1225\" data-end=\"1248\" data-col-size=\"sm\">Par\u00e1metro<\/th>\n<th data-start=\"1248\" data-end=\"1341\" data-col-size=\"md\">Valor<\/th>\n<\/tr>\n<\/thead>\n<tbody data-start=\"1477\" data-end=\"2835\">\n<tr data-start=\"1477\" data-end=\"1612\">\n<td data-start=\"1477\" data-end=\"1495\" data-col-size=\"sm\">Producto<\/td>\n<td data-col-size=\"sm\" data-start=\"1495\" data-end=\"1519\">Tipo<\/td>\n<td data-col-size=\"md\" data-start=\"1519\" data-end=\"1612\">Etiqueta de lavander\u00eda RFID PPS \/ Ficha de bot\u00f3n<\/td>\n<\/tr>\n<tr data-start=\"1613\" data-end=\"1748\">\n<td data-start=\"1613\" data-end=\"1631\" data-col-size=\"sm\">Materiales<\/td>\n<td data-col-size=\"sm\" data-start=\"1631\" data-end=\"1655\">Cuerpo<\/td>\n<td data-col-size=\"md\" data-start=\"1655\" data-end=\"1748\">Pl\u00e1stico de ingenier\u00eda PPS (sulfuro de polifenileno)<\/td>\n<\/tr>\n<tr data-start=\"1749\" data-end=\"1884\">\n<td data-start=\"1749\" data-end=\"1767\" data-col-size=\"sm\">RF<\/td>\n<td data-col-size=\"sm\" data-start=\"1767\" data-end=\"1791\">Frecuencia<\/td>\n<td data-col-size=\"md\" data-start=\"1791\" data-end=\"1884\">Frecuencia baja: 125 kHz<\/td>\n<\/tr>\n<tr data-start=\"1885\" data-end=\"2020\">\n<td data-start=\"1885\" data-end=\"1903\" data-col-size=\"sm\"><\/td>\n<td data-col-size=\"sm\" data-start=\"1903\" data-end=\"1927\">Opciones de chip<\/td>\n<td data-col-size=\"md\" data-start=\"1927\" data-end=\"2020\">TK4100, EM4200, EM4305, T5577<\/td>\n<\/tr>\n<tr data-start=\"2021\" data-end=\"2155\">\n<td data-start=\"2021\" data-end=\"2039\" data-col-size=\"sm\">Durabilidad<\/td>\n<td data-col-size=\"sm\" data-start=\"2039\" data-end=\"2063\">Vida<\/td>\n<td data-col-size=\"md\" data-start=\"2063\" data-end=\"2155\">200 ciclos de lavado <strong data-start=\"2081\" data-end=\"2087\">o<\/strong> 2 a\u00f1os a partir de la fecha de env\u00edo (lo que ocurra primero)<\/td>\n<\/tr>\n<tr data-start=\"2156\" data-end=\"2291\">\n<td data-start=\"2156\" data-end=\"2174\" data-col-size=\"sm\">Ambiente<\/td>\n<td data-col-size=\"sm\" data-start=\"2174\" data-end=\"2198\">Presecado (tumbler)<\/td>\n<td data-col-size=\"md\" data-start=\"2198\" data-end=\"2291\">180 \u2103 (320 \u2109), 30 minutos<\/td>\n<\/tr>\n<tr data-start=\"2292\" data-end=\"2427\">\n<td data-start=\"2292\" data-end=\"2310\" data-col-size=\"sm\"><\/td>\n<td data-col-size=\"sm\" data-start=\"2310\" data-end=\"2334\">Planchado<\/td>\n<td data-col-size=\"md\" data-start=\"2334\" data-end=\"2427\">180 \u2103 (356 \u2109), 10 segundos, 200 ciclos<\/td>\n<\/tr>\n<tr data-start=\"2428\" data-end=\"2563\">\n<td data-start=\"2428\" data-end=\"2446\" data-col-size=\"sm\"><\/td>\n<td data-start=\"2446\" data-end=\"2470\" data-col-size=\"sm\">Esterilizaci\u00f3n<\/td>\n<td data-col-size=\"md\" data-start=\"2470\" data-end=\"2563\">135 \u2103 (275 \u2109), 20 minutos<\/td>\n<\/tr>\n<tr data-start=\"2564\" data-end=\"2699\">\n<td data-start=\"2564\" data-end=\"2582\" data-col-size=\"sm\">Actuaci\u00f3n<\/td>\n<td data-col-size=\"sm\" data-start=\"2582\" data-end=\"2606\">Mec\u00e1nico<\/td>\n<td data-col-size=\"md\" data-start=\"2606\" data-end=\"2699\">Resistente a la presi\u00f3n; resistente a la corrosi\u00f3n; impermeable; resistente al desgaste<\/td>\n<\/tr>\n<tr data-start=\"2700\" data-end=\"2835\">\n<td data-start=\"2700\" data-end=\"2718\" data-col-size=\"sm\">Personalizaci\u00f3n<\/td>\n<td data-col-size=\"sm\" data-start=\"2718\" data-end=\"2742\">Opciones<\/td>\n<td data-col-size=\"md\" data-start=\"2742\" data-end=\"2835\">Dise\u00f1os personalizados disponibles<\/td>\n<\/tr>\n<\/tbody>\n<\/table>\n<\/div>\n<\/div>","protected":false},"excerpt":{"rendered":"<p>Etiqueta de bot\u00f3n para lavander\u00eda RFID PPS lavable y resistente al calor para ropa de cama y uniformes: impermeable, resistente a la presi\u00f3n y la corrosi\u00f3n, durabilidad de 200 ciclos con m\u00faltiples opciones de chip LF.<\/p>","protected":false},"featured_media":734,"template":"","meta":{"_gspb_post_css":""},"product_brand":[],"product_cat":[17,19],"product_tag":[],"class_list":{"0":"post-731","1":"product","2":"type-product","3":"status-publish","4":"has-post-thumbnail","6":"product_cat-rfid-laundry-tags","7":"product_cat-pps-rfid-laundry-tags","9":"first","10":"instock","11":"shipping-taxable","12":"purchasable","13":"product-type-simple"},"_links":{"self":[{"href":"https:\/\/www.cxjsmartcard.com\/es\/wp-json\/wp\/v2\/product\/731","targetHints":{"allow":["GET"]}}],"collection":[{"href":"https:\/\/www.cxjsmartcard.com\/es\/wp-json\/wp\/v2\/product"}],"about":[{"href":"https:\/\/www.cxjsmartcard.com\/es\/wp-json\/wp\/v2\/types\/product"}],"wp:featuredmedia":[{"embeddable":true,"href":"https:\/\/www.cxjsmartcard.com\/es\/wp-json\/wp\/v2\/media\/734"}],"wp:attachment":[{"href":"https:\/\/www.cxjsmartcard.com\/es\/wp-json\/wp\/v2\/media?parent=731"}],"wp:term":[{"taxonomy":"product_brand","embeddable":true,"href":"https:\/\/www.cxjsmartcard.com\/es\/wp-json\/wp\/v2\/product_brand?post=731"},{"taxonomy":"product_cat","embeddable":true,"href":"https:\/\/www.cxjsmartcard.com\/es\/wp-json\/wp\/v2\/product_cat?post=731"},{"taxonomy":"product_tag","embeddable":true,"href":"https:\/\/www.cxjsmartcard.com\/es\/wp-json\/wp\/v2\/product_tag?post=731"}],"curies":[{"name":"wp","href":"https:\/\/api.w.org\/{rel}","templated":true}]}}