{"id":721,"date":"2025-11-03T06:52:46","date_gmt":"2025-11-03T06:52:46","guid":{"rendered":"https:\/\/www.cxjsmartcard.com\/?post_type=product&#038;p=721"},"modified":"2025-12-29T01:27:11","modified_gmt":"2025-12-29T01:27:11","slug":"washable-rfid-tags-for-laundry-management","status":"publish","type":"product","link":"https:\/\/www.cxjsmartcard.com\/es\/washable-rfid-tags-for-laundry-management\/","title":{"rendered":"Etiquetas RFID lavables para la gesti\u00f3n de lavander\u00eda"},"content":{"rendered":"<p data-start=\"53\" data-end=\"465\">Las etiquetas RFID lavables son una herramienta esencial para la gesti\u00f3n de lavander\u00edas modernas, dise\u00f1adas para ofrecer durabilidad y eficiencia en entornos industriales. Con tecnolog\u00eda RFID UHF, estas etiquetas rastrean con precisi\u00f3n prendas, ropa de cama y uniformes durante todo el proceso, mejorando la organizaci\u00f3n y reduciendo las p\u00e9rdidas. Son impermeables, resistentes a altas temperaturas y lavables, ideales para sistemas de lavander\u00eda de alto rendimiento.<\/p>\n<p data-start=\"467\" data-end=\"481\"><strong data-start=\"467\" data-end=\"479\">Caracter\u00edsticas<\/strong><\/p>\n<ol data-start=\"482\" data-end=\"895\">\n<li data-start=\"482\" data-end=\"545\">\n<p data-start=\"485\" data-end=\"545\">Construcci\u00f3n en tejido (nailon), ultraduradero e impermeable.<\/p>\n<\/li>\n<li data-start=\"546\" data-end=\"589\">\n<p data-start=\"549\" data-end=\"589\">Protocolo ISO18000-6C; UHF 860\u2013960 MHz.<\/p>\n<\/li>\n<li data-start=\"590\" data-end=\"630\">\n<p data-start=\"593\" data-end=\"630\">Opciones de memoria EPC: 96 o 128 bits.<\/p>\n<\/li>\n<li data-start=\"631\" data-end=\"678\">\n<p data-start=\"634\" data-end=\"678\">Rango de lectura: 1\u20136 metros (depende del dispositivo).<\/p>\n<\/li>\n<li data-start=\"679\" data-end=\"745\">\n<p data-start=\"682\" data-end=\"745\">Temperatura de funcionamiento: \u221225 \u00b0C a +110 \u00b0C; almacenamiento: \u221240 \u00b0C a +85 \u00b0C.<\/p>\n<\/li>\n<li data-start=\"746\" data-end=\"796\">\n<p data-start=\"749\" data-end=\"796\">Resistencia al lavado: 200 ciclos o hasta 3 a\u00f1os.<\/p>\n<\/li>\n<li data-start=\"797\" data-end=\"895\">\n<p data-start=\"800\" data-end=\"895\">Resistencia a la temperatura: 90 \u00b0C (15 min); 180 \u00b0C secador (30 min); 135 \u00b0C esterilizaci\u00f3n (20 min).<\/p>\n<\/li>\n<\/ol>\n<p data-start=\"897\" data-end=\"915\"><strong data-start=\"897\" data-end=\"913\">Beneficios clave<\/strong><\/p>\n<ol data-start=\"916\" data-end=\"1377\">\n<li data-start=\"916\" data-end=\"1046\">\n<p data-start=\"919\" data-end=\"1046\"><strong data-start=\"919\" data-end=\"938\">Alta durabilidad<\/strong> \u2014 resiste hasta 200 ciclos de lavado y condiciones adversas (presi\u00f3n, calor, planchado) durante una vida \u00fatil de aproximadamente 3 a\u00f1os.<\/p>\n<\/li>\n<li data-start=\"1047\" data-end=\"1160\">\n<p data-start=\"1050\" data-end=\"1160\"><strong data-start=\"1050\" data-end=\"1072\">Seguimiento eficiente<\/strong> \u2014 El rango de lectura UHF de hasta 6 m permite un seguimiento r\u00e1pido y preciso desde la clasificaci\u00f3n hasta la entrega.<\/p>\n<\/li>\n<li data-start=\"1161\" data-end=\"1273\">\n<p data-start=\"1164\" data-end=\"1273\"><strong data-start=\"1164\" data-end=\"1189\">Impermeable y lavable<\/strong> \u2014 Seguro para lavados repetidos, inmersi\u00f3n y planchado sin p\u00e9rdida de rendimiento.<\/p>\n<\/li>\n<li data-start=\"1274\" data-end=\"1377\">\n<p data-start=\"1277\" data-end=\"1377\"><strong data-start=\"1277\" data-end=\"1308\">Resistencia a altas temperaturas<\/strong> \u2014 soporta secado a 180 \u00b0C y esterilizaci\u00f3n a 135 \u00b0C para uso industrial.<\/p>\n<\/li>\n<\/ol>\n<p data-start=\"1379\" data-end=\"1397\"><strong data-start=\"1379\" data-end=\"1395\">Aplicaciones<\/strong><\/p>\n<ul data-start=\"1398\" data-end=\"1723\">\n<li data-start=\"1398\" data-end=\"1475\">\n<p data-start=\"1400\" data-end=\"1475\"><strong data-start=\"1400\" data-end=\"1423\">Lavander\u00eda industrial:<\/strong> Realice un seguimiento de uniformes de trabajo, toallas y ropa de cama a escala.<\/p>\n<\/li>\n<li data-start=\"1476\" data-end=\"1565\">\n<p data-start=\"1478\" data-end=\"1565\"><strong data-start=\"1478\" data-end=\"1493\">Cuidado de la salud:<\/strong> Gestionar uniformes y ropa de cama m\u00e9dica para higiene y control de inventario.<\/p>\n<\/li>\n<li data-start=\"1566\" data-end=\"1645\">\n<p data-start=\"1568\" data-end=\"1645\"><strong data-start=\"1568\" data-end=\"1584\">Hospitalidad:<\/strong> Supervise la ropa de cama, las toallas y los uniformes del hotel para reducir las p\u00e9rdidas.<\/p>\n<\/li>\n<li data-start=\"1646\" data-end=\"1723\">\n<p data-start=\"1648\" data-end=\"1723\"><strong data-start=\"1648\" data-end=\"1670\">F\u00e1bricas de prendas de vestir:<\/strong> Realice un seguimiento de los art\u00edculos textiles desde la producci\u00f3n hasta la distribuci\u00f3n.<\/p>\n<\/li>\n<\/ul>\n<p data-start=\"1725\" data-end=\"1940\"><strong data-start=\"1725\" data-end=\"1755\">C\u00f3mo funcionan las etiquetas RFID para lavander\u00eda<\/strong><br data-start=\"1755\" data-end=\"1758\" \/>Cada etiqueta almacena informaci\u00f3n (ID, historial de lavado, propietario). Los lectores RFID capturan estos datos a una distancia de hasta 6 metros, lo que permite un seguimiento optimizado en cada etapa del proceso de lavander\u00eda.<\/p>\n<p data-start=\"1942\" data-end=\"2052\"><strong data-start=\"1942\" data-end=\"1950\">Preguntas frecuentes<\/strong><br data-start=\"1950\" data-end=\"1953\" \/><strong data-start=\"1953\" data-end=\"1986\">1) \u00bfCu\u00e1nto duran las etiquetas?<\/strong><br data-start=\"1986\" data-end=\"1989\" \/>Arriba a <strong data-start=\"1995\" data-end=\"2014\">200 ciclos de lavado<\/strong> o <strong data-start=\"2018\" data-end=\"2029\">3 a\u00f1os<\/strong>, dependiendo del uso.<\/p>\n<p data-start=\"2054\" data-end=\"2164\"><strong data-start=\"2054\" data-end=\"2101\">2) \u00bfEstas etiquetas pueden resistir altas temperaturas?<\/strong><br data-start=\"2101\" data-end=\"2104\" \/>S\u00ed-<strong data-start=\"2108\" data-end=\"2118\">180 \u00b0C<\/strong> en secadoras y <strong data-start=\"2133\" data-end=\"2143\">135 \u00b0C<\/strong> para esterilizaci\u00f3n.<\/p>\n<p data-start=\"2166\" data-end=\"2264\"><strong data-start=\"2166\" data-end=\"2202\">3) \u00bfHay dise\u00f1os personalizados disponibles?<\/strong><br data-start=\"2202\" data-end=\"2205\" \/>S\u00ed, marcas y especificaciones personalizadas disponibles (MOQ) <strong data-start=\"2246\" data-end=\"2256\">50,000<\/strong> unidades).<\/p>\n<h2 data-start=\"2266\" data-end=\"2291\">Tabla (Especificaciones)<\/h2>\n<div class=\"_tableContainer_1rjym_1\">\n<div class=\"group _tableWrapper_1rjym_13 flex w-fit flex-col-reverse\" tabindex=\"-1\">\n<table class=\"w-fit min-w-(--thread-content-width)\" data-start=\"2292\" data-end=\"3747\">\n<thead data-start=\"2292\" data-end=\"2389\">\n<tr data-start=\"2292\" data-end=\"2389\">\n<th data-start=\"2292\" data-end=\"2313\" data-col-size=\"sm\">Categor\u00eda<\/th>\n<th data-start=\"2313\" data-end=\"2338\" data-col-size=\"sm\">Par\u00e1metro<\/th>\n<th data-start=\"2338\" data-end=\"2389\" data-col-size=\"md\">Valor<\/th>\n<\/tr>\n<\/thead>\n<tbody data-start=\"2487\" data-end=\"3747\">\n<tr data-start=\"2487\" data-end=\"2583\">\n<td data-start=\"2487\" data-end=\"2507\" data-col-size=\"sm\">Materiales<\/td>\n<td data-col-size=\"sm\" data-start=\"2507\" data-end=\"2533\">Tela<\/td>\n<td data-col-size=\"md\" data-start=\"2533\" data-end=\"2583\">Nylon<\/td>\n<\/tr>\n<tr data-start=\"2584\" data-end=\"2680\">\n<td data-start=\"2584\" data-end=\"2604\" data-col-size=\"sm\">Apariencia<\/td>\n<td data-col-size=\"sm\" data-start=\"2604\" data-end=\"2630\">Color<\/td>\n<td data-col-size=\"md\" data-start=\"2630\" data-end=\"2680\">Blanco<\/td>\n<\/tr>\n<tr data-start=\"2681\" data-end=\"2777\">\n<td data-start=\"2681\" data-end=\"2701\" data-col-size=\"sm\">RF \/ Protocolo<\/td>\n<td data-col-size=\"sm\" data-start=\"2701\" data-end=\"2727\">Est\u00e1ndar<\/td>\n<td data-col-size=\"md\" data-start=\"2727\" data-end=\"2777\">ISO18000-6C<\/td>\n<\/tr>\n<tr data-start=\"2778\" data-end=\"2874\">\n<td data-start=\"2778\" data-end=\"2798\" data-col-size=\"sm\"><\/td>\n<td data-col-size=\"sm\" data-start=\"2798\" data-end=\"2824\">Frecuencia<\/td>\n<td data-col-size=\"md\" data-start=\"2824\" data-end=\"2874\">860\u2013960 MHz<\/td>\n<\/tr>\n<tr data-start=\"2875\" data-end=\"2971\">\n<td data-start=\"2875\" data-end=\"2895\" data-col-size=\"sm\">Memoria<\/td>\n<td data-col-size=\"sm\" data-start=\"2895\" data-end=\"2921\">EPC<\/td>\n<td data-col-size=\"md\" data-start=\"2921\" data-end=\"2971\">96 bits \/ 128 bits<\/td>\n<\/tr>\n<tr data-start=\"2972\" data-end=\"3068\">\n<td data-start=\"2972\" data-end=\"2992\" data-col-size=\"sm\">Actuaci\u00f3n<\/td>\n<td data-start=\"2992\" data-end=\"3018\" data-col-size=\"sm\">Rango de lectura<\/td>\n<td data-col-size=\"md\" data-start=\"3018\" data-end=\"3068\">1\u20136 m (depende del dispositivo)<\/td>\n<\/tr>\n<tr data-start=\"3069\" data-end=\"3165\">\n<td data-start=\"3069\" data-end=\"3089\" data-col-size=\"sm\">Ambiente<\/td>\n<td data-col-size=\"sm\" data-start=\"3089\" data-end=\"3115\">Temperatura de trabajo<\/td>\n<td data-col-size=\"md\" data-start=\"3115\" data-end=\"3165\">\u221225 \u00b0C a +110 \u00b0C<\/td>\n<\/tr>\n<tr data-start=\"3166\" data-end=\"3262\">\n<td data-start=\"3166\" data-end=\"3186\" data-col-size=\"sm\"><\/td>\n<td data-start=\"3186\" data-end=\"3212\" data-col-size=\"sm\">Temperatura de almacenamiento<\/td>\n<td data-col-size=\"md\" data-start=\"3212\" data-end=\"3262\">\u221240 \u00b0C a +85 \u00b0C<\/td>\n<\/tr>\n<tr data-start=\"3263\" data-end=\"3359\">\n<td data-start=\"3263\" data-end=\"3283\" data-col-size=\"sm\">Durabilidad<\/td>\n<td data-start=\"3283\" data-end=\"3309\" data-col-size=\"sm\">Resistencia al lavado<\/td>\n<td data-col-size=\"md\" data-start=\"3309\" data-end=\"3359\">200 ciclos o ~3 a\u00f1os<\/td>\n<\/tr>\n<tr data-start=\"3360\" data-end=\"3456\">\n<td data-start=\"3360\" data-end=\"3380\" data-col-size=\"sm\">Resistencia al calor<\/td>\n<td data-col-size=\"sm\" data-start=\"3380\" data-end=\"3406\">Lavado<\/td>\n<td data-col-size=\"md\" data-start=\"3406\" data-end=\"3456\">90 \u00b0C, 15 minutos<\/td>\n<\/tr>\n<tr data-start=\"3457\" data-end=\"3553\">\n<td data-start=\"3457\" data-end=\"3477\" data-col-size=\"sm\"><\/td>\n<td data-col-size=\"sm\" data-start=\"3477\" data-end=\"3503\">Secado (secadora)<\/td>\n<td data-col-size=\"md\" data-start=\"3503\" data-end=\"3553\">180 \u00b0C, 30 minutos<\/td>\n<\/tr>\n<tr data-start=\"3554\" data-end=\"3650\">\n<td data-start=\"3554\" data-end=\"3574\" data-col-size=\"sm\"><\/td>\n<td data-col-size=\"sm\" data-start=\"3574\" data-end=\"3600\">Esterilizaci\u00f3n<\/td>\n<td data-col-size=\"md\" data-start=\"3600\" data-end=\"3650\">135 \u00b0C, 20 minutos<\/td>\n<\/tr>\n<tr data-start=\"3651\" data-end=\"3747\">\n<td data-start=\"3651\" data-end=\"3671\" data-col-size=\"sm\">Aplicaciones<\/td>\n<td data-col-size=\"sm\" data-start=\"3671\" data-end=\"3697\">Casos de uso t\u00edpicos<\/td>\n<td data-col-size=\"md\" data-start=\"3697\" data-end=\"3747\">Lavander\u00eda, Gesti\u00f3n Textil, Seguimiento de Uniformes<\/td>\n<\/tr>\n<\/tbody>\n<\/table>\n<\/div>\n<\/div>","protected":false},"excerpt":{"rendered":"<p>Etiquetas RFID UHF impermeables y lavables para ropa de cama, uniformes y textiles: rango de lectura de 1 a 6 m, ISO18000-6C y durabilidad para 200 ciclos de lavado para agilizar el seguimiento de la lavander\u00eda industrial.<\/p>","protected":false},"featured_media":725,"template":"","meta":{"_gspb_post_css":""},"product_brand":[],"product_cat":[17,18],"product_tag":[],"class_list":{"0":"post-721","1":"product","2":"type-product","3":"status-publish","4":"has-post-thumbnail","6":"product_cat-rfid-laundry-tags","7":"product_cat-textile-rfid-laundry-tags","9":"first","10":"instock","11":"shipping-taxable","12":"purchasable","13":"product-type-simple"},"_links":{"self":[{"href":"https:\/\/www.cxjsmartcard.com\/es\/wp-json\/wp\/v2\/product\/721","targetHints":{"allow":["GET"]}}],"collection":[{"href":"https:\/\/www.cxjsmartcard.com\/es\/wp-json\/wp\/v2\/product"}],"about":[{"href":"https:\/\/www.cxjsmartcard.com\/es\/wp-json\/wp\/v2\/types\/product"}],"wp:featuredmedia":[{"embeddable":true,"href":"https:\/\/www.cxjsmartcard.com\/es\/wp-json\/wp\/v2\/media\/725"}],"wp:attachment":[{"href":"https:\/\/www.cxjsmartcard.com\/es\/wp-json\/wp\/v2\/media?parent=721"}],"wp:term":[{"taxonomy":"product_brand","embeddable":true,"href":"https:\/\/www.cxjsmartcard.com\/es\/wp-json\/wp\/v2\/product_brand?post=721"},{"taxonomy":"product_cat","embeddable":true,"href":"https:\/\/www.cxjsmartcard.com\/es\/wp-json\/wp\/v2\/product_cat?post=721"},{"taxonomy":"product_tag","embeddable":true,"href":"https:\/\/www.cxjsmartcard.com\/es\/wp-json\/wp\/v2\/product_tag?post=721"}],"curies":[{"name":"wp","href":"https:\/\/api.w.org\/{rel}","templated":true}]}}