{"id":711,"date":"2025-11-03T06:48:32","date_gmt":"2025-11-03T06:48:32","guid":{"rendered":"https:\/\/www.cxjsmartcard.com\/?post_type=product&#038;p=711"},"modified":"2025-12-29T01:27:11","modified_gmt":"2025-12-29T01:27:11","slug":"washable-uhf-laundry-label-for-fabric-tracking","status":"publish","type":"product","link":"https:\/\/www.cxjsmartcard.com\/es\/washable-uhf-laundry-label-for-fabric-tracking\/","title":{"rendered":"Etiqueta de lavander\u00eda UHF lavable para seguimiento de tejidos"},"content":{"rendered":"<p data-start=\"58\" data-end=\"322\">La etiqueta RFID UHF para lavander\u00eda est\u00e1 dise\u00f1ada para resistir los procesos de lavander\u00eda de hoteles e instituciones, con durabilidad para lavado, secado, limpieza en seco y planchado. Es ideal para la gesti\u00f3n de uniformes profesionales, disfraces y art\u00edculos de alquiler como colchonetas y toallas.<\/p>\n<p data-start=\"324\" data-end=\"338\"><strong data-start=\"324\" data-end=\"336\">Caracter\u00edsticas<\/strong><\/p>\n<ol data-start=\"339\" data-end=\"666\">\n<li data-start=\"339\" data-end=\"400\">\n<p data-start=\"342\" data-end=\"400\">Ultrafino, flexible, suave: construcci\u00f3n totalmente de tela.<\/p>\n<\/li>\n<li data-start=\"401\" data-end=\"465\">\n<p data-start=\"404\" data-end=\"465\">Alcance de lectura de hasta 10 m (fuera de metal) con polarizaci\u00f3n lineal.<\/p>\n<\/li>\n<li data-start=\"466\" data-end=\"521\">\n<p data-start=\"469\" data-end=\"521\">Circuito integrado Impinj R6-P, compatible con EPC Gen2 \/ ISO 18000-6C.<\/p>\n<\/li>\n<li data-start=\"522\" data-end=\"568\">\n<p data-start=\"525\" data-end=\"568\">Optimizado en el aire; retenci\u00f3n de datos durante 50 a\u00f1os.<\/p>\n<\/li>\n<li data-start=\"569\" data-end=\"623\">\n<p data-start=\"572\" data-end=\"623\">Clasificaci\u00f3n IP68; soporta estr\u00e9s mec\u00e1nico de 60 bar.<\/p>\n<\/li>\n<li data-start=\"624\" data-end=\"666\">\n<p data-start=\"627\" data-end=\"666\">Opciones de fijaci\u00f3n mediante sellado t\u00e9rmico o costura.<\/p>\n<\/li>\n<\/ol>\n<p data-start=\"668\" data-end=\"686\"><strong data-start=\"668\" data-end=\"684\">Aplicaciones<\/strong><\/p>\n<ol data-start=\"687\" data-end=\"808\">\n<li data-start=\"687\" data-end=\"740\">\n<p data-start=\"690\" data-end=\"740\">Apto para lavado, limpieza en seco y planchado.<\/p>\n<\/li>\n<li data-start=\"741\" data-end=\"808\">\n<p data-start=\"744\" data-end=\"808\">Seguimiento y gesti\u00f3n de s\u00e1banas de hotel, uniformes, batas, etc.<\/p>\n<\/li>\n<\/ol>\n<p data-start=\"810\" data-end=\"966\"><strong data-start=\"810\" data-end=\"842\">Preguntas frecuentes sobre las etiquetas RFID para lavander\u00eda<\/strong><br data-start=\"842\" data-end=\"845\" \/><strong data-start=\"845\" data-end=\"851\">P:<\/strong> \u00bfEstas etiquetas son compatibles con todos los lectores RFID?<br data-start=\"900\" data-end=\"903\" \/><strong data-start=\"903\" data-end=\"909\">A:<\/strong> S\u00ed, cualquier lector compatible con ISO\/IEC 18000-6C (EPC Gen2).<\/p>\n<p data-start=\"968\" data-end=\"1096\"><strong data-start=\"968\" data-end=\"974\">P:<\/strong> \u00bfSe pueden coser las etiquetas en cualquier tela?<br data-start=\"1012\" data-end=\"1015\" \/><strong data-start=\"1015\" data-end=\"1021\">A:<\/strong> Por supuesto. Dise\u00f1ado para prendas y textiles: uniformes, s\u00e1banas, uniformes m\u00e9dicos.<\/p>\n<p data-start=\"1098\" data-end=\"1202\"><strong data-start=\"1098\" data-end=\"1104\">P:<\/strong> \u00bfProporcion\u00e1is muestras?<br data-start=\"1128\" data-end=\"1131\" \/><strong data-start=\"1131\" data-end=\"1137\">A:<\/strong> S\u00ed. D\u00edganos sus necesidades de soluci\u00f3n RFID y organizaremos muestras.<\/p>\n<h2 data-start=\"1278\" data-end=\"1303\">Tabla (Especificaciones)<\/h2>\n<div class=\"_tableContainer_1rjym_1\">\n<div class=\"group _tableWrapper_1rjym_13 flex w-fit flex-col-reverse\" tabindex=\"-1\">\n<table class=\"w-fit min-w-(--thread-content-width)\" data-start=\"1305\" data-end=\"5015\">\n<thead data-start=\"1305\" data-end=\"1452\">\n<tr data-start=\"1305\" data-end=\"1452\">\n<th data-start=\"1305\" data-end=\"1333\" data-col-size=\"sm\">Categor\u00eda<\/th>\n<th data-start=\"1333\" data-end=\"1361\" data-col-size=\"sm\">Par\u00e1metro<\/th>\n<th data-start=\"1361\" data-end=\"1452\" data-col-size=\"lg\">Valor<\/th>\n<\/tr>\n<\/thead>\n<tbody data-start=\"1600\" data-end=\"5015\">\n<tr data-start=\"1600\" data-end=\"1745\">\n<td data-start=\"1600\" data-end=\"1627\" data-col-size=\"sm\">Especificaciones de RF<\/td>\n<td data-col-size=\"sm\" data-start=\"1627\" data-end=\"1655\">Protocolo a\u00e9reo RF<\/td>\n<td data-col-size=\"lg\" data-start=\"1655\" data-end=\"1745\">EPC Global Clase 1 Gen2 \/ ISO 18000-6C<\/td>\n<\/tr>\n<tr data-start=\"1746\" data-end=\"1891\">\n<td data-start=\"1746\" data-end=\"1773\" data-col-size=\"sm\"><\/td>\n<td data-start=\"1773\" data-end=\"1801\" data-col-size=\"sm\">Frecuencia de operaci\u00f3n<\/td>\n<td data-col-size=\"lg\" data-start=\"1801\" data-end=\"1891\">UHF 866\u2013868 MHz (ETSI) \/ 902\u2013928 MHz (FCC)<\/td>\n<\/tr>\n<tr data-start=\"1892\" data-end=\"2038\">\n<td data-start=\"1892\" data-end=\"1919\" data-col-size=\"sm\"><\/td>\n<td data-start=\"1919\" data-end=\"1947\" data-col-size=\"sm\">Compatibilidad ambiental<\/td>\n<td data-start=\"1947\" data-end=\"2038\" data-col-size=\"lg\">Optimizado en el aire<\/td>\n<\/tr>\n<tr data-start=\"2039\" data-end=\"2185\">\n<td data-start=\"2039\" data-end=\"2066\" data-col-size=\"sm\"><\/td>\n<td data-start=\"2066\" data-end=\"2094\" data-col-size=\"sm\">Retenci\u00f3n de datos<\/td>\n<td data-col-size=\"lg\" data-start=\"2094\" data-end=\"2185\">50 a\u00f1os<\/td>\n<\/tr>\n<tr data-start=\"2186\" data-end=\"2332\">\n<td data-start=\"2186\" data-end=\"2213\" data-col-size=\"sm\"><\/td>\n<td data-start=\"2213\" data-end=\"2241\" data-col-size=\"sm\">Rango de lectura<\/td>\n<td data-start=\"2241\" data-end=\"2332\" data-col-size=\"lg\">Hasta 10 m (fuera de metal)<\/td>\n<\/tr>\n<tr data-start=\"2333\" data-end=\"2479\">\n<td data-start=\"2333\" data-end=\"2360\" data-col-size=\"sm\"><\/td>\n<td data-start=\"2360\" data-end=\"2388\" data-col-size=\"sm\">Polarizaci\u00f3n<\/td>\n<td data-col-size=\"lg\" data-start=\"2388\" data-end=\"2479\">Lineal<\/td>\n<\/tr>\n<tr data-start=\"2480\" data-end=\"2626\">\n<td data-start=\"2480\" data-end=\"2507\" data-col-size=\"sm\"><\/td>\n<td data-start=\"2507\" data-end=\"2535\" data-col-size=\"sm\">Tipo de CI<\/td>\n<td data-start=\"2535\" data-end=\"2626\" data-col-size=\"lg\">Impinj R6-P<\/td>\n<\/tr>\n<tr data-start=\"2627\" data-end=\"2773\">\n<td data-start=\"2627\" data-end=\"2654\" data-col-size=\"sm\"><\/td>\n<td data-start=\"2654\" data-end=\"2682\" data-col-size=\"sm\">Configuraci\u00f3n de memoria<\/td>\n<td data-col-size=\"lg\" data-start=\"2682\" data-end=\"2773\">EPC 128 bits; TID 96 bits; Usuario 32 bits<\/td>\n<\/tr>\n<tr data-start=\"2774\" data-end=\"2920\">\n<td data-start=\"2774\" data-end=\"2801\" data-col-size=\"sm\">Mec\u00e1nico<\/td>\n<td data-col-size=\"sm\" data-start=\"2801\" data-end=\"2829\">Materiales de etiqueta<\/td>\n<td data-col-size=\"lg\" data-start=\"2829\" data-end=\"2920\">Alambre de metal<\/td>\n<\/tr>\n<tr data-start=\"2921\" data-end=\"3067\">\n<td data-start=\"2921\" data-end=\"2948\" data-col-size=\"sm\"><\/td>\n<td data-col-size=\"sm\" data-start=\"2948\" data-end=\"2976\">Materiales de superficie<\/td>\n<td data-col-size=\"lg\" data-start=\"2976\" data-end=\"3067\">Textil<\/td>\n<\/tr>\n<tr data-start=\"3068\" data-end=\"3214\">\n<td data-start=\"3068\" data-end=\"3095\" data-col-size=\"sm\"><\/td>\n<td data-col-size=\"sm\" data-start=\"3095\" data-end=\"3123\">Dimensiones<\/td>\n<td data-col-size=\"lg\" data-start=\"3123\" data-end=\"3214\">15 \u00d7 75 \u00d7 1,5 mm<\/td>\n<\/tr>\n<tr data-start=\"3215\" data-end=\"3361\">\n<td data-start=\"3215\" data-end=\"3242\" data-col-size=\"sm\"><\/td>\n<td data-col-size=\"sm\" data-start=\"3242\" data-end=\"3270\">Peso<\/td>\n<td data-col-size=\"lg\" data-start=\"3270\" data-end=\"3361\">0,5 gramos<\/td>\n<\/tr>\n<tr data-start=\"3362\" data-end=\"3508\">\n<td data-start=\"3362\" data-end=\"3389\" data-col-size=\"sm\"><\/td>\n<td data-col-size=\"sm\" data-start=\"3389\" data-end=\"3417\">Adjunto<\/td>\n<td data-col-size=\"lg\" data-start=\"3417\" data-end=\"3508\">L-T7515S: Coser en el dobladillo o etiqueta tejida; L-T7515P: Sellado t\u00e9rmico a 215 \u2103 \u00d7 15 s a 4 bar<\/td>\n<\/tr>\n<tr data-start=\"3509\" data-end=\"3655\">\n<td data-start=\"3509\" data-end=\"3536\" data-col-size=\"sm\">Apariencia<\/td>\n<td data-col-size=\"sm\" data-start=\"3536\" data-end=\"3564\">Color<\/td>\n<td data-col-size=\"lg\" data-start=\"3564\" data-end=\"3655\">Blanco<\/td>\n<\/tr>\n<tr data-start=\"3656\" data-end=\"3802\">\n<td data-start=\"3656\" data-end=\"3683\" data-col-size=\"sm\">Ambiental<\/td>\n<td data-start=\"3683\" data-end=\"3711\" data-col-size=\"sm\">Temperatura de funcionamiento<\/td>\n<td data-col-size=\"lg\" data-start=\"3711\" data-end=\"3802\">\u221230 \u2103 a +85 \u2103<\/td>\n<\/tr>\n<tr data-start=\"3803\" data-end=\"3949\">\n<td data-start=\"3803\" data-end=\"3830\" data-col-size=\"sm\"><\/td>\n<td data-col-size=\"sm\" data-start=\"3830\" data-end=\"3858\">Temperatura ambiente<\/td>\n<td data-col-size=\"lg\" data-start=\"3858\" data-end=\"3949\">\u221230 \u2103 a +110 \u2103<\/td>\n<\/tr>\n<tr data-start=\"3950\" data-end=\"4096\">\n<td data-start=\"3950\" data-end=\"3977\" data-col-size=\"sm\"><\/td>\n<td data-col-size=\"sm\" data-start=\"3977\" data-end=\"4005\">Resistencia mec\u00e1nica<\/td>\n<td data-col-size=\"lg\" data-start=\"4005\" data-end=\"4096\">60 bares<\/td>\n<\/tr>\n<tr data-start=\"4097\" data-end=\"4243\">\n<td data-start=\"4097\" data-end=\"4124\" data-col-size=\"sm\"><\/td>\n<td data-col-size=\"sm\" data-start=\"4124\" data-end=\"4152\">Resistencia qu\u00edmica<\/td>\n<td data-col-size=\"lg\" data-start=\"4152\" data-end=\"4243\">Productos qu\u00edmicos comunes normales en los procesos de lavado<\/td>\n<\/tr>\n<tr data-start=\"4244\" data-end=\"4427\">\n<td data-start=\"4244\" data-end=\"4271\" data-col-size=\"sm\"><\/td>\n<td data-col-size=\"sm\" data-start=\"4271\" data-end=\"4299\">Resistencia al calor<\/td>\n<td data-col-size=\"lg\" data-start=\"4299\" data-end=\"4427\">Lavado: 90 \u2103, 15 min, 200 ciclos; Presecado: 180 \u2103, 30 min; Planchado: 180 \u2103, 10 s, 200 ciclos; Esterilizaci\u00f3n: 135 \u2103, 20 min<\/td>\n<\/tr>\n<tr data-start=\"4428\" data-end=\"4574\">\n<td data-start=\"4428\" data-end=\"4455\" data-col-size=\"sm\">Calificaciones y cumplimiento<\/td>\n<td data-start=\"4455\" data-end=\"4483\" data-col-size=\"sm\">Protecci\u00f3n de entrada<\/td>\n<td data-col-size=\"lg\" data-start=\"4483\" data-end=\"4574\">IP68<\/td>\n<\/tr>\n<tr data-start=\"4575\" data-end=\"4721\">\n<td data-start=\"4575\" data-end=\"4602\" data-col-size=\"sm\"><\/td>\n<td data-col-size=\"sm\" data-start=\"4602\" data-end=\"4630\">Choques y vibraciones<\/td>\n<td data-col-size=\"lg\" data-start=\"4630\" data-end=\"4721\">Est\u00e1ndar militar MIL-810F<\/td>\n<\/tr>\n<tr data-start=\"4722\" data-end=\"4868\">\n<td data-start=\"4722\" data-end=\"4749\" data-col-size=\"sm\"><\/td>\n<td data-col-size=\"sm\" data-start=\"4749\" data-end=\"4777\">Certificaciones<\/td>\n<td data-col-size=\"lg\" data-start=\"4777\" data-end=\"4868\">CE, RoHS, ATEX\/IECEx<\/td>\n<\/tr>\n<tr data-start=\"4869\" data-end=\"5015\">\n<td data-start=\"4869\" data-end=\"4896\" data-col-size=\"sm\">Ciclo de vida y garant\u00eda<\/td>\n<td data-col-size=\"sm\" data-start=\"4896\" data-end=\"4924\">Garant\u00eda<\/td>\n<td data-col-size=\"lg\" data-start=\"4924\" data-end=\"5015\">2 a\u00f1os o 200 ciclos de lavado<\/td>\n<\/tr>\n<\/tbody>\n<\/table>\n<\/div>\n<\/div>","protected":false},"excerpt":{"rendered":"<p>Etiqueta de tela UHF lavable con Impinj R6-P, rango de lectura de hasta 10 m, clasificaci\u00f3n IP68 y resistencia al calor\/presi\u00f3n de 200 ciclos: para coser o sellar con calor para ropa de cama de hoteles y hospitales.<\/p>","protected":false},"featured_media":715,"template":"","meta":{"_gspb_post_css":""},"product_brand":[],"product_cat":[17,18],"product_tag":[],"class_list":{"0":"post-711","1":"product","2":"type-product","3":"status-publish","4":"has-post-thumbnail","6":"product_cat-rfid-laundry-tags","7":"product_cat-textile-rfid-laundry-tags","9":"first","10":"instock","11":"shipping-taxable","12":"purchasable","13":"product-type-simple"},"_links":{"self":[{"href":"https:\/\/www.cxjsmartcard.com\/es\/wp-json\/wp\/v2\/product\/711","targetHints":{"allow":["GET"]}}],"collection":[{"href":"https:\/\/www.cxjsmartcard.com\/es\/wp-json\/wp\/v2\/product"}],"about":[{"href":"https:\/\/www.cxjsmartcard.com\/es\/wp-json\/wp\/v2\/types\/product"}],"wp:featuredmedia":[{"embeddable":true,"href":"https:\/\/www.cxjsmartcard.com\/es\/wp-json\/wp\/v2\/media\/715"}],"wp:attachment":[{"href":"https:\/\/www.cxjsmartcard.com\/es\/wp-json\/wp\/v2\/media?parent=711"}],"wp:term":[{"taxonomy":"product_brand","embeddable":true,"href":"https:\/\/www.cxjsmartcard.com\/es\/wp-json\/wp\/v2\/product_brand?post=711"},{"taxonomy":"product_cat","embeddable":true,"href":"https:\/\/www.cxjsmartcard.com\/es\/wp-json\/wp\/v2\/product_cat?post=711"},{"taxonomy":"product_tag","embeddable":true,"href":"https:\/\/www.cxjsmartcard.com\/es\/wp-json\/wp\/v2\/product_tag?post=711"}],"curies":[{"name":"wp","href":"https:\/\/api.w.org\/{rel}","templated":true}]}}