{"id":706,"date":"2025-11-03T06:46:07","date_gmt":"2025-11-03T06:46:07","guid":{"rendered":"https:\/\/www.cxjsmartcard.com\/?post_type=product&#038;p=706"},"modified":"2025-12-29T01:27:11","modified_gmt":"2025-12-29T01:27:11","slug":"sewing-washable-uhf-textile-rfid-laundry-tags","status":"publish","type":"product","link":"https:\/\/www.cxjsmartcard.com\/es\/sewing-washable-uhf-textile-rfid-laundry-tags\/","title":{"rendered":"Etiquetas RFID textiles UHF lavables para lavander\u00eda"},"content":{"rendered":"<p data-start=\"95\" data-end=\"390\">La etiqueta RFID UHF para lavander\u00eda est\u00e1 dise\u00f1ada para resistir los procesos de lavander\u00eda de hoteles e instituciones, ofreciendo durabilidad y compatibilidad para lavado, secado, limpieza en seco y planchado. Se puede utilizar para la gesti\u00f3n de otros uniformes profesionales, vestuario o art\u00edculos de alquiler, como colchonetas y toallas.<\/p>\n<p data-start=\"392\" data-end=\"410\"><strong data-start=\"392\" data-end=\"408\">Caracter\u00edsticas principales<\/strong><\/p>\n<ol data-start=\"411\" data-end=\"692\">\n<li data-start=\"411\" data-end=\"507\">\n<p data-start=\"414\" data-end=\"507\">Excelente rendimiento y una soluci\u00f3n rentable para aplicaciones de lavado industrial.<\/p>\n<\/li>\n<li data-start=\"508\" data-end=\"595\">\n<p data-start=\"511\" data-end=\"595\">La etiqueta ultrafina y suave se puede coser f\u00e1cilmente sobre lino con o sin bolsa.<\/p>\n<\/li>\n<li data-start=\"596\" data-end=\"654\">\n<p data-start=\"599\" data-end=\"654\">Anticolisi\u00f3n, alta temperatura, soporta presi\u00f3n.<\/p>\n<\/li>\n<li data-start=\"655\" data-end=\"692\">\n<p data-start=\"658\" data-end=\"692\">M\u00e1s de 200 ciclos de lavado.<\/p>\n<\/li>\n<\/ol>\n<p data-start=\"694\" data-end=\"916\">Estas etiquetas RFID para lavander\u00eda son impermeables, est\u00e1n hechas de nailon y poli\u00e9ster y est\u00e1n dise\u00f1adas para la gesti\u00f3n de lavander\u00eda y ropa blanca con RFID. Soportan diversos rangos de temperatura de funcionamiento. Est\u00e1n disponibles en diferentes di\u00e1metros y tama\u00f1os.<\/p>\n<p data-start=\"918\" data-end=\"936\"><strong data-start=\"918\" data-end=\"934\">Aplicaciones<\/strong><\/p>\n<ol data-start=\"937\" data-end=\"1047\">\n<li data-start=\"937\" data-end=\"989\">\n<p data-start=\"940\" data-end=\"989\">Apto para lavado, limpieza en seco y planchado.<\/p>\n<\/li>\n<li data-start=\"990\" data-end=\"1047\">\n<p data-start=\"993\" data-end=\"1047\">Gesti\u00f3n de seguimiento de hojas de hotel, uniformes, etc.<\/p>\n<\/li>\n<\/ol>\n<p data-start=\"1049\" data-end=\"1254\"><strong data-start=\"1049\" data-end=\"1089\">Preguntas frecuentes sobre las etiquetas RFID textiles para lavander\u00eda<\/strong><br data-start=\"1089\" data-end=\"1092\" \/><strong data-start=\"1092\" data-end=\"1098\">P:<\/strong> \u00bfPueden las etiquetas sobrevivir a las m\u00e1quinas de prensado?<br data-start=\"1138\" data-end=\"1141\" \/><strong data-start=\"1141\" data-end=\"1147\">A:<\/strong> S\u00ed. Estas etiquetas RFID est\u00e1n dise\u00f1adas para resistir altas temperaturas y presiones, lo que las hace ideales para secadoras y prensas industriales.<\/p>\n<p data-start=\"1256\" data-end=\"1370\"><strong data-start=\"1256\" data-end=\"1262\">P:<\/strong> \u00bfCu\u00e1l es la vida \u00fatil esperada de estas etiquetas?<br data-start=\"1306\" data-end=\"1309\" \/><strong data-start=\"1309\" data-end=\"1315\">A:<\/strong> En promedio, 200 ciclos de lavado o hasta 3 a\u00f1os de uso.<\/p>\n<p data-start=\"1372\" data-end=\"1534\"><strong data-start=\"1372\" data-end=\"1378\">P:<\/strong> \u00bfC\u00f3mo elijo el tama\u00f1o de etiqueta adecuado?<br data-start=\"1414\" data-end=\"1417\" \/><strong data-start=\"1417\" data-end=\"1423\">A:<\/strong> Ofrecemos varias tallas. Complete el formulario e ind\u00edquenos las especificaciones de su prenda o ropa de cama.<\/p>\n<h2 data-start=\"1536\" data-end=\"1561\">Tabla (Especificaciones)<\/h2>\n<div class=\"_tableContainer_1rjym_1\">\n<div class=\"group _tableWrapper_1rjym_13 flex w-fit flex-col-reverse\" tabindex=\"-1\">\n<table class=\"w-fit min-w-(--thread-content-width)\" data-start=\"1563\" data-end=\"3688\">\n<thead data-start=\"1563\" data-end=\"1713\">\n<tr data-start=\"1563\" data-end=\"1713\">\n<th data-start=\"1563\" data-end=\"1585\" data-col-size=\"sm\">Categor\u00eda<\/th>\n<th data-start=\"1585\" data-end=\"1607\" data-col-size=\"sm\">Par\u00e1metro<\/th>\n<th data-start=\"1607\" data-end=\"1713\" data-col-size=\"lg\">Valor<\/th>\n<\/tr>\n<\/thead>\n<tbody data-start=\"1865\" data-end=\"3688\">\n<tr data-start=\"1865\" data-end=\"2015\">\n<td data-start=\"1865\" data-end=\"1887\" data-col-size=\"sm\">Producto<\/td>\n<td data-col-size=\"sm\" data-start=\"1887\" data-end=\"1909\">Nombre del producto<\/td>\n<td data-col-size=\"lg\" data-start=\"1909\" data-end=\"2015\">Etiquetas RFID textiles UHF lavables para lavander\u00eda<\/td>\n<\/tr>\n<tr data-start=\"2016\" data-end=\"2165\">\n<td data-start=\"2016\" data-end=\"2038\" data-col-size=\"sm\">Materiales<\/td>\n<td data-col-size=\"sm\" data-start=\"2038\" data-end=\"2060\">Material<\/td>\n<td data-col-size=\"lg\" data-start=\"2060\" data-end=\"2165\">Tela\/Tejido, Adhesivo de hierro, Tipo de costura, Agujero de metal, etc.<\/td>\n<\/tr>\n<tr data-start=\"2166\" data-end=\"2316\">\n<td data-start=\"2166\" data-end=\"2188\" data-col-size=\"sm\">RFID<\/td>\n<td data-col-size=\"sm\" data-start=\"2188\" data-end=\"2210\">Modelo de chip<\/td>\n<td data-col-size=\"lg\" data-start=\"2210\" data-end=\"2316\">NXP UCODE\u00ae 9<\/td>\n<\/tr>\n<tr data-start=\"2317\" data-end=\"2467\">\n<td data-start=\"2317\" data-end=\"2339\" data-col-size=\"sm\"><\/td>\n<td data-col-size=\"sm\" data-start=\"2339\" data-end=\"2361\">Memoria<\/td>\n<td data-col-size=\"lg\" data-start=\"2361\" data-end=\"2467\">EPC: 96 bits<\/td>\n<\/tr>\n<tr data-start=\"2468\" data-end=\"2618\">\n<td data-start=\"2468\" data-end=\"2490\" data-col-size=\"sm\"><\/td>\n<td data-col-size=\"sm\" data-start=\"2490\" data-end=\"2512\">Protocolo<\/td>\n<td data-col-size=\"lg\" data-start=\"2512\" data-end=\"2618\">EPC C1 G2<\/td>\n<\/tr>\n<tr data-start=\"2619\" data-end=\"2770\">\n<td data-start=\"2619\" data-end=\"2641\" data-col-size=\"sm\">F\u00edsico<\/td>\n<td data-col-size=\"sm\" data-start=\"2641\" data-end=\"2663\">Tama\u00f1o<\/td>\n<td data-col-size=\"lg\" data-start=\"2663\" data-end=\"2770\">70\u00d715 mm<\/td>\n<\/tr>\n<tr data-start=\"2771\" data-end=\"2921\">\n<td data-start=\"2771\" data-end=\"2793\" data-col-size=\"sm\"><\/td>\n<td data-col-size=\"sm\" data-start=\"2793\" data-end=\"2815\">Otros tama\u00f1os<\/td>\n<td data-col-size=\"lg\" data-start=\"2815\" data-end=\"2921\">86\u00d716 mm; 50\u00d720 mm; 72\u00d716 mm; 35\u00d715 mm, etc<\/td>\n<\/tr>\n<tr data-start=\"2922\" data-end=\"3072\">\n<td data-start=\"2922\" data-end=\"2944\" data-col-size=\"sm\">Apariencia<\/td>\n<td data-col-size=\"sm\" data-start=\"2944\" data-end=\"2966\">Color<\/td>\n<td data-col-size=\"lg\" data-start=\"2966\" data-end=\"3072\">Blanco<\/td>\n<\/tr>\n<tr data-start=\"3073\" data-end=\"3223\">\n<td data-start=\"3073\" data-end=\"3095\" data-col-size=\"sm\">Durabilidad<\/td>\n<td data-col-size=\"sm\" data-start=\"3095\" data-end=\"3117\">Horarios de trabajo<\/td>\n<td data-col-size=\"lg\" data-start=\"3117\" data-end=\"3223\">Promedio de 200 ciclos; algunos modelos &gt;300 ciclos<\/td>\n<\/tr>\n<tr data-start=\"3224\" data-end=\"3375\">\n<td data-start=\"3224\" data-end=\"3246\" data-col-size=\"sm\">Ambiente<\/td>\n<td data-start=\"3246\" data-end=\"3270\" data-col-size=\"sm\">Temperatura de funcionamiento<\/td>\n<td data-col-size=\"lg\" data-start=\"3270\" data-end=\"3375\">\u221225 \u2103 a +150 \u2103<\/td>\n<\/tr>\n<tr data-start=\"3376\" data-end=\"3526\">\n<td data-start=\"3376\" data-end=\"3398\" data-col-size=\"sm\">Actuaci\u00f3n<\/td>\n<td data-col-size=\"sm\" data-start=\"3398\" data-end=\"3420\">Distancia de lectura<\/td>\n<td data-col-size=\"lg\" data-start=\"3420\" data-end=\"3526\">5\u201310 metros<\/td>\n<\/tr>\n<tr data-start=\"3527\" data-end=\"3688\">\n<td data-start=\"3527\" data-end=\"3549\" data-col-size=\"sm\">Uso<\/td>\n<td data-col-size=\"sm\" data-start=\"3549\" data-end=\"3571\">Solicitud<\/td>\n<td data-col-size=\"lg\" data-start=\"3571\" data-end=\"3688\">Soluci\u00f3n de lavander\u00eda, lavadero, lavado industrial, gesti\u00f3n de ropa de hotel, gesti\u00f3n de supermercados\/tiendas de ropa, etc.<\/td>\n<\/tr>\n<\/tbody>\n<\/table>\n<\/div>\n<\/div>","protected":false},"excerpt":{"rendered":"<p>Etiquetas RFID textiles UHF cosibles y lavables para ropa de cama y uniformes: impermeables, resistentes al calor, con alcance de lectura de 5 a 10 m y durabilidad de m\u00e1s de 200 ciclos de lavado para lavander\u00eda industrial.<\/p>","protected":false},"featured_media":707,"template":"","meta":{"_gspb_post_css":""},"product_brand":[],"product_cat":[17,18],"product_tag":[],"class_list":{"0":"post-706","1":"product","2":"type-product","3":"status-publish","4":"has-post-thumbnail","6":"product_cat-rfid-laundry-tags","7":"product_cat-textile-rfid-laundry-tags","9":"first","10":"instock","11":"shipping-taxable","12":"purchasable","13":"product-type-simple"},"_links":{"self":[{"href":"https:\/\/www.cxjsmartcard.com\/es\/wp-json\/wp\/v2\/product\/706","targetHints":{"allow":["GET"]}}],"collection":[{"href":"https:\/\/www.cxjsmartcard.com\/es\/wp-json\/wp\/v2\/product"}],"about":[{"href":"https:\/\/www.cxjsmartcard.com\/es\/wp-json\/wp\/v2\/types\/product"}],"wp:featuredmedia":[{"embeddable":true,"href":"https:\/\/www.cxjsmartcard.com\/es\/wp-json\/wp\/v2\/media\/707"}],"wp:attachment":[{"href":"https:\/\/www.cxjsmartcard.com\/es\/wp-json\/wp\/v2\/media?parent=706"}],"wp:term":[{"taxonomy":"product_brand","embeddable":true,"href":"https:\/\/www.cxjsmartcard.com\/es\/wp-json\/wp\/v2\/product_brand?post=706"},{"taxonomy":"product_cat","embeddable":true,"href":"https:\/\/www.cxjsmartcard.com\/es\/wp-json\/wp\/v2\/product_cat?post=706"},{"taxonomy":"product_tag","embeddable":true,"href":"https:\/\/www.cxjsmartcard.com\/es\/wp-json\/wp\/v2\/product_tag?post=706"}],"curies":[{"name":"wp","href":"https:\/\/api.w.org\/{rel}","templated":true}]}}