{"id":701,"date":"2025-11-03T06:44:06","date_gmt":"2025-11-03T06:44:06","guid":{"rendered":"https:\/\/www.cxjsmartcard.com\/?post_type=product&#038;p=701"},"modified":"2025-12-29T01:27:11","modified_gmt":"2025-12-29T01:27:11","slug":"textile-washable-waterproof-uhf-rfid-laundry-tags","status":"publish","type":"product","link":"https:\/\/www.cxjsmartcard.com\/es\/textile-washable-waterproof-uhf-rfid-laundry-tags\/","title":{"rendered":"Etiquetas RFID UHF para lavander\u00eda, lavables, impermeables y textiles"},"content":{"rendered":"<p data-start=\"141\" data-end=\"525\">Las etiquetas RFID UHF para lavander\u00eda, lavables e impermeables, son intransferibles y cuentan con un interior RFID sellado de forma segura para almacenar y transferir datos de forma fiable. Son resistentes a altas temperaturas y entornos hostiles. Se utilizan especialmente en la gesti\u00f3n de ropa blanca y en cadenas de lavander\u00eda. Est\u00e1n disponibles en diferentes tama\u00f1os y se pueden fijar mediante costura, pegamento, alfileres o atado.<\/p>\n<p data-start=\"527\" data-end=\"541\"><strong data-start=\"527\" data-end=\"539\">Caracter\u00edsticas<\/strong><\/p>\n<ol data-start=\"542\" data-end=\"899\">\n<li data-start=\"542\" data-end=\"602\">\n<p data-start=\"545\" data-end=\"602\">Tecnolog\u00eda UHF para leer cientos de etiquetas simult\u00e1neamente.<\/p>\n<\/li>\n<li data-start=\"603\" data-end=\"642\">\n<p data-start=\"606\" data-end=\"642\">Distancia de lectura de m\u00e1s de 8 pies.<\/p>\n<\/li>\n<li data-start=\"643\" data-end=\"711\">\n<p data-start=\"646\" data-end=\"711\">Nuevo dise\u00f1o mec\u00e1nico para un mejor rendimiento de las prendas planas.<\/p>\n<\/li>\n<li data-start=\"712\" data-end=\"768\">\n<p data-start=\"715\" data-end=\"768\">Adecuado para extractores de alta presi\u00f3n hasta 60 bar.<\/p>\n<\/li>\n<li data-start=\"769\" data-end=\"811\">\n<p data-start=\"772\" data-end=\"811\">Apto para esterilizaci\u00f3n en autoclave.<\/p>\n<\/li>\n<li data-start=\"812\" data-end=\"899\">\n<p data-start=\"815\" data-end=\"899\">Material peque\u00f1o, suave y flexible ideal para textiles, lencer\u00eda, prendas y accesorios.<\/p>\n<\/li>\n<\/ol>\n<p data-start=\"901\" data-end=\"1018\"><strong data-start=\"901\" data-end=\"925\">Aplicaci\u00f3n empresarial<\/strong><br data-start=\"925\" data-end=\"928\" \/>Campo de aplicaci\u00f3n: lavander\u00eda, hotel, escuela, control de calidad, gesti\u00f3n de inventario, etc.<\/p>\n<p data-start=\"1020\" data-end=\"1050\"><strong data-start=\"1020\" data-end=\"1048\">\u00bfC\u00f3mo instalar las etiquetas?<\/strong><\/p>\n<ol data-start=\"1051\" data-end=\"1195\">\n<li data-start=\"1051\" data-end=\"1109\">\n<p data-start=\"1054\" data-end=\"1109\">Evite la antena e inst\u00e1lela cosiendo ambos extremos.<\/p>\n<\/li>\n<li data-start=\"1110\" data-end=\"1195\">\n<p data-start=\"1113\" data-end=\"1195\">Inst\u00e1lalo planchando a una temperatura alta de 210 grados cent\u00edgrados durante 15 segundos.<\/p>\n<\/li>\n<\/ol>\n<p data-start=\"1197\" data-end=\"1534\"><strong data-start=\"1197\" data-end=\"1249\">\u00bfPor qu\u00e9 utilizar etiquetas RFID para lavander\u00eda en lavander\u00edas industriales?<\/strong><br data-start=\"1249\" data-end=\"1252\" \/>Las etiquetas RFID para lavander\u00eda automatizan las operaciones de lavander\u00eda de alto volumen, reduciendo la mano de obra y los errores humanos. Dise\u00f1adas para lavander\u00edas comerciales, uniformes m\u00e9dicos y ropa de cama hospitalaria, estas etiquetas simplifican el seguimiento y la gesti\u00f3n al permitir la transmisi\u00f3n fluida de datos a los lectores RFID.<\/p>\n<p data-start=\"1536\" data-end=\"1716\"><strong data-start=\"1536\" data-end=\"1568\">Preguntas frecuentes sobre las etiquetas RFID para lavander\u00eda<\/strong><br data-start=\"1568\" data-end=\"1571\" \/><strong data-start=\"1571\" data-end=\"1577\">P:<\/strong> \u00bfPueden estas etiquetas sobrevivir a las secadoras industriales?<br data-start=\"1619\" data-end=\"1622\" \/><strong data-start=\"1622\" data-end=\"1628\">A:<\/strong> S\u00ed, estas etiquetas RFID UHF lavables est\u00e1n dise\u00f1adas para soportar alto calor y presi\u00f3n.<\/p>\n<p data-start=\"1718\" data-end=\"1834\"><strong data-start=\"1718\" data-end=\"1724\">P:<\/strong> \u00bfQu\u00e9 lectores RFID son compatibles?<br data-start=\"1758\" data-end=\"1761\" \/><strong data-start=\"1761\" data-end=\"1767\">A:<\/strong> Cualquier lector compatible con los est\u00e1ndares ISO 18000-6C o EPC Class1 Gen2.<\/p>\n<p data-start=\"1836\" data-end=\"2028\"><strong data-start=\"1836\" data-end=\"1842\">P:<\/strong> \u00bfC\u00f3mo los integro en mi sistema actual?<br data-start=\"1890\" data-end=\"1893\" \/><strong data-start=\"1893\" data-end=\"1899\">A:<\/strong> Ofrecemos soporte t\u00e9cnico completo. Complete el formulario a continuaci\u00f3n e ind\u00edquenos qu\u00e9 tipo de lector o configuraci\u00f3n de antena necesita.<\/p>\n<p data-start=\"2030\" data-end=\"2188\"><strong data-start=\"2030\" data-end=\"2038\">\u7b80\u8981\u63cf\u8ff0<\/strong><br data-start=\"2038\" data-end=\"2041\" \/>Etiquetas RFID UHF duraderas para lavander\u00eda, textiles y prendas de vestir. Impermeables, lavables y de largo alcance, ideales para el seguimiento y la gesti\u00f3n de lavander\u00edas industriales.<\/p>\n<h2 data-start=\"2190\" data-end=\"2215\">Tabla (Especificaciones)<\/h2>\n<div class=\"_tableContainer_1rjym_1\">\n<div class=\"group _tableWrapper_1rjym_13 flex w-fit flex-col-reverse\" tabindex=\"-1\">\n<table class=\"w-fit min-w-(--thread-content-width)\" data-start=\"2217\" data-end=\"4716\">\n<thead data-start=\"2217\" data-end=\"2341\">\n<tr data-start=\"2217\" data-end=\"2341\">\n<th data-start=\"2217\" data-end=\"2242\" data-col-size=\"sm\">Categor\u00eda<\/th>\n<th data-start=\"2242\" data-end=\"2268\" data-col-size=\"sm\">Par\u00e1metro<\/th>\n<th data-start=\"2268\" data-end=\"2341\" data-col-size=\"md\">Valor<\/th>\n<\/tr>\n<\/thead>\n<tbody data-start=\"2467\" data-end=\"4716\">\n<tr data-start=\"2467\" data-end=\"2591\">\n<td data-start=\"2467\" data-end=\"2492\" data-col-size=\"sm\">Par\u00e1metros f\u00edsicos<\/td>\n<td data-col-size=\"sm\" data-start=\"2492\" data-end=\"2518\">Tama\u00f1o de los productos<\/td>\n<td data-col-size=\"md\" data-start=\"2518\" data-end=\"2591\">55\u00d710\u00d72,2 mm; 70\u00d715\u00d71,5 mm; etc.<\/td>\n<\/tr>\n<tr data-start=\"2592\" data-end=\"2716\">\n<td data-start=\"2592\" data-end=\"2617\" data-col-size=\"sm\"><\/td>\n<td data-start=\"2617\" data-end=\"2643\" data-col-size=\"sm\">Materiales<\/td>\n<td data-col-size=\"md\" data-start=\"2643\" data-end=\"2716\">poli\u00e9ster 100%<\/td>\n<\/tr>\n<tr data-start=\"2717\" data-end=\"2841\">\n<td data-start=\"2717\" data-end=\"2742\" data-col-size=\"sm\"><\/td>\n<td data-col-size=\"sm\" data-start=\"2742\" data-end=\"2768\">Color<\/td>\n<td data-col-size=\"md\" data-start=\"2768\" data-end=\"2841\">Azul, blanco (otros personalizan)<\/td>\n<\/tr>\n<tr data-start=\"2842\" data-end=\"2966\">\n<td data-start=\"2842\" data-end=\"2867\" data-col-size=\"sm\"><\/td>\n<td data-col-size=\"sm\" data-start=\"2867\" data-end=\"2893\">Artesan\u00eda<\/td>\n<td data-col-size=\"md\" data-start=\"2893\" data-end=\"2966\">Impresi\u00f3n de logotipos, impresi\u00f3n de n\u00fameros l\u00e1ser<\/td>\n<\/tr>\n<tr data-start=\"2967\" data-end=\"3091\">\n<td data-start=\"2967\" data-end=\"2992\" data-col-size=\"sm\">Ambiental<\/td>\n<td data-col-size=\"sm\" data-start=\"2992\" data-end=\"3018\">Temperatura de trabajo<\/td>\n<td data-col-size=\"md\" data-start=\"3018\" data-end=\"3091\">\u221240 ~ +160 \u00b0C (160 \u00b0C \/ 20 minutos)<\/td>\n<\/tr>\n<tr data-start=\"3092\" data-end=\"3216\">\n<td data-start=\"3092\" data-end=\"3117\" data-col-size=\"sm\"><\/td>\n<td data-start=\"3117\" data-end=\"3143\" data-col-size=\"sm\">Temperatura de almacenamiento<\/td>\n<td data-col-size=\"md\" data-start=\"3143\" data-end=\"3216\">\u221240 ~ +160 \u00b0C (160 \u00b0C \/ 20 minutos)<\/td>\n<\/tr>\n<tr data-start=\"3217\" data-end=\"3341\">\n<td data-start=\"3217\" data-end=\"3242\" data-col-size=\"sm\">T\u00e9cnico<\/td>\n<td data-col-size=\"sm\" data-start=\"3242\" data-end=\"3268\">Frecuencia de trabajo<\/td>\n<td data-col-size=\"md\" data-start=\"3268\" data-end=\"3341\">840 ~ 960 MHz<\/td>\n<\/tr>\n<tr data-start=\"3342\" data-end=\"3466\">\n<td data-start=\"3342\" data-end=\"3367\" data-col-size=\"sm\"><\/td>\n<td data-col-size=\"sm\" data-start=\"3367\" data-end=\"3393\">Chip<\/td>\n<td data-col-size=\"md\" data-start=\"3393\" data-end=\"3466\">C\u00d3DIGO NXP U 9<\/td>\n<\/tr>\n<tr data-start=\"3467\" data-end=\"3591\">\n<td data-start=\"3467\" data-end=\"3492\" data-col-size=\"sm\"><\/td>\n<td data-col-size=\"sm\" data-start=\"3492\" data-end=\"3518\">Protocolo<\/td>\n<td data-col-size=\"md\" data-start=\"3518\" data-end=\"3591\">ISO18000-6C, EPC Clase Gen 2<\/td>\n<\/tr>\n<tr data-start=\"3592\" data-end=\"3716\">\n<td data-start=\"3592\" data-end=\"3617\" data-col-size=\"sm\"><\/td>\n<td data-col-size=\"sm\" data-start=\"3617\" data-end=\"3643\">Para toda la vida<\/td>\n<td data-col-size=\"md\" data-start=\"3643\" data-end=\"3716\">Lavado normal 200 veces<\/td>\n<\/tr>\n<tr data-start=\"3717\" data-end=\"3841\">\n<td data-start=\"3717\" data-end=\"3742\" data-col-size=\"sm\"><\/td>\n<td data-col-size=\"sm\" data-start=\"3742\" data-end=\"3768\">Rango de lectura<\/td>\n<td data-col-size=\"md\" data-start=\"3768\" data-end=\"3841\">10 metros<\/td>\n<\/tr>\n<tr data-start=\"3842\" data-end=\"3966\">\n<td data-start=\"3842\" data-end=\"3867\" data-col-size=\"sm\">Rendimiento\/Manejo<\/td>\n<td data-start=\"3867\" data-end=\"3893\" data-col-size=\"sm\">Lecturas simult\u00e1neas<\/td>\n<td data-start=\"3893\" data-end=\"3966\" data-col-size=\"md\">Cientos de etiquetas (UHF)<\/td>\n<\/tr>\n<tr data-start=\"3967\" data-end=\"4091\">\n<td data-start=\"3967\" data-end=\"3992\" data-col-size=\"sm\"><\/td>\n<td data-col-size=\"sm\" data-start=\"3992\" data-end=\"4018\">Compatibilidad del extractor<\/td>\n<td data-col-size=\"md\" data-start=\"4018\" data-end=\"4091\">Extractores de alta presi\u00f3n hasta 60 bar<\/td>\n<\/tr>\n<tr data-start=\"4092\" data-end=\"4216\">\n<td data-start=\"4092\" data-end=\"4117\" data-col-size=\"sm\"><\/td>\n<td data-col-size=\"sm\" data-start=\"4117\" data-end=\"4143\">Esterilizaci\u00f3n<\/td>\n<td data-col-size=\"md\" data-start=\"4143\" data-end=\"4216\">Apto para autoclave<\/td>\n<\/tr>\n<tr data-start=\"4217\" data-end=\"4341\">\n<td data-start=\"4217\" data-end=\"4242\" data-col-size=\"sm\">Factor de forma<\/td>\n<td data-start=\"4242\" data-end=\"4268\" data-col-size=\"sm\">Construcci\u00f3n<\/td>\n<td data-col-size=\"md\" data-start=\"4268\" data-end=\"4341\">Peque\u00f1o, suave, flexible: ideal para textiles, ropa de cama, prendas de vestir y accesorios.<\/td>\n<\/tr>\n<tr data-start=\"4342\" data-end=\"4466\">\n<td data-start=\"4342\" data-end=\"4367\" data-col-size=\"sm\">Instalaci\u00f3n<\/td>\n<td data-start=\"4367\" data-end=\"4393\" data-col-size=\"sm\">De coser<\/td>\n<td data-col-size=\"md\" data-start=\"4393\" data-end=\"4466\">Coser ambos extremos; evitar la antena.<\/td>\n<\/tr>\n<tr data-start=\"4467\" data-end=\"4591\">\n<td data-start=\"4467\" data-end=\"4492\" data-col-size=\"sm\"><\/td>\n<td data-start=\"4492\" data-end=\"4518\" data-col-size=\"sm\">Prensa de calor<\/td>\n<td data-start=\"4518\" data-end=\"4591\" data-col-size=\"md\">Planchar a 210 \u00b0C durante 15 segundos<\/td>\n<\/tr>\n<tr data-start=\"4592\" data-end=\"4716\">\n<td data-start=\"4592\" data-end=\"4617\" data-col-size=\"sm\">Aplicaciones<\/td>\n<td data-col-size=\"sm\" data-start=\"4617\" data-end=\"4643\">Casos de uso t\u00edpicos<\/td>\n<td data-col-size=\"md\" data-start=\"4643\" data-end=\"4716\">Lavander\u00eda, hotel, escuela, control de calidad, gesti\u00f3n de inventarios.<\/td>\n<\/tr>\n<\/tbody>\n<\/table>\n<\/div>\n<\/div>","protected":false},"excerpt":{"rendered":"<p>Etiquetas RFID UHF duraderas, lavables e impermeables para lavander\u00eda, para textiles y ropa de cama, con largo alcance de lectura, resistencia a altas temperaturas y soporte para autoclaves y extractores de 60 bares.<\/p>","protected":false},"featured_media":702,"template":"","meta":{"_gspb_post_css":""},"product_brand":[],"product_cat":[17,18],"product_tag":[],"class_list":{"0":"post-701","1":"product","2":"type-product","3":"status-publish","4":"has-post-thumbnail","6":"product_cat-rfid-laundry-tags","7":"product_cat-textile-rfid-laundry-tags","9":"first","10":"instock","11":"shipping-taxable","12":"purchasable","13":"product-type-simple"},"_links":{"self":[{"href":"https:\/\/www.cxjsmartcard.com\/es\/wp-json\/wp\/v2\/product\/701","targetHints":{"allow":["GET"]}}],"collection":[{"href":"https:\/\/www.cxjsmartcard.com\/es\/wp-json\/wp\/v2\/product"}],"about":[{"href":"https:\/\/www.cxjsmartcard.com\/es\/wp-json\/wp\/v2\/types\/product"}],"wp:featuredmedia":[{"embeddable":true,"href":"https:\/\/www.cxjsmartcard.com\/es\/wp-json\/wp\/v2\/media\/702"}],"wp:attachment":[{"href":"https:\/\/www.cxjsmartcard.com\/es\/wp-json\/wp\/v2\/media?parent=701"}],"wp:term":[{"taxonomy":"product_brand","embeddable":true,"href":"https:\/\/www.cxjsmartcard.com\/es\/wp-json\/wp\/v2\/product_brand?post=701"},{"taxonomy":"product_cat","embeddable":true,"href":"https:\/\/www.cxjsmartcard.com\/es\/wp-json\/wp\/v2\/product_cat?post=701"},{"taxonomy":"product_tag","embeddable":true,"href":"https:\/\/www.cxjsmartcard.com\/es\/wp-json\/wp\/v2\/product_tag?post=701"}],"curies":[{"name":"wp","href":"https:\/\/api.w.org\/{rel}","templated":true}]}}