{"id":692,"date":"2025-11-02T09:12:58","date_gmt":"2025-11-02T09:12:58","guid":{"rendered":"https:\/\/www.cxjsmartcard.com\/?post_type=product&#038;p=692"},"modified":"2025-12-29T01:27:11","modified_gmt":"2025-12-29T01:27:11","slug":"heating-sealing-uhf-laundry-tag-for-hotel-linen-management","status":"publish","type":"product","link":"https:\/\/www.cxjsmartcard.com\/es\/heating-sealing-uhf-laundry-tag-for-hotel-linen-management\/","title":{"rendered":"Etiqueta de lavander\u00eda UHF con sellado t\u00e9rmico para la gesti\u00f3n de ropa de cama de hotel"},"content":{"rendered":"<p data-start=\"78\" data-end=\"323\">Etiqueta de lavander\u00eda UHF suave e impermeable, dise\u00f1ada para termosellarse o coserse en dobladillos estrechos de s\u00e1banas de hotel, ropa de trabajo y otros textiles. Dise\u00f1ada para lavado\/secado a alta temperatura y escaneo por lotes para mejorar la precisi\u00f3n del inventario y reducir la mano de obra.<\/p>\n<p data-start=\"325\" data-end=\"341\"><strong data-start=\"325\" data-end=\"341\">Caracter\u00edsticas principales<\/strong><\/p>\n<ul data-start=\"342\" data-end=\"864\">\n<li data-start=\"342\" data-end=\"394\">\n<p data-start=\"344\" data-end=\"394\">Tama\u00f1os: 55\u00d712 mm, 70\u00d715 mm, 87\u00d717 mm (personalizable)<\/p>\n<\/li>\n<li data-start=\"395\" data-end=\"419\">\n<p data-start=\"397\" data-end=\"419\">Chips: NXP U8 \/ NXP U9<\/p>\n<\/li>\n<li data-start=\"420\" data-end=\"450\">\n<p data-start=\"422\" data-end=\"450\">Frecuencia: 865\u2013928 MHz (UHF)<\/p>\n<\/li>\n<li data-start=\"451\" data-end=\"501\">\n<p data-start=\"453\" data-end=\"501\">Material: poli\u00e9ster; flexible para dobladillos y costuras.<\/p>\n<\/li>\n<li data-start=\"502\" data-end=\"570\">\n<p data-start=\"504\" data-end=\"570\">Distancia de lectura: Hasta 3 m (verifique con su lector y entorno)<\/p>\n<\/li>\n<li data-start=\"571\" data-end=\"633\">\n<p data-start=\"573\" data-end=\"633\">Garant\u00eda: Primero de 200 ciclos de lavado o 3 a\u00f1os a partir de la fecha de env\u00edo<\/p>\n<\/li>\n<li data-start=\"634\" data-end=\"697\">\n<p data-start=\"636\" data-end=\"697\">Resistencia qu\u00edmica: Compatible con productos qu\u00edmicos de lavander\u00eda comunes.<\/p>\n<\/li>\n<li data-start=\"698\" data-end=\"864\">\n<p data-start=\"700\" data-end=\"864\">Beneficios operativos: Permite la recolecci\u00f3n r\u00e1pida, clasificaci\u00f3n, inventario autom\u00e1tico, seguimiento hist\u00f3rico y generaci\u00f3n de informes; admite escaneo por lotes para reducir errores y costos.<\/p>\n<\/li>\n<\/ul>\n<p data-start=\"866\" data-end=\"894\"><strong data-start=\"866\" data-end=\"894\">Especificaciones t\u00e9cnicas<\/strong><\/p>\n<div class=\"_tableContainer_1rjym_1\">\n<div class=\"group _tableWrapper_1rjym_13 flex w-fit flex-col-reverse\" tabindex=\"-1\">\n<table class=\"w-fit min-w-(--thread-content-width)\" data-start=\"896\" data-end=\"3705\">\n<thead data-start=\"896\" data-end=\"1060\">\n<tr data-start=\"896\" data-end=\"1060\">\n<th data-start=\"896\" data-end=\"921\" data-col-size=\"sm\">Art\u00edculo<\/th>\n<th data-start=\"921\" data-end=\"1060\" data-col-size=\"lg\">Detalles<\/th>\n<\/tr>\n<\/thead>\n<tbody data-start=\"1226\" data-end=\"3705\">\n<tr data-start=\"1226\" data-end=\"1390\">\n<td data-start=\"1226\" data-end=\"1251\" data-col-size=\"sm\">Solicitud<\/td>\n<td data-col-size=\"lg\" data-start=\"1251\" data-end=\"1390\">S\u00e1banas\/ropa de cama de hotel, ropa de trabajo, otros productos textiles<\/td>\n<\/tr>\n<tr data-start=\"1391\" data-end=\"1555\">\n<td data-start=\"1391\" data-end=\"1416\" data-col-size=\"sm\">Opciones de tama\u00f1o<\/td>\n<td data-col-size=\"lg\" data-start=\"1416\" data-end=\"1555\">55\u00d712 mm, 70\u00d715 mm, 87\u00d717 mm (personalizado)<\/td>\n<\/tr>\n<tr data-start=\"1556\" data-end=\"1720\">\n<td data-start=\"1556\" data-end=\"1581\" data-col-size=\"sm\">CI \/ Chip<\/td>\n<td data-col-size=\"lg\" data-start=\"1581\" data-end=\"1720\">NXP U8, NXP U9<\/td>\n<\/tr>\n<tr data-start=\"1721\" data-end=\"1885\">\n<td data-start=\"1721\" data-end=\"1746\" data-col-size=\"sm\">Frecuencia de operaci\u00f3n<\/td>\n<td data-start=\"1746\" data-end=\"1885\" data-col-size=\"lg\">865\u2013928 MHz<\/td>\n<\/tr>\n<tr data-start=\"1886\" data-end=\"2050\">\n<td data-start=\"1886\" data-end=\"1911\" data-col-size=\"sm\">Material de la etiqueta<\/td>\n<td data-col-size=\"lg\" data-start=\"1911\" data-end=\"2050\">Poli\u00e9ster<\/td>\n<\/tr>\n<tr data-start=\"2051\" data-end=\"2215\">\n<td data-start=\"2051\" data-end=\"2076\" data-col-size=\"sm\">Distancia de lectura<\/td>\n<td data-col-size=\"lg\" data-start=\"2076\" data-end=\"2215\">Hasta 3 m (hasta ~9 pies); debe verificarse con el lector en el sitio<\/td>\n<\/tr>\n<tr data-start=\"2216\" data-end=\"2380\">\n<td data-start=\"2216\" data-end=\"2241\" data-col-size=\"sm\">Garant\u00eda de etiqueta<\/td>\n<td data-col-size=\"lg\" data-start=\"2241\" data-end=\"2380\">Primero de 200 ciclos de lavado <strong data-start=\"2268\" data-end=\"2274\">o<\/strong> 3 a\u00f1os a partir de la fecha de env\u00edo<\/td>\n<\/tr>\n<tr data-start=\"2381\" data-end=\"2545\">\n<td data-start=\"2381\" data-end=\"2406\" data-col-size=\"sm\">Temperatura de almacenamiento<\/td>\n<td data-start=\"2406\" data-end=\"2545\" data-col-size=\"lg\">\u221240 \u00b0C a +120 \u00b0C (\u221240 \u00b0F a +248 \u00b0F)<\/td>\n<\/tr>\n<tr data-start=\"2546\" data-end=\"2710\">\n<td data-start=\"2546\" data-end=\"2571\" data-col-size=\"sm\">Ciclo de lavado<\/td>\n<td data-start=\"2571\" data-end=\"2710\" data-col-size=\"lg\">+90 \u00b0C (+194 \u00b0F) durante 60 min<\/td>\n<\/tr>\n<tr data-start=\"2711\" data-end=\"2875\">\n<td data-start=\"2711\" data-end=\"2736\" data-col-size=\"sm\">El secado<\/td>\n<td data-start=\"2736\" data-end=\"2875\" data-col-size=\"lg\">+180 \u00b0C (+356 \u00b0F) durante 3 min; prensa deshidratadora: 35 bar<\/td>\n<\/tr>\n<tr data-start=\"2876\" data-end=\"3040\">\n<td data-start=\"2876\" data-end=\"2901\" data-col-size=\"sm\">Planchadora<\/td>\n<td data-col-size=\"lg\" data-start=\"2901\" data-end=\"3040\">+195 \u00b0C (+383 \u00b0F) durante 30 s, &lt;18 bar; extractor de agua: 60 bar durante 80 s<\/td>\n<\/tr>\n<tr data-start=\"3041\" data-end=\"3209\">\n<td data-start=\"3041\" data-end=\"3066\" data-col-size=\"sm\">Autoclave<\/td>\n<td data-start=\"3066\" data-end=\"3209\" data-col-size=\"lg\">Extracci\u00f3n de aire: +100 \u00b0C (+212 \u00b0F), 5 min, 0,1 bar; Secado: +45 \u00b0C (+113 \u00b0F), 15 min, 0,2 bar; Esterilizaci\u00f3n: +134 \u00b0C (+273 \u00b0F), 20 min, 3,25 bar<\/td>\n<\/tr>\n<tr data-start=\"3210\" data-end=\"3375\">\n<td data-start=\"3210\" data-end=\"3235\" data-col-size=\"sm\">Resistencia qu\u00edmica<\/td>\n<td data-col-size=\"lg\" data-start=\"3235\" data-end=\"3375\">Resiste los productos qu\u00edmicos comunes en el proceso de lavander\u00eda industrial.<\/td>\n<\/tr>\n<tr data-start=\"3376\" data-end=\"3540\">\n<td data-start=\"3376\" data-end=\"3401\" data-col-size=\"sm\">Opciones de embalaje<\/td>\n<td data-col-size=\"lg\" data-start=\"3401\" data-end=\"3540\">Variantes disponibles en tela no tejida, silicona y PPS; personalizables con n\u00fameros de serie, c\u00f3digos de barras y c\u00f3digos QR.<\/td>\n<\/tr>\n<tr data-start=\"3541\" data-end=\"3705\">\n<td data-start=\"3541\" data-end=\"3566\" data-col-size=\"sm\">Ventajas t\u00edpicas<\/td>\n<td data-start=\"3566\" data-end=\"3705\" data-col-size=\"lg\">Identificaci\u00f3n de lote, clasificaci\u00f3n m\u00e1s r\u00e1pida, menos errores, informes automatizados, trazabilidad hist\u00f3rica<\/td>\n<\/tr>\n<\/tbody>\n<\/table>\n<\/div>\n<\/div>","protected":false},"excerpt":{"rendered":"<p>Etiqueta de lavander\u00eda UHF RFID termosellable, impermeable, para ropa de cama de hotel y ropa de trabajo; 865\u2013928 MHz, NXP U8\/U9, hasta 3 m de lectura, clasificaci\u00f3n para 200 lavados o 3 a\u00f1os de garant\u00eda.<\/p>","protected":false},"featured_media":693,"template":"","meta":{"_gspb_post_css":""},"product_brand":[],"product_cat":[17,18],"product_tag":[],"class_list":{"0":"post-692","1":"product","2":"type-product","3":"status-publish","4":"has-post-thumbnail","6":"product_cat-rfid-laundry-tags","7":"product_cat-textile-rfid-laundry-tags","9":"first","10":"instock","11":"shipping-taxable","12":"purchasable","13":"product-type-simple"},"_links":{"self":[{"href":"https:\/\/www.cxjsmartcard.com\/es\/wp-json\/wp\/v2\/product\/692","targetHints":{"allow":["GET"]}}],"collection":[{"href":"https:\/\/www.cxjsmartcard.com\/es\/wp-json\/wp\/v2\/product"}],"about":[{"href":"https:\/\/www.cxjsmartcard.com\/es\/wp-json\/wp\/v2\/types\/product"}],"wp:featuredmedia":[{"embeddable":true,"href":"https:\/\/www.cxjsmartcard.com\/es\/wp-json\/wp\/v2\/media\/693"}],"wp:attachment":[{"href":"https:\/\/www.cxjsmartcard.com\/es\/wp-json\/wp\/v2\/media?parent=692"}],"wp:term":[{"taxonomy":"product_brand","embeddable":true,"href":"https:\/\/www.cxjsmartcard.com\/es\/wp-json\/wp\/v2\/product_brand?post=692"},{"taxonomy":"product_cat","embeddable":true,"href":"https:\/\/www.cxjsmartcard.com\/es\/wp-json\/wp\/v2\/product_cat?post=692"},{"taxonomy":"product_tag","embeddable":true,"href":"https:\/\/www.cxjsmartcard.com\/es\/wp-json\/wp\/v2\/product_tag?post=692"}],"curies":[{"name":"wp","href":"https:\/\/api.w.org\/{rel}","templated":true}]}}