{"id":682,"date":"2025-11-01T11:12:34","date_gmt":"2025-11-01T11:12:34","guid":{"rendered":"https:\/\/www.cxjsmartcard.com\/?post_type=product&#038;p=682"},"modified":"2025-12-29T01:27:11","modified_gmt":"2025-12-29T01:27:11","slug":"stainless-steel-metal-blank-black-nfc-business-cards","status":"publish","type":"product","link":"https:\/\/www.cxjsmartcard.com\/es\/stainless-steel-metal-blank-black-nfc-business-cards\/","title":{"rendered":"Tarjetas de visita NFC de acero inoxidable en blanco y negro"},"content":{"rendered":"<p data-start=\"59\" data-end=\"379\">Tarjetas de visita met\u00e1licas NFC de acero inoxidable premium con acabado electrochapado en negro. Compatible con chip NFC sin contacto (NTAG\/MIFARE) integrado para enlaces de apertura t\u00e1ctil, perfiles digitales, wifi o compartir contactos. Duraderas, de alta gama y resistentes a ara\u00f1azos, ideales para regalos VIP, de marca, para eventos, acceso y corporativos.<\/p>\n<p data-start=\"381\" data-end=\"400\"><strong data-start=\"381\" data-end=\"398\">Especificaci\u00f3n<\/strong><\/p>\n<div class=\"_tableContainer_1rjym_1\">\n<div class=\"group _tableWrapper_1rjym_13 flex w-fit flex-col-reverse\" tabindex=\"-1\">\n<table class=\"w-fit min-w-(--thread-content-width)\" data-start=\"401\" data-end=\"1213\">\n<thead data-start=\"401\" data-end=\"419\">\n<tr data-start=\"401\" data-end=\"419\">\n<th data-start=\"401\" data-end=\"408\" data-col-size=\"sm\">Art\u00edculo<\/th>\n<th data-start=\"408\" data-end=\"419\" data-col-size=\"lg\">Detalles<\/th>\n<\/tr>\n<\/thead>\n<tbody data-start=\"430\" data-end=\"1213\">\n<tr data-start=\"430\" data-end=\"471\">\n<td data-start=\"430\" data-end=\"441\" data-col-size=\"sm\">Material<\/td>\n<td data-col-size=\"lg\" data-start=\"441\" data-end=\"471\">Acero inoxidable \/ Aluminio<\/td>\n<\/tr>\n<tr data-start=\"472\" data-end=\"511\">\n<td data-start=\"472\" data-end=\"488\" data-col-size=\"sm\">Tama\u00f1o est\u00e1ndar<\/td>\n<td data-start=\"488\" data-end=\"511\" data-col-size=\"lg\">85,5 \u00d7 54 mm (CR80)<\/td>\n<\/tr>\n<tr data-start=\"512\" data-end=\"593\">\n<td data-start=\"512\" data-end=\"534\" data-col-size=\"sm\">Espesor disponible<\/td>\n<td data-col-size=\"lg\" data-start=\"534\" data-end=\"593\">0,3 \/ 0,35 \/ 0,4 \/ 0,5 \/ 0,6 \/ 0,8 \/ 1,0 \/ 1,2 \/ 1,3 mm<\/td>\n<\/tr>\n<tr data-start=\"594\" data-end=\"666\">\n<td data-start=\"594\" data-end=\"613\" data-col-size=\"sm\">Acabados superficiales<\/td>\n<td data-col-size=\"lg\" data-start=\"613\" data-end=\"666\">Acero cepillado, pulido, espejo, esmerilado y natural.<\/td>\n<\/tr>\n<tr data-start=\"667\" data-end=\"748\">\n<td data-start=\"667\" data-end=\"683\" data-col-size=\"sm\">Opciones de color<\/td>\n<td data-col-size=\"lg\" data-start=\"683\" data-end=\"748\">Negro, dorado, oro rosa, plata, cian, bronce (galvanoplastia)<\/td>\n<\/tr>\n<tr data-start=\"749\" data-end=\"824\">\n<td data-start=\"749\" data-end=\"760\" data-col-size=\"sm\">Impresi\u00f3n<\/td>\n<td data-col-size=\"lg\" data-start=\"760\" data-end=\"824\">Serigraf\u00eda, impresi\u00f3n en color UV, grabado + serigraf\u00eda, antigrabado<\/td>\n<\/tr>\n<tr data-start=\"825\" data-end=\"939\">\n<td data-start=\"825\" data-end=\"834\" data-col-size=\"sm\">Artesan\u00eda<\/td>\n<td data-start=\"834\" data-end=\"939\" data-col-size=\"lg\">Patr\u00f3n recortado, grabado l\u00e1ser + relleno de tinta, c\u00f3digo QR, n\u00famero de serie, banda magn\u00e9tica, panel de firma<\/td>\n<\/tr>\n<tr data-start=\"940\" data-end=\"1010\">\n<td data-start=\"940\" data-end=\"957\" data-col-size=\"sm\">Opciones NFC\/IC<\/td>\n<td data-col-size=\"lg\" data-start=\"957\" data-end=\"1010\">Chip NFC sin contacto (13,56 MHz), chip IC de contacto<\/td>\n<\/tr>\n<tr data-start=\"1011\" data-end=\"1141\">\n<td data-start=\"1011\" data-end=\"1025\" data-col-size=\"sm\">Solicitud<\/td>\n<td data-start=\"1025\" data-end=\"1141\" data-col-size=\"lg\">Club, promoci\u00f3n, publicidad, empresa, banco, tr\u00e1fico, seguros, supermercado, aparcamiento, escuela, control de acceso<\/td>\n<\/tr>\n<tr data-start=\"1142\" data-end=\"1213\">\n<td data-start=\"1142\" data-end=\"1153\" data-col-size=\"sm\">Caracter\u00edsticas<\/td>\n<td data-start=\"1153\" data-end=\"1213\" data-col-size=\"lg\">Aspecto de alta gama, larga vida \u00fatil, resistente al agua y al desgaste.<\/td>\n<\/tr>\n<\/tbody>\n<\/table>\n<\/div>\n<\/div>\n<p data-start=\"1215\" data-end=\"1226\"><strong data-start=\"1215\" data-end=\"1224\">Notas<\/strong><\/p>\n<ul data-start=\"1227\" data-end=\"1431\">\n<li data-start=\"1227\" data-end=\"1282\">\n<p data-start=\"1229\" data-end=\"1282\">Puede ser de metal negro completamente en blanco para retrabajar\/grabar<\/p>\n<\/li>\n<li data-start=\"1283\" data-end=\"1317\">\n<p data-start=\"1285\" data-end=\"1317\">Sin cargo por molde para tama\u00f1o personalizado<\/p>\n<\/li>\n<li data-start=\"1318\" data-end=\"1368\">\n<p data-start=\"1320\" data-end=\"1368\">Admite funciones inteligentes NFC y de marca<\/p>\n<\/li>\n<li data-start=\"1369\" data-end=\"1431\">\n<p data-start=\"1371\" data-end=\"1431\">El cuerpo de metal proporciona una sensaci\u00f3n t\u00e1ctil fuerte y un posicionamiento premium.<\/p>\n<\/li>\n<\/ul>","protected":false},"excerpt":{"rendered":"<p>Tarjeta de presentaci\u00f3n de metal NFC de acero inoxidable negro con acabado personalizable, detalles recortados con l\u00e1ser\/QR y NFC de 13,56 MHz para marca con solo tocar para conectar.<\/p>","protected":false},"featured_media":684,"template":"","meta":{"_gspb_post_css":""},"product_brand":[],"product_cat":[15],"product_tag":[],"class_list":{"0":"post-682","1":"product","2":"type-product","3":"status-publish","4":"has-post-thumbnail","6":"product_cat-rfid-cards","8":"first","9":"instock","10":"shipping-taxable","11":"purchasable","12":"product-type-simple"},"_links":{"self":[{"href":"https:\/\/www.cxjsmartcard.com\/es\/wp-json\/wp\/v2\/product\/682","targetHints":{"allow":["GET"]}}],"collection":[{"href":"https:\/\/www.cxjsmartcard.com\/es\/wp-json\/wp\/v2\/product"}],"about":[{"href":"https:\/\/www.cxjsmartcard.com\/es\/wp-json\/wp\/v2\/types\/product"}],"wp:featuredmedia":[{"embeddable":true,"href":"https:\/\/www.cxjsmartcard.com\/es\/wp-json\/wp\/v2\/media\/684"}],"wp:attachment":[{"href":"https:\/\/www.cxjsmartcard.com\/es\/wp-json\/wp\/v2\/media?parent=682"}],"wp:term":[{"taxonomy":"product_brand","embeddable":true,"href":"https:\/\/www.cxjsmartcard.com\/es\/wp-json\/wp\/v2\/product_brand?post=682"},{"taxonomy":"product_cat","embeddable":true,"href":"https:\/\/www.cxjsmartcard.com\/es\/wp-json\/wp\/v2\/product_cat?post=682"},{"taxonomy":"product_tag","embeddable":true,"href":"https:\/\/www.cxjsmartcard.com\/es\/wp-json\/wp\/v2\/product_tag?post=682"}],"curies":[{"name":"wp","href":"https:\/\/api.w.org\/{rel}","templated":true}]}}