{"id":672,"date":"2025-11-01T11:04:13","date_gmt":"2025-11-01T11:04:13","guid":{"rendered":"https:\/\/www.cxjsmartcard.com\/?post_type=product&#038;p=672"},"modified":"2025-12-29T01:27:11","modified_gmt":"2025-12-29T01:27:11","slug":"rfid-smart-contactless-mifare-plus-ev2-card","status":"publish","type":"product","link":"https:\/\/www.cxjsmartcard.com\/es\/rfid-smart-contactless-mifare-plus-ev2-card\/","title":{"rendered":"Tarjeta inteligente sin contacto RFID MIFARE Plus EV2"},"content":{"rendered":"<p data-start=\"50\" data-end=\"400\">Tarjeta inteligente sin contacto de alta seguridad de 13,56 MHz basada en NXP MIFARE Plus\u00ae EV2, dise\u00f1ada para programas de transporte, control de acceso, fidelizaci\u00f3n\/membres\u00eda y comercio minorista. Compatible con ISO\/IEC 14443A, transferencia r\u00e1pida de 106\u2013848 kbit\/s, mensajer\u00eda segura AES-128 y migraci\u00f3n fluida desde infraestructuras heredadas.<\/p>\n<p data-start=\"402\" data-end=\"421\"><strong data-start=\"402\" data-end=\"419\">Especificaci\u00f3n<\/strong><\/p>\n<div class=\"_tableContainer_1rjym_1\">\n<div class=\"group _tableWrapper_1rjym_13 flex w-fit flex-col-reverse\" tabindex=\"-1\">\n<table class=\"w-fit min-w-(--thread-content-width)\" data-start=\"422\" data-end=\"1050\">\n<thead data-start=\"422\" data-end=\"440\">\n<tr data-start=\"422\" data-end=\"440\">\n<th data-start=\"422\" data-end=\"429\" data-col-size=\"sm\">Art\u00edculo<\/th>\n<th data-start=\"429\" data-end=\"440\" data-col-size=\"md\">Detalles<\/th>\n<\/tr>\n<\/thead>\n<tbody data-start=\"451\" data-end=\"1050\">\n<tr data-start=\"451\" data-end=\"500\">\n<td data-start=\"451\" data-end=\"458\" data-col-size=\"sm\">Chip<\/td>\n<td data-col-size=\"md\" data-start=\"458\" data-end=\"500\">MIFARE Plus\u00ae EV2 (memoria NV de 2 KB\/4 KB)<\/td>\n<\/tr>\n<tr data-start=\"501\" data-end=\"526\">\n<td data-start=\"501\" data-end=\"513\" data-col-size=\"sm\">Frecuencia<\/td>\n<td data-col-size=\"md\" data-start=\"513\" data-end=\"526\">13,56 MHz<\/td>\n<\/tr>\n<tr data-start=\"527\" data-end=\"576\">\n<td data-start=\"527\" data-end=\"538\" data-col-size=\"sm\">Protocolo<\/td>\n<td data-col-size=\"md\" data-start=\"538\" data-end=\"576\">ISO\/IEC 14443 Tipo A (partes 2\/3\/4)<\/td>\n<\/tr>\n<tr data-start=\"577\" data-end=\"621\">\n<td data-start=\"577\" data-end=\"589\" data-col-size=\"sm\">Velocidad de datos<\/td>\n<td data-col-size=\"md\" data-start=\"589\" data-end=\"621\">106 \/ 212 \/ 424 \/ 848 kbit\/s<\/td>\n<\/tr>\n<tr data-start=\"622\" data-end=\"684\">\n<td data-start=\"622\" data-end=\"628\" data-col-size=\"sm\">UID<\/td>\n<td data-col-size=\"md\" data-start=\"628\" data-end=\"684\">UID de 7 bytes (opci\u00f3n de ID aleatorio), compatible con NUID de 4 bytes<\/td>\n<\/tr>\n<tr data-start=\"685\" data-end=\"736\">\n<td data-start=\"685\" data-end=\"698\" data-col-size=\"sm\">Rango de lectura<\/td>\n<td data-col-size=\"md\" data-start=\"698\" data-end=\"736\">~1\u20136 cm (dependiendo del lector\/antena)<\/td>\n<\/tr>\n<tr data-start=\"737\" data-end=\"780\">\n<td data-start=\"737\" data-end=\"754\" data-col-size=\"sm\">Materiales de la tarjeta<\/td>\n<td data-col-size=\"md\" data-start=\"754\" data-end=\"780\">PVC \/ PET \/ PETG \/ ABS<\/td>\n<\/tr>\n<tr data-start=\"781\" data-end=\"839\">\n<td data-start=\"781\" data-end=\"788\" data-col-size=\"sm\">Tama\u00f1o<\/td>\n<td data-col-size=\"md\" data-start=\"788\" data-end=\"839\">85,5 \u00d7 54 \u00d7 0,9 mm (ID-1); OEM\/personalizado disponible<\/td>\n<\/tr>\n<tr data-start=\"840\" data-end=\"887\">\n<td data-start=\"840\" data-end=\"857\" data-col-size=\"sm\">Certificaciones<\/td>\n<td data-col-size=\"md\" data-start=\"857\" data-end=\"887\">ISO9001, ISO14001, CE, SGS<\/td>\n<\/tr>\n<tr data-start=\"888\" data-end=\"963\">\n<td data-start=\"888\" data-end=\"912\" data-col-size=\"sm\">Resistencia \/ Retenci\u00f3n<\/td>\n<td data-col-size=\"md\" data-start=\"912\" data-end=\"963\">~1.000.000 de ciclos de escritura; retenci\u00f3n de datos de 25 a\u00f1os<\/td>\n<\/tr>\n<tr data-start=\"964\" data-end=\"1050\">\n<td data-start=\"964\" data-end=\"989\" data-col-size=\"sm\">Compatibilidad con versiones anteriores<\/td>\n<td data-col-size=\"md\" data-start=\"989\" data-end=\"1050\">Organizaci\u00f3n de memoria compatible con MIFARE Classic \/ Plus<\/td>\n<\/tr>\n<\/tbody>\n<\/table>\n<\/div>\n<\/div>\n<p data-start=\"1052\" data-end=\"1076\"><strong data-start=\"1052\" data-end=\"1074\">Seguridad y privacidad<\/strong><\/p>\n<div class=\"_tableContainer_1rjym_1\">\n<div class=\"group _tableWrapper_1rjym_13 flex w-fit flex-col-reverse\" tabindex=\"-1\">\n<table class=\"w-fit min-w-(--thread-content-width)\" data-start=\"1077\" data-end=\"1475\">\n<thead data-start=\"1077\" data-end=\"1102\">\n<tr data-start=\"1077\" data-end=\"1102\">\n<th data-start=\"1077\" data-end=\"1087\" data-col-size=\"sm\">Caracter\u00edstica<\/th>\n<th data-start=\"1087\" data-end=\"1102\" data-col-size=\"md\">Descripci\u00f3n<\/th>\n<\/tr>\n<\/thead>\n<tbody data-start=\"1113\" data-end=\"1475\">\n<tr data-start=\"1113\" data-end=\"1186\">\n<td data-start=\"1113\" data-end=\"1128\" data-col-size=\"sm\">Criptograf\u00eda<\/td>\n<td data-col-size=\"md\" data-start=\"1128\" data-end=\"1186\">AES-128 (autenticaci\u00f3n mutua de 3 pasos), integridad CMAC<\/td>\n<\/tr>\n<tr data-start=\"1187\" data-end=\"1236\">\n<td data-start=\"1187\" data-end=\"1205\" data-col-size=\"sm\">Criterios comunes<\/td>\n<td data-col-size=\"md\" data-start=\"1205\" data-end=\"1236\">EAL5+ (hardware y software)<\/td>\n<\/tr>\n<tr data-start=\"1237\" data-end=\"1288\">\n<td data-start=\"1237\" data-end=\"1250\" data-col-size=\"sm\">Anti-rel\u00e9<\/td>\n<td data-col-size=\"md\" data-start=\"1250\" data-end=\"1288\">Comprobaci\u00f3n de proximidad, temporizador de transacciones<\/td>\n<\/tr>\n<tr data-start=\"1289\" data-end=\"1345\">\n<td data-start=\"1289\" data-end=\"1299\" data-col-size=\"sm\">Privacidad<\/td>\n<td data-col-size=\"md\" data-start=\"1299\" data-end=\"1345\">Identificaci\u00f3n aleatoria, arquitectura de tarjeta virtual (VCA)<\/td>\n<\/tr>\n<tr data-start=\"1346\" data-end=\"1402\">\n<td data-start=\"1346\" data-end=\"1361\" data-col-size=\"sm\">Autenticidad<\/td>\n<td data-col-size=\"md\" data-start=\"1361\" data-end=\"1402\">Comprobaci\u00f3n de originalidad de circuitos integrados NXP genuinos<\/td>\n<\/tr>\n<tr data-start=\"1403\" data-end=\"1475\">\n<td data-start=\"1403\" data-end=\"1422\" data-col-size=\"sm\">Mensajer\u00eda segura<\/td>\n<td data-col-size=\"md\" data-start=\"1422\" data-end=\"1475\">Canal de RF cifrado; autenticaci\u00f3n a nivel de sector<\/td>\n<\/tr>\n<\/tbody>\n<\/table>\n<\/div>\n<\/div>\n<p data-start=\"1477\" data-end=\"1502\"><strong data-start=\"1477\" data-end=\"1500\">Organizaci\u00f3n de la memoria<\/strong><\/p>\n<div class=\"_tableContainer_1rjym_1\">\n<div class=\"group _tableWrapper_1rjym_13 flex w-fit flex-col-reverse\" tabindex=\"-1\">\n<table class=\"w-fit min-w-(--thread-content-width)\" data-start=\"1503\" data-end=\"1718\">\n<thead data-start=\"1503\" data-end=\"1538\">\n<tr data-start=\"1503\" data-end=\"1538\">\n<th data-start=\"1503\" data-end=\"1517\" data-col-size=\"sm\">Variante EV2<\/th>\n<th data-start=\"1517\" data-end=\"1538\" data-col-size=\"md\">Aspectos destacados del dise\u00f1o<\/th>\n<\/tr>\n<\/thead>\n<tbody data-start=\"1549\" data-end=\"1718\">\n<tr data-start=\"1549\" data-end=\"1630\">\n<td data-start=\"1549\" data-end=\"1567\" data-col-size=\"sm\">MF1P(H)22 (2 KB)<\/td>\n<td data-col-size=\"md\" data-start=\"1567\" data-end=\"1630\">32 sectores \u00d7 4 bloques; el bloque 0 almacena datos del fabricante NXP<\/td>\n<\/tr>\n<tr data-start=\"1631\" data-end=\"1718\">\n<td data-start=\"1631\" data-end=\"1649\" data-col-size=\"sm\">MF1P(H)42 (4 KB)<\/td>\n<td data-col-size=\"md\" data-start=\"1649\" data-end=\"1718\">Arriba + 8 sectores \u00d7 16 bloques; los trailers de sector definen claves de acceso<\/td>\n<\/tr>\n<\/tbody>\n<\/table>\n<\/div>\n<\/div>\n<p data-start=\"1720\" data-end=\"1755\"><strong data-start=\"1720\" data-end=\"1753\">Personalizaci\u00f3n y manualidades con tarjetas<\/strong><\/p>\n<div class=\"_tableContainer_1rjym_1\">\n<div class=\"group _tableWrapper_1rjym_13 flex w-fit flex-col-reverse\" tabindex=\"-1\">\n<table class=\"w-fit min-w-(--thread-content-width)\" data-start=\"1756\" data-end=\"2165\">\n<thead data-start=\"1756\" data-end=\"1775\">\n<tr data-start=\"1756\" data-end=\"1775\">\n<th data-start=\"1756\" data-end=\"1764\" data-col-size=\"sm\">Artesan\u00eda<\/th>\n<th data-start=\"1764\" data-end=\"1775\" data-col-size=\"md\">Opciones<\/th>\n<\/tr>\n<\/thead>\n<tbody data-start=\"1786\" data-end=\"2165\">\n<tr data-start=\"1786\" data-end=\"1883\">\n<td data-start=\"1786\" data-end=\"1798\" data-col-size=\"sm\">Numeraci\u00f3n<\/td>\n<td data-col-size=\"md\" data-start=\"1798\" data-end=\"1883\">N\u00fameros de impresi\u00f3n t\u00e9rmica\/de inyecci\u00f3n de tinta (negro\/blanco\/dorado\/plateado), serie\/NSB en relieve (13pt\/18pt)<\/td>\n<\/tr>\n<tr data-start=\"1884\" data-end=\"1965\">\n<td data-start=\"1884\" data-end=\"1895\" data-col-size=\"sm\">Impresi\u00f3n<\/td>\n<td data-col-size=\"md\" data-start=\"1895\" data-end=\"1965\">Offset CMYK, UV, mapeo de n\u00famero de serie\/UID, c\u00f3digo QR\/c\u00f3digo de barras grabado con l\u00e1ser<\/td>\n<\/tr>\n<tr data-start=\"1966\" data-end=\"2065\">\n<td data-start=\"1966\" data-end=\"1983\" data-col-size=\"sm\">L\u00e1minas y efectos<\/td>\n<td data-col-size=\"md\" data-start=\"1983\" data-end=\"2065\">Estampado en caliente de oro\/plata\/l\u00e1ser, espejo\/transparente\/holograma, lenticular<\/td>\n<\/tr>\n<tr data-start=\"2066\" data-end=\"2165\">\n<td data-start=\"2066\" data-end=\"2076\" data-col-size=\"sm\">Complementos<\/td>\n<td data-col-size=\"md\" data-start=\"2076\" data-end=\"2165\">Banda magn\u00e9tica (HICO 2750\/4000 OE, LOCO 300 OE), paneles para raspar, panel de firma<\/td>\n<\/tr>\n<\/tbody>\n<\/table>\n<\/div>\n<\/div>\n<p data-start=\"2167\" data-end=\"2192\"><strong data-start=\"2167\" data-end=\"2190\">Embalaje y muestras<\/strong><\/p>\n<div class=\"_tableContainer_1rjym_1\">\n<div class=\"group _tableWrapper_1rjym_13 flex w-fit flex-col-reverse\" tabindex=\"-1\">\n<table class=\"w-fit min-w-(--thread-content-width)\" data-start=\"2193\" data-end=\"2414\">\n<thead data-start=\"2193\" data-end=\"2211\">\n<tr data-start=\"2193\" data-end=\"2211\">\n<th data-start=\"2193\" data-end=\"2200\" data-col-size=\"sm\">Art\u00edculo<\/th>\n<th data-start=\"2200\" data-end=\"2211\" data-col-size=\"md\">Detalles<\/th>\n<\/tr>\n<\/thead>\n<tbody data-start=\"2222\" data-end=\"2414\">\n<tr data-start=\"2222\" data-end=\"2295\">\n<td data-start=\"2222\" data-end=\"2238\" data-col-size=\"sm\">Paquete est\u00e1ndar<\/td>\n<td data-col-size=\"md\" data-start=\"2238\" data-end=\"2295\">200 piezas\/caja interior; 5000 piezas\/cart\u00f3n; aprox. 35 kg\/ctn<\/td>\n<\/tr>\n<tr data-start=\"2296\" data-end=\"2366\">\n<td data-start=\"2296\" data-end=\"2314\" data-col-size=\"sm\">Tama\u00f1os irregulares<\/td>\n<td data-col-size=\"md\" data-start=\"2314\" data-end=\"2366\">50\u2013100 piezas\/bolsa OPP, luego caja de cart\u00f3n (o seg\u00fan pedido)<\/td>\n<\/tr>\n<tr data-start=\"2367\" data-end=\"2414\">\n<td data-start=\"2367\" data-end=\"2377\" data-col-size=\"sm\">Muestras<\/td>\n<td data-col-size=\"md\" data-start=\"2377\" data-end=\"2414\">Muestras gratuitas disponibles a pedido<\/td>\n<\/tr>\n<\/tbody>\n<\/table>\n<\/div>\n<\/div>\n<p data-start=\"2416\" data-end=\"2442\"><strong data-start=\"2416\" data-end=\"2440\">Aplicaciones t\u00edpicas<\/strong><\/p>\n<ul data-start=\"2443\" data-end=\"2607\">\n<li data-start=\"2443\" data-end=\"2519\">\n<p data-start=\"2445\" data-end=\"2519\">Venta de billetes de transporte, acceso al campus\/empresa, fidelizaci\u00f3n y membres\u00eda<\/p>\n<\/li>\n<li data-start=\"2520\" data-end=\"2607\">\n<p data-start=\"2522\" data-end=\"2607\">Tarjetas de regalo VIP\/empresariales, tarjetas de lavander\u00eda\/garant\u00eda, etiquetas de equipaje, tarjetas de descuento\/prepago<\/p>\n<\/li>\n<\/ul>","protected":false},"excerpt":{"rendered":"<p>Tarjeta inteligente MIFARE Plus EV2 de 13,56 MHz con seguridad AES, EAL5+, RF r\u00e1pida y gran personalizaci\u00f3n: ideal para transporte, control de acceso y tarjetas de fidelizaci\u00f3n\/membres\u00eda.<\/p>","protected":false},"featured_media":673,"template":"","meta":{"_gspb_post_css":""},"product_brand":[],"product_cat":[15],"product_tag":[],"class_list":{"0":"post-672","1":"product","2":"type-product","3":"status-publish","4":"has-post-thumbnail","6":"product_cat-rfid-cards","8":"first","9":"instock","10":"shipping-taxable","11":"purchasable","12":"product-type-simple"},"_links":{"self":[{"href":"https:\/\/www.cxjsmartcard.com\/es\/wp-json\/wp\/v2\/product\/672","targetHints":{"allow":["GET"]}}],"collection":[{"href":"https:\/\/www.cxjsmartcard.com\/es\/wp-json\/wp\/v2\/product"}],"about":[{"href":"https:\/\/www.cxjsmartcard.com\/es\/wp-json\/wp\/v2\/types\/product"}],"wp:featuredmedia":[{"embeddable":true,"href":"https:\/\/www.cxjsmartcard.com\/es\/wp-json\/wp\/v2\/media\/673"}],"wp:attachment":[{"href":"https:\/\/www.cxjsmartcard.com\/es\/wp-json\/wp\/v2\/media?parent=672"}],"wp:term":[{"taxonomy":"product_brand","embeddable":true,"href":"https:\/\/www.cxjsmartcard.com\/es\/wp-json\/wp\/v2\/product_brand?post=672"},{"taxonomy":"product_cat","embeddable":true,"href":"https:\/\/www.cxjsmartcard.com\/es\/wp-json\/wp\/v2\/product_cat?post=672"},{"taxonomy":"product_tag","embeddable":true,"href":"https:\/\/www.cxjsmartcard.com\/es\/wp-json\/wp\/v2\/product_tag?post=672"}],"curies":[{"name":"wp","href":"https:\/\/api.w.org\/{rel}","templated":true}]}}