{"id":667,"date":"2025-11-01T10:59:47","date_gmt":"2025-11-01T10:59:47","guid":{"rendered":"https:\/\/www.cxjsmartcard.com\/?post_type=product&#038;p=667"},"modified":"2025-12-29T01:27:11","modified_gmt":"2025-12-29T01:27:11","slug":"rfid-nfc-smart-shielding-blocker-credit-rfid-blocking-card","status":"publish","type":"product","link":"https:\/\/www.cxjsmartcard.com\/es\/rfid-nfc-smart-shielding-blocker-credit-rfid-blocking-card\/","title":{"rendered":"Bloqueador de protecci\u00f3n inteligente RFID NFC para tarjetas de cr\u00e9dito con bloqueo RFID"},"content":{"rendered":"<p data-start=\"65\" data-end=\"546\">\u63cf\u8ff0\uff08\u8981\u6709\u8868\u683c\u6700\u597d\u9075\u5faa\u6587\u6863\u7684\u683c\u5f0f\u8f93\u51fa\uff09<br data-start=\"84\" data-end=\"87\" \/>Tarjeta delgada con bloqueo RFID\/NFC, tama\u00f1o billetera, dise\u00f1ada para impedir la lectura sin contacto no autorizada de tarjetas bancarias, de cr\u00e9dito\/d\u00e9bito, pasaportes y documentos de identidad de 13,56 MHz. M\u00f3dulo de protecci\u00f3n integrado y galardonado: con solo colocar una o dos tarjetas en la billetera, todas las tarjetas sin contacto cercanas estar\u00e1n protegidas. Admite impresi\u00f3n personalizada CMYK, igualaci\u00f3n de colores de marca y diferentes acabados para promociones, banca, viajes y regalos corporativos.<\/p>\n<p data-start=\"548\" data-end=\"567\"><strong data-start=\"548\" data-end=\"565\">Especificaci\u00f3n<\/strong><\/p>\n<div class=\"_tableContainer_1rjym_1\">\n<div class=\"group _tableWrapper_1rjym_13 flex w-fit flex-col-reverse\" tabindex=\"-1\">\n<table class=\"w-fit min-w-(--thread-content-width)\" data-start=\"568\" data-end=\"1243\">\n<thead data-start=\"568\" data-end=\"586\">\n<tr data-start=\"568\" data-end=\"586\">\n<th data-start=\"568\" data-end=\"575\" data-col-size=\"sm\">Art\u00edculo<\/th>\n<th data-start=\"575\" data-end=\"586\" data-col-size=\"md\">Detalles<\/th>\n<\/tr>\n<\/thead>\n<tbody data-start=\"597\" data-end=\"1243\">\n<tr data-start=\"597\" data-end=\"653\">\n<td data-start=\"597\" data-end=\"612\" data-col-size=\"sm\">Nombre del producto<\/td>\n<td data-col-size=\"md\" data-start=\"612\" data-end=\"653\">Tarjeta bloqueadora de protecci\u00f3n inteligente RFID NFC<\/td>\n<\/tr>\n<tr data-start=\"654\" data-end=\"714\">\n<td data-start=\"654\" data-end=\"665\" data-col-size=\"sm\">Material<\/td>\n<td data-start=\"665\" data-end=\"714\" data-col-size=\"md\">M\u00f3dulo de bloqueo de PVC + \/ Tejido de bloqueo de PVC +<\/td>\n<\/tr>\n<tr data-start=\"715\" data-end=\"744\">\n<td data-start=\"715\" data-end=\"722\" data-col-size=\"sm\">Tama\u00f1o<\/td>\n<td data-start=\"722\" data-end=\"744\" data-col-size=\"md\">CR80, 85,5 \u00d7 54 mm<\/td>\n<\/tr>\n<tr data-start=\"745\" data-end=\"786\">\n<td data-start=\"745\" data-end=\"757\" data-col-size=\"sm\">Espesor<\/td>\n<td data-start=\"757\" data-end=\"786\" data-col-size=\"md\">0,86 mm \/ 1,2 mm \/ 1,5 mm<\/td>\n<\/tr>\n<tr data-start=\"787\" data-end=\"844\">\n<td data-start=\"787\" data-end=\"808\" data-col-size=\"sm\">Frecuencia protegida<\/td>\n<td data-start=\"808\" data-end=\"844\" data-col-size=\"md\">13,56 MHz sin contacto (RFID\/NFC)<\/td>\n<\/tr>\n<tr data-start=\"845\" data-end=\"883\">\n<td data-start=\"845\" data-end=\"855\" data-col-size=\"sm\">Superficie<\/td>\n<td data-col-size=\"md\" data-start=\"855\" data-end=\"883\">Brillante \/ Mate \/ Esmerilado<\/td>\n<\/tr>\n<tr data-start=\"884\" data-end=\"945\">\n<td data-start=\"884\" data-end=\"895\" data-col-size=\"sm\">Impresi\u00f3n<\/td>\n<td data-col-size=\"md\" data-start=\"895\" data-end=\"945\">Impresi\u00f3n en seda, impresi\u00f3n CMYK, coincidencia de color 100%<\/td>\n<\/tr>\n<tr data-start=\"946\" data-end=\"994\">\n<td data-start=\"946\" data-end=\"961\" data-col-size=\"sm\">Modo de trabajo<\/td>\n<td data-col-size=\"md\" data-start=\"961\" data-end=\"994\">Blindaje pasivo, sin bater\u00eda<\/td>\n<\/tr>\n<tr data-start=\"995\" data-end=\"1061\">\n<td data-start=\"995\" data-end=\"1003\" data-col-size=\"sm\">Uso<\/td>\n<td data-col-size=\"md\" data-start=\"1003\" data-end=\"1061\">Coloque 1 o 2 tarjetas dentro de la billetera\/monedero para proteger todas las tarjetas<\/td>\n<\/tr>\n<tr data-start=\"1062\" data-end=\"1131\">\n<td data-start=\"1062\" data-end=\"1076\" data-col-size=\"sm\">Solicitud<\/td>\n<td data-start=\"1076\" data-end=\"1131\" data-col-size=\"md\">Tarjetas bancarias, DNI, pasaporte, tarjetas de acceso anti-skimming<\/td>\n<\/tr>\n<tr data-start=\"1132\" data-end=\"1189\">\n<td data-start=\"1132\" data-end=\"1138\" data-col-size=\"sm\">Cantidad m\u00ednima de pedido<\/td>\n<td data-col-size=\"md\" data-start=\"1138\" data-end=\"1189\">Sin MOQ para blanco; 50 piezas para logotipo\/dise\u00f1o personalizado<\/td>\n<\/tr>\n<tr data-start=\"1190\" data-end=\"1243\">\n<td data-start=\"1190\" data-end=\"1201\" data-col-size=\"sm\">Caracter\u00edsticas<\/td>\n<td data-start=\"1201\" data-end=\"1243\" data-col-size=\"md\">Material de bloqueo galardonado en el interior<\/td>\n<\/tr>\n<\/tbody>\n<\/table>\n<\/div>\n<\/div>\n<p data-start=\"1245\" data-end=\"1514\"><strong data-start=\"1245\" data-end=\"1261\">C\u00f3mo funciona<\/strong><br data-start=\"1261\" data-end=\"1264\" \/>La capa de bloqueo crea un campo de RF protector que impide que los lectores cercanos se comuniquen con el chip de su tarjeta de pago\/identificaci\u00f3n. Una sola pieza puede proteger varias tarjetas en el mismo bolsillo, lo que la convierte en una alternativa m\u00e1s sencilla a las fundas o carteras con bloqueo RFID.<\/p>\n<p data-start=\"1516\" data-end=\"1534\"><strong data-start=\"1516\" data-end=\"1532\">Aplicaciones<\/strong><\/p>\n<ul data-start=\"1535\" data-end=\"1703\">\n<li data-start=\"1535\" data-end=\"1579\">\n<p data-start=\"1537\" data-end=\"1579\">Anti-skimming para tarjetas bancarias sin contacto<\/p>\n<\/li>\n<li data-start=\"1580\" data-end=\"1620\">\n<p data-start=\"1582\" data-end=\"1620\">Protecci\u00f3n del pasaporte\/documento de identidad durante el viaje<\/p>\n<\/li>\n<li data-start=\"1621\" data-end=\"1668\">\n<p data-start=\"1623\" data-end=\"1668\">Obsequio corporativo o bancario con logotipo personalizado<\/p>\n<\/li>\n<li data-start=\"1669\" data-end=\"1703\">\n<p data-start=\"1671\" data-end=\"1703\">Accesorio de seguridad para comercio minorista\/en l\u00ednea<\/p>\n<\/li>\n<\/ul>","protected":false},"excerpt":{"rendered":"<p>Tarjeta de bloqueo RFID\/NFC de PVC del tama\u00f1o de una billetera que protege tarjetas bancarias sin contacto de 13,56 MHz, identificaciones y pasaportes contra robos; opciones de impresi\u00f3n y superficie personalizables.<\/p>","protected":false},"featured_media":668,"template":"","meta":{"_gspb_post_css":""},"product_brand":[],"product_cat":[15],"product_tag":[],"class_list":{"0":"post-667","1":"product","2":"type-product","3":"status-publish","4":"has-post-thumbnail","6":"product_cat-rfid-cards","8":"first","9":"instock","10":"shipping-taxable","11":"purchasable","12":"product-type-simple"},"_links":{"self":[{"href":"https:\/\/www.cxjsmartcard.com\/es\/wp-json\/wp\/v2\/product\/667","targetHints":{"allow":["GET"]}}],"collection":[{"href":"https:\/\/www.cxjsmartcard.com\/es\/wp-json\/wp\/v2\/product"}],"about":[{"href":"https:\/\/www.cxjsmartcard.com\/es\/wp-json\/wp\/v2\/types\/product"}],"wp:featuredmedia":[{"embeddable":true,"href":"https:\/\/www.cxjsmartcard.com\/es\/wp-json\/wp\/v2\/media\/668"}],"wp:attachment":[{"href":"https:\/\/www.cxjsmartcard.com\/es\/wp-json\/wp\/v2\/media?parent=667"}],"wp:term":[{"taxonomy":"product_brand","embeddable":true,"href":"https:\/\/www.cxjsmartcard.com\/es\/wp-json\/wp\/v2\/product_brand?post=667"},{"taxonomy":"product_cat","embeddable":true,"href":"https:\/\/www.cxjsmartcard.com\/es\/wp-json\/wp\/v2\/product_cat?post=667"},{"taxonomy":"product_tag","embeddable":true,"href":"https:\/\/www.cxjsmartcard.com\/es\/wp-json\/wp\/v2\/product_tag?post=667"}],"curies":[{"name":"wp","href":"https:\/\/api.w.org\/{rel}","templated":true}]}}