{"id":657,"date":"2025-11-01T08:41:57","date_gmt":"2025-11-01T08:41:57","guid":{"rendered":"https:\/\/www.cxjsmartcard.com\/?post_type=product&#038;p=657"},"modified":"2025-12-29T01:27:11","modified_gmt":"2025-12-29T01:27:11","slug":"plastic-pvc-mifare-classic-4k-s70-rfid-card","status":"publish","type":"product","link":"https:\/\/www.cxjsmartcard.com\/es\/plastic-pvc-mifare-classic-4k-s70-rfid-card\/","title":{"rendered":"Tarjeta RFID MIFARE Classic 4K S70 de pl\u00e1stico PVC"},"content":{"rendered":"<p data-start=\"50\" data-end=\"378\">Tarjeta RFID de PVC sin contacto de 13,56 MHz basada en MIFARE Classic 4K (S70), dise\u00f1ada para control de acceso, pagos sin efectivo, salas de juego y entretenimiento, estacionamientos, campus, eventos y membres\u00edas. Tama\u00f1o CR80 est\u00e1ndar, imprimible en offset, digital y serigraf\u00eda, compatible con codificaci\u00f3n UID, serie, c\u00f3digo de barras, banda magn\u00e9tica y chip.<\/p>\n<p data-start=\"380\" data-end=\"399\"><strong data-start=\"380\" data-end=\"397\">Especificaci\u00f3n<\/strong><\/p>\n<div class=\"_tableContainer_1rjym_1\">\n<div class=\"group _tableWrapper_1rjym_13 flex w-fit flex-col-reverse\" tabindex=\"-1\">\n<table class=\"w-fit min-w-(--thread-content-width)\" data-start=\"400\" data-end=\"1455\">\n<thead data-start=\"400\" data-end=\"418\">\n<tr data-start=\"400\" data-end=\"418\">\n<th data-start=\"400\" data-end=\"407\" data-col-size=\"sm\">Art\u00edculo<\/th>\n<th data-start=\"407\" data-end=\"418\" data-col-size=\"md\">Detalles<\/th>\n<\/tr>\n<\/thead>\n<tbody data-start=\"429\" data-end=\"1455\">\n<tr data-start=\"429\" data-end=\"491\">\n<td data-start=\"429\" data-end=\"444\" data-col-size=\"sm\">Nombre del producto<\/td>\n<td data-col-size=\"md\" data-start=\"444\" data-end=\"491\">Tarjeta RFID MIFARE Classic 4K S70 de pl\u00e1stico PVC<\/td>\n<\/tr>\n<tr data-start=\"492\" data-end=\"584\">\n<td data-start=\"492\" data-end=\"514\" data-col-size=\"sm\">Opciones de chip\/RFID<\/td>\n<td data-col-size=\"md\" data-start=\"514\" data-end=\"584\">MIFARE Classic 4K S70; tambi\u00e9n MIFARE Ultralight EV1\/C\/AES (opcional)<\/td>\n<\/tr>\n<tr data-start=\"585\" data-end=\"614\">\n<td data-start=\"585\" data-end=\"596\" data-col-size=\"sm\">Protocolo<\/td>\n<td data-col-size=\"md\" data-start=\"596\" data-end=\"614\">ISO\/IEC 14443A<\/td>\n<\/tr>\n<tr data-start=\"615\" data-end=\"640\">\n<td data-start=\"615\" data-end=\"627\" data-col-size=\"sm\">Frecuencia<\/td>\n<td data-start=\"627\" data-end=\"640\" data-col-size=\"md\">13,56 MHz<\/td>\n<\/tr>\n<tr data-start=\"641\" data-end=\"721\">\n<td data-start=\"641\" data-end=\"650\" data-col-size=\"sm\">Memoria<\/td>\n<td data-start=\"650\" data-end=\"721\" data-col-size=\"md\">EEPROM de 4 KB (organizada en 16 sectores \u00d7 4 bloques, multiaplicaci\u00f3n)<\/td>\n<\/tr>\n<tr data-start=\"722\" data-end=\"764\">\n<td data-start=\"722\" data-end=\"745\" data-col-size=\"sm\">Resistencia de lectura\/escritura<\/td>\n<td data-col-size=\"md\" data-start=\"745\" data-end=\"764\">\u2265100.000 ciclos<\/td>\n<\/tr>\n<tr data-start=\"765\" data-end=\"820\">\n<td data-start=\"765\" data-end=\"782\" data-col-size=\"sm\">Integridad de los datos<\/td>\n<td data-start=\"782\" data-end=\"820\" data-col-size=\"md\">CRC de 16 bits, paridad, anticolisi\u00f3n<\/td>\n<\/tr>\n<tr data-start=\"821\" data-end=\"888\">\n<td data-start=\"821\" data-end=\"833\" data-col-size=\"sm\">Tama\u00f1o de la tarjeta<\/td>\n<td data-col-size=\"md\" data-start=\"833\" data-end=\"888\">CR80, 85,5 \u00d7 54 mm; grosor 0,84\u20130,88 mm (personalizado)<\/td>\n<\/tr>\n<tr data-start=\"889\" data-end=\"931\">\n<td data-start=\"889\" data-end=\"900\" data-col-size=\"sm\">Material<\/td>\n<td data-col-size=\"md\" data-start=\"900\" data-end=\"931\">PVC de alta calidad, imprimible.<\/td>\n<\/tr>\n<tr data-start=\"932\" data-end=\"1001\">\n<td data-start=\"932\" data-end=\"943\" data-col-size=\"sm\">Impresi\u00f3n<\/td>\n<td data-start=\"943\" data-end=\"1001\" data-col-size=\"md\">Heidelberg offset \/ Digital \/ Serigraf\u00eda \/ A todo color<\/td>\n<\/tr>\n<tr data-start=\"1002\" data-end=\"1098\">\n<td data-start=\"1002\" data-end=\"1016\" data-col-size=\"sm\">Manualidades con tarjetas<\/td>\n<td data-col-size=\"md\" data-start=\"1016\" data-end=\"1098\">N\u00famero de serie, UID del chip, c\u00f3digo QR\/de barras, banda magn\u00e9tica (HICO\/LOCO), panel de firma<\/td>\n<\/tr>\n<tr data-start=\"1099\" data-end=\"1169\">\n<td data-start=\"1099\" data-end=\"1118\" data-col-size=\"sm\">Servicio de codificaci\u00f3n<\/td>\n<td data-col-size=\"md\" data-start=\"1118\" data-end=\"1169\">URL, texto, n\u00famero, claves de sector, bloqueo\/cifrado<\/td>\n<\/tr>\n<tr data-start=\"1170\" data-end=\"1241\">\n<td data-start=\"1170\" data-end=\"1180\" data-col-size=\"sm\">Paquete<\/td>\n<td data-col-size=\"md\" data-start=\"1180\" data-end=\"1241\">200 piezas\/caja; 2000 piezas\/cart\u00f3n (embalaje personalizado disponible)<\/td>\n<\/tr>\n<tr data-start=\"1242\" data-end=\"1306\">\n<td data-start=\"1242\" data-end=\"1260\" data-col-size=\"sm\">Control de calidad<\/td>\n<td data-start=\"1260\" data-end=\"1306\" data-col-size=\"md\">Prueba de sensibilidad del chip 100% antes del env\u00edo<\/td>\n<\/tr>\n<tr data-start=\"1307\" data-end=\"1347\">\n<td data-start=\"1307\" data-end=\"1313\" data-col-size=\"sm\">Cantidad m\u00ednima de pedido<\/td>\n<td data-start=\"1313\" data-end=\"1347\" data-col-size=\"md\">500 piezas (con impresi\u00f3n personalizada)<\/td>\n<\/tr>\n<tr data-start=\"1348\" data-end=\"1455\">\n<td data-start=\"1348\" data-end=\"1363\" data-col-size=\"sm\">Aplicaciones<\/td>\n<td data-start=\"1363\" data-end=\"1455\" data-col-size=\"md\">Control de acceso, pago sin efectivo, juegos, entretenimiento, membres\u00eda, emisi\u00f3n de billetes de transporte<\/td>\n<\/tr>\n<\/tbody>\n<\/table>\n<\/div>\n<\/div>\n<p data-start=\"1457\" data-end=\"1471\"><strong data-start=\"1457\" data-end=\"1469\">Caracter\u00edsticas<\/strong><\/p>\n<ul data-start=\"1472\" data-end=\"1754\">\n<li data-start=\"1472\" data-end=\"1530\">\n<p data-start=\"1474\" data-end=\"1530\">Transferencia de datos sin contacto y suministro de energ\u00eda, sin bater\u00eda<\/p>\n<\/li>\n<li data-start=\"1531\" data-end=\"1595\">\n<p data-start=\"1533\" data-end=\"1595\">Distancia de funcionamiento de hasta ~100 mm (depende de la antena\/lector)<\/p>\n<\/li>\n<li data-start=\"1596\" data-end=\"1630\">\n<p data-start=\"1598\" data-end=\"1630\">Entrada y emisi\u00f3n de billetes r\u00e1pida (&lt;100 ms)<\/p>\n<\/li>\n<li data-start=\"1631\" data-end=\"1664\">\n<p data-start=\"1633\" data-end=\"1664\">N\u00famero de serie \u00fanico por tarjeta<\/p>\n<\/li>\n<li data-start=\"1665\" data-end=\"1714\">\n<p data-start=\"1667\" data-end=\"1714\">Admite m\u00faltiples aplicaciones con jerarqu\u00eda de claves<\/p>\n<\/li>\n<li data-start=\"1715\" data-end=\"1754\">\n<p data-start=\"1717\" data-end=\"1754\">Puede permanecer en la billetera durante la transacci\u00f3n.<\/p>\n<\/li>\n<\/ul>","protected":false},"excerpt":{"rendered":"<p>Tarjeta sin contacto PVC 13,56MHz MIFARE Classic 4K S70, ISO14443A, imprimible, con codificaci\u00f3n y personalizaci\u00f3n para locales de acceso, pago y entretenimiento.<\/p>","protected":false},"featured_media":658,"template":"","meta":{"_gspb_post_css":""},"product_brand":[],"product_cat":[15],"product_tag":[],"class_list":{"0":"post-657","1":"product","2":"type-product","3":"status-publish","4":"has-post-thumbnail","6":"product_cat-rfid-cards","8":"first","9":"instock","10":"shipping-taxable","11":"purchasable","12":"product-type-simple"},"_links":{"self":[{"href":"https:\/\/www.cxjsmartcard.com\/es\/wp-json\/wp\/v2\/product\/657","targetHints":{"allow":["GET"]}}],"collection":[{"href":"https:\/\/www.cxjsmartcard.com\/es\/wp-json\/wp\/v2\/product"}],"about":[{"href":"https:\/\/www.cxjsmartcard.com\/es\/wp-json\/wp\/v2\/types\/product"}],"wp:featuredmedia":[{"embeddable":true,"href":"https:\/\/www.cxjsmartcard.com\/es\/wp-json\/wp\/v2\/media\/658"}],"wp:attachment":[{"href":"https:\/\/www.cxjsmartcard.com\/es\/wp-json\/wp\/v2\/media?parent=657"}],"wp:term":[{"taxonomy":"product_brand","embeddable":true,"href":"https:\/\/www.cxjsmartcard.com\/es\/wp-json\/wp\/v2\/product_brand?post=657"},{"taxonomy":"product_cat","embeddable":true,"href":"https:\/\/www.cxjsmartcard.com\/es\/wp-json\/wp\/v2\/product_cat?post=657"},{"taxonomy":"product_tag","embeddable":true,"href":"https:\/\/www.cxjsmartcard.com\/es\/wp-json\/wp\/v2\/product_tag?post=657"}],"curies":[{"name":"wp","href":"https:\/\/api.w.org\/{rel}","templated":true}]}}