{"id":652,"date":"2025-11-01T08:38:58","date_gmt":"2025-11-01T08:38:58","guid":{"rendered":"https:\/\/www.cxjsmartcard.com\/?post_type=product&#038;p=652"},"modified":"2025-12-29T01:27:12","modified_gmt":"2025-12-29T01:27:12","slug":"nxp-ntag213-blank-white-nfc-cards","status":"publish","type":"product","link":"https:\/\/www.cxjsmartcard.com\/es\/nxp-ntag213-blank-white-nfc-cards\/","title":{"rendered":"Tarjetas NFC blancas en blanco NXP NTAG213"},"content":{"rendered":"<p data-start=\"40\" data-end=\"379\">Tarjetas NFC blancas en blanco que utilizan el chip NXP NTAG213 original, compatibles con NFC Forum Type 2 Tag e ISO\/IEC 14443A, dise\u00f1adas para marketing inteligente, autenticaci\u00f3n de productos, lanzamiento de URL\/APP, fidelizaci\u00f3n, juegos y emparejamiento de productos electr\u00f3nicos de consumo. HF de 13,56 MHz, rendimiento de RF estable, protecci\u00f3n con contrase\u00f1a y soporte para precodificaci\u00f3n.<\/p>\n<p data-start=\"381\" data-end=\"400\"><strong data-start=\"381\" data-end=\"398\">Especificaci\u00f3n<\/strong><\/p>\n<div class=\"_tableContainer_1rjym_1\">\n<div class=\"group _tableWrapper_1rjym_13 flex w-fit flex-col-reverse\" tabindex=\"-1\">\n<table class=\"w-fit min-w-(--thread-content-width)\" data-start=\"401\" data-end=\"1193\">\n<thead data-start=\"401\" data-end=\"419\">\n<tr data-start=\"401\" data-end=\"419\">\n<th data-start=\"401\" data-end=\"408\" data-col-size=\"sm\">Art\u00edculo<\/th>\n<th data-start=\"408\" data-end=\"419\" data-col-size=\"md\">Detalles<\/th>\n<\/tr>\n<\/thead>\n<tbody data-start=\"430\" data-end=\"1193\">\n<tr data-start=\"430\" data-end=\"476\">\n<td data-start=\"430\" data-end=\"447\" data-col-size=\"sm\">Chip\/Frecuencia<\/td>\n<td data-col-size=\"md\" data-start=\"447\" data-end=\"476\">NXP NTAG213, 13,56 MHz de alta frecuencia<\/td>\n<\/tr>\n<tr data-start=\"477\" data-end=\"528\">\n<td data-start=\"477\" data-end=\"488\" data-col-size=\"sm\">Est\u00e1ndar<\/td>\n<td data-col-size=\"md\" data-start=\"488\" data-end=\"528\">Etiqueta NFC Forum Tipo 2, ISO\/IEC 14443A<\/td>\n<\/tr>\n<tr data-start=\"529\" data-end=\"563\">\n<td data-start=\"529\" data-end=\"538\" data-col-size=\"sm\">Memoria<\/td>\n<td data-start=\"538\" data-end=\"563\" data-col-size=\"md\">144 bytes de memoria de usuario<\/td>\n<\/tr>\n<tr data-start=\"564\" data-end=\"615\">\n<td data-start=\"564\" data-end=\"571\" data-col-size=\"sm\">Tama\u00f1o<\/td>\n<td data-col-size=\"md\" data-start=\"571\" data-end=\"615\">85,5 \u00d7 54 \u00d7 0,84 mm (CR80) o personalizado<\/td>\n<\/tr>\n<tr data-start=\"616\" data-end=\"665\">\n<td data-start=\"616\" data-end=\"627\" data-col-size=\"sm\">Material<\/td>\n<td data-col-size=\"md\" data-start=\"627\" data-end=\"665\">PVC (compatible con PET\/PET-G bajo pedido)<\/td>\n<\/tr>\n<tr data-start=\"666\" data-end=\"718\">\n<td data-start=\"666\" data-end=\"679\" data-col-size=\"sm\">Rango de lectura<\/td>\n<td data-start=\"679\" data-end=\"718\" data-col-size=\"md\">1\u20135 cm (dependiendo del lector y la antena)<\/td>\n<\/tr>\n<tr data-start=\"719\" data-end=\"756\">\n<td data-start=\"719\" data-end=\"737\" data-col-size=\"sm\">Escribe Resistencia<\/td>\n<td data-col-size=\"md\" data-start=\"737\" data-end=\"756\">\u2265100.000 ciclos<\/td>\n<\/tr>\n<tr data-start=\"757\" data-end=\"801\">\n<td data-start=\"757\" data-end=\"773\" data-col-size=\"sm\">Transferencia de datos<\/td>\n<td data-col-size=\"md\" data-start=\"773\" data-end=\"801\">RF de alta velocidad de 106 kbit\/s<\/td>\n<\/tr>\n<tr data-start=\"802\" data-end=\"882\">\n<td data-start=\"802\" data-end=\"813\" data-col-size=\"sm\">Seguridad<\/td>\n<td data-start=\"813\" data-end=\"882\" data-col-size=\"md\">UID de 7 bytes, protecci\u00f3n con contrase\u00f1a, bits de bloqueo, firma de originalidad<\/td>\n<\/tr>\n<tr data-start=\"883\" data-end=\"946\">\n<td data-start=\"883\" data-end=\"894\" data-col-size=\"sm\">Impresi\u00f3n<\/td>\n<td data-start=\"894\" data-end=\"946\" data-col-size=\"md\">Serigraf\u00eda, CMYK a todo color, acabado brillante\/mate<\/td>\n<\/tr>\n<tr data-start=\"947\" data-end=\"1028\">\n<td data-start=\"947\" data-end=\"965\" data-col-size=\"sm\">Personalizaci\u00f3n<\/td>\n<td data-col-size=\"md\" data-start=\"965\" data-end=\"1028\">C\u00f3digo QR\/de barras, logotipo, n\u00famero de serie, mapeo UID, preescritura de URL<\/td>\n<\/tr>\n<tr data-start=\"1029\" data-end=\"1091\">\n<td data-start=\"1029\" data-end=\"1041\" data-col-size=\"sm\">Embalaje<\/td>\n<td data-start=\"1041\" data-end=\"1091\" data-col-size=\"md\">200 piezas\/caja, 2000 piezas\/cart\u00f3n (aproximadamente 13 kg\/ctn)<\/td>\n<\/tr>\n<tr data-start=\"1092\" data-end=\"1193\">\n<td data-start=\"1092\" data-end=\"1107\" data-col-size=\"sm\">Aplicaciones<\/td>\n<td data-col-size=\"md\" data-start=\"1107\" data-end=\"1193\">Publicidad inteligente, etiqueta NFC de producto, acceso, demostraci\u00f3n de pago, log\u00edstica, O2O, SoLoMo<\/td>\n<\/tr>\n<\/tbody>\n<\/table>\n<\/div>\n<\/div>\n<p data-start=\"1195\" data-end=\"1209\"><strong data-start=\"1195\" data-end=\"1207\">Caracter\u00edsticas<\/strong><\/p>\n<ul data-start=\"1210\" data-end=\"1498\">\n<li data-start=\"1210\" data-end=\"1272\">\n<p data-start=\"1212\" data-end=\"1272\">Lectura r\u00e1pida (FAST_READ) para extraer NDEF completo en un solo comando<\/p>\n<\/li>\n<li data-start=\"1273\" data-end=\"1327\">\n<p data-start=\"1275\" data-end=\"1327\">Buen rendimiento de RF para diferentes formas y materiales.<\/p>\n<\/li>\n<li data-start=\"1328\" data-end=\"1368\">\n<p data-start=\"1330\" data-end=\"1368\">Bloqueo de solo lectura programable en campo<\/p>\n<\/li>\n<li data-start=\"1369\" data-end=\"1426\">\n<p data-start=\"1371\" data-end=\"1426\">Firma de originalidad basada en ECC para la autenticidad del chip<\/p>\n<\/li>\n<li data-start=\"1427\" data-end=\"1498\">\n<p data-start=\"1429\" data-end=\"1498\">Anticolisi\u00f3n: se pueden leer varias tarjetas NFC una por una en el campo<\/p>\n<\/li>\n<\/ul>","protected":false},"excerpt":{"rendered":"<p>Tarjetas NFC NXP NTAG213 blancas de 13,56 MHz con 144 B de memoria, conformidad con ISO14443A\/NFC Tipo 2 y soporte para impresi\u00f3n a todo color y precodificaci\u00f3n.<\/p>","protected":false},"featured_media":653,"template":"","meta":{"_gspb_post_css":""},"product_brand":[],"product_cat":[15],"product_tag":[],"class_list":{"0":"post-652","1":"product","2":"type-product","3":"status-publish","4":"has-post-thumbnail","6":"product_cat-rfid-cards","8":"first","9":"instock","10":"shipping-taxable","11":"purchasable","12":"product-type-simple"},"_links":{"self":[{"href":"https:\/\/www.cxjsmartcard.com\/es\/wp-json\/wp\/v2\/product\/652","targetHints":{"allow":["GET"]}}],"collection":[{"href":"https:\/\/www.cxjsmartcard.com\/es\/wp-json\/wp\/v2\/product"}],"about":[{"href":"https:\/\/www.cxjsmartcard.com\/es\/wp-json\/wp\/v2\/types\/product"}],"wp:featuredmedia":[{"embeddable":true,"href":"https:\/\/www.cxjsmartcard.com\/es\/wp-json\/wp\/v2\/media\/653"}],"wp:attachment":[{"href":"https:\/\/www.cxjsmartcard.com\/es\/wp-json\/wp\/v2\/media?parent=652"}],"wp:term":[{"taxonomy":"product_brand","embeddable":true,"href":"https:\/\/www.cxjsmartcard.com\/es\/wp-json\/wp\/v2\/product_brand?post=652"},{"taxonomy":"product_cat","embeddable":true,"href":"https:\/\/www.cxjsmartcard.com\/es\/wp-json\/wp\/v2\/product_cat?post=652"},{"taxonomy":"product_tag","embeddable":true,"href":"https:\/\/www.cxjsmartcard.com\/es\/wp-json\/wp\/v2\/product_tag?post=652"}],"curies":[{"name":"wp","href":"https:\/\/api.w.org\/{rel}","templated":true}]}}