{"id":643,"date":"2025-11-01T08:29:51","date_gmt":"2025-11-01T08:29:51","guid":{"rendered":"https:\/\/www.cxjsmartcard.com\/?post_type=product&#038;p=643"},"modified":"2025-12-29T01:27:12","modified_gmt":"2025-12-29T01:27:12","slug":"nxp-mifare-desfire-ev1-4k-rfid-smart-card-for-access-control","status":"publish","type":"product","link":"https:\/\/www.cxjsmartcard.com\/es\/nxp-mifare-desfire-ev1-4k-rfid-smart-card-for-access-control\/","title":{"rendered":"Tarjeta inteligente RFID NXP MIFARE DESFire EV1 4K para control de acceso"},"content":{"rendered":"<p data-start=\"67\" data-end=\"417\">Tarjeta sin contacto segura de 13,56 MHz con EEPROM de 4 KB basada en NXP MIFARE DESFire EV1, ideal para control de acceso, emisi\u00f3n de billetes de transporte, pagos electr\u00f3nicos y aplicaciones de identificaci\u00f3n y fidelizaci\u00f3n. Cumple con la norma ISO\/IEC 14443 Tipo A y admite m\u00faltiples aplicaciones y archivos con autenticaci\u00f3n mutua de tres pasos.<\/p>\n<p data-start=\"419\" data-end=\"449\"><strong data-start=\"419\" data-end=\"447\">Especificaciones t\u00e9cnicas<\/strong><\/p>\n<div class=\"_tableContainer_1rjym_1\">\n<div class=\"group _tableWrapper_1rjym_13 flex w-fit flex-col-reverse\" tabindex=\"-1\">\n<table class=\"w-fit min-w-(--thread-content-width)\" data-start=\"450\" data-end=\"1076\">\n<thead data-start=\"450\" data-end=\"471\">\n<tr data-start=\"450\" data-end=\"471\">\n<th data-start=\"450\" data-end=\"460\" data-col-size=\"sm\">Caracter\u00edstica<\/th>\n<th data-start=\"460\" data-end=\"471\" data-col-size=\"md\">Detalles<\/th>\n<\/tr>\n<\/thead>\n<tbody data-start=\"482\" data-end=\"1076\">\n<tr data-start=\"482\" data-end=\"500\">\n<td data-start=\"482\" data-end=\"493\" data-col-size=\"sm\">Material<\/td>\n<td data-col-size=\"md\" data-start=\"493\" data-end=\"500\">CLORURO DE POLIVINILO<\/td>\n<\/tr>\n<tr data-start=\"501\" data-end=\"556\">\n<td data-start=\"501\" data-end=\"513\" data-col-size=\"sm\">Dimensi\u00f3n<\/td>\n<td data-col-size=\"md\" data-start=\"513\" data-end=\"556\">85,6 \u00d7 54 \u00d7 0,88 mm (ISO\/IEC 7810 ID-1)<\/td>\n<\/tr>\n<tr data-start=\"557\" data-end=\"598\">\n<td data-start=\"557\" data-end=\"565\" data-col-size=\"sm\">Color<\/td>\n<td data-start=\"565\" data-end=\"598\" data-col-size=\"md\">Blanco (impresi\u00f3n personalizable)<\/td>\n<\/tr>\n<tr data-start=\"599\" data-end=\"624\">\n<td data-start=\"599\" data-end=\"611\" data-col-size=\"sm\">Frecuencia<\/td>\n<td data-col-size=\"md\" data-start=\"611\" data-end=\"624\">13,56 MHz<\/td>\n<\/tr>\n<tr data-start=\"625\" data-end=\"661\">\n<td data-start=\"625\" data-end=\"632\" data-col-size=\"sm\">Chip<\/td>\n<td data-col-size=\"md\" data-start=\"632\" data-end=\"661\">NXP MIFARE DESFire EV1 4K<\/td>\n<\/tr>\n<tr data-start=\"662\" data-end=\"747\">\n<td data-start=\"662\" data-end=\"671\" data-col-size=\"sm\">Memoria<\/td>\n<td data-start=\"671\" data-end=\"747\" data-col-size=\"md\">EEPROM de 4 KB; admite hasta 28 aplicaciones y 32 archivos por aplicaci\u00f3n<\/td>\n<\/tr>\n<tr data-start=\"748\" data-end=\"820\">\n<td data-start=\"748\" data-end=\"760\" data-col-size=\"sm\">Normas<\/td>\n<td data-col-size=\"md\" data-start=\"760\" data-end=\"820\">ISO\/IEC 14443 Tipo A; ISO\/IEC 7816-4 (comandos opcionales)<\/td>\n<\/tr>\n<tr data-start=\"821\" data-end=\"903\">\n<td data-start=\"821\" data-end=\"832\" data-col-size=\"sm\">Seguridad<\/td>\n<td data-start=\"832\" data-end=\"903\" data-col-size=\"md\">Autenticaci\u00f3n mutua de 3 pasos, gesti\u00f3n de copias de seguridad en chip, UID de 7 bytes<\/td>\n<\/tr>\n<tr data-start=\"904\" data-end=\"946\">\n<td data-start=\"904\" data-end=\"917\" data-col-size=\"sm\">Rango de lectura<\/td>\n<td data-start=\"917\" data-end=\"946\" data-col-size=\"md\">2\u20135 cm (dependiendo del lector)<\/td>\n<\/tr>\n<tr data-start=\"947\" data-end=\"1076\">\n<td data-start=\"947\" data-end=\"962\" data-col-size=\"sm\">Usos t\u00edpicos<\/td>\n<td data-col-size=\"md\" data-start=\"962\" data-end=\"1037\">Control de acceso, transporte p\u00fablico, pagos electr\u00f3nicos, identidad y programas de fidelizaci\u00f3n.<\/td>\n<\/tr>\n<\/tbody>\n<\/table>\n<\/div>\n<\/div>\n<p data-start=\"1078\" data-end=\"1096\"><strong data-start=\"1078\" data-end=\"1094\">Caracter\u00edsticas principales<\/strong><\/p>\n<ul data-start=\"1097\" data-end=\"1370\">\n<li data-start=\"1097\" data-end=\"1178\">\n<p data-start=\"1099\" data-end=\"1178\">Alta seguridad con autenticaci\u00f3n mutua de tres pasos y criptograf\u00eda avanzada<\/p>\n<\/li>\n<li data-start=\"1179\" data-end=\"1238\">\n<p data-start=\"1181\" data-end=\"1238\">Sistema de archivos grande y flexible (soporte para m\u00faltiples aplicaciones)<\/p>\n<\/li>\n<li data-start=\"1239\" data-end=\"1288\">\n<p data-start=\"1241\" data-end=\"1288\">Est\u00e1ndares abiertos para una amplia compatibilidad de lectores<\/p>\n<\/li>\n<li data-start=\"1289\" data-end=\"1370\">\n<p data-start=\"1291\" data-end=\"1370\">UID \u00fanico de 7 bytes para diversificaci\u00f3n de claves<\/p>\n<\/li>\n<\/ul>","protected":false},"excerpt":{"rendered":"<p>Tarjeta sin contacto NXP MIFARE DESFire EV1 4K de 13,56 MHz con ISO14443A, memoria de 4 KB y autenticaci\u00f3n fuerte para acceso, transporte y pago electr\u00f3nico.<\/p>","protected":false},"featured_media":644,"template":"","meta":{"_gspb_post_css":""},"product_brand":[],"product_cat":[15],"product_tag":[],"class_list":{"0":"post-643","1":"product","2":"type-product","3":"status-publish","4":"has-post-thumbnail","6":"product_cat-rfid-cards","8":"first","9":"instock","10":"shipping-taxable","11":"purchasable","12":"product-type-simple"},"_links":{"self":[{"href":"https:\/\/www.cxjsmartcard.com\/es\/wp-json\/wp\/v2\/product\/643","targetHints":{"allow":["GET"]}}],"collection":[{"href":"https:\/\/www.cxjsmartcard.com\/es\/wp-json\/wp\/v2\/product"}],"about":[{"href":"https:\/\/www.cxjsmartcard.com\/es\/wp-json\/wp\/v2\/types\/product"}],"wp:featuredmedia":[{"embeddable":true,"href":"https:\/\/www.cxjsmartcard.com\/es\/wp-json\/wp\/v2\/media\/644"}],"wp:attachment":[{"href":"https:\/\/www.cxjsmartcard.com\/es\/wp-json\/wp\/v2\/media?parent=643"}],"wp:term":[{"taxonomy":"product_brand","embeddable":true,"href":"https:\/\/www.cxjsmartcard.com\/es\/wp-json\/wp\/v2\/product_brand?post=643"},{"taxonomy":"product_cat","embeddable":true,"href":"https:\/\/www.cxjsmartcard.com\/es\/wp-json\/wp\/v2\/product_cat?post=643"},{"taxonomy":"product_tag","embeddable":true,"href":"https:\/\/www.cxjsmartcard.com\/es\/wp-json\/wp\/v2\/product_tag?post=643"}],"curies":[{"name":"wp","href":"https:\/\/api.w.org\/{rel}","templated":true}]}}