{"id":637,"date":"2025-11-01T08:26:42","date_gmt":"2025-11-01T08:26:42","guid":{"rendered":"https:\/\/www.cxjsmartcard.com\/?post_type=product&#038;p=637"},"modified":"2025-12-29T01:27:12","modified_gmt":"2025-12-29T01:27:12","slug":"mifare-desfire-ev2-2k-rfid-card","status":"publish","type":"product","link":"https:\/\/www.cxjsmartcard.com\/es\/mifare-desfire-ev2-2k-rfid-card\/","title":{"rendered":"Tarjeta RFID MIFARE DESFire EV2 2K"},"content":{"rendered":"<p data-start=\"38\" data-end=\"428\">Tarjeta inteligente sin contacto de alta seguridad de 13,56 MHz basada en NXP MIFARE DESFire EV2 2K, dise\u00f1ada para emisi\u00f3n de billetes multiaplicaci\u00f3n, transporte, control de acceso, hosteler\u00eda, campus, pago sin efectivo y servicios de ciudades inteligentes. Cumple con la norma ISO\/IEC 14443A, admite velocidades de datos de hasta 848 kbit\/s, nivel de seguridad Common Criteria EAL5+ y una gesti\u00f3n flexible de archivos y aplicaciones.<\/p>\n<p data-start=\"430\" data-end=\"449\"><strong data-start=\"430\" data-end=\"447\">Especificaci\u00f3n<\/strong><\/p>\n<div class=\"_tableContainer_1rjym_1\">\n<div class=\"group _tableWrapper_1rjym_13 flex w-fit flex-col-reverse\" tabindex=\"-1\">\n<table class=\"w-fit min-w-(--thread-content-width)\" data-start=\"450\" data-end=\"1095\">\n<thead data-start=\"450\" data-end=\"468\">\n<tr data-start=\"450\" data-end=\"468\">\n<th data-start=\"450\" data-end=\"457\" data-col-size=\"sm\">Art\u00edculo<\/th>\n<th data-start=\"457\" data-end=\"468\" data-col-size=\"md\">Detalles<\/th>\n<\/tr>\n<\/thead>\n<tbody data-start=\"479\" data-end=\"1095\">\n<tr data-start=\"479\" data-end=\"511\">\n<td data-start=\"479\" data-end=\"486\" data-col-size=\"sm\">Chip<\/td>\n<td data-col-size=\"md\" data-start=\"486\" data-end=\"511\">MIFARE DESFire EV2 2K<\/td>\n<\/tr>\n<tr data-start=\"512\" data-end=\"542\">\n<td data-start=\"512\" data-end=\"521\" data-col-size=\"sm\">Memoria<\/td>\n<td data-col-size=\"md\" data-start=\"521\" data-end=\"542\">Memoria NV de 2 KBytes<\/td>\n<\/tr>\n<tr data-start=\"543\" data-end=\"609\">\n<td data-start=\"543\" data-end=\"569\" data-col-size=\"sm\">Interfaz est\u00e1ndar\/RF<\/td>\n<td data-col-size=\"md\" data-start=\"569\" data-end=\"609\">ISO\/IEC 14443 Tipo A (Partes 2, 3, 4)<\/td>\n<\/tr>\n<tr data-start=\"610\" data-end=\"635\">\n<td data-start=\"610\" data-end=\"622\" data-col-size=\"sm\">Frecuencia<\/td>\n<td data-col-size=\"md\" data-start=\"622\" data-end=\"635\">13,56 MHz<\/td>\n<\/tr>\n<tr data-start=\"636\" data-end=\"680\">\n<td data-start=\"636\" data-end=\"648\" data-col-size=\"sm\">Velocidad de datos<\/td>\n<td data-col-size=\"md\" data-start=\"648\" data-end=\"680\">106 \/ 212 \/ 424 \/ 848 kbit\/s<\/td>\n<\/tr>\n<tr data-start=\"681\" data-end=\"736\">\n<td data-start=\"681\" data-end=\"687\" data-col-size=\"sm\">UID<\/td>\n<td data-start=\"687\" data-end=\"736\" data-col-size=\"md\">Identificador \u00fanico de 7 bytes (admite ID aleatorio)<\/td>\n<\/tr>\n<tr data-start=\"737\" data-end=\"777\">\n<td data-start=\"737\" data-end=\"744\" data-col-size=\"sm\">Tama\u00f1o<\/td>\n<td data-start=\"744\" data-end=\"777\" data-col-size=\"md\">85,5 \u00d7 54 mm (CR80) o personalizado<\/td>\n<\/tr>\n<tr data-start=\"778\" data-end=\"830\">\n<td data-start=\"778\" data-end=\"791\" data-col-size=\"sm\">Rango de lectura<\/td>\n<td data-col-size=\"md\" data-start=\"791\" data-end=\"830\">0\u201310 cm (depende del lector\/antena)<\/td>\n<\/tr>\n<tr data-start=\"831\" data-end=\"868\">\n<td data-start=\"831\" data-end=\"849\" data-col-size=\"sm\">Escribe Resistencia<\/td>\n<td data-col-size=\"md\" data-start=\"849\" data-end=\"868\">\u2265500.000 ciclos<\/td>\n<\/tr>\n<tr data-start=\"869\" data-end=\"898\">\n<td data-start=\"869\" data-end=\"886\" data-col-size=\"sm\">Retenci\u00f3n de datos<\/td>\n<td data-col-size=\"md\" data-start=\"886\" data-end=\"898\">25 a\u00f1os<\/td>\n<\/tr>\n<tr data-start=\"899\" data-end=\"942\">\n<td data-start=\"899\" data-end=\"910\" data-col-size=\"sm\">Material<\/td>\n<td data-start=\"910\" data-end=\"942\" data-col-size=\"md\">PVC (personalizado: PET, PET-G, PC)<\/td>\n<\/tr>\n<tr data-start=\"943\" data-end=\"1010\">\n<td data-start=\"943\" data-end=\"954\" data-col-size=\"sm\">Impresi\u00f3n<\/td>\n<td data-start=\"954\" data-end=\"1010\" data-col-size=\"md\">Offset CMYK, serigraf\u00eda, personalizaci\u00f3n, QR\/c\u00f3digo de barras<\/td>\n<\/tr>\n<tr data-start=\"1011\" data-end=\"1095\">\n<td data-start=\"1011\" data-end=\"1020\" data-col-size=\"sm\">Artesan\u00eda<\/td>\n<td data-start=\"1020\" data-end=\"1095\" data-col-size=\"md\">N\u00famero de serie, banda magn\u00e9tica, relieve\/bajo relieve, c\u00f3digo l\u00e1ser, estampado en caliente<\/td>\n<\/tr>\n<\/tbody>\n<\/table>\n<\/div>\n<\/div>\n<p data-start=\"1097\" data-end=\"1116\"><strong data-start=\"1097\" data-end=\"1114\">Caracter\u00edsticas principales<\/strong><\/p>\n<div class=\"_tableContainer_1rjym_1\">\n<div class=\"group _tableWrapper_1rjym_13 flex w-fit flex-col-reverse\" tabindex=\"-1\">\n<table class=\"w-fit min-w-(--thread-content-width)\" data-start=\"1117\" data-end=\"1682\">\n<thead data-start=\"1117\" data-end=\"1142\">\n<tr data-start=\"1117\" data-end=\"1142\">\n<th data-start=\"1117\" data-end=\"1127\" data-col-size=\"sm\">Caracter\u00edstica<\/th>\n<th data-start=\"1127\" data-end=\"1142\" data-col-size=\"md\">Descripci\u00f3n<\/th>\n<\/tr>\n<\/thead>\n<tbody data-start=\"1153\" data-end=\"1682\">\n<tr data-start=\"1153\" data-end=\"1250\">\n<td data-start=\"1153\" data-end=\"1173\" data-col-size=\"sm\">Multiaplicaci\u00f3n<\/td>\n<td data-col-size=\"md\" data-start=\"1173\" data-end=\"1250\">Aplicaciones pr\u00e1cticamente ilimitadas por tarjeta; hasta 32 archivos por aplicaci\u00f3n<\/td>\n<\/tr>\n<tr data-start=\"1251\" data-end=\"1334\">\n<td data-start=\"1251\" data-end=\"1273\" data-col-size=\"sm\">Arquitectura segura<\/td>\n<td data-start=\"1273\" data-end=\"1334\" data-col-size=\"md\">Claves AES (128 bits) y 3DES, autenticaci\u00f3n mutua de 3 pasos<\/td>\n<\/tr>\n<tr data-start=\"1335\" data-end=\"1394\">\n<td data-start=\"1335\" data-end=\"1353\" data-col-size=\"sm\">Transacci\u00f3n MAC<\/td>\n<td data-col-size=\"md\" data-start=\"1353\" data-end=\"1394\">Garantiza la integridad de cada transacci\u00f3n<\/td>\n<\/tr>\n<tr data-start=\"1395\" data-end=\"1466\">\n<td data-start=\"1395\" data-end=\"1408\" data-col-size=\"sm\">Aplicaci\u00f3n inteligente MI<\/td>\n<td data-start=\"1408\" data-end=\"1466\" data-col-size=\"md\">Gesti\u00f3n delegada de aplicaciones para operadores de servicios<\/td>\n<\/tr>\n<tr data-start=\"1467\" data-end=\"1521\">\n<td data-start=\"1467\" data-end=\"1485\" data-col-size=\"sm\">Comprobaci\u00f3n de proximidad<\/td>\n<td data-col-size=\"md\" data-start=\"1485\" data-end=\"1521\">Protecci\u00f3n contra ataques de retransmisi\u00f3n<\/td>\n<\/tr>\n<tr data-start=\"1522\" data-end=\"1601\">\n<td data-start=\"1522\" data-end=\"1556\" data-col-size=\"sm\">VCA (Arquitectura de tarjeta virtual)<\/td>\n<td data-col-size=\"md\" data-start=\"1556\" data-end=\"1601\">Mejor privacidad y separaci\u00f3n de aplicaciones<\/td>\n<\/tr>\n<tr data-start=\"1602\" data-end=\"1682\">\n<td data-start=\"1602\" data-end=\"1627\" data-col-size=\"sm\">Compatibilidad con ISO\/IEC 7816-4<\/td>\n<td data-col-size=\"md\" data-start=\"1627\" data-end=\"1682\">APDU y estructura de archivos para una f\u00e1cil integraci\u00f3n del sistema<\/td>\n<\/tr>\n<\/tbody>\n<\/table>\n<\/div>\n<\/div>\n<p data-start=\"1684\" data-end=\"1711\"><strong data-start=\"1684\" data-end=\"1709\">Escenarios de aplicaci\u00f3n<\/strong><\/p>\n<ul data-start=\"1712\" data-end=\"1963\">\n<li data-start=\"1712\" data-end=\"1764\">\n<p data-start=\"1714\" data-end=\"1764\">Transporte p\u00fablico, billetes electr\u00f3nicos, control horario<\/p>\n<\/li>\n<li data-start=\"1765\" data-end=\"1803\">\n<p data-start=\"1767\" data-end=\"1803\">Acceso al campus\/empresa\/hotel<\/p>\n<\/li>\n<li data-start=\"1804\" data-end=\"1848\">\n<p data-start=\"1806\" data-end=\"1848\">Venta sin efectivo y pago de circuito cerrado<\/p>\n<\/li>\n<li data-start=\"1849\" data-end=\"1909\">\n<p data-start=\"1851\" data-end=\"1909\">Tarjeta urbana que integra aparcamiento, uso compartido de bicicletas y coches y biblioteca.<\/p>\n<\/li>\n<li data-start=\"1910\" data-end=\"1963\">\n<p data-start=\"1912\" data-end=\"1963\">Tarjetas de activaci\u00f3n de fidelizaci\u00f3n, eventos y redes sociales<\/p>\n<\/li>\n<\/ul>","protected":false},"excerpt":{"rendered":"<p>Tarjeta RFID MIFARE DESFire EV2 2K 13,56 MHz de alta seguridad con AES, velocidad de datos r\u00e1pida y soporte para m\u00faltiples aplicaciones para proyectos de transporte, control de acceso y ciudades inteligentes.<\/p>","protected":false},"featured_media":638,"template":"","meta":{"_gspb_post_css":""},"product_brand":[],"product_cat":[15],"product_tag":[],"class_list":{"0":"post-637","1":"product","2":"type-product","3":"status-publish","4":"has-post-thumbnail","6":"product_cat-rfid-cards","8":"first","9":"instock","10":"shipping-taxable","11":"purchasable","12":"product-type-simple"},"_links":{"self":[{"href":"https:\/\/www.cxjsmartcard.com\/es\/wp-json\/wp\/v2\/product\/637","targetHints":{"allow":["GET"]}}],"collection":[{"href":"https:\/\/www.cxjsmartcard.com\/es\/wp-json\/wp\/v2\/product"}],"about":[{"href":"https:\/\/www.cxjsmartcard.com\/es\/wp-json\/wp\/v2\/types\/product"}],"wp:featuredmedia":[{"embeddable":true,"href":"https:\/\/www.cxjsmartcard.com\/es\/wp-json\/wp\/v2\/media\/638"}],"wp:attachment":[{"href":"https:\/\/www.cxjsmartcard.com\/es\/wp-json\/wp\/v2\/media?parent=637"}],"wp:term":[{"taxonomy":"product_brand","embeddable":true,"href":"https:\/\/www.cxjsmartcard.com\/es\/wp-json\/wp\/v2\/product_brand?post=637"},{"taxonomy":"product_cat","embeddable":true,"href":"https:\/\/www.cxjsmartcard.com\/es\/wp-json\/wp\/v2\/product_cat?post=637"},{"taxonomy":"product_tag","embeddable":true,"href":"https:\/\/www.cxjsmartcard.com\/es\/wp-json\/wp\/v2\/product_tag?post=637"}],"curies":[{"name":"wp","href":"https:\/\/api.w.org\/{rel}","templated":true}]}}