{"id":632,"date":"2025-11-01T08:24:27","date_gmt":"2025-11-01T08:24:27","guid":{"rendered":"https:\/\/www.cxjsmartcard.com\/?post_type=product&#038;p=632"},"modified":"2025-12-29T01:27:12","modified_gmt":"2025-12-29T01:27:12","slug":"mifare-classic-ev1-1k-nfc-blank-white-rfid-card","status":"publish","type":"product","link":"https:\/\/www.cxjsmartcard.com\/es\/mifare-classic-ev1-1k-nfc-blank-white-rfid-card\/","title":{"rendered":"Tarjeta RFID blanca en blanco MIFARE Classic EV1 1K NFC"},"content":{"rendered":"<p data-start=\"54\" data-end=\"430\">Tarjeta RFID MIFARE Classic EV1 1K blanca de 13,56 MHz para control de acceso, identificaci\u00f3n, pago sin efectivo, control de asistencia, hoteles, escuelas, clubes\/SPA, turismo, atenci\u00f3n m\u00e9dica, supermercados, estacionamientos, promociones y gesti\u00f3n de membres\u00edas. Tama\u00f1o est\u00e1ndar de tarjeta de cr\u00e9dito, PVC resistente y antena de alta calidad para una lectura estable.<\/p>\n<p data-start=\"432\" data-end=\"457\"><strong data-start=\"432\" data-end=\"455\">Par\u00e1metros f\u00edsicos<\/strong><\/p>\n<div class=\"_tableContainer_1rjym_1\">\n<div class=\"group _tableWrapper_1rjym_13 flex w-fit flex-col-reverse\" tabindex=\"-1\">\n<table class=\"w-fit min-w-(--thread-content-width)\" data-start=\"458\" data-end=\"815\">\n<thead data-start=\"458\" data-end=\"476\">\n<tr data-start=\"458\" data-end=\"476\">\n<th data-start=\"458\" data-end=\"465\" data-col-size=\"sm\">Art\u00edculo<\/th>\n<th data-start=\"465\" data-end=\"476\" data-col-size=\"md\">Detalles<\/th>\n<\/tr>\n<\/thead>\n<tbody data-start=\"487\" data-end=\"815\">\n<tr data-start=\"487\" data-end=\"521\">\n<td data-start=\"487\" data-end=\"498\" data-col-size=\"sm\">Material<\/td>\n<td data-col-size=\"md\" data-start=\"498\" data-end=\"521\">PVC \/ PET \/ Bio-PVC<\/td>\n<\/tr>\n<tr data-start=\"522\" data-end=\"574\">\n<td data-start=\"522\" data-end=\"537\" data-col-size=\"sm\">Tipo de antena<\/td>\n<td data-start=\"537\" data-end=\"574\" data-col-size=\"md\">Antena de cobre \/ Antena de aluminio<\/td>\n<\/tr>\n<tr data-start=\"575\" data-end=\"620\">\n<td data-start=\"575\" data-end=\"582\" data-col-size=\"sm\">Tama\u00f1o<\/td>\n<td data-start=\"582\" data-end=\"620\" data-col-size=\"md\">85,5 \u00d7 54 \u00d7 0,85 mm (personalizable)<\/td>\n<\/tr>\n<tr data-start=\"621\" data-end=\"644\">\n<td data-start=\"621\" data-end=\"629\" data-col-size=\"sm\">Color<\/td>\n<td data-col-size=\"md\" data-start=\"629\" data-end=\"644\">Blanco en blanco<\/td>\n<\/tr>\n<tr data-start=\"645\" data-end=\"672\">\n<td data-start=\"645\" data-end=\"659\" data-col-size=\"sm\">Peso de la tarjeta<\/td>\n<td data-col-size=\"md\" data-start=\"659\" data-end=\"672\">6 g\/pieza<\/td>\n<\/tr>\n<tr data-start=\"673\" data-end=\"718\">\n<td data-start=\"673\" data-end=\"690\" data-col-size=\"sm\">Acabado de la superficie<\/td>\n<td data-start=\"690\" data-end=\"718\" data-col-size=\"md\">Brillante \/ Mate \/ Esmerilado<\/td>\n<\/tr>\n<tr data-start=\"719\" data-end=\"815\">\n<td data-start=\"719\" data-end=\"731\" data-col-size=\"sm\">Embalaje<\/td>\n<td data-col-size=\"md\" data-start=\"731\" data-end=\"815\">200 piezas\/caja (22,2 \u00d7 9 \u00d7 5,4 cm), 2000 piezas\/caja (49 \u00d7 24,5 \u00d7 13 cm), peso bruto 14 kg<\/td>\n<\/tr>\n<\/tbody>\n<\/table>\n<\/div>\n<\/div>\n<p data-start=\"817\" data-end=\"844\"><strong data-start=\"817\" data-end=\"842\">Par\u00e1metros el\u00e9ctricos<\/strong><\/p>\n<div class=\"_tableContainer_1rjym_1\">\n<div class=\"group _tableWrapper_1rjym_13 flex w-fit flex-col-reverse\" tabindex=\"-1\">\n<table class=\"w-fit min-w-(--thread-content-width)\" data-start=\"845\" data-end=\"1111\">\n<thead data-start=\"845\" data-end=\"863\">\n<tr data-start=\"845\" data-end=\"863\">\n<th data-start=\"845\" data-end=\"852\" data-col-size=\"sm\">Art\u00edculo<\/th>\n<th data-start=\"852\" data-end=\"863\" data-col-size=\"sm\">Detalles<\/th>\n<\/tr>\n<\/thead>\n<tbody data-start=\"874\" data-end=\"1111\">\n<tr data-start=\"874\" data-end=\"898\">\n<td data-start=\"874\" data-end=\"885\" data-col-size=\"sm\">Protocolo<\/td>\n<td data-col-size=\"sm\" data-start=\"885\" data-end=\"898\">ISO14443A<\/td>\n<\/tr>\n<tr data-start=\"899\" data-end=\"924\">\n<td data-start=\"899\" data-end=\"911\" data-col-size=\"sm\">Frecuencia<\/td>\n<td data-start=\"911\" data-end=\"924\" data-col-size=\"sm\">13,56 MHz<\/td>\n<\/tr>\n<tr data-start=\"925\" data-end=\"958\">\n<td data-start=\"925\" data-end=\"932\" data-col-size=\"sm\">Chip<\/td>\n<td data-start=\"932\" data-end=\"958\" data-col-size=\"sm\">MIFARE Classic\u00ae EV1 1K<\/td>\n<\/tr>\n<tr data-start=\"959\" data-end=\"980\">\n<td data-start=\"959\" data-end=\"968\" data-col-size=\"sm\">Memoria<\/td>\n<td data-start=\"968\" data-end=\"980\" data-col-size=\"sm\">1K bytes<\/td>\n<\/tr>\n<tr data-start=\"981\" data-end=\"1020\">\n<td data-start=\"981\" data-end=\"1001\" data-col-size=\"sm\">Ciclos de lectura\/escritura<\/td>\n<td data-col-size=\"sm\" data-start=\"1001\" data-end=\"1020\">1.000.000 de veces<\/td>\n<\/tr>\n<tr data-start=\"1021\" data-end=\"1084\">\n<td data-start=\"1021\" data-end=\"1040\" data-col-size=\"sm\">Distancia de lectura<\/td>\n<td data-col-size=\"sm\" data-start=\"1040\" data-end=\"1084\">2\u20136 cm (depende del lector y el entorno)<\/td>\n<\/tr>\n<tr data-start=\"1085\" data-end=\"1111\">\n<td data-start=\"1085\" data-end=\"1099\" data-col-size=\"sm\">Certificado<\/td>\n<td data-col-size=\"sm\" data-start=\"1099\" data-end=\"1111\">CE, RoHS<\/td>\n<\/tr>\n<\/tbody>\n<\/table>\n<\/div>\n<\/div>\n<p data-start=\"1113\" data-end=\"1140\"><strong data-start=\"1113\" data-end=\"1138\">Material y durabilidad<\/strong><\/p>\n<ul data-start=\"1141\" data-end=\"1413\">\n<li data-start=\"1141\" data-end=\"1171\">\n<p data-start=\"1143\" data-end=\"1171\">Espesor est\u00e1ndar de 0,84 mm<\/p>\n<\/li>\n<li data-start=\"1172\" data-end=\"1248\">\n<p data-start=\"1174\" data-end=\"1248\">PVC virgen 100%, resistente al plegado, no t\u00f3xico, resistente a la corrosi\u00f3n y la abrasi\u00f3n<\/p>\n<\/li>\n<li data-start=\"1249\" data-end=\"1318\">\n<p data-start=\"1251\" data-end=\"1318\">Cumple con RoHS\/REACH para aplicaciones de alta demanda y a largo plazo<\/p>\n<\/li>\n<li data-start=\"1319\" data-end=\"1413\">\n<p data-start=\"1321\" data-end=\"1413\">Adecuado para impresi\u00f3n, personalizaci\u00f3n y codificaci\u00f3n.<\/p>\n<\/li>\n<\/ul>\n<p data-start=\"1415\" data-end=\"1457\"><strong data-start=\"1415\" data-end=\"1455\">Impresi\u00f3n y personalizaci\u00f3n disponibles<\/strong><\/p>\n<ul data-start=\"1458\" data-end=\"1726\">\n<li data-start=\"1458\" data-end=\"1481\">\n<p data-start=\"1460\" data-end=\"1481\">C\u00f3digos de barras \/ c\u00f3digos QR<\/p>\n<\/li>\n<li data-start=\"1482\" data-end=\"1521\">\n<p data-start=\"1484\" data-end=\"1521\">Opciones de acabados y grosor de tarjetas<\/p>\n<\/li>\n<li data-start=\"1522\" data-end=\"1537\">\n<p data-start=\"1524\" data-end=\"1537\">Troquelado<\/p>\n<\/li>\n<li data-start=\"1538\" data-end=\"1563\">\n<p data-start=\"1540\" data-end=\"1563\">Estampado y numeraci\u00f3n<\/p>\n<\/li>\n<li data-start=\"1564\" data-end=\"1588\">\n<p data-start=\"1566\" data-end=\"1588\">Codificaci\u00f3n de chip\/sector<\/p>\n<\/li>\n<li data-start=\"1589\" data-end=\"1617\">\n<p data-start=\"1591\" data-end=\"1617\">Estampado en caliente \/ met\u00e1lico<\/p>\n<\/li>\n<li data-start=\"1618\" data-end=\"1661\">\n<p data-start=\"1620\" data-end=\"1661\">Panel de firma \/ raspado \/ UV localizado<\/p>\n<\/li>\n<li data-start=\"1662\" data-end=\"1726\">\n<p data-start=\"1664\" data-end=\"1726\">Impresi\u00f3n de datos variables<\/p>\n<\/li>\n<\/ul>","protected":false},"excerpt":{"rendered":"<p>Tarjeta RFID de PVC MIFARE Classic EV1 1K de 13,56 MHz en blanco para control de acceso y membres\u00eda, compatible con ISO14443A, duradera y lista para impresi\u00f3n\/codificaci\u00f3n personalizada.<\/p>","protected":false},"featured_media":634,"template":"","meta":{"_gspb_post_css":""},"product_brand":[],"product_cat":[15],"product_tag":[],"class_list":{"0":"post-632","1":"product","2":"type-product","3":"status-publish","4":"has-post-thumbnail","6":"product_cat-rfid-cards","8":"first","9":"instock","10":"shipping-taxable","11":"purchasable","12":"product-type-simple"},"_links":{"self":[{"href":"https:\/\/www.cxjsmartcard.com\/es\/wp-json\/wp\/v2\/product\/632","targetHints":{"allow":["GET"]}}],"collection":[{"href":"https:\/\/www.cxjsmartcard.com\/es\/wp-json\/wp\/v2\/product"}],"about":[{"href":"https:\/\/www.cxjsmartcard.com\/es\/wp-json\/wp\/v2\/types\/product"}],"wp:featuredmedia":[{"embeddable":true,"href":"https:\/\/www.cxjsmartcard.com\/es\/wp-json\/wp\/v2\/media\/634"}],"wp:attachment":[{"href":"https:\/\/www.cxjsmartcard.com\/es\/wp-json\/wp\/v2\/media?parent=632"}],"wp:term":[{"taxonomy":"product_brand","embeddable":true,"href":"https:\/\/www.cxjsmartcard.com\/es\/wp-json\/wp\/v2\/product_brand?post=632"},{"taxonomy":"product_cat","embeddable":true,"href":"https:\/\/www.cxjsmartcard.com\/es\/wp-json\/wp\/v2\/product_cat?post=632"},{"taxonomy":"product_tag","embeddable":true,"href":"https:\/\/www.cxjsmartcard.com\/es\/wp-json\/wp\/v2\/product_tag?post=632"}],"curies":[{"name":"wp","href":"https:\/\/api.w.org\/{rel}","templated":true}]}}