{"id":627,"date":"2025-11-01T08:22:49","date_gmt":"2025-11-01T08:22:49","guid":{"rendered":"https:\/\/www.cxjsmartcard.com\/?post_type=product&#038;p=627"},"modified":"2025-12-29T01:27:12","modified_gmt":"2025-12-29T01:27:12","slug":"iso-15693-icode-sli-rfid-smart-nfc-card","status":"publish","type":"product","link":"https:\/\/www.cxjsmartcard.com\/es\/iso-15693-icode-sli-rfid-smart-nfc-card\/","title":{"rendered":"Tarjeta inteligente NFC RFID ICODE SLI ISO 15693"},"content":{"rendered":"<p data-start=\"46\" data-end=\"378\">Tarjeta inteligente RFID NFC de alto rendimiento, serie ICODE SLI\/SLIX, conforme a ISO 15693, a 13,56 MHz. Ofrece una larga distancia de lectura, anticolisi\u00f3n real y memoria protegida por contrase\u00f1a. Ideal para control de acceso, tarjetas de cerraduras de hoteles, gesti\u00f3n de comunidades, etiquetado industrial, seguimiento de bibliotecas y activos, y tarjetas inteligentes de identificaci\u00f3n.<\/p>\n<p data-start=\"380\" data-end=\"399\"><strong data-start=\"380\" data-end=\"397\">Especificaci\u00f3n<\/strong><\/p>\n<div class=\"_tableContainer_1rjym_1\">\n<div class=\"group _tableWrapper_1rjym_13 flex w-fit flex-col-reverse\" tabindex=\"-1\">\n<table class=\"w-fit min-w-(--thread-content-width)\" data-start=\"400\" data-end=\"1127\">\n<thead data-start=\"400\" data-end=\"418\">\n<tr data-start=\"400\" data-end=\"418\">\n<th data-start=\"400\" data-end=\"407\" data-col-size=\"sm\">Art\u00edculo<\/th>\n<th data-start=\"407\" data-end=\"418\" data-col-size=\"md\">Detalles<\/th>\n<\/tr>\n<\/thead>\n<tbody data-start=\"429\" data-end=\"1127\">\n<tr data-start=\"429\" data-end=\"487\">\n<td data-start=\"429\" data-end=\"444\" data-col-size=\"sm\">Nombre del producto<\/td>\n<td data-start=\"444\" data-end=\"487\" data-col-size=\"md\">Tarjeta inteligente NFC RFID ICODE SLI ISO 15693<\/td>\n<\/tr>\n<tr data-start=\"488\" data-end=\"522\">\n<td data-start=\"488\" data-end=\"499\" data-col-size=\"sm\">Material<\/td>\n<td data-start=\"499\" data-end=\"522\" data-col-size=\"md\">Material de PVC o OEM<\/td>\n<\/tr>\n<tr data-start=\"523\" data-end=\"577\">\n<td data-start=\"523\" data-end=\"530\" data-col-size=\"sm\">Tama\u00f1o<\/td>\n<td data-start=\"530\" data-end=\"577\" data-col-size=\"md\">85,5 \u00d7 54 \u00d7 0,86 mm (se aceptan tama\u00f1os personalizados)<\/td>\n<\/tr>\n<tr data-start=\"578\" data-end=\"636\">\n<td data-start=\"578\" data-end=\"593\" data-col-size=\"sm\">Opciones de chip<\/td>\n<td data-start=\"593\" data-end=\"636\" data-col-size=\"md\">ICODE SLI-S, ICODE SLIX-L, ICODE SLIX-S<\/td>\n<\/tr>\n<tr data-start=\"637\" data-end=\"676\">\n<td data-start=\"637\" data-end=\"648\" data-col-size=\"sm\">Protocolo<\/td>\n<td data-start=\"648\" data-end=\"676\" data-col-size=\"md\">ISO\/IEC 15693 (proximidad)<\/td>\n<\/tr>\n<tr data-start=\"677\" data-end=\"702\">\n<td data-start=\"677\" data-end=\"689\" data-col-size=\"sm\">Frecuencia<\/td>\n<td data-start=\"689\" data-end=\"702\" data-col-size=\"md\">13,56 MHz<\/td>\n<\/tr>\n<tr data-start=\"703\" data-end=\"778\">\n<td data-start=\"703\" data-end=\"712\" data-col-size=\"sm\">Memoria<\/td>\n<td data-start=\"712\" data-end=\"778\" data-col-size=\"md\">1024 bits (32 bloques \u00d7 4 bytes) o 2048 bits seg\u00fan el chip<\/td>\n<\/tr>\n<tr data-start=\"779\" data-end=\"814\">\n<td data-start=\"779\" data-end=\"795\" data-col-size=\"sm\">Transferencia de datos<\/td>\n<td data-start=\"795\" data-end=\"814\" data-col-size=\"md\">Hasta 53 kbit\/s<\/td>\n<\/tr>\n<tr data-start=\"815\" data-end=\"882\">\n<td data-start=\"815\" data-end=\"837\" data-col-size=\"sm\">Distancia de lectura\/escritura<\/td>\n<td data-start=\"837\" data-end=\"882\" data-col-size=\"md\">Hasta 1,5 m (depende del lector y la antena)<\/td>\n<\/tr>\n<tr data-start=\"883\" data-end=\"927\">\n<td data-start=\"883\" data-end=\"891\" data-col-size=\"sm\">Fuerza<\/td>\n<td data-start=\"891\" data-end=\"927\" data-col-size=\"md\">Sin contacto, no requiere bater\u00eda<\/td>\n<\/tr>\n<tr data-start=\"928\" data-end=\"986\">\n<td data-start=\"928\" data-end=\"939\" data-col-size=\"sm\">Impresi\u00f3n<\/td>\n<td data-start=\"939\" data-end=\"986\" data-col-size=\"md\">Impresi\u00f3n offset \/ serigraf\u00eda \/ digital \/ UV<\/td>\n<\/tr>\n<tr data-start=\"987\" data-end=\"1040\">\n<td data-start=\"987\" data-end=\"1007\" data-col-size=\"sm\">Apoyo t\u00e9cnico<\/td>\n<td data-start=\"1007\" data-end=\"1040\" data-col-size=\"md\">Codificaci\u00f3n de chip, configuraci\u00f3n de contrase\u00f1a<\/td>\n<\/tr>\n<tr data-start=\"1041\" data-end=\"1127\">\n<td data-start=\"1041\" data-end=\"1056\" data-col-size=\"sm\">Aplicaciones<\/td>\n<td data-start=\"1056\" data-end=\"1127\" data-col-size=\"md\">Control de acceso, tarjeta de acceso de hotel, gesti\u00f3n de comunidades, tarjeta de identificaci\u00f3n, EAS<\/td>\n<\/tr>\n<\/tbody>\n<\/table>\n<\/div>\n<\/div>\n<p data-start=\"1129\" data-end=\"1158\"><strong data-start=\"1129\" data-end=\"1156\">Interfaz y caracter\u00edsticas de RF<\/strong><\/p>\n<ul data-start=\"1159\" data-end=\"1484\">\n<li data-start=\"1159\" data-end=\"1203\">\n<p data-start=\"1161\" data-end=\"1203\">Transmisi\u00f3n de datos y energ\u00eda sin contacto<\/p>\n<\/li>\n<li data-start=\"1204\" data-end=\"1238\">\n<p data-start=\"1206\" data-end=\"1238\">Distancia de funcionamiento hasta 1,5 m<\/p>\n<\/li>\n<li data-start=\"1239\" data-end=\"1283\">\n<p data-start=\"1241\" data-end=\"1283\">CRC de 16 bits, enmarcado, alta integridad de datos<\/p>\n<\/li>\n<li data-start=\"1284\" data-end=\"1362\">\n<p data-start=\"1286\" data-end=\"1362\">Verdadero anticolisi\u00f3n: se pueden identificar individualmente varias etiquetas en el campo<\/p>\n<\/li>\n<li data-start=\"1363\" data-end=\"1390\">\n<p data-start=\"1365\" data-end=\"1390\">Compatibilidad con EAS, AFI y DSFID<\/p>\n<\/li>\n<li data-start=\"1391\" data-end=\"1432\">\n<p data-start=\"1393\" data-end=\"1432\">La distancia de escritura es igual a la distancia de lectura<\/p>\n<\/li>\n<li data-start=\"1433\" data-end=\"1484\">\n<p data-start=\"1435\" data-end=\"1484\">Comandos opcionales de privacidad y destrucci\u00f3n (en SLIX-S)<\/p>\n<\/li>\n<\/ul>\n<p data-start=\"1486\" data-end=\"1509\"><strong data-start=\"1486\" data-end=\"1507\">Memoria y seguridad<\/strong><\/p>\n<ul data-start=\"1510\" data-end=\"1671\">\n<li data-start=\"1510\" data-end=\"1535\">\n<p data-start=\"1512\" data-end=\"1535\">EEPROM de 1024 a 2048 bits<\/p>\n<\/li>\n<li data-start=\"1536\" data-end=\"1566\">\n<p data-start=\"1538\" data-end=\"1566\">Retenci\u00f3n de datos de 10 a 50 a\u00f1os<\/p>\n<\/li>\n<li data-start=\"1567\" data-end=\"1591\">\n<p data-start=\"1569\" data-end=\"1591\">100.000 ciclos de escritura<\/p>\n<\/li>\n<li data-start=\"1592\" data-end=\"1620\">\n<p data-start=\"1594\" data-end=\"1620\">Mecanismo de bloqueo por bloque<\/p>\n<\/li>\n<li data-start=\"1621\" data-end=\"1671\">\n<p data-start=\"1623\" data-end=\"1671\">Lectura\/escritura protegida con contrase\u00f1a, EAS, AFI, privacidad<\/p>\n<\/li>\n<\/ul>","protected":false},"excerpt":{"rendered":"<p>Tarjeta NFC ICODE SLI\/SLIX ISO 15693 13,56 MHz con largo alcance de lectura, anticolisi\u00f3n, memoria segura e impresi\u00f3n a todo color para proyectos de control de acceso y hoteles\/tarjetas llave.<\/p>","protected":false},"featured_media":630,"template":"","meta":{"_gspb_post_css":""},"product_brand":[],"product_cat":[15],"product_tag":[],"class_list":{"0":"post-627","1":"product","2":"type-product","3":"status-publish","4":"has-post-thumbnail","6":"product_cat-rfid-cards","8":"first","9":"instock","10":"shipping-taxable","11":"purchasable","12":"product-type-simple"},"_links":{"self":[{"href":"https:\/\/www.cxjsmartcard.com\/es\/wp-json\/wp\/v2\/product\/627","targetHints":{"allow":["GET"]}}],"collection":[{"href":"https:\/\/www.cxjsmartcard.com\/es\/wp-json\/wp\/v2\/product"}],"about":[{"href":"https:\/\/www.cxjsmartcard.com\/es\/wp-json\/wp\/v2\/types\/product"}],"wp:featuredmedia":[{"embeddable":true,"href":"https:\/\/www.cxjsmartcard.com\/es\/wp-json\/wp\/v2\/media\/630"}],"wp:attachment":[{"href":"https:\/\/www.cxjsmartcard.com\/es\/wp-json\/wp\/v2\/media?parent=627"}],"wp:term":[{"taxonomy":"product_brand","embeddable":true,"href":"https:\/\/www.cxjsmartcard.com\/es\/wp-json\/wp\/v2\/product_brand?post=627"},{"taxonomy":"product_cat","embeddable":true,"href":"https:\/\/www.cxjsmartcard.com\/es\/wp-json\/wp\/v2\/product_cat?post=627"},{"taxonomy":"product_tag","embeddable":true,"href":"https:\/\/www.cxjsmartcard.com\/es\/wp-json\/wp\/v2\/product_tag?post=627"}],"curies":[{"name":"wp","href":"https:\/\/api.w.org\/{rel}","templated":true}]}}