{"id":621,"date":"2025-11-01T08:20:22","date_gmt":"2025-11-01T08:20:22","guid":{"rendered":"https:\/\/www.cxjsmartcard.com\/?post_type=product&#038;p=621"},"modified":"2025-12-29T01:27:12","modified_gmt":"2025-12-29T01:27:12","slug":"customized-wooden-bamboo-rfid-hotel-key-card","status":"publish","type":"product","link":"https:\/\/www.cxjsmartcard.com\/es\/customized-wooden-bamboo-rfid-hotel-key-card\/","title":{"rendered":"Tarjeta de llave de hotel RFID de madera de bamb\u00fa personalizada"},"content":{"rendered":"<p data-start=\"51\" data-end=\"378\">Tarjeta de hotel RFID ecol\u00f3gica de madera\/bamb\u00fa, fabricada con materiales de madera natural y biodegradable, totalmente personalizable con el logotipo del hotel, datos variables y opciones de personalizaci\u00f3n. Ideal para sistemas de cerraduras de hoteles, control de acceso, eventos, membres\u00edas, regalos y campa\u00f1as de marca.<\/p>\n<p data-start=\"380\" data-end=\"399\"><strong data-start=\"380\" data-end=\"397\">Especificaci\u00f3n<\/strong><\/p>\n<div class=\"_tableContainer_1rjym_1\">\n<div class=\"group _tableWrapper_1rjym_13 flex w-fit flex-col-reverse\" tabindex=\"-1\">\n<table class=\"w-fit min-w-(--thread-content-width)\" data-start=\"400\" data-end=\"1166\">\n<thead data-start=\"400\" data-end=\"418\">\n<tr data-start=\"400\" data-end=\"418\">\n<th data-start=\"400\" data-end=\"407\" data-col-size=\"sm\">Art\u00edculo<\/th>\n<th data-start=\"407\" data-end=\"418\" data-col-size=\"md\">Detalles<\/th>\n<\/tr>\n<\/thead>\n<tbody data-start=\"429\" data-end=\"1166\">\n<tr data-start=\"429\" data-end=\"492\">\n<td data-start=\"429\" data-end=\"444\" data-col-size=\"sm\">Nombre del producto<\/td>\n<td data-col-size=\"md\" data-start=\"444\" data-end=\"492\">Tarjeta de llave de hotel RFID personalizada de madera\/bamb\u00fa<\/td>\n<\/tr>\n<tr data-start=\"493\" data-end=\"582\">\n<td data-start=\"493\" data-end=\"515\" data-col-size=\"sm\">Materiales disponibles<\/td>\n<td data-col-size=\"md\" data-start=\"515\" data-end=\"582\">Arce, bamb\u00fa, tilo, haya, cerezo, nogal negro, sapeli, roble<\/td>\n<\/tr>\n<tr data-start=\"583\" data-end=\"637\">\n<td data-start=\"583\" data-end=\"602\" data-col-size=\"sm\">Grosor\/Tama\u00f1o<\/td>\n<td data-col-size=\"md\" data-start=\"602\" data-end=\"637\">0,8\u20130,84 mm o 0,76 mm (personalizado)<\/td>\n<\/tr>\n<tr data-start=\"638\" data-end=\"685\">\n<td data-start=\"638\" data-end=\"649\" data-col-size=\"sm\">Protocolo<\/td>\n<td data-col-size=\"md\" data-start=\"649\" data-end=\"685\">ISO14443A, ISO15693, ISO18000-6C<\/td>\n<\/tr>\n<tr data-start=\"686\" data-end=\"733\">\n<td data-start=\"686\" data-end=\"698\" data-col-size=\"sm\">Frecuencia<\/td>\n<td data-col-size=\"md\" data-start=\"698\" data-end=\"733\">125 kHz, 13,56 MHz, 860\u2013960 MHz<\/td>\n<\/tr>\n<tr data-start=\"734\" data-end=\"791\">\n<td data-start=\"734\" data-end=\"745\" data-col-size=\"sm\">Impresi\u00f3n<\/td>\n<td data-col-size=\"md\" data-start=\"745\" data-end=\"791\">Impresi\u00f3n l\u00e1ser \/ Serigraf\u00eda \/ Impresi\u00f3n 4C<\/td>\n<\/tr>\n<tr data-start=\"792\" data-end=\"907\">\n<td data-start=\"792\" data-end=\"810\" data-col-size=\"sm\">Manualidades opcionales<\/td>\n<td data-col-size=\"md\" data-start=\"810\" data-end=\"907\">Estampado en caliente plata\/oro, banda magn\u00e9tica HICO\/LOCO, grabado l\u00e1ser, c\u00f3digo QR, n\u00fameros de serie<\/td>\n<\/tr>\n<tr data-start=\"908\" data-end=\"998\">\n<td data-start=\"908\" data-end=\"923\" data-col-size=\"sm\">Aplicaciones<\/td>\n<td data-col-size=\"md\" data-start=\"923\" data-end=\"998\">Control de acceso, Pagos, Eventos, Fidelizaci\u00f3n, Redes sociales, Tarjeta llave de hotel<\/td>\n<\/tr>\n<tr data-start=\"999\" data-end=\"1035\">\n<td data-start=\"999\" data-end=\"1009\" data-col-size=\"sm\">Muestras<\/td>\n<td data-col-size=\"md\" data-start=\"1009\" data-end=\"1035\">Muestras gratuitas disponibles<\/td>\n<\/tr>\n<tr data-start=\"1036\" data-end=\"1094\">\n<td data-start=\"1036\" data-end=\"1060\" data-col-size=\"sm\">Caracter\u00edstica ambiental<\/td>\n<td data-col-size=\"md\" data-start=\"1060\" data-end=\"1094\">Biodegradable, 100% reciclable<\/td>\n<\/tr>\n<tr data-start=\"1095\" data-end=\"1166\">\n<td data-start=\"1095\" data-end=\"1103\" data-col-size=\"sm\">Notas<\/td>\n<td data-start=\"1103\" data-end=\"1166\" data-col-size=\"md\">La madera natural puede presentar variaciones en el grano y el color despu\u00e9s de la impresi\u00f3n.<\/td>\n<\/tr>\n<\/tbody>\n<\/table>\n<\/div>\n<\/div>\n<p data-start=\"1168\" data-end=\"1182\"><strong data-start=\"1168\" data-end=\"1180\">Caracter\u00edsticas<\/strong><\/p>\n<ul data-start=\"1183\" data-end=\"1529\">\n<li data-start=\"1183\" data-end=\"1244\">\n<p data-start=\"1185\" data-end=\"1244\">Tarjeta de madera de aspecto natural para sustituir las tarjetas de pl\u00e1stico de las llaves de hotel.<\/p>\n<\/li>\n<li data-start=\"1245\" data-end=\"1320\">\n<p data-start=\"1247\" data-end=\"1320\">Admite est\u00e1ndares RFID comunes (LF\/HF\/UHF) para cerraduras de hoteles y edificios.<\/p>\n<\/li>\n<li data-start=\"1321\" data-end=\"1396\">\n<p data-start=\"1323\" data-end=\"1396\">Varias maderas para combinar con el tono de la marca (bamb\u00fa para ecol\u00f3gico, nogal para premium)<\/p>\n<\/li>\n<li data-start=\"1397\" data-end=\"1457\">\n<p data-start=\"1399\" data-end=\"1457\">Admite grabado de logotipos y estampaci\u00f3n en caliente para hoteles boutique.<\/p>\n<\/li>\n<li data-start=\"1458\" data-end=\"1529\">\n<p data-start=\"1460\" data-end=\"1529\">Se puede utilizar como tarjeta de membres\u00eda\/regalo\/VIP\/evento en la industria hotelera.<\/p>\n<\/li>\n<\/ul>","protected":false},"excerpt":{"rendered":"<p>Tarjeta de llave de hotel RFID biodegradable de madera\/bamb\u00fa con compatibilidad ISO14443A\/ISO15693, impresi\u00f3n de logotipo personalizado y acabado ecol\u00f3gico de primera calidad para hoteles y control de acceso.<\/p>","protected":false},"featured_media":625,"template":"","meta":{"_gspb_post_css":""},"product_brand":[],"product_cat":[15],"product_tag":[],"class_list":{"0":"post-621","1":"product","2":"type-product","3":"status-publish","4":"has-post-thumbnail","6":"product_cat-rfid-cards","8":"first","9":"instock","10":"shipping-taxable","11":"purchasable","12":"product-type-simple"},"_links":{"self":[{"href":"https:\/\/www.cxjsmartcard.com\/es\/wp-json\/wp\/v2\/product\/621","targetHints":{"allow":["GET"]}}],"collection":[{"href":"https:\/\/www.cxjsmartcard.com\/es\/wp-json\/wp\/v2\/product"}],"about":[{"href":"https:\/\/www.cxjsmartcard.com\/es\/wp-json\/wp\/v2\/types\/product"}],"wp:featuredmedia":[{"embeddable":true,"href":"https:\/\/www.cxjsmartcard.com\/es\/wp-json\/wp\/v2\/media\/625"}],"wp:attachment":[{"href":"https:\/\/www.cxjsmartcard.com\/es\/wp-json\/wp\/v2\/media?parent=621"}],"wp:term":[{"taxonomy":"product_brand","embeddable":true,"href":"https:\/\/www.cxjsmartcard.com\/es\/wp-json\/wp\/v2\/product_brand?post=621"},{"taxonomy":"product_cat","embeddable":true,"href":"https:\/\/www.cxjsmartcard.com\/es\/wp-json\/wp\/v2\/product_cat?post=621"},{"taxonomy":"product_tag","embeddable":true,"href":"https:\/\/www.cxjsmartcard.com\/es\/wp-json\/wp\/v2\/product_tag?post=621"}],"curies":[{"name":"wp","href":"https:\/\/api.w.org\/{rel}","templated":true}]}}